{"id":12636,"date":"2022-09-21T14:37:31","date_gmt":"2022-09-21T13:37:31","guid":{"rendered":"https:\/\/fundaciorecerca.cat\/?page_id=12636"},"modified":"2022-10-24T15:31:37","modified_gmt":"2022-10-24T14:31:37","slug":"cafes-amb-la-recerca-2022","status":"publish","type":"page","link":"https:\/\/fcri.cat\/ca\/cooperacio-publicoprivada\/promocio-industria-del-coneixement\/cafes-amb-la-recerca-2022\/","title":{"rendered":"Caf\u00e8s amb la recerca 2022"},"content":{"rendered":"<p>[et_pb_section fb_built=&#8221;1&#8243; admin_label=&#8221;Hero&#8221; _builder_version=&#8221;4.16&#8243; custom_padding=&#8221;2px|||||&#8221; global_colors_info=&#8221;{}&#8221;][et_pb_row _builder_version=&#8221;4.16&#8243; _module_preset=&#8221;default&#8221; custom_padding=&#8221;60px|||||&#8221; global_colors_info=&#8221;{}&#8221;][et_pb_column type=&#8221;4_4&#8243; _builder_version=&#8221;4.16&#8243; _module_preset=&#8221;default&#8221; global_colors_info=&#8221;{}&#8221;][et_pb_text _builder_version=&#8221;4.16.0&#8243; text_font=&#8221;Lato||||||||&#8221; text_font_size=&#8221;20px&#8221; text_line_height=&#8221;1.8em&#8221; header_font=&#8221;|300|||||||&#8221; header_font_size=&#8221;45px&#8221; header_line_height=&#8221;1.3em&#8221; header_2_font=&#8221;||||||||&#8221; header_3_font=&#8221;||||||||&#8221; header_4_font=&#8221;||||||||&#8221; header_5_font=&#8221;||||||||&#8221; header_6_font=&#8221;Lato|700||on|||||&#8221; header_6_text_color=&#8221;#ff6e77&#8243; header_6_line_height=&#8221;1.8em&#8221; max_width=&#8221;100%&#8221; min_height=&#8221;81px&#8221; custom_margin=&#8221;|-185px|||true|&#8221; custom_padding=&#8221;|0px|0px|||&#8221; custom_padding_phone=&#8221;|||&#8221; custom_padding_last_edited=&#8221;off|desktop&#8221; header_font_size_tablet=&#8221;&#8221; header_font_size_phone=&#8221;42px&#8221; header_font_size_last_edited=&#8221;on|phone&#8221; global_colors_info=&#8221;{}&#8221;]<\/p>\n<h1>Caf\u00e8s amb la Recerca 2022<\/h1>\n<p>[\/et_pb_text][\/et_pb_column][\/et_pb_row][et_pb_row _builder_version=&#8221;4.16&#8243; _module_preset=&#8221;default&#8221; custom_padding=&#8221;0px|||||&#8221; global_colors_info=&#8221;{}&#8221;][et_pb_column type=&#8221;4_4&#8243; _builder_version=&#8221;4.16&#8243; _module_preset=&#8221;default&#8221; global_colors_info=&#8221;{}&#8221;][et_pb_blurb image=&#8221;https:\/\/fcri.cat\/wp-content\/uploads\/2022\/09\/caferecerca.jpg&#8221; alt=&#8221;CiA_Amgen_Edicio2017_FCRi_FundacioRecerca&#8221; content_max_width=&#8221;100%&#8221; _builder_version=&#8221;4.16.0&#8243; header_font=&#8221;Lato|700|||||||&#8221; header_text_align=&#8221;center&#8221; header_font_size=&#8221;25px&#8221; header_line_height=&#8221;1.8em&#8221; body_text_align=&#8221;center&#8221; body_font_size=&#8221;18px&#8221; width=&#8221;100%&#8221; min_height=&#8221;984px&#8221; custom_padding=&#8221;8px|0px|8px|0px|true|true&#8221; animation_style=&#8221;flip&#8221; animation_intensity_flip=&#8221;20%&#8221; animation=&#8221;off&#8221; hover_enabled=&#8221;0&#8243; border_color_all=&#8221;rgba(0,0,0,0.12)&#8221; global_colors_info=&#8221;{}&#8221; sticky_enabled=&#8221;0&#8243;]<\/p>\n<p style=\"text-align: left;\">Els Caf\u00e8s amb la recerca de l&#8217;FCRI, un conjunt de trobades \u2014tant presencials com telem\u00e0tiques\u2014 entre empreses i acad\u00e8mia. Tenen per objectiu connectar el sistema de recerca catal\u00e0 amb el teixit empresarial, fomentar la recerca col\u00b7laborativa com a motor d\u2019innovaci\u00f3, i apropar els agents p\u00fablics i els privats dins la societat del coneixement..<\/p>\n<h3 style=\"text-align: left;\"><\/h3>\n<h3 style=\"text-align: left;\">Propers Caf\u00e8s<\/h3>\n<p style=\"text-align: left;\"><strong><\/strong><\/p>\n<p style=\"text-align: left;\"><strong>Novembre<\/strong><\/p>\n<p style=\"text-align: left;\"><strong>10\/11\/2022<\/strong> &#8211; Caf\u00e8 amb la Recerca\u00a0<i>Reptes i oportunitats de la IA a l&#8217;\u00e0mbit de la salut.<\/i>\u00a0 Lloc: Casa de la Convalesc\u00e8ncia de l\u2019Hospital de Sant Pau. Horari: de 9.30 a 11 h.<\/p>\n<p style=\"text-align: left;\">Els nous enfocaments en salut evolucionen cap a la medicina personalitzada i la medicina centrada en el pacient. El benestar i la inclusi\u00f3 s&#8217;estan convertint en camps nuclears dels enfocaments tradicionals, centrats principalment en el tractament dels s\u00edmptomes. En aquest escenari, les tecnologies TIC -i en especial la Intel\u00b7lig\u00e8ncia Artificial i la ci\u00e8ncia de dades- tenen un paper central per ajudar-nos a comprendre millor la complexitat de la salut, el benestar o la inclusi\u00f3.<\/p>\n<p style=\"text-align: left;\">La professora Karina Gibert, directora del Centre de Recerca en Intelligent Data Science and Artificial Intelligence de la UPC (IDEAI), en Josep Llad\u00f3s, director del Centre de Visi\u00f3 per Computador (CVC), i Gabriel Maetzu, director t\u00e8cnic i fundador d&#8217;IOMED ens aproparan al desenvolupament de tecnologies d&#8217;assist\u00e8ncia, sistemes intel\u00b7ligents de recomanaci\u00f3 o models predictius a partir de l&#8217;extracci\u00f3 de coneixement rellevant de dades, d&#8217;imatges, textos i altres fonts.<\/p>\n<p style=\"text-align: left;\"><a href=\"https:\/\/projectes.fcri.cat\/cafes_recerca\/index.asp?accio=formulari&amp;firstime=si\" title=\"Inscripci\u00f3\"><strong>Inscriu-te!<\/strong><\/a><\/p>\n<p style=\"text-align: left;\"><strong>23\/11\/2022<\/strong> &#8211; Caf\u00e8 amb la Recerca\u00a0<i>Agrotechfood: Ind\u00fastria 4.0 i economia circular. <\/i>Lloc: Leitat Technological Center. Carrer Innovaci\u00f3, 2. 08225 Terrassa. Horari: de 9.30 a 11 h.<\/p>\n<p style=\"text-align: left;\">Els principis de la Ind\u00fastria 4.0 poden aportar al sector agroalimentari una millora en la competitivitat industrial i la sostenibilitat, aix\u00ed com la tra\u00e7abilitat i la seguretat en la cadena aliment\u00e0ria. Coneixerem, de la m\u00e0 de Leitat, les principals tecnologies facilitadores com ara la digitalitzaci\u00f3, la fabricaci\u00f3 additiva o la visi\u00f3 artificial, en combinaci\u00f3 amb coneixement sectorial i \u00e0mbits com ara la gen\u00f2mica o la biotecnologia avan\u00e7ada.<\/p>\n<p style=\"text-align: left;\">La doctora Julia Garc\u00eda, cap del departament d&#8217;Economia Circular, far\u00e0 una presentaci\u00f3 general de les possibilitats del sector, i despr\u00e9s coneixerem tres projectes: Hiperspectral pel control de la qualitat aliment\u00e0ria, per Astrid Ribot; Digitalitzaci\u00f3 i gen\u00f2mica en el sector agroalimentari, pel doctor Salvador Llad\u00f3, i Impressi\u00f3 3D d\u2019aliments, una nova soluci\u00f3 tecnol\u00f2gica en el marc de l&#8217;economia circular, pel doctor \u00c0lvar Gr\u00e0cia.<\/p>\n<p style=\"text-align: left;\"><a href=\"https:\/\/projectes.fcri.cat\/cafes_recerca\/index.asp?accio=formulari&amp;firstime=si\" title=\"Inscripci\u00f3\"><strong>Inscriu-te!<\/strong><\/a><\/p>\n<p style=\"text-align: left;\"><iframe loading=\"lazy\" title=\"Webinar Cafe\u0300 amb la Recerca &quot;Nanosat\u00e8l\u00b7lits: aplicacions en l&#039;agroalimentaci\u00f3&quot;\" width=\"1080\" height=\"608\" src=\"https:\/\/www.youtube.com\/embed\/RZHFRJyMLoo?start=336&#038;feature=oembed\"  allow=\"accelerometer; autoplay; clipboard-write; encrypted-media; gyroscope; picture-in-picture\" allowfullscreen title=\"Webinar Cafe\u0300 amb la Recerca \"Nanosat\u00e8l\u00b7lits: aplicacions en l'agroalimentaci\u00f3\"\"><\/iframe><\/p>\n<p>[\/et_pb_blurb][\/et_pb_column][\/et_pb_row][\/et_pb_section]<\/p>\n","protected":false},"excerpt":{"rendered":"<p>Caf\u00e8s amb la Recerca 2022Els Caf\u00e8s amb la recerca de l&#8217;FCRI, un conjunt de trobades \u2014tant presencials com telem\u00e0tiques\u2014 entre empreses i acad\u00e8mia. Tenen per objectiu connectar el sistema de [&hellip;]<\/p>\n","protected":false},"author":3,"featured_media":0,"parent":284,"menu_order":0,"comment_status":"closed","ping_status":"closed","template":"","meta":{"_et_pb_use_builder":"on","_et_pb_old_content":"","_et_gb_content_width":"","footnotes":""},"class_list":["post-12636","page","type-page","status-publish","hentry"],"yoast_head":"<!-- This site is optimized with the Yoast SEO plugin v22.9 - https:\/\/yoast.com\/wordpress\/plugins\/seo\/ -->\n<title>Caf\u00e8s amb la recerca 2022 - Fundacio Recerca<\/title>\n<meta name=\"robots\" content=\"index, follow, max-snippet:-1, max-image-preview:large, max-video-preview:-1\" \/>\n<link rel=\"canonical\" href=\"https:\/\/fcri.cat\/ca\/cooperacio-publicoprivada\/promocio-industria-del-coneixement\/cafes-amb-la-recerca-2022\/\" \/>\n<meta property=\"og:locale\" content=\"ca_ES\" \/>\n<meta property=\"og:type\" content=\"article\" \/>\n<meta property=\"og:title\" content=\"Caf\u00e8s amb la recerca 2022 - Fundacio Recerca\" \/>\n<meta property=\"og:description\" content=\"Caf\u00e8s amb la Recerca 2022Els Caf\u00e8s amb la recerca de l&#039;FCRI, un conjunt de trobades \u2014tant presencials com telem\u00e0tiques\u2014 entre empreses i acad\u00e8mia. Tenen per objectiu connectar el sistema de [&hellip;]\" \/>\n<meta property=\"og:url\" content=\"https:\/\/fcri.cat\/ca\/cooperacio-publicoprivada\/promocio-industria-del-coneixement\/cafes-amb-la-recerca-2022\/\" \/>\n<meta property=\"og:site_name\" content=\"Fundacio Recerca\" \/>\n<meta property=\"article:publisher\" content=\"https:\/\/www.facebook.com\/fundaciorecerca\" \/>\n<meta property=\"article:modified_time\" content=\"2022-10-24T14:31:37+00:00\" \/>\n<meta name=\"twitter:card\" content=\"summary_large_image\" \/>\n<meta name=\"twitter:site\" content=\"@fundaciorecerca\" \/>\n<meta name=\"twitter:label1\" content=\"Temps estimat de lectura\" \/>\n\t<meta name=\"twitter:data1\" content=\"2 minuts\" \/>\n<script type=\"application\/ld+json\" class=\"yoast-schema-graph\">{\"@context\":\"https:\/\/schema.org\",\"@graph\":[{\"@type\":\"WebPage\",\"@id\":\"https:\/\/fcri.cat\/ca\/cooperacio-publicoprivada\/promocio-industria-del-coneixement\/cafes-amb-la-recerca-2022\/\",\"url\":\"https:\/\/fcri.cat\/ca\/cooperacio-publicoprivada\/promocio-industria-del-coneixement\/cafes-amb-la-recerca-2022\/\",\"name\":\"Caf\u00e8s amb la recerca 2022 - Fundacio Recerca\",\"isPartOf\":{\"@id\":\"https:\/\/fcri.cat\/ca\/#website\"},\"datePublished\":\"2022-09-21T13:37:31+00:00\",\"dateModified\":\"2022-10-24T14:31:37+00:00\",\"breadcrumb\":{\"@id\":\"https:\/\/fcri.cat\/ca\/cooperacio-publicoprivada\/promocio-industria-del-coneixement\/cafes-amb-la-recerca-2022\/#breadcrumb\"},\"inLanguage\":\"ca\",\"potentialAction\":[{\"@type\":\"ReadAction\",\"target\":[\"https:\/\/fcri.cat\/ca\/cooperacio-publicoprivada\/promocio-industria-del-coneixement\/cafes-amb-la-recerca-2022\/\"]}]},{\"@type\":\"BreadcrumbList\",\"@id\":\"https:\/\/fcri.cat\/ca\/cooperacio-publicoprivada\/promocio-industria-del-coneixement\/cafes-amb-la-recerca-2022\/#breadcrumb\",\"itemListElement\":[{\"@type\":\"ListItem\",\"position\":1,\"name\":\"Inici\",\"item\":\"https:\/\/fcri.cat\/ca\/\"},{\"@type\":\"ListItem\",\"position\":2,\"name\":\"Cooperaci\u00f3 publicoprivada\",\"item\":\"https:\/\/fcri.cat\/ca\/cooperacio-publicoprivada\/\"},{\"@type\":\"ListItem\",\"position\":3,\"name\":\"Caf\u00e8s amb la Recerca\",\"item\":\"https:\/\/fcri.cat\/ca\/?page_id=284\"},{\"@type\":\"ListItem\",\"position\":4,\"name\":\"Caf\u00e8s amb la recerca 2022\"}]},{\"@type\":\"WebSite\",\"@id\":\"https:\/\/fcri.cat\/ca\/#website\",\"url\":\"https:\/\/fcri.cat\/ca\/\",\"name\":\"Fundacio Recerca\",\"description\":\"Fundaci\u00f3 Catalana per a la Recerca i la Innovaci\u00f3\",\"potentialAction\":[{\"@type\":\"SearchAction\",\"target\":{\"@type\":\"EntryPoint\",\"urlTemplate\":\"https:\/\/fcri.cat\/ca\/?s={search_term_string}\"},\"query-input\":\"required name=search_term_string\"}],\"inLanguage\":\"ca\"}]}<\/script>\n<!-- \/ Yoast SEO plugin. -->","yoast_head_json":{"title":"Caf\u00e8s amb la recerca 2022 - Fundacio Recerca","robots":{"index":"index","follow":"follow","max-snippet":"max-snippet:-1","max-image-preview":"max-image-preview:large","max-video-preview":"max-video-preview:-1"},"canonical":"https:\/\/fcri.cat\/ca\/cooperacio-publicoprivada\/promocio-industria-del-coneixement\/cafes-amb-la-recerca-2022\/","og_locale":"ca_ES","og_type":"article","og_title":"Caf\u00e8s amb la recerca 2022 - Fundacio Recerca","og_description":"Caf\u00e8s amb la Recerca 2022Els Caf\u00e8s amb la recerca de l'FCRI, un conjunt de trobades \u2014tant presencials com telem\u00e0tiques\u2014 entre empreses i acad\u00e8mia. Tenen per objectiu connectar el sistema de [&hellip;]","og_url":"https:\/\/fcri.cat\/ca\/cooperacio-publicoprivada\/promocio-industria-del-coneixement\/cafes-amb-la-recerca-2022\/","og_site_name":"Fundacio Recerca","article_publisher":"https:\/\/www.facebook.com\/fundaciorecerca","article_modified_time":"2022-10-24T14:31:37+00:00","twitter_card":"summary_large_image","twitter_site":"@fundaciorecerca","twitter_misc":{"Temps estimat de lectura":"2 minuts"},"schema":{"@context":"https:\/\/schema.org","@graph":[{"@type":"WebPage","@id":"https:\/\/fcri.cat\/ca\/cooperacio-publicoprivada\/promocio-industria-del-coneixement\/cafes-amb-la-recerca-2022\/","url":"https:\/\/fcri.cat\/ca\/cooperacio-publicoprivada\/promocio-industria-del-coneixement\/cafes-amb-la-recerca-2022\/","name":"Caf\u00e8s amb la recerca 2022 - Fundacio Recerca","isPartOf":{"@id":"https:\/\/fcri.cat\/ca\/#website"},"datePublished":"2022-09-21T13:37:31+00:00","dateModified":"2022-10-24T14:31:37+00:00","breadcrumb":{"@id":"https:\/\/fcri.cat\/ca\/cooperacio-publicoprivada\/promocio-industria-del-coneixement\/cafes-amb-la-recerca-2022\/#breadcrumb"},"inLanguage":"ca","potentialAction":[{"@type":"ReadAction","target":["https:\/\/fcri.cat\/ca\/cooperacio-publicoprivada\/promocio-industria-del-coneixement\/cafes-amb-la-recerca-2022\/"]}]},{"@type":"BreadcrumbList","@id":"https:\/\/fcri.cat\/ca\/cooperacio-publicoprivada\/promocio-industria-del-coneixement\/cafes-amb-la-recerca-2022\/#breadcrumb","itemListElement":[{"@type":"ListItem","position":1,"name":"Inici","item":"https:\/\/fcri.cat\/ca\/"},{"@type":"ListItem","position":2,"name":"Cooperaci\u00f3 publicoprivada","item":"https:\/\/fcri.cat\/ca\/cooperacio-publicoprivada\/"},{"@type":"ListItem","position":3,"name":"Caf\u00e8s amb la Recerca","item":"https:\/\/fcri.cat\/ca\/?page_id=284"},{"@type":"ListItem","position":4,"name":"Caf\u00e8s amb la recerca 2022"}]},{"@type":"WebSite","@id":"https:\/\/fcri.cat\/ca\/#website","url":"https:\/\/fcri.cat\/ca\/","name":"Fundacio Recerca","description":"Fundaci\u00f3 Catalana per a la Recerca i la Innovaci\u00f3","potentialAction":[{"@type":"SearchAction","target":{"@type":"EntryPoint","urlTemplate":"https:\/\/fcri.cat\/ca\/?s={search_term_string}"},"query-input":"required name=search_term_string"}],"inLanguage":"ca"}]}},"_links":{"self":[{"href":"https:\/\/fcri.cat\/ca\/wp-json\/wp\/v2\/pages\/12636"}],"collection":[{"href":"https:\/\/fcri.cat\/ca\/wp-json\/wp\/v2\/pages"}],"about":[{"href":"https:\/\/fcri.cat\/ca\/wp-json\/wp\/v2\/types\/page"}],"author":[{"embeddable":true,"href":"https:\/\/fcri.cat\/ca\/wp-json\/wp\/v2\/users\/3"}],"replies":[{"embeddable":true,"href":"https:\/\/fcri.cat\/ca\/wp-json\/wp\/v2\/comments?post=12636"}],"version-history":[{"count":27,"href":"https:\/\/fcri.cat\/ca\/wp-json\/wp\/v2\/pages\/12636\/revisions"}],"predecessor-version":[{"id":12885,"href":"https:\/\/fcri.cat\/ca\/wp-json\/wp\/v2\/pages\/12636\/revisions\/12885"}],"up":[{"embeddable":true,"href":"https:\/\/fcri.cat\/ca\/wp-json\/wp\/v2\/pages\/284"}],"wp:attachment":[{"href":"https:\/\/fcri.cat\/ca\/wp-json\/wp\/v2\/media?parent=12636"}],"curies":[{"name":"wp","href":"https:\/\/api.w.org\/{rel}","templated":true}]}}