{"id":12732,"date":"2022-10-04T15:09:49","date_gmt":"2022-10-04T14:09:49","guid":{"rendered":"https:\/\/fundaciorecerca.cat\/?page_id=12732"},"modified":"2024-07-01T12:09:15","modified_gmt":"2024-07-01T11:09:15","slug":"premis-joan-roget","status":"publish","type":"page","link":"https:\/\/fcri.cat\/ca\/cooperacio-publicoprivada\/premis-joan-roget\/","title":{"rendered":"Premis Joan Roget"},"content":{"rendered":"<p>[et_pb_section fb_built=&#8221;1&#8243; admin_label=&#8221;Hero&#8221; _builder_version=&#8221;4.16&#8243; custom_margin=&#8221;||100px||false|false&#8221; custom_padding=&#8221;2px|||||&#8221; da_disable_devices=&#8221;off|off|off&#8221; locked=&#8221;off&#8221; global_colors_info=&#8221;{}&#8221; theme_builder_area=&#8221;post_content&#8221; da_is_popup=&#8221;off&#8221; da_exit_intent=&#8221;off&#8221; da_has_close=&#8221;on&#8221; da_alt_close=&#8221;off&#8221; da_dark_close=&#8221;off&#8221; da_not_modal=&#8221;on&#8221; da_is_singular=&#8221;off&#8221; da_with_loader=&#8221;off&#8221; da_has_shadow=&#8221;on&#8221;][et_pb_row module_class=&#8221;mj-section-logo-projec&#8221; _builder_version=&#8221;4.25.2&#8243; _module_preset=&#8221;default&#8221; background_color=&#8221;RGBA(255,255,255,0)&#8221; width=&#8221;100%&#8221; width_tablet=&#8221;&#8221; width_phone=&#8221;&#8221; width_last_edited=&#8221;on|phone&#8221; min_height=&#8221;174px&#8221; custom_margin=&#8221;|auto|-3px|auto||&#8221; custom_padding=&#8221;||0px||false|false&#8221; global_colors_info=&#8221;{}&#8221; theme_builder_area=&#8221;post_content&#8221;][et_pb_column type=&#8221;4_4&#8243; _builder_version=&#8221;4.24.1&#8243; _module_preset=&#8221;default&#8221; background_color=&#8221;RGBA(255,255,255,0)&#8221; global_colors_info=&#8221;{}&#8221; theme_builder_area=&#8221;post_content&#8221;][et_pb_image src=&#8221;https:\/\/fcri.cat\/wp-content\/uploads\/2024\/06\/L-JoanRoget@2x.png&#8221; title_text=&#8221;L-JoanRoget@2x&#8221; align=&#8221;right&#8221; _builder_version=&#8221;4.25.2&#8243; _module_preset=&#8221;default&#8221; background_color=&#8221;#FFFFFF&#8221; width=&#8221;250px&#8221; width_tablet=&#8221;200px&#8221; width_phone=&#8221;150px&#8221; width_last_edited=&#8221;on|desktop&#8221; module_alignment=&#8221;right&#8221; height=&#8221;250px&#8221; height_tablet=&#8221;200px&#8221; height_phone=&#8221;150px&#8221; height_last_edited=&#8221;on|tablet&#8221; custom_margin=&#8221;||||false|false&#8221; custom_margin_tablet=&#8221;20px||||false|false&#8221; custom_margin_phone=&#8221;60px||||false|false&#8221; custom_margin_last_edited=&#8221;on|desktop&#8221; custom_padding=&#8221;|||3px||&#8221; background_last_edited=&#8221;on|phone&#8221; box_shadow_style=&#8221;preset1&#8243; global_colors_info=&#8221;{}&#8221; theme_builder_area=&#8221;post_content&#8221;][\/et_pb_image][\/et_pb_column][\/et_pb_row][et_pb_row _builder_version=&#8221;4.25.2&#8243; _module_preset=&#8221;default&#8221; hover_enabled=&#8221;0&#8243; locked=&#8221;off&#8221; global_colors_info=&#8221;{}&#8221; theme_builder_area=&#8221;post_content&#8221; width=&#8221;100%&#8221; sticky_enabled=&#8221;0&#8243;][et_pb_column type=&#8221;4_4&#8243; _builder_version=&#8221;4.16&#8243; _module_preset=&#8221;default&#8221; custom_padding=&#8221;|50px|||false|false&#8221; custom_padding_tablet=&#8221;|0px|40px||false|false&#8221; custom_padding_phone=&#8221;||40px||false|false&#8221; custom_padding_last_edited=&#8221;on|desktop&#8221; global_colors_info=&#8221;{}&#8221; theme_builder_area=&#8221;post_content&#8221;][et_pb_text _builder_version=&#8221;4.19.1&#8243; _module_preset=&#8221;default&#8221; global_colors_info=&#8221;{}&#8221; theme_builder_area=&#8221;post_content&#8221;]<\/p>\n<h1>Premis a la Transfer\u00e8ncia de Coneixement Joan Roget<\/h1>\n<p>[\/et_pb_text][et_pb_text _builder_version=&#8221;4.19.1&#8243; _module_preset=&#8221;default&#8221; global_colors_info=&#8221;{}&#8221; theme_builder_area=&#8221;post_content&#8221;]<\/p>\n<p><span>La Fundaci\u00f3 Catalana per a la Recerca i la Innovaci\u00f3 (FCRI), amb el suport del Departament de Recerca i Universitats de la Generalitat de Catalunya, convoca els <b>Premis a la Transfer\u00e8ncia de Coneixement Joan Roget <\/b>que<\/span><span>\u00a0reconeixen les accions vinculades a la transfer\u00e8ncia de coneixement considerades com a casos d\u2019\u00e8xit del sistema per la seva aportaci\u00f3 al desenvolupament econ\u00f2mic i social d\u2019investigadors o t\u00e8cnics individuals, juntament amb les institucions a qu\u00e8 pertanyen.<\/span><\/p>\n<p><span>Aquests premis posen en valor persones, projectes i entitats que han demostrat un major potencial en les seves aportacions, amb una valoraci\u00f3 significativa de l\u2019impacte aconseguit durant la seva traject\u00f2ria investigadora, la capacitat de fer arribar el seu treball a l\u2019aplicaci\u00f3 pr\u00e0ctica i tamb\u00e9 el grau de connexi\u00f3 amb els usuaris potencials del coneixement generat.<\/span><\/p>\n<p><span>Segons les bases dels premis, podran presentar candidatures els\/les autors\/autores del treball; agents del sistema catal\u00e0 de recerca i innovaci\u00f3: universitats; centres de recerca; centres tecnol\u00f2gics; instituts universitaris de recerca; parcs cient\u00edfics, entre d\u2019altres;\u00a0 administracions p\u00fabliques i entitats sense \u00e0nim de lucre. Els projectes o casos presentats han de tenir una antiguitat com a m\u00e0xim de cinc anys.<\/span><\/p>\n<p>[\/et_pb_text][et_pb_image src=&#8221;https:\/\/fcri.cat\/wp-content\/uploads\/2023\/07\/pjr1.jpg&#8221; title_text=&#8221;pjr1&#8243; _builder_version=&#8221;4.25.2&#8243; _module_preset=&#8221;default&#8221; global_colors_info=&#8221;{}&#8221; theme_builder_area=&#8221;post_content&#8221;][\/et_pb_image][et_pb_text _builder_version=&#8221;4.19.1&#8243; _module_preset=&#8221;default&#8221; custom_margin=&#8221;-27px|||||&#8221; custom_padding=&#8221;0px|||||&#8221; global_colors_info=&#8221;{}&#8221; theme_builder_area=&#8221;post_content&#8221;]<\/p>\n<p>Guardonats Premis a la Transfer\u00e8ncia de Coneixement Joan Roget 2022.<\/p>\n<p>[\/et_pb_text][et_pb_text _builder_version=&#8221;4.25.2&#8243; _module_preset=&#8221;default&#8221; text_font=&#8221;||||||||&#8221; text_text_color=&#8221;#e09900&#8243; text_font_size=&#8221;18px&#8221; text_line_height=&#8221;1.8em&#8221; module_alignment=&#8221;right&#8221; custom_margin=&#8221;||||false|false&#8221; custom_padding=&#8221;||||false|false&#8221; hover_enabled=&#8221;0&#8243; border_color_left=&#8221;#AFA44C&#8221; global_colors_info=&#8221;{}&#8221; theme_builder_area=&#8221;post_content&#8221; sticky_enabled=&#8221;0&#8243;]<a href=\"https:\/\/premisjoanroget.fcri.cat\/\" title=\"Web Premis Joan Roget\">Web Premis Joan Roget<\/a>[\/et_pb_text][et_pb_text _builder_version=&#8221;4.16.0&#8243; _module_preset=&#8221;default&#8221; custom_margin=&#8221;60px||||false|false&#8221; global_colors_info=&#8221;{}&#8221; theme_builder_area=&#8221;post_content&#8221;]<\/p>\n<h2>Contacte<\/h2>\n<p>Susaina Figuera<br \/>\n<a class=\"underline\" href=\"mailto:sfiguera@fcri.cat\" rel=\"alternate\">sfiguera@fcri.cat<\/a>[\/et_pb_text][et_pb_text _builder_version=&#8221;4.16.0&#8243; _module_preset=&#8221;default&#8221; header_3_font_size=&#8221;23px&#8221; custom_margin=&#8221;60px||||false|false&#8221; global_colors_info=&#8221;{}&#8221; theme_builder_area=&#8221;post_content&#8221;]<\/p>\n<h3>Amb el suport<\/h3>\n<p>Aquests premis compten amb el suport del Departament de Recerca i Universitats de la Generalitat de Catalunya.[\/et_pb_text][\/et_pb_column][\/et_pb_row][\/et_pb_section]<\/p>\n","protected":false},"excerpt":{"rendered":"<p>Premis a la Transfer\u00e8ncia de Coneixement Joan RogetLa Fundaci\u00f3 Catalana per a la Recerca i la Innovaci\u00f3 (FCRI), amb el suport del Departament de Recerca i Universitats de la Generalitat [&hellip;]<\/p>\n","protected":false},"author":3,"featured_media":0,"parent":265,"menu_order":0,"comment_status":"closed","ping_status":"closed","template":"","meta":{"_et_pb_use_builder":"on","_et_pb_old_content":"","_et_gb_content_width":"","footnotes":""},"class_list":["post-12732","page","type-page","status-publish","hentry"],"yoast_head":"<!-- This site is optimized with the Yoast SEO plugin v22.9 - https:\/\/yoast.com\/wordpress\/plugins\/seo\/ -->\n<title>Premis Joan Roget - Fundacio Recerca<\/title>\n<meta name=\"robots\" content=\"index, follow, max-snippet:-1, max-image-preview:large, max-video-preview:-1\" \/>\n<link rel=\"canonical\" href=\"https:\/\/fcri.cat\/ca\/cooperacio-publicoprivada\/premis-joan-roget\/\" \/>\n<meta property=\"og:locale\" content=\"ca_ES\" \/>\n<meta property=\"og:type\" content=\"article\" \/>\n<meta property=\"og:title\" content=\"Premis Joan Roget - Fundacio Recerca\" \/>\n<meta property=\"og:description\" content=\"Premis a la Transfer\u00e8ncia de Coneixement Joan RogetLa Fundaci\u00f3 Catalana per a la Recerca i la Innovaci\u00f3 (FCRI), amb el suport del Departament de Recerca i Universitats de la Generalitat [&hellip;]\" \/>\n<meta property=\"og:url\" content=\"https:\/\/fcri.cat\/ca\/cooperacio-publicoprivada\/premis-joan-roget\/\" \/>\n<meta property=\"og:site_name\" content=\"Fundacio Recerca\" \/>\n<meta property=\"article:publisher\" content=\"https:\/\/www.facebook.com\/fundaciorecerca\" \/>\n<meta property=\"article:modified_time\" content=\"2024-07-01T11:09:15+00:00\" \/>\n<meta name=\"twitter:card\" content=\"summary_large_image\" \/>\n<meta name=\"twitter:site\" content=\"@fundaciorecerca\" \/>\n<meta name=\"twitter:label1\" content=\"Temps estimat de lectura\" \/>\n\t<meta name=\"twitter:data1\" content=\"3 minuts\" \/>\n<script type=\"application\/ld+json\" class=\"yoast-schema-graph\">{\"@context\":\"https:\/\/schema.org\",\"@graph\":[{\"@type\":\"WebPage\",\"@id\":\"https:\/\/fcri.cat\/ca\/cooperacio-publicoprivada\/premis-joan-roget\/\",\"url\":\"https:\/\/fcri.cat\/ca\/cooperacio-publicoprivada\/premis-joan-roget\/\",\"name\":\"Premis Joan Roget - Fundacio Recerca\",\"isPartOf\":{\"@id\":\"https:\/\/fcri.cat\/ca\/#website\"},\"datePublished\":\"2022-10-04T14:09:49+00:00\",\"dateModified\":\"2024-07-01T11:09:15+00:00\",\"breadcrumb\":{\"@id\":\"https:\/\/fcri.cat\/ca\/cooperacio-publicoprivada\/premis-joan-roget\/#breadcrumb\"},\"inLanguage\":\"ca\",\"potentialAction\":[{\"@type\":\"ReadAction\",\"target\":[\"https:\/\/fcri.cat\/ca\/cooperacio-publicoprivada\/premis-joan-roget\/\"]}]},{\"@type\":\"BreadcrumbList\",\"@id\":\"https:\/\/fcri.cat\/ca\/cooperacio-publicoprivada\/premis-joan-roget\/#breadcrumb\",\"itemListElement\":[{\"@type\":\"ListItem\",\"position\":1,\"name\":\"Inici\",\"item\":\"https:\/\/fcri.cat\/ca\/\"},{\"@type\":\"ListItem\",\"position\":2,\"name\":\"Cooperaci\u00f3 publicoprivada\",\"item\":\"https:\/\/fcri.cat\/ca\/cooperacio-publicoprivada\/\"},{\"@type\":\"ListItem\",\"position\":3,\"name\":\"Premis Joan Roget\"}]},{\"@type\":\"WebSite\",\"@id\":\"https:\/\/fcri.cat\/ca\/#website\",\"url\":\"https:\/\/fcri.cat\/ca\/\",\"name\":\"Fundacio Recerca\",\"description\":\"Fundaci\u00f3 Catalana per a la Recerca i la Innovaci\u00f3\",\"potentialAction\":[{\"@type\":\"SearchAction\",\"target\":{\"@type\":\"EntryPoint\",\"urlTemplate\":\"https:\/\/fcri.cat\/ca\/?s={search_term_string}\"},\"query-input\":\"required name=search_term_string\"}],\"inLanguage\":\"ca\"}]}<\/script>\n<!-- \/ Yoast SEO plugin. -->","yoast_head_json":{"title":"Premis Joan Roget - Fundacio Recerca","robots":{"index":"index","follow":"follow","max-snippet":"max-snippet:-1","max-image-preview":"max-image-preview:large","max-video-preview":"max-video-preview:-1"},"canonical":"https:\/\/fcri.cat\/ca\/cooperacio-publicoprivada\/premis-joan-roget\/","og_locale":"ca_ES","og_type":"article","og_title":"Premis Joan Roget - Fundacio Recerca","og_description":"Premis a la Transfer\u00e8ncia de Coneixement Joan RogetLa Fundaci\u00f3 Catalana per a la Recerca i la Innovaci\u00f3 (FCRI), amb el suport del Departament de Recerca i Universitats de la Generalitat [&hellip;]","og_url":"https:\/\/fcri.cat\/ca\/cooperacio-publicoprivada\/premis-joan-roget\/","og_site_name":"Fundacio Recerca","article_publisher":"https:\/\/www.facebook.com\/fundaciorecerca","article_modified_time":"2024-07-01T11:09:15+00:00","twitter_card":"summary_large_image","twitter_site":"@fundaciorecerca","twitter_misc":{"Temps estimat de lectura":"3 minuts"},"schema":{"@context":"https:\/\/schema.org","@graph":[{"@type":"WebPage","@id":"https:\/\/fcri.cat\/ca\/cooperacio-publicoprivada\/premis-joan-roget\/","url":"https:\/\/fcri.cat\/ca\/cooperacio-publicoprivada\/premis-joan-roget\/","name":"Premis Joan Roget - Fundacio Recerca","isPartOf":{"@id":"https:\/\/fcri.cat\/ca\/#website"},"datePublished":"2022-10-04T14:09:49+00:00","dateModified":"2024-07-01T11:09:15+00:00","breadcrumb":{"@id":"https:\/\/fcri.cat\/ca\/cooperacio-publicoprivada\/premis-joan-roget\/#breadcrumb"},"inLanguage":"ca","potentialAction":[{"@type":"ReadAction","target":["https:\/\/fcri.cat\/ca\/cooperacio-publicoprivada\/premis-joan-roget\/"]}]},{"@type":"BreadcrumbList","@id":"https:\/\/fcri.cat\/ca\/cooperacio-publicoprivada\/premis-joan-roget\/#breadcrumb","itemListElement":[{"@type":"ListItem","position":1,"name":"Inici","item":"https:\/\/fcri.cat\/ca\/"},{"@type":"ListItem","position":2,"name":"Cooperaci\u00f3 publicoprivada","item":"https:\/\/fcri.cat\/ca\/cooperacio-publicoprivada\/"},{"@type":"ListItem","position":3,"name":"Premis Joan Roget"}]},{"@type":"WebSite","@id":"https:\/\/fcri.cat\/ca\/#website","url":"https:\/\/fcri.cat\/ca\/","name":"Fundacio Recerca","description":"Fundaci\u00f3 Catalana per a la Recerca i la Innovaci\u00f3","potentialAction":[{"@type":"SearchAction","target":{"@type":"EntryPoint","urlTemplate":"https:\/\/fcri.cat\/ca\/?s={search_term_string}"},"query-input":"required name=search_term_string"}],"inLanguage":"ca"}]}},"_links":{"self":[{"href":"https:\/\/fcri.cat\/ca\/wp-json\/wp\/v2\/pages\/12732"}],"collection":[{"href":"https:\/\/fcri.cat\/ca\/wp-json\/wp\/v2\/pages"}],"about":[{"href":"https:\/\/fcri.cat\/ca\/wp-json\/wp\/v2\/types\/page"}],"author":[{"embeddable":true,"href":"https:\/\/fcri.cat\/ca\/wp-json\/wp\/v2\/users\/3"}],"replies":[{"embeddable":true,"href":"https:\/\/fcri.cat\/ca\/wp-json\/wp\/v2\/comments?post=12732"}],"version-history":[{"count":23,"href":"https:\/\/fcri.cat\/ca\/wp-json\/wp\/v2\/pages\/12732\/revisions"}],"predecessor-version":[{"id":19559,"href":"https:\/\/fcri.cat\/ca\/wp-json\/wp\/v2\/pages\/12732\/revisions\/19559"}],"up":[{"embeddable":true,"href":"https:\/\/fcri.cat\/ca\/wp-json\/wp\/v2\/pages\/265"}],"wp:attachment":[{"href":"https:\/\/fcri.cat\/ca\/wp-json\/wp\/v2\/media?parent=12732"}],"curies":[{"name":"wp","href":"https:\/\/api.w.org\/{rel}","templated":true}]}}