{"id":15086,"date":"2023-09-23T12:29:45","date_gmt":"2023-09-23T11:29:45","guid":{"rendered":"https:\/\/fundaciorecerca.cat\/?page_id=15086"},"modified":"2026-05-06T08:54:28","modified_gmt":"2026-05-06T07:54:28","slug":"joves-talents-cientifics","status":"publish","type":"page","link":"https:\/\/fcri.cat\/ca\/societat-educacio\/joves-talents-cientifics\/","title":{"rendered":"Joves Talents Cient\u00edfics"},"content":{"rendered":"<p>[et_pb_section fb_built=&#8221;1&#8243; admin_label=&#8221;Hero&#8221; _builder_version=&#8221;4.25.2&#8243; custom_margin=&#8221;||0px||false|false&#8221; custom_margin_tablet=&#8221;||0px||false|false&#8221; custom_margin_phone=&#8221;0px||0px||false|false&#8221; custom_margin_last_edited=&#8221;on|phone&#8221; custom_padding=&#8221;0px||0px||false|false&#8221; da_disable_devices=&#8221;off|off|off&#8221; locked=&#8221;off&#8221; global_colors_info=&#8221;{}&#8221; theme_builder_area=&#8221;post_content&#8221; da_is_popup=&#8221;off&#8221; da_exit_intent=&#8221;off&#8221; da_has_close=&#8221;on&#8221; da_alt_close=&#8221;off&#8221; da_dark_close=&#8221;off&#8221; da_not_modal=&#8221;on&#8221; da_is_singular=&#8221;off&#8221; da_with_loader=&#8221;off&#8221; da_has_shadow=&#8221;on&#8221;][et_pb_row module_class=&#8221;mj-section-logo-projec&#8221; _builder_version=&#8221;4.25.2&#8243; _module_preset=&#8221;default&#8221; background_color=&#8221;RGBA(255,255,255,0)&#8221; background_image=&#8221;https:\/\/fcri.cat\/wp-content\/uploads\/2025\/11\/web-JTC.png&#8221; background_position=&#8221;bottom_center&#8221; background_vertical_offset=&#8221;2%&#8221; transform_scale=&#8221;148%|148%&#8221; transform_scale_tablet=&#8221;148%|148%&#8221; transform_scale_phone=&#8221;190%|190%&#8221; transform_scale_last_edited=&#8221;on|desktop&#8221; transform_translate_tablet=&#8221;&#8221; transform_translate_phone=&#8221;&#8221; transform_translate_last_edited=&#8221;on|phone&#8221; transform_rotate_tablet=&#8221;&#8221; transform_rotate_phone=&#8221;&#8221; transform_rotate_last_edited=&#8221;on|phone&#8221; transform_skew_tablet=&#8221;&#8221; transform_skew_phone=&#8221;&#8221; transform_skew_last_edited=&#8221;on|phone&#8221; transform_origin_tablet=&#8221;&#8221; transform_origin_phone=&#8221;&#8221; transform_origin_last_edited=&#8221;on|phone&#8221; transform_styles_last_edited=&#8221;on|desktop&#8221; width=&#8221;70%&#8221; width_tablet=&#8221;&#8221; width_phone=&#8221;&#8221; width_last_edited=&#8221;on|phone&#8221; max_width=&#8221;2560px&#8221; module_alignment=&#8221;center&#8221; min_height=&#8221;279px&#8221; height=&#8221;100px&#8221; max_height=&#8221;100px&#8221; custom_margin=&#8221;209px|0px|0px|0px|false|false&#8221; custom_margin_tablet=&#8221;216px|0px|0px|0px|false|false&#8221; custom_margin_phone=&#8221;-216px||||false|false&#8221; custom_margin_last_edited=&#8221;on|desktop&#8221; custom_padding=&#8221;0px|0px|0px|0px|false|false&#8221; transform_styles_tablet=&#8221;&#8221; transform_styles_phone=&#8221;&#8221; global_colors_info=&#8221;{}&#8221; theme_builder_area=&#8221;post_content&#8221;][et_pb_column type=&#8221;4_4&#8243; _builder_version=&#8221;4.25.2&#8243; _module_preset=&#8221;default&#8221; background_color=&#8221;RGBA(255,255,255,0)&#8221; background_enable_image=&#8221;off&#8221; transform_scale=&#8221;100%|90%&#8221; transform_scale_linked=&#8221;off&#8221; custom_padding=&#8221;0px|0px||0px|false|false&#8221; global_colors_info=&#8221;{}&#8221; theme_builder_area=&#8221;post_content&#8221;][\/et_pb_column][\/et_pb_row][et_pb_row column_structure=&#8221;1_4,1_4,1_4,1_4&#8243; _builder_version=&#8221;4.25.2&#8243; _module_preset=&#8221;default&#8221; custom_margin=&#8221;0px|||92px|false|false&#8221; custom_margin_tablet=&#8221;0px|||92px|false|false&#8221; custom_margin_phone=&#8221;|||-15px|false|false&#8221; custom_margin_last_edited=&#8221;on|desktop&#8221; global_colors_info=&#8221;{}&#8221; theme_builder_area=&#8221;post_content&#8221;][et_pb_column type=&#8221;1_4&#8243; _builder_version=&#8221;4.25.2&#8243; _module_preset=&#8221;default&#8221; global_colors_info=&#8221;{}&#8221; theme_builder_area=&#8221;post_content&#8221;][\/et_pb_column][et_pb_column type=&#8221;1_4&#8243; _builder_version=&#8221;4.25.2&#8243; _module_preset=&#8221;default&#8221; global_colors_info=&#8221;{}&#8221; theme_builder_area=&#8221;post_content&#8221;][\/et_pb_column][et_pb_column type=&#8221;1_4&#8243; _builder_version=&#8221;4.25.2&#8243; _module_preset=&#8221;default&#8221; global_colors_info=&#8221;{}&#8221; theme_builder_area=&#8221;post_content&#8221;][\/et_pb_column][et_pb_column type=&#8221;1_4&#8243; _builder_version=&#8221;4.25.2&#8243; _module_preset=&#8221;default&#8221; global_colors_info=&#8221;{}&#8221; theme_builder_area=&#8221;post_content&#8221;][et_pb_image src=&#8221;https:\/\/fcri.cat\/wp-content\/uploads\/2024\/06\/L-jtc.png&#8221; title_text=&#8221;L-jtc&#8221; align=&#8221;right&#8221; _builder_version=&#8221;4.25.2&#8243; _module_preset=&#8221;default&#8221; background_color=&#8221;#FFFFFF&#8221; width=&#8221;250px&#8221; width_tablet=&#8221;200px&#8221; width_phone=&#8221;150px&#8221; width_last_edited=&#8221;on|desktop&#8221; module_alignment=&#8221;right&#8221; height=&#8221;250px&#8221; height_tablet=&#8221;200px&#8221; height_phone=&#8221;150px&#8221; height_last_edited=&#8221;on|tablet&#8221; custom_margin=&#8221;-30px|0px||0px|false|false&#8221; custom_margin_tablet=&#8221;20px||||false|false&#8221; custom_margin_phone=&#8221;43px||||false|false&#8221; custom_margin_last_edited=&#8221;on|desktop&#8221; custom_padding=&#8221;|0px||0px|false|false&#8221; background_last_edited=&#8221;on|phone&#8221; box_shadow_style=&#8221;preset1&#8243; global_colors_info=&#8221;{}&#8221; theme_builder_area=&#8221;post_content&#8221;][\/et_pb_image][\/et_pb_column][\/et_pb_row][et_pb_row _builder_version=&#8221;4.25.2&#8243; _module_preset=&#8221;default&#8221; width=&#8221;100%&#8221; width_tablet=&#8221;80%&#8221; width_phone=&#8221;80%&#8221; width_last_edited=&#8221;on|phone&#8221; custom_margin=&#8221;17px|auto|-485px|auto|false|false&#8221; custom_padding=&#8221;||90px||false|false&#8221; locked=&#8221;off&#8221; collapsed=&#8221;on&#8221; global_colors_info=&#8221;{}&#8221; theme_builder_area=&#8221;post_content&#8221;][et_pb_column type=&#8221;4_4&#8243; _builder_version=&#8221;4.16&#8243; _module_preset=&#8221;default&#8221; custom_padding=&#8221;|50px|||false|false&#8221; custom_padding_tablet=&#8221;|0px|40px||false|false&#8221; custom_padding_phone=&#8221;||40px||false|false&#8221; custom_padding_last_edited=&#8221;on|desktop&#8221; global_colors_info=&#8221;{}&#8221; theme_builder_area=&#8221;post_content&#8221;][et_pb_text _builder_version=&#8221;4.25.2&#8243; _module_preset=&#8221;default&#8221; custom_margin=&#8221;-33px||||false|false&#8221; custom_margin_tablet=&#8221;-33px||||false|false&#8221; custom_margin_phone=&#8221;-24px||||false|false&#8221; custom_margin_last_edited=&#8221;on|phone&#8221; global_colors_info=&#8221;{}&#8221; theme_builder_area=&#8221;post_content&#8221;]<\/p>\n<p>El programa Joves Talents Cient\u00edfics vol millorar l\u2019aprenentatge de les STEM que es duu a terme als centres de secund\u00e0ria i batxillerat, tot proporcionant una m\u00e9s \u00e0mplia i completa educaci\u00f3 cient\u00edfica als joves. Apostem per les capacitats i el talent divulgador dels professionals i dels investigadors i investigadores predoctorals i postdoctorals de les universitats i\/o centres de recerca catalans, amb la formaci\u00f3 d\u2019un equip vinculat activament amb els centres educatius participants.<\/p>\n<p>[\/et_pb_text][et_pb_text _builder_version=&#8221;4.25.2&#8243; _module_preset=&#8221;default&#8221; global_colors_info=&#8221;{}&#8221; theme_builder_area=&#8221;post_content&#8221;]<\/p>\n<p>En la seva primera edici\u00f3, durant el curs 2023-2024, el programa es va centrar en el <strong>sector agroalimentari i forestal<\/strong>. Amb el suport del Departament d\u2019Agricultura, Ramaderia, Pesca i Alimentaci\u00f3 de la Generalitat de Catalunya, persones investigadores de la Universitat de Lleida van realitzar sessions te\u00f2riques i tallers experimentals en cinc instituts de les comarques de la Noguera, el Pallars Juss\u00e0 i el Pallars Sobir\u00e0 per fomentar l&#8217;inter\u00e8s pels estudis agraris.<\/p>\n<p>[\/et_pb_text][et_pb_text _builder_version=&#8221;4.25.2&#8243; _module_preset=&#8221;default&#8221; custom_padding=&#8221;||5px|||&#8221; hover_enabled=&#8221;0&#8243; global_colors_info=&#8221;{}&#8221; theme_builder_area=&#8221;post_content&#8221; sticky_enabled=&#8221;0&#8243;]<\/p>\n<p>la segona edici\u00f3 del curs 2025-2026 s\u2019ha dedicat a la<strong> Ind\u00fastria 4.0<\/strong> en cinc escoles de les comarques de Barcelona. Durant aquest curs, el programa ha treballat per despertar vocacions tecnol\u00f2giques i millorar els coneixements de l\u2019alumnat en \u00e0rees com la rob\u00f2tica, la IA, la realitat augmentada o la ciberseguretat. Aquesta col\u00b7laboraci\u00f3 ha perm\u00e8s mostrar de manera pr\u00e0ctica l&#8217;aplicaci\u00f3 del m\u00e8tode cient\u00edfic en la recerca i ha servit per informar docents i alumnes sobre les innovacions tecnol\u00f2giques actuals. Aix\u00ed mateix, s\u2019ha capacitat els professionals del sector amb noves estrat\u00e8gies per dissenyar activitats pr\u00e0ctiques i treballs per projectes que apropin el sector industrial a les aules.<\/p>\n<p><strong><span style=\"color: #e02b20;\">*Properament m\u00e9s informaci\u00f3 sobre el curs 2026-2027.<\/span><\/strong><\/p>\n<p>&nbsp;<\/p>\n<p>[\/et_pb_text][et_pb_text _builder_version=&#8221;4.24.1&#8243; _module_preset=&#8221;default&#8221; custom_margin=&#8221;60px||||false|false&#8221; global_colors_info=&#8221;{}&#8221; theme_builder_area=&#8221;post_content&#8221;]<\/p>\n<h2>Contacte<\/h2>\n<p>Bel\u00e9n L\u00f3pez<br \/><a class=\"underline\" href=\"mailto:blopez@fcri.cat\" rel=\"alternate\">blopez@fcri.cat<\/a><\/p>\n<p>[\/et_pb_text][et_pb_text _builder_version=&#8221;4.25.2&#8243; _module_preset=&#8221;default&#8221; header_3_font_size=&#8221;23px&#8221; custom_margin=&#8221;60px||||false|false&#8221; global_colors_info=&#8221;{}&#8221; theme_builder_area=&#8221;post_content&#8221;]<\/p>\n<h3>Hi col\u00b7labora<\/h3>\n<p>Programa que compta amb el suport de la Fundaci\u00f3n IberCaja.<\/p>\n<p>[\/et_pb_text][\/et_pb_column][\/et_pb_row][\/et_pb_section]<\/p>\n","protected":false},"excerpt":{"rendered":"<p>El programa Joves Talents Cient\u00edfics vol millorar l\u2019aprenentatge de les STEM que es duu a terme als centres de secund\u00e0ria i batxillerat, tot proporcionant una m\u00e9s \u00e0mplia i completa educaci\u00f3 [&hellip;]<\/p>\n","protected":false},"author":3,"featured_media":20663,"parent":317,"menu_order":0,"comment_status":"closed","ping_status":"closed","template":"","meta":{"_et_pb_use_builder":"on","_et_pb_old_content":"","_et_gb_content_width":"","footnotes":""},"class_list":["post-15086","page","type-page","status-publish","has-post-thumbnail","hentry"],"yoast_head":"<!-- This site is optimized with the Yoast SEO plugin v22.9 - https:\/\/yoast.com\/wordpress\/plugins\/seo\/ -->\n<title>Joves Talents Cient\u00edfics - Fundacio Recerca<\/title>\n<meta name=\"robots\" content=\"index, follow, max-snippet:-1, max-image-preview:large, max-video-preview:-1\" \/>\n<link rel=\"canonical\" href=\"https:\/\/fcri.cat\/ca\/societat-educacio\/joves-talents-cientifics\/\" \/>\n<meta property=\"og:locale\" content=\"ca_ES\" \/>\n<meta property=\"og:type\" content=\"article\" \/>\n<meta property=\"og:title\" content=\"Joves Talents Cient\u00edfics - Fundacio Recerca\" \/>\n<meta property=\"og:description\" content=\"El programa Joves Talents Cient\u00edfics vol millorar l\u2019aprenentatge de les STEM que es duu a terme als centres de secund\u00e0ria i batxillerat, tot proporcionant una m\u00e9s \u00e0mplia i completa educaci\u00f3 [&hellip;]\" \/>\n<meta property=\"og:url\" content=\"https:\/\/fcri.cat\/ca\/societat-educacio\/joves-talents-cientifics\/\" \/>\n<meta property=\"og:site_name\" content=\"Fundacio Recerca\" \/>\n<meta property=\"article:publisher\" content=\"https:\/\/www.facebook.com\/fundaciorecerca\" \/>\n<meta property=\"article:modified_time\" content=\"2026-05-06T07:54:28+00:00\" \/>\n<meta property=\"og:image\" content=\"https:\/\/fcri.cat\/wp-content\/uploads\/2024\/07\/iStock-1140405651-scaled-e1722336758786.jpg?wsr\" \/>\n\t<meta property=\"og:image:width\" content=\"2560\" \/>\n\t<meta property=\"og:image:height\" content=\"1092\" \/>\n\t<meta property=\"og:image:type\" content=\"image\/jpeg\" \/>\n<meta name=\"twitter:card\" content=\"summary_large_image\" \/>\n<meta name=\"twitter:site\" content=\"@fundaciorecerca\" \/>\n<meta name=\"twitter:label1\" content=\"Temps estimat de lectura\" \/>\n\t<meta name=\"twitter:data1\" content=\"2 minuts\" \/>\n<script type=\"application\/ld+json\" class=\"yoast-schema-graph\">{\"@context\":\"https:\/\/schema.org\",\"@graph\":[{\"@type\":\"WebPage\",\"@id\":\"https:\/\/fcri.cat\/ca\/societat-educacio\/joves-talents-cientifics\/\",\"url\":\"https:\/\/fcri.cat\/ca\/societat-educacio\/joves-talents-cientifics\/\",\"name\":\"Joves Talents Cient\u00edfics - Fundacio Recerca\",\"isPartOf\":{\"@id\":\"https:\/\/fcri.cat\/ca\/#website\"},\"primaryImageOfPage\":{\"@id\":\"https:\/\/fcri.cat\/ca\/societat-educacio\/joves-talents-cientifics\/#primaryimage\"},\"image\":{\"@id\":\"https:\/\/fcri.cat\/ca\/societat-educacio\/joves-talents-cientifics\/#primaryimage\"},\"thumbnailUrl\":\"https:\/\/fcri.cat\/wp-content\/uploads\/2024\/07\/iStock-1140405651-scaled-e1722336758786.jpg?wsr\",\"datePublished\":\"2023-09-23T11:29:45+00:00\",\"dateModified\":\"2026-05-06T07:54:28+00:00\",\"breadcrumb\":{\"@id\":\"https:\/\/fcri.cat\/ca\/societat-educacio\/joves-talents-cientifics\/#breadcrumb\"},\"inLanguage\":\"ca\",\"potentialAction\":[{\"@type\":\"ReadAction\",\"target\":[\"https:\/\/fcri.cat\/ca\/societat-educacio\/joves-talents-cientifics\/\"]}]},{\"@type\":\"ImageObject\",\"inLanguage\":\"ca\",\"@id\":\"https:\/\/fcri.cat\/ca\/societat-educacio\/joves-talents-cientifics\/#primaryimage\",\"url\":\"https:\/\/fcri.cat\/wp-content\/uploads\/2024\/07\/iStock-1140405651-scaled-e1722336758786.jpg?wsr\",\"contentUrl\":\"https:\/\/fcri.cat\/wp-content\/uploads\/2024\/07\/iStock-1140405651-scaled-e1722336758786.jpg?wsr\",\"width\":2560,\"height\":1092,\"caption\":\"Woman farmer controls drone with a tablet. Smart farming and agriculture\"},{\"@type\":\"BreadcrumbList\",\"@id\":\"https:\/\/fcri.cat\/ca\/societat-educacio\/joves-talents-cientifics\/#breadcrumb\",\"itemListElement\":[{\"@type\":\"ListItem\",\"position\":1,\"name\":\"Inici\",\"item\":\"https:\/\/fcri.cat\/ca\/\"},{\"@type\":\"ListItem\",\"position\":2,\"name\":\"Societat i educaci\u00f3\",\"item\":\"https:\/\/fcri.cat\/ca\/societat-educacio\/\"},{\"@type\":\"ListItem\",\"position\":3,\"name\":\"Joves Talents Cient\u00edfics\"}]},{\"@type\":\"WebSite\",\"@id\":\"https:\/\/fcri.cat\/ca\/#website\",\"url\":\"https:\/\/fcri.cat\/ca\/\",\"name\":\"Fundacio Recerca\",\"description\":\"Fundaci\u00f3 Catalana per a la Recerca i la Innovaci\u00f3\",\"potentialAction\":[{\"@type\":\"SearchAction\",\"target\":{\"@type\":\"EntryPoint\",\"urlTemplate\":\"https:\/\/fcri.cat\/ca\/?s={search_term_string}\"},\"query-input\":\"required name=search_term_string\"}],\"inLanguage\":\"ca\"}]}<\/script>\n<!-- \/ Yoast SEO plugin. -->","yoast_head_json":{"title":"Joves Talents Cient\u00edfics - Fundacio Recerca","robots":{"index":"index","follow":"follow","max-snippet":"max-snippet:-1","max-image-preview":"max-image-preview:large","max-video-preview":"max-video-preview:-1"},"canonical":"https:\/\/fcri.cat\/ca\/societat-educacio\/joves-talents-cientifics\/","og_locale":"ca_ES","og_type":"article","og_title":"Joves Talents Cient\u00edfics - Fundacio Recerca","og_description":"El programa Joves Talents Cient\u00edfics vol millorar l\u2019aprenentatge de les STEM que es duu a terme als centres de secund\u00e0ria i batxillerat, tot proporcionant una m\u00e9s \u00e0mplia i completa educaci\u00f3 [&hellip;]","og_url":"https:\/\/fcri.cat\/ca\/societat-educacio\/joves-talents-cientifics\/","og_site_name":"Fundacio Recerca","article_publisher":"https:\/\/www.facebook.com\/fundaciorecerca","article_modified_time":"2026-05-06T07:54:28+00:00","og_image":[{"width":2560,"height":1092,"url":"https:\/\/fcri.cat\/wp-content\/uploads\/2024\/07\/iStock-1140405651-scaled-e1722336758786.jpg?wsr","type":"image\/jpeg"}],"twitter_card":"summary_large_image","twitter_site":"@fundaciorecerca","twitter_misc":{"Temps estimat de lectura":"2 minuts"},"schema":{"@context":"https:\/\/schema.org","@graph":[{"@type":"WebPage","@id":"https:\/\/fcri.cat\/ca\/societat-educacio\/joves-talents-cientifics\/","url":"https:\/\/fcri.cat\/ca\/societat-educacio\/joves-talents-cientifics\/","name":"Joves Talents Cient\u00edfics - Fundacio Recerca","isPartOf":{"@id":"https:\/\/fcri.cat\/ca\/#website"},"primaryImageOfPage":{"@id":"https:\/\/fcri.cat\/ca\/societat-educacio\/joves-talents-cientifics\/#primaryimage"},"image":{"@id":"https:\/\/fcri.cat\/ca\/societat-educacio\/joves-talents-cientifics\/#primaryimage"},"thumbnailUrl":"https:\/\/fcri.cat\/wp-content\/uploads\/2024\/07\/iStock-1140405651-scaled-e1722336758786.jpg?wsr","datePublished":"2023-09-23T11:29:45+00:00","dateModified":"2026-05-06T07:54:28+00:00","breadcrumb":{"@id":"https:\/\/fcri.cat\/ca\/societat-educacio\/joves-talents-cientifics\/#breadcrumb"},"inLanguage":"ca","potentialAction":[{"@type":"ReadAction","target":["https:\/\/fcri.cat\/ca\/societat-educacio\/joves-talents-cientifics\/"]}]},{"@type":"ImageObject","inLanguage":"ca","@id":"https:\/\/fcri.cat\/ca\/societat-educacio\/joves-talents-cientifics\/#primaryimage","url":"https:\/\/fcri.cat\/wp-content\/uploads\/2024\/07\/iStock-1140405651-scaled-e1722336758786.jpg?wsr","contentUrl":"https:\/\/fcri.cat\/wp-content\/uploads\/2024\/07\/iStock-1140405651-scaled-e1722336758786.jpg?wsr","width":2560,"height":1092,"caption":"Woman farmer controls drone with a tablet. Smart farming and agriculture"},{"@type":"BreadcrumbList","@id":"https:\/\/fcri.cat\/ca\/societat-educacio\/joves-talents-cientifics\/#breadcrumb","itemListElement":[{"@type":"ListItem","position":1,"name":"Inici","item":"https:\/\/fcri.cat\/ca\/"},{"@type":"ListItem","position":2,"name":"Societat i educaci\u00f3","item":"https:\/\/fcri.cat\/ca\/societat-educacio\/"},{"@type":"ListItem","position":3,"name":"Joves Talents Cient\u00edfics"}]},{"@type":"WebSite","@id":"https:\/\/fcri.cat\/ca\/#website","url":"https:\/\/fcri.cat\/ca\/","name":"Fundacio Recerca","description":"Fundaci\u00f3 Catalana per a la Recerca i la Innovaci\u00f3","potentialAction":[{"@type":"SearchAction","target":{"@type":"EntryPoint","urlTemplate":"https:\/\/fcri.cat\/ca\/?s={search_term_string}"},"query-input":"required name=search_term_string"}],"inLanguage":"ca"}]}},"_links":{"self":[{"href":"https:\/\/fcri.cat\/ca\/wp-json\/wp\/v2\/pages\/15086"}],"collection":[{"href":"https:\/\/fcri.cat\/ca\/wp-json\/wp\/v2\/pages"}],"about":[{"href":"https:\/\/fcri.cat\/ca\/wp-json\/wp\/v2\/types\/page"}],"author":[{"embeddable":true,"href":"https:\/\/fcri.cat\/ca\/wp-json\/wp\/v2\/users\/3"}],"replies":[{"embeddable":true,"href":"https:\/\/fcri.cat\/ca\/wp-json\/wp\/v2\/comments?post=15086"}],"version-history":[{"count":158,"href":"https:\/\/fcri.cat\/ca\/wp-json\/wp\/v2\/pages\/15086\/revisions"}],"predecessor-version":[{"id":24663,"href":"https:\/\/fcri.cat\/ca\/wp-json\/wp\/v2\/pages\/15086\/revisions\/24663"}],"up":[{"embeddable":true,"href":"https:\/\/fcri.cat\/ca\/wp-json\/wp\/v2\/pages\/317"}],"wp:featuredmedia":[{"embeddable":true,"href":"https:\/\/fcri.cat\/ca\/wp-json\/wp\/v2\/media\/20663"}],"wp:attachment":[{"href":"https:\/\/fcri.cat\/ca\/wp-json\/wp\/v2\/media?parent=15086"}],"curies":[{"name":"wp","href":"https:\/\/api.w.org\/{rel}","templated":true}]}}