{"id":235,"date":"2020-11-27T07:34:09","date_gmt":"2020-11-27T07:34:09","guid":{"rendered":"http:\/\/waa.fundaciorecerca.cat\/?page_id=235"},"modified":"2025-03-20T15:32:24","modified_gmt":"2025-03-20T14:32:24","slug":"capcit","status":"publish","type":"page","link":"https:\/\/fcri.cat\/ca\/cooperacio-publicoprivada\/capcit\/","title":{"rendered":"CAPCIT"},"content":{"rendered":"<p>[et_pb_section fb_built=&#8221;1&#8243; admin_label=&#8221;Hero&#8221; _builder_version=&#8221;4.16&#8243; custom_padding=&#8221;||||false|false&#8221; da_disable_devices=&#8221;off|off|off&#8221; locked=&#8221;off&#8221; global_colors_info=&#8221;{}&#8221; theme_builder_area=&#8221;post_content&#8221; da_is_popup=&#8221;off&#8221; da_exit_intent=&#8221;off&#8221; da_has_close=&#8221;on&#8221; da_alt_close=&#8221;off&#8221; da_dark_close=&#8221;off&#8221; da_not_modal=&#8221;on&#8221; da_is_singular=&#8221;off&#8221; da_with_loader=&#8221;off&#8221; da_has_shadow=&#8221;on&#8221;][et_pb_row make_equal=&#8221;on&#8221; _builder_version=&#8221;4.25.2&#8243; _module_preset=&#8221;default&#8221; background_image=&#8221;https:\/\/fcri.cat\/wp-content\/uploads\/2024\/11\/iStock-889252856-scaled.jpg&#8221; transform_scale_tablet=&#8221;190%|190%&#8221; transform_scale_phone=&#8221;190%|190%&#8221; transform_scale_last_edited=&#8221;on|desktop&#8221; transform_translate_tablet=&#8221;&#8221; transform_translate_phone=&#8221;&#8221; transform_translate_last_edited=&#8221;on|desktop&#8221; transform_rotate_tablet=&#8221;&#8221; transform_rotate_phone=&#8221;&#8221; transform_rotate_last_edited=&#8221;on|desktop&#8221; transform_skew_tablet=&#8221;&#8221; transform_skew_phone=&#8221;&#8221; transform_skew_last_edited=&#8221;on|desktop&#8221; transform_origin_tablet=&#8221;&#8221; transform_origin_phone=&#8221;&#8221; transform_origin_last_edited=&#8221;on|desktop&#8221; transform_styles_last_edited=&#8221;on|desktop&#8221; width=&#8221;100%&#8221; max_width=&#8221;2560px&#8221; min_height=&#8221;643px&#8221; height=&#8221;1000px&#8221; max_height=&#8221;611px&#8221; custom_margin=&#8221;-55px||||false|false&#8221; custom_margin_tablet=&#8221;99px||||false|false&#8221; custom_margin_phone=&#8221;-57px||||false|false&#8221; custom_margin_last_edited=&#8221;on|desktop&#8221; background_last_edited=&#8221;on|phone&#8221; background_size_phone=&#8221;contain&#8221; transform_styles_tablet=&#8221;&#8221; transform_styles_phone=&#8221;&#8221; global_colors_info=&#8221;{}&#8221; theme_builder_area=&#8221;post_content&#8221;][et_pb_column type=&#8221;4_4&#8243; _builder_version=&#8221;4.25.2&#8243; _module_preset=&#8221;default&#8221; global_colors_info=&#8221;{}&#8221; theme_builder_area=&#8221;post_content&#8221;][\/et_pb_column][\/et_pb_row][et_pb_row module_class=&#8221;mj-section-logo-projec&#8221; _builder_version=&#8221;4.25.2&#8243; _module_preset=&#8221;default&#8221; background_color=&#8221;RGBA(255,255,255,0)&#8221; width=&#8221;100%&#8221; width_tablet=&#8221;&#8221; width_phone=&#8221;&#8221; width_last_edited=&#8221;on|phone&#8221; min_height=&#8221;174px&#8221; custom_margin=&#8221;0px|auto|-3px|-24px|false|false&#8221; custom_padding=&#8221;||0px||false|false&#8221; global_colors_info=&#8221;{}&#8221; theme_builder_area=&#8221;post_content&#8221;][et_pb_column type=&#8221;4_4&#8243; _builder_version=&#8221;4.24.1&#8243; _module_preset=&#8221;default&#8221; background_color=&#8221;RGBA(255,255,255,0)&#8221; global_colors_info=&#8221;{}&#8221; theme_builder_area=&#8221;post_content&#8221;][et_pb_image src=&#8221;https:\/\/fcri.cat\/wp-content\/uploads\/2024\/06\/L-Capcit@2x.png&#8221; title_text=&#8221;L-Capcit@2x&#8221; align=&#8221;right&#8221; _builder_version=&#8221;4.25.2&#8243; _module_preset=&#8221;default&#8221; background_color=&#8221;#FFFFFF&#8221; width=&#8221;250px&#8221; width_tablet=&#8221;200px&#8221; width_phone=&#8221;150px&#8221; width_last_edited=&#8221;on|desktop&#8221; module_alignment=&#8221;right&#8221; height=&#8221;250px&#8221; height_tablet=&#8221;200px&#8221; height_phone=&#8221;150px&#8221; height_last_edited=&#8221;on|tablet&#8221; custom_margin=&#8221;-231px|0px||0px|false|false&#8221; custom_margin_tablet=&#8221;20px||||false|false&#8221; custom_margin_phone=&#8221;-293px||||false|false&#8221; custom_margin_last_edited=&#8221;on|desktop&#8221; custom_padding=&#8221;|||0px|false|false&#8221; background_last_edited=&#8221;on|phone&#8221; box_shadow_style=&#8221;preset1&#8243; global_colors_info=&#8221;{}&#8221; theme_builder_area=&#8221;post_content&#8221;][\/et_pb_image][\/et_pb_column][\/et_pb_row][et_pb_row _builder_version=&#8221;4.25.2&#8243; _module_preset=&#8221;default&#8221; width=&#8221;100%&#8221; width_tablet=&#8221;80%&#8221; width_phone=&#8221;80%&#8221; width_last_edited=&#8221;on|phone&#8221; custom_margin_tablet=&#8221;&#8221; custom_margin_phone=&#8221;-320px||||false|false&#8221; custom_margin_last_edited=&#8221;on|phone&#8221; locked=&#8221;off&#8221; global_colors_info=&#8221;{}&#8221; theme_builder_area=&#8221;post_content&#8221;][et_pb_column type=&#8221;4_4&#8243; _builder_version=&#8221;4.16&#8243; _module_preset=&#8221;default&#8221; custom_padding=&#8221;|50px|||false|false&#8221; custom_padding_tablet=&#8221;|0px|40px||false|false&#8221; custom_padding_phone=&#8221;||40px||false|false&#8221; custom_padding_last_edited=&#8221;on|desktop&#8221; global_colors_info=&#8221;{}&#8221; theme_builder_area=&#8221;post_content&#8221;][et_pb_text _builder_version=&#8221;4.25.2&#8243; _module_preset=&#8221;default&#8221; custom_margin=&#8221;-91px||||false|false&#8221; custom_margin_tablet=&#8221;39px||||false|false&#8221; custom_margin_phone=&#8221;-69px||||false|false&#8221; custom_margin_last_edited=&#8221;on|desktop&#8221; global_colors_info=&#8221;{}&#8221; theme_builder_area=&#8221;post_content&#8221;]<\/p>\n<p>Seguint la tend\u00e8ncia d\u2019assessorament cient\u00edfic i tecnol\u00f2gic als parlaments (PTA) d\u2019Estats Units i d\u2019Europa a les darreres dues d\u00e8cades, el Parlament de Catalunya va aprovar el 2008 la creaci\u00f3 del Consell Assessor del Parlament sobre Ci\u00e8ncia i Tecnologia (CAPCIT).<\/p>\n<p>L\u2019FCRI va integrar-se d\u2019entrada a aquest \u00f2rgan com una de les entitats representants del m\u00f3n cient\u00edfic i tecnol\u00f2gic, amb dos membres.<\/p>\n<p>El CAPCIT, pioner a l&#8217;Estat espanyol, informa i assessora el Parlament de Catalunya en mat\u00e8ria cient\u00edfica i tecnol\u00f2gica i es renova a cada legislatura.<\/p>\n<p>\u00c9s un \u00f2rgan mixt format per diputats i representants de les entitats cientificot\u00e8cniques catalanes m\u00e9s rellevants.<\/p>\n<p>[\/et_pb_text][et_pb_text _builder_version=&#8221;4.16&#8243; _module_preset=&#8221;default&#8221; custom_margin=&#8221;||33px||false|false&#8221; locked=&#8221;off&#8221; global_colors_info=&#8221;{}&#8221; theme_builder_area=&#8221;post_content&#8221;]<\/p>\n<h2>Contacte<\/h2>\n<p>Dolors L\u00f3pez<br \/><a class=\"underline\" href=\"mailto:sfiguera@fcri.cat\" rel=\"alternate\">dlopez@fcri.cat<\/a><\/p>\n<p>[\/et_pb_text][et_pb_text _builder_version=&#8221;4.16&#8243; _module_preset=&#8221;default&#8221; header_3_font_size=&#8221;23px&#8221; global_colors_info=&#8221;{}&#8221; theme_builder_area=&#8221;post_content&#8221;]<\/p>\n<h3>Hi col\u00b7labora<\/h3>\n<p>El CAPCIT \u00e9s un \u00f2rgan assessor creat pel Parlament de Catalunya.<\/p>\n<p>[\/et_pb_text][\/et_pb_column][\/et_pb_row][\/et_pb_section]<\/p>\n","protected":false},"excerpt":{"rendered":"<p>Seguint la tend\u00e8ncia d\u2019assessorament cient\u00edfic i tecnol\u00f2gic als parlaments (PTA) d\u2019Estats Units i d\u2019Europa a les darreres dues d\u00e8cades, el Parlament de Catalunya va aprovar el 2008 la creaci\u00f3 del [&hellip;]<\/p>\n","protected":false},"author":6,"featured_media":20911,"parent":265,"menu_order":0,"comment_status":"closed","ping_status":"closed","template":"","meta":{"_et_pb_use_builder":"on","_et_pb_old_content":"","_et_gb_content_width":"","footnotes":""},"class_list":["post-235","page","type-page","status-publish","has-post-thumbnail","hentry"],"yoast_head":"<!-- This site is optimized with the Yoast SEO plugin v22.9 - https:\/\/yoast.com\/wordpress\/plugins\/seo\/ -->\n<title>CAPCIT - Fundacio Recerca<\/title>\n<meta name=\"robots\" content=\"index, follow, max-snippet:-1, max-image-preview:large, max-video-preview:-1\" \/>\n<link rel=\"canonical\" href=\"https:\/\/fcri.cat\/ca\/cooperacio-publicoprivada\/capcit\/\" \/>\n<meta property=\"og:locale\" content=\"ca_ES\" \/>\n<meta property=\"og:type\" content=\"article\" \/>\n<meta property=\"og:title\" content=\"CAPCIT - Fundacio Recerca\" \/>\n<meta property=\"og:description\" content=\"Seguint la tend\u00e8ncia d\u2019assessorament cient\u00edfic i tecnol\u00f2gic als parlaments (PTA) d\u2019Estats Units i d\u2019Europa a les darreres dues d\u00e8cades, el Parlament de Catalunya va aprovar el 2008 la creaci\u00f3 del [&hellip;]\" \/>\n<meta property=\"og:url\" content=\"https:\/\/fcri.cat\/ca\/cooperacio-publicoprivada\/capcit\/\" \/>\n<meta property=\"og:site_name\" content=\"Fundacio Recerca\" \/>\n<meta property=\"article:publisher\" content=\"https:\/\/www.facebook.com\/fundaciorecerca\" \/>\n<meta property=\"article:modified_time\" content=\"2025-03-20T14:32:24+00:00\" \/>\n<meta property=\"og:image\" content=\"https:\/\/fcri.cat\/wp-content\/uploads\/2024\/07\/Facana_Parlament_de_Catalunya-scaled.jpg\" \/>\n\t<meta property=\"og:image:width\" content=\"2560\" \/>\n\t<meta property=\"og:image:height\" content=\"1920\" \/>\n\t<meta property=\"og:image:type\" content=\"image\/jpeg\" \/>\n<meta name=\"twitter:card\" content=\"summary_large_image\" \/>\n<meta name=\"twitter:site\" content=\"@fundaciorecerca\" \/>\n<meta name=\"twitter:label1\" content=\"Temps estimat de lectura\" \/>\n\t<meta name=\"twitter:data1\" content=\"2 minuts\" \/>\n<script type=\"application\/ld+json\" class=\"yoast-schema-graph\">{\"@context\":\"https:\/\/schema.org\",\"@graph\":[{\"@type\":\"WebPage\",\"@id\":\"https:\/\/fcri.cat\/ca\/cooperacio-publicoprivada\/capcit\/\",\"url\":\"https:\/\/fcri.cat\/ca\/cooperacio-publicoprivada\/capcit\/\",\"name\":\"CAPCIT - Fundacio Recerca\",\"isPartOf\":{\"@id\":\"https:\/\/fcri.cat\/ca\/#website\"},\"primaryImageOfPage\":{\"@id\":\"https:\/\/fcri.cat\/ca\/cooperacio-publicoprivada\/capcit\/#primaryimage\"},\"image\":{\"@id\":\"https:\/\/fcri.cat\/ca\/cooperacio-publicoprivada\/capcit\/#primaryimage\"},\"thumbnailUrl\":\"https:\/\/fcri.cat\/wp-content\/uploads\/2024\/07\/Facana_Parlament_de_Catalunya-scaled.jpg?wsr\",\"datePublished\":\"2020-11-27T07:34:09+00:00\",\"dateModified\":\"2025-03-20T14:32:24+00:00\",\"breadcrumb\":{\"@id\":\"https:\/\/fcri.cat\/ca\/cooperacio-publicoprivada\/capcit\/#breadcrumb\"},\"inLanguage\":\"ca\",\"potentialAction\":[{\"@type\":\"ReadAction\",\"target\":[\"https:\/\/fcri.cat\/ca\/cooperacio-publicoprivada\/capcit\/\"]}]},{\"@type\":\"ImageObject\",\"inLanguage\":\"ca\",\"@id\":\"https:\/\/fcri.cat\/ca\/cooperacio-publicoprivada\/capcit\/#primaryimage\",\"url\":\"https:\/\/fcri.cat\/wp-content\/uploads\/2024\/07\/Facana_Parlament_de_Catalunya-scaled.jpg?wsr\",\"contentUrl\":\"https:\/\/fcri.cat\/wp-content\/uploads\/2024\/07\/Facana_Parlament_de_Catalunya-scaled.jpg?wsr\",\"width\":2560,\"height\":1920},{\"@type\":\"BreadcrumbList\",\"@id\":\"https:\/\/fcri.cat\/ca\/cooperacio-publicoprivada\/capcit\/#breadcrumb\",\"itemListElement\":[{\"@type\":\"ListItem\",\"position\":1,\"name\":\"Inici\",\"item\":\"https:\/\/fcri.cat\/ca\/\"},{\"@type\":\"ListItem\",\"position\":2,\"name\":\"Cooperaci\u00f3 publicoprivada\",\"item\":\"https:\/\/fcri.cat\/ca\/cooperacio-publicoprivada\/\"},{\"@type\":\"ListItem\",\"position\":3,\"name\":\"CAPCIT\"}]},{\"@type\":\"WebSite\",\"@id\":\"https:\/\/fcri.cat\/ca\/#website\",\"url\":\"https:\/\/fcri.cat\/ca\/\",\"name\":\"Fundacio Recerca\",\"description\":\"Fundaci\u00f3 Catalana per a la Recerca i la Innovaci\u00f3\",\"potentialAction\":[{\"@type\":\"SearchAction\",\"target\":{\"@type\":\"EntryPoint\",\"urlTemplate\":\"https:\/\/fcri.cat\/ca\/?s={search_term_string}\"},\"query-input\":\"required name=search_term_string\"}],\"inLanguage\":\"ca\"}]}<\/script>\n<!-- \/ Yoast SEO plugin. -->","yoast_head_json":{"title":"CAPCIT - Fundacio Recerca","robots":{"index":"index","follow":"follow","max-snippet":"max-snippet:-1","max-image-preview":"max-image-preview:large","max-video-preview":"max-video-preview:-1"},"canonical":"https:\/\/fcri.cat\/ca\/cooperacio-publicoprivada\/capcit\/","og_locale":"ca_ES","og_type":"article","og_title":"CAPCIT - Fundacio Recerca","og_description":"Seguint la tend\u00e8ncia d\u2019assessorament cient\u00edfic i tecnol\u00f2gic als parlaments (PTA) d\u2019Estats Units i d\u2019Europa a les darreres dues d\u00e8cades, el Parlament de Catalunya va aprovar el 2008 la creaci\u00f3 del [&hellip;]","og_url":"https:\/\/fcri.cat\/ca\/cooperacio-publicoprivada\/capcit\/","og_site_name":"Fundacio Recerca","article_publisher":"https:\/\/www.facebook.com\/fundaciorecerca","article_modified_time":"2025-03-20T14:32:24+00:00","og_image":[{"width":2560,"height":1920,"url":"https:\/\/fcri.cat\/wp-content\/uploads\/2024\/07\/Facana_Parlament_de_Catalunya-scaled.jpg","type":"image\/jpeg"}],"twitter_card":"summary_large_image","twitter_site":"@fundaciorecerca","twitter_misc":{"Temps estimat de lectura":"2 minuts"},"schema":{"@context":"https:\/\/schema.org","@graph":[{"@type":"WebPage","@id":"https:\/\/fcri.cat\/ca\/cooperacio-publicoprivada\/capcit\/","url":"https:\/\/fcri.cat\/ca\/cooperacio-publicoprivada\/capcit\/","name":"CAPCIT - Fundacio Recerca","isPartOf":{"@id":"https:\/\/fcri.cat\/ca\/#website"},"primaryImageOfPage":{"@id":"https:\/\/fcri.cat\/ca\/cooperacio-publicoprivada\/capcit\/#primaryimage"},"image":{"@id":"https:\/\/fcri.cat\/ca\/cooperacio-publicoprivada\/capcit\/#primaryimage"},"thumbnailUrl":"https:\/\/fcri.cat\/wp-content\/uploads\/2024\/07\/Facana_Parlament_de_Catalunya-scaled.jpg?wsr","datePublished":"2020-11-27T07:34:09+00:00","dateModified":"2025-03-20T14:32:24+00:00","breadcrumb":{"@id":"https:\/\/fcri.cat\/ca\/cooperacio-publicoprivada\/capcit\/#breadcrumb"},"inLanguage":"ca","potentialAction":[{"@type":"ReadAction","target":["https:\/\/fcri.cat\/ca\/cooperacio-publicoprivada\/capcit\/"]}]},{"@type":"ImageObject","inLanguage":"ca","@id":"https:\/\/fcri.cat\/ca\/cooperacio-publicoprivada\/capcit\/#primaryimage","url":"https:\/\/fcri.cat\/wp-content\/uploads\/2024\/07\/Facana_Parlament_de_Catalunya-scaled.jpg?wsr","contentUrl":"https:\/\/fcri.cat\/wp-content\/uploads\/2024\/07\/Facana_Parlament_de_Catalunya-scaled.jpg?wsr","width":2560,"height":1920},{"@type":"BreadcrumbList","@id":"https:\/\/fcri.cat\/ca\/cooperacio-publicoprivada\/capcit\/#breadcrumb","itemListElement":[{"@type":"ListItem","position":1,"name":"Inici","item":"https:\/\/fcri.cat\/ca\/"},{"@type":"ListItem","position":2,"name":"Cooperaci\u00f3 publicoprivada","item":"https:\/\/fcri.cat\/ca\/cooperacio-publicoprivada\/"},{"@type":"ListItem","position":3,"name":"CAPCIT"}]},{"@type":"WebSite","@id":"https:\/\/fcri.cat\/ca\/#website","url":"https:\/\/fcri.cat\/ca\/","name":"Fundacio Recerca","description":"Fundaci\u00f3 Catalana per a la Recerca i la Innovaci\u00f3","potentialAction":[{"@type":"SearchAction","target":{"@type":"EntryPoint","urlTemplate":"https:\/\/fcri.cat\/ca\/?s={search_term_string}"},"query-input":"required name=search_term_string"}],"inLanguage":"ca"}]}},"_links":{"self":[{"href":"https:\/\/fcri.cat\/ca\/wp-json\/wp\/v2\/pages\/235"}],"collection":[{"href":"https:\/\/fcri.cat\/ca\/wp-json\/wp\/v2\/pages"}],"about":[{"href":"https:\/\/fcri.cat\/ca\/wp-json\/wp\/v2\/types\/page"}],"author":[{"embeddable":true,"href":"https:\/\/fcri.cat\/ca\/wp-json\/wp\/v2\/users\/6"}],"replies":[{"embeddable":true,"href":"https:\/\/fcri.cat\/ca\/wp-json\/wp\/v2\/comments?post=235"}],"version-history":[{"count":67,"href":"https:\/\/fcri.cat\/ca\/wp-json\/wp\/v2\/pages\/235\/revisions"}],"predecessor-version":[{"id":22948,"href":"https:\/\/fcri.cat\/ca\/wp-json\/wp\/v2\/pages\/235\/revisions\/22948"}],"up":[{"embeddable":true,"href":"https:\/\/fcri.cat\/ca\/wp-json\/wp\/v2\/pages\/265"}],"wp:featuredmedia":[{"embeddable":true,"href":"https:\/\/fcri.cat\/ca\/wp-json\/wp\/v2\/media\/20911"}],"wp:attachment":[{"href":"https:\/\/fcri.cat\/ca\/wp-json\/wp\/v2\/media?parent=235"}],"curies":[{"name":"wp","href":"https:\/\/api.w.org\/{rel}","templated":true}]}}