{"id":2545,"date":"2021-02-08T19:10:16","date_gmt":"2021-02-08T18:10:16","guid":{"rendered":"https:\/\/waa.fundaciorecerca.cat\/?page_id=2545"},"modified":"2024-09-06T08:38:30","modified_gmt":"2024-09-06T07:38:30","slug":"sala-de-premsa-2","status":"publish","type":"page","link":"https:\/\/fcri.cat\/ca\/sala-de-premsa-2\/","title":{"rendered":"Sala de premsa"},"content":{"rendered":"<p>[et_pb_section fb_built=&#8221;1&#8243; disabled_on=&#8221;on|on|on&#8221; admin_label=&#8221;Hero&#8221; _builder_version=&#8221;4.25.2&#8243; custom_padding=&#8221;|4px||||&#8221; da_disable_devices=&#8221;off|off|off&#8221; disabled=&#8221;on&#8221; global_colors_info=&#8221;{}&#8221; theme_builder_area=&#8221;post_content&#8221; da_is_popup=&#8221;off&#8221; da_exit_intent=&#8221;off&#8221; da_has_close=&#8221;on&#8221; da_alt_close=&#8221;off&#8221; da_dark_close=&#8221;off&#8221; da_not_modal=&#8221;on&#8221; da_is_singular=&#8221;off&#8221; da_with_loader=&#8221;off&#8221; da_has_shadow=&#8221;on&#8221;][et_pb_row _builder_version=&#8221;4.25.2&#8243; _module_preset=&#8221;default&#8221; width=&#8221;100%&#8221; locked=&#8221;off&#8221; global_colors_info=&#8221;{}&#8221; width__hover_enabled=&#8221;on|hover&#8221; width__hover=&#8221;80%&#8221; theme_builder_area=&#8221;post_content&#8221;][et_pb_column type=&#8221;4_4&#8243; _builder_version=&#8221;4.16&#8243; _module_preset=&#8221;default&#8221; custom_padding=&#8221;||||false|false&#8221; custom_padding_tablet=&#8221;|0px|40px||false|false&#8221; custom_padding_phone=&#8221;||40px||false|false&#8221; custom_padding_last_edited=&#8221;on|desktop&#8221; global_colors_info=&#8221;{}&#8221; theme_builder_area=&#8221;post_content&#8221;][et_pb_text disabled_on=&#8221;on|on|on&#8221; _builder_version=&#8221;4.25.2&#8243; _module_preset=&#8221;default&#8221; text_font=&#8221;|||on|||||&#8221; text_font_size=&#8221;17px&#8221; background_color=&#8221;#eeecd9&#8243; custom_margin=&#8221;||1px|||&#8221; custom_padding=&#8221;20px|20px|13px|20px|false|false&#8221; disabled=&#8221;on&#8221; global_module=&#8221;7311&#8243; saved_tabs=&#8221;all&#8221; global_colors_info=&#8221;{}&#8221; theme_builder_area=&#8221;post_content&#8221;]<\/p>\n<p>Destacat<\/p>\n<p>[\/et_pb_text][et_pb_blog posts_number=&#8221;1&#8243; include_categories=&#8221;119&#8243; meta_date=&#8221;d F Y&#8221; excerpt_length=&#8221;260&#8243; show_author=&#8221;off&#8221; show_categories=&#8221;off&#8221; show_pagination=&#8221;off&#8221; disabled_on=&#8221;on|on|on&#8221; module_class=&#8221;frnews-list destacat&#8221; _builder_version=&#8221;4.25.2&#8243; _module_preset=&#8221;default&#8221; header_level=&#8221;h3&#8243; header_font=&#8221;|700|||||||&#8221; header_font_size=&#8221;25px&#8221; header_line_height=&#8221;1.2em&#8221; body_text_color=&#8221;#000000&#8243; body_line_height=&#8221;1.8em&#8221; meta_text_color=&#8221;#000000&#8243; meta_font_size=&#8221;16px&#8221; pagination_font=&#8221;|600|||||||&#8221; pagination_text_color=&#8221;#000000&#8243; pagination_font_size=&#8221;18px&#8221; background_color=&#8221;#eeecd9&#8243; custom_margin=&#8221;-5px||40px||false|false&#8221; custom_padding=&#8221;3px|20px|15px|20px|false|false&#8221; disabled=&#8221;on&#8221; global_module=&#8221;7312&#8243; saved_tabs=&#8221;all&#8221; global_colors_info=&#8221;{}&#8221; theme_builder_area=&#8221;post_content&#8221;][\/et_pb_blog][et_pb_blog fullwidth=&#8221;off&#8221; posts_number=&#8221;6&#8243; include_categories=&#8221;27&#8243; meta_date=&#8221;d F Y&#8221; excerpt_length=&#8221;260&#8243; show_author=&#8221;off&#8221; module_class=&#8221;frnews-list&#8221; _builder_version=&#8221;4.25.2&#8243; _module_preset=&#8221;default&#8221; header_level=&#8221;h3&#8243; header_font=&#8221;|300|||||||&#8221; header_font_size=&#8221;1.5rem&#8221; header_line_height=&#8221;1.2em&#8221; body_text_color=&#8221;#000000&#8243; body_line_height=&#8221;1.8em&#8221; meta_text_color=&#8221;#000000&#8243; meta_font_size=&#8221;16px&#8221; pagination_font=&#8221;|600|||||||&#8221; pagination_text_color=&#8221;#000000&#8243; pagination_font_size=&#8221;18px&#8221; custom_margin=&#8221;||||false|false&#8221; custom_padding=&#8221;||||false|false&#8221; border_width_bottom_fullwidth=&#8221;1px&#8221; global_colors_info=&#8221;{}&#8221; theme_builder_area=&#8221;post_content&#8221;][\/et_pb_blog][et_pb_text disabled_on=&#8221;on|on|on&#8221; _builder_version=&#8221;4.16&#8243; _module_preset=&#8221;default&#8221; custom_margin=&#8221;||||false|false&#8221; custom_padding=&#8221;||30px||false|false&#8221; border_width_bottom=&#8221;1px&#8221; disabled=&#8221;on&#8221; locked=&#8221;off&#8221; global_colors_info=&#8221;{}&#8221; theme_builder_area=&#8221;post_content&#8221;]<\/p>\n<h2>Comunicaci\u00f3<\/h2>\n<p><a href=\"\/sala-de-premsa\/entrevistes\" title=\"Entrevistes\">Entrevistes<\/a><br \/><a href=\"\/sala-de-premsa\/noticies\" title=\"Not\u00edcies\">Not\u00edcies<\/a><\/p>\n<p>[\/et_pb_text][et_pb_text disabled_on=&#8221;on|on|on&#8221; _builder_version=&#8221;4.19.1&#8243; _module_preset=&#8221;default&#8221; text_line_height=&#8221;0.5em&#8221; custom_margin=&#8221;||||false|false&#8221; custom_padding=&#8221;||30px||false|false&#8221; border_width_bottom=&#8221;1px&#8221; disabled=&#8221;on&#8221; locked=&#8221;off&#8221; global_colors_info=&#8221;{}&#8221; theme_builder_area=&#8221;post_content&#8221;]<\/p>\n<h2>Identitat gr\u00e0fica<\/h2>\n<p><img decoding=\"async\" src=\"https:\/\/fcri.cat\/wp-content\/uploads\/2021\/05\/FCRI-mockup.jpg\" \/><a class=\"custom-link\" href=\"\/identitat-grafica\/\" title=\"Imatge de marca\">\u00a0Imatge de marca<\/a><\/p>\n<p>[\/et_pb_text][et_pb_text _builder_version=&#8221;4.16&#8243; _module_preset=&#8221;default&#8221; global_colors_info=&#8221;{}&#8221; theme_builder_area=&#8221;post_content&#8221;]<\/p>\n<h2>Contacte Premsa<\/h2>\n<p>Miquel \u00c0ngel Guadalupe<br \/><a class=\"underline\" href=\"mailto:mguadalupe@fcri.cat\" rel=\"alternate\">mguadalupe@fcri.cat<\/a><\/p>\n<p>[\/et_pb_text][\/et_pb_column][\/et_pb_row][\/et_pb_section][et_pb_section fb_built=&#8221;1&#8243; _builder_version=&#8221;4.25.2&#8243; _module_preset=&#8221;default&#8221; da_disable_devices=&#8221;off|off|off&#8221; global_colors_info=&#8221;{}&#8221; theme_builder_area=&#8221;post_content&#8221; da_is_popup=&#8221;off&#8221; da_exit_intent=&#8221;off&#8221; da_has_close=&#8221;on&#8221; da_alt_close=&#8221;off&#8221; da_dark_close=&#8221;off&#8221; da_not_modal=&#8221;on&#8221; da_is_singular=&#8221;off&#8221; da_with_loader=&#8221;off&#8221; da_has_shadow=&#8221;on&#8221;][et_pb_row _builder_version=&#8221;4.25.2&#8243; _module_preset=&#8221;default&#8221; width=&#8221;100%&#8221; global_colors_info=&#8221;{}&#8221; theme_builder_area=&#8221;post_content&#8221;][et_pb_column type=&#8221;4_4&#8243; _builder_version=&#8221;4.25.2&#8243; _module_preset=&#8221;default&#8221; global_colors_info=&#8221;{}&#8221; theme_builder_area=&#8221;post_content&#8221;][et_pb_text _builder_version=&#8221;4.16&#8243; text_font=&#8221;||||||||&#8221; header_font=&#8221;||||||||&#8221; header_2_font=&#8221;||||||||&#8221; header_2_font_size=&#8221;45px&#8221; header_3_font=&#8221;||||||||&#8221; header_4_font=&#8221;||||||||&#8221; header_5_font=&#8221;||||||||&#8221; header_6_font=&#8221;Lato|700||on|||||&#8221; header_6_text_color=&#8221;#ff6e77&#8243; header_6_line_height=&#8221;1.8em&#8221; custom_margin=&#8221;||||true&#8221; custom_padding=&#8221;|||&#8221; custom_padding_phone=&#8221;|||&#8221; custom_padding_last_edited=&#8221;off|desktop&#8221; header_font_size_tablet=&#8221;&#8221; header_font_size_phone=&#8221;42px&#8221; header_font_size_last_edited=&#8221;on|desktop&#8221; global_colors_info=&#8221;{}&#8221; theme_builder_area=&#8221;post_content&#8221;]<\/p>\n<h1>Not\u00edcies<\/h1>\n<p>[\/et_pb_text][et_pb_blog fullwidth=&#8221;off&#8221; posts_number=&#8221;6&#8243; include_categories=&#8221;27&#8243; masonry_tile_background_color=&#8221;#f9f9f9&#8243; module_class=&#8221;mj_cuadrado&#8221; _builder_version=&#8221;4.25.2&#8243; _module_preset=&#8221;default&#8221; header_font=&#8221;Anek Latin||||||||&#8221; header_font_size=&#8221;1.5rem&#8221; background_enable_color=&#8221;off&#8221; hover_enabled=&#8221;0&#8243; border_radii=&#8221;on|10px|10px|10px|10px&#8221; border_width_all=&#8221;0px&#8221; global_colors_info=&#8221;{}&#8221; theme_builder_area=&#8221;post_content&#8221; sticky_enabled=&#8221;0&#8243; show_author=&#8221;off&#8221; show_date=&#8221;off&#8221; show_categories=&#8221;off&#8221;][\/et_pb_blog][\/et_pb_column][\/et_pb_row][\/et_pb_section]<\/p>\n","protected":false},"excerpt":{"rendered":"<p>Destacat Comunicaci\u00f3 EntrevistesNot\u00edciesIdentitat gr\u00e0fica \u00a0Imatge de marcaContacte Premsa Miquel \u00c0ngel Guadalupemguadalupe@fcri.catNot\u00edcies<\/p>\n","protected":false},"author":6,"featured_media":19134,"parent":0,"menu_order":0,"comment_status":"closed","ping_status":"closed","template":"","meta":{"_et_pb_use_builder":"on","_et_pb_old_content":"","_et_gb_content_width":"","footnotes":""},"class_list":["post-2545","page","type-page","status-publish","has-post-thumbnail","hentry"],"yoast_head":"<!-- This site is optimized with the Yoast SEO plugin v22.9 - https:\/\/yoast.com\/wordpress\/plugins\/seo\/ -->\n<title>Sala de premsa - Fundacio Recerca<\/title>\n<meta name=\"robots\" content=\"index, follow, max-snippet:-1, max-image-preview:large, max-video-preview:-1\" \/>\n<link rel=\"canonical\" href=\"https:\/\/fcri.cat\/ca\/sala-de-premsa-2\/\" \/>\n<meta property=\"og:locale\" content=\"ca_ES\" \/>\n<meta property=\"og:type\" content=\"article\" \/>\n<meta property=\"og:title\" content=\"Sala de premsa - Fundacio Recerca\" \/>\n<meta property=\"og:description\" content=\"Destacat Comunicaci\u00f3 EntrevistesNot\u00edciesIdentitat gr\u00e0fica \u00a0Imatge de marcaContacte Premsa Miquel \u00c0ngel Guadalupemguadalupe@fcri.catNot\u00edcies\" \/>\n<meta property=\"og:url\" content=\"https:\/\/fcri.cat\/ca\/sala-de-premsa-2\/\" \/>\n<meta property=\"og:site_name\" content=\"Fundacio Recerca\" \/>\n<meta property=\"article:publisher\" content=\"https:\/\/www.facebook.com\/fundaciorecerca\" \/>\n<meta property=\"article:modified_time\" content=\"2024-09-06T07:38:30+00:00\" \/>\n<meta property=\"og:image\" content=\"https:\/\/fcri.cat\/wp-content\/uploads\/2024\/06\/103850.jpg\" \/>\n\t<meta property=\"og:image:width\" content=\"2000\" \/>\n\t<meta property=\"og:image:height\" content=\"1333\" \/>\n\t<meta property=\"og:image:type\" content=\"image\/jpeg\" \/>\n<meta name=\"twitter:card\" content=\"summary_large_image\" \/>\n<meta name=\"twitter:site\" content=\"@fundaciorecerca\" \/>\n<meta name=\"twitter:label1\" content=\"Temps estimat de lectura\" \/>\n\t<meta name=\"twitter:data1\" content=\"4 minuts\" \/>\n<script type=\"application\/ld+json\" class=\"yoast-schema-graph\">{\"@context\":\"https:\/\/schema.org\",\"@graph\":[{\"@type\":\"WebPage\",\"@id\":\"https:\/\/fcri.cat\/ca\/sala-de-premsa-2\/\",\"url\":\"https:\/\/fcri.cat\/ca\/sala-de-premsa-2\/\",\"name\":\"Sala de premsa - Fundacio Recerca\",\"isPartOf\":{\"@id\":\"https:\/\/fcri.cat\/ca\/#website\"},\"primaryImageOfPage\":{\"@id\":\"https:\/\/fcri.cat\/ca\/sala-de-premsa-2\/#primaryimage\"},\"image\":{\"@id\":\"https:\/\/fcri.cat\/ca\/sala-de-premsa-2\/#primaryimage\"},\"thumbnailUrl\":\"https:\/\/fcri.cat\/wp-content\/uploads\/2024\/06\/103850.jpg?wsr\",\"datePublished\":\"2021-02-08T18:10:16+00:00\",\"dateModified\":\"2024-09-06T07:38:30+00:00\",\"breadcrumb\":{\"@id\":\"https:\/\/fcri.cat\/ca\/sala-de-premsa-2\/#breadcrumb\"},\"inLanguage\":\"ca\",\"potentialAction\":[{\"@type\":\"ReadAction\",\"target\":[\"https:\/\/fcri.cat\/ca\/sala-de-premsa-2\/\"]}]},{\"@type\":\"ImageObject\",\"inLanguage\":\"ca\",\"@id\":\"https:\/\/fcri.cat\/ca\/sala-de-premsa-2\/#primaryimage\",\"url\":\"https:\/\/fcri.cat\/wp-content\/uploads\/2024\/06\/103850.jpg?wsr\",\"contentUrl\":\"https:\/\/fcri.cat\/wp-content\/uploads\/2024\/06\/103850.jpg?wsr\",\"width\":2000,\"height\":1333},{\"@type\":\"BreadcrumbList\",\"@id\":\"https:\/\/fcri.cat\/ca\/sala-de-premsa-2\/#breadcrumb\",\"itemListElement\":[{\"@type\":\"ListItem\",\"position\":1,\"name\":\"Inici\",\"item\":\"https:\/\/fcri.cat\/ca\/\"},{\"@type\":\"ListItem\",\"position\":2,\"name\":\"Sala de premsa\"}]},{\"@type\":\"WebSite\",\"@id\":\"https:\/\/fcri.cat\/ca\/#website\",\"url\":\"https:\/\/fcri.cat\/ca\/\",\"name\":\"Fundacio Recerca\",\"description\":\"Fundaci\u00f3 Catalana per a la Recerca i la Innovaci\u00f3\",\"potentialAction\":[{\"@type\":\"SearchAction\",\"target\":{\"@type\":\"EntryPoint\",\"urlTemplate\":\"https:\/\/fcri.cat\/ca\/?s={search_term_string}\"},\"query-input\":\"required name=search_term_string\"}],\"inLanguage\":\"ca\"}]}<\/script>\n<!-- \/ Yoast SEO plugin. -->","yoast_head_json":{"title":"Sala de premsa - Fundacio Recerca","robots":{"index":"index","follow":"follow","max-snippet":"max-snippet:-1","max-image-preview":"max-image-preview:large","max-video-preview":"max-video-preview:-1"},"canonical":"https:\/\/fcri.cat\/ca\/sala-de-premsa-2\/","og_locale":"ca_ES","og_type":"article","og_title":"Sala de premsa - Fundacio Recerca","og_description":"Destacat Comunicaci\u00f3 EntrevistesNot\u00edciesIdentitat gr\u00e0fica \u00a0Imatge de marcaContacte Premsa Miquel \u00c0ngel Guadalupemguadalupe@fcri.catNot\u00edcies","og_url":"https:\/\/fcri.cat\/ca\/sala-de-premsa-2\/","og_site_name":"Fundacio Recerca","article_publisher":"https:\/\/www.facebook.com\/fundaciorecerca","article_modified_time":"2024-09-06T07:38:30+00:00","og_image":[{"width":2000,"height":1333,"url":"https:\/\/fcri.cat\/wp-content\/uploads\/2024\/06\/103850.jpg","type":"image\/jpeg"}],"twitter_card":"summary_large_image","twitter_site":"@fundaciorecerca","twitter_misc":{"Temps estimat de lectura":"4 minuts"},"schema":{"@context":"https:\/\/schema.org","@graph":[{"@type":"WebPage","@id":"https:\/\/fcri.cat\/ca\/sala-de-premsa-2\/","url":"https:\/\/fcri.cat\/ca\/sala-de-premsa-2\/","name":"Sala de premsa - Fundacio Recerca","isPartOf":{"@id":"https:\/\/fcri.cat\/ca\/#website"},"primaryImageOfPage":{"@id":"https:\/\/fcri.cat\/ca\/sala-de-premsa-2\/#primaryimage"},"image":{"@id":"https:\/\/fcri.cat\/ca\/sala-de-premsa-2\/#primaryimage"},"thumbnailUrl":"https:\/\/fcri.cat\/wp-content\/uploads\/2024\/06\/103850.jpg?wsr","datePublished":"2021-02-08T18:10:16+00:00","dateModified":"2024-09-06T07:38:30+00:00","breadcrumb":{"@id":"https:\/\/fcri.cat\/ca\/sala-de-premsa-2\/#breadcrumb"},"inLanguage":"ca","potentialAction":[{"@type":"ReadAction","target":["https:\/\/fcri.cat\/ca\/sala-de-premsa-2\/"]}]},{"@type":"ImageObject","inLanguage":"ca","@id":"https:\/\/fcri.cat\/ca\/sala-de-premsa-2\/#primaryimage","url":"https:\/\/fcri.cat\/wp-content\/uploads\/2024\/06\/103850.jpg?wsr","contentUrl":"https:\/\/fcri.cat\/wp-content\/uploads\/2024\/06\/103850.jpg?wsr","width":2000,"height":1333},{"@type":"BreadcrumbList","@id":"https:\/\/fcri.cat\/ca\/sala-de-premsa-2\/#breadcrumb","itemListElement":[{"@type":"ListItem","position":1,"name":"Inici","item":"https:\/\/fcri.cat\/ca\/"},{"@type":"ListItem","position":2,"name":"Sala de premsa"}]},{"@type":"WebSite","@id":"https:\/\/fcri.cat\/ca\/#website","url":"https:\/\/fcri.cat\/ca\/","name":"Fundacio Recerca","description":"Fundaci\u00f3 Catalana per a la Recerca i la Innovaci\u00f3","potentialAction":[{"@type":"SearchAction","target":{"@type":"EntryPoint","urlTemplate":"https:\/\/fcri.cat\/ca\/?s={search_term_string}"},"query-input":"required name=search_term_string"}],"inLanguage":"ca"}]}},"_links":{"self":[{"href":"https:\/\/fcri.cat\/ca\/wp-json\/wp\/v2\/pages\/2545"}],"collection":[{"href":"https:\/\/fcri.cat\/ca\/wp-json\/wp\/v2\/pages"}],"about":[{"href":"https:\/\/fcri.cat\/ca\/wp-json\/wp\/v2\/types\/page"}],"author":[{"embeddable":true,"href":"https:\/\/fcri.cat\/ca\/wp-json\/wp\/v2\/users\/6"}],"replies":[{"embeddable":true,"href":"https:\/\/fcri.cat\/ca\/wp-json\/wp\/v2\/comments?post=2545"}],"version-history":[{"count":55,"href":"https:\/\/fcri.cat\/ca\/wp-json\/wp\/v2\/pages\/2545\/revisions"}],"predecessor-version":[{"id":21210,"href":"https:\/\/fcri.cat\/ca\/wp-json\/wp\/v2\/pages\/2545\/revisions\/21210"}],"wp:featuredmedia":[{"embeddable":true,"href":"https:\/\/fcri.cat\/ca\/wp-json\/wp\/v2\/media\/19134"}],"wp:attachment":[{"href":"https:\/\/fcri.cat\/ca\/wp-json\/wp\/v2\/media?parent=2545"}],"curies":[{"name":"wp","href":"https:\/\/api.w.org\/{rel}","templated":true}]}}