{"id":378,"date":"2021-01-21T18:54:00","date_gmt":"2021-01-21T18:54:00","guid":{"rendered":"http:\/\/waa.fundaciorecerca.cat\/?page_id=378"},"modified":"2024-09-30T08:01:14","modified_gmt":"2024-09-30T07:01:14","slug":"recerca-en-accio","status":"publish","type":"page","link":"https:\/\/fcri.cat\/ca\/societat-educacio\/recerca-en-accio\/","title":{"rendered":"Dia de la Ci\u00e8ncia a les Escoles"},"content":{"rendered":"<p>[et_pb_section fb_built=&#8221;1&#8243; admin_label=&#8221;Hero&#8221; _builder_version=&#8221;4.16&#8243; custom_margin=&#8221;||100px||false|false&#8221; custom_padding=&#8221;2px|||||&#8221; da_disable_devices=&#8221;off|off|off&#8221; locked=&#8221;off&#8221; global_colors_info=&#8221;{}&#8221; theme_builder_area=&#8221;post_content&#8221; da_is_popup=&#8221;off&#8221; da_exit_intent=&#8221;off&#8221; da_has_close=&#8221;on&#8221; da_alt_close=&#8221;off&#8221; da_dark_close=&#8221;off&#8221; da_not_modal=&#8221;on&#8221; da_is_singular=&#8221;off&#8221; da_with_loader=&#8221;off&#8221; da_has_shadow=&#8221;on&#8221;][et_pb_row module_class=&#8221;mj-section-logo-projec&#8221; _builder_version=&#8221;4.25.2&#8243; _module_preset=&#8221;default&#8221; background_color=&#8221;RGBA(255,255,255,0)&#8221; width=&#8221;100%&#8221; width_tablet=&#8221;&#8221; width_phone=&#8221;&#8221; width_last_edited=&#8221;on|phone&#8221; min_height=&#8221;174px&#8221; custom_margin=&#8221;|auto|-3px|auto||&#8221; custom_padding=&#8221;||0px||false|false&#8221; global_colors_info=&#8221;{}&#8221; theme_builder_area=&#8221;post_content&#8221;][et_pb_column type=&#8221;4_4&#8243; _builder_version=&#8221;4.24.1&#8243; _module_preset=&#8221;default&#8221; background_color=&#8221;RGBA(255,255,255,0)&#8221; global_colors_info=&#8221;{}&#8221; theme_builder_area=&#8221;post_content&#8221;][et_pb_image src=&#8221;https:\/\/fcri.cat\/wp-content\/uploads\/2024\/06\/L-DiaCEscoles-co-1.png&#8221; title_text=&#8221;L-DiaCEscoles-co-1&#8243; align=&#8221;right&#8221; _builder_version=&#8221;4.25.2&#8243; _module_preset=&#8221;default&#8221; background_color=&#8221;#FFFFFF&#8221; width=&#8221;250px&#8221; width_tablet=&#8221;200px&#8221; width_phone=&#8221;150px&#8221; width_last_edited=&#8221;on|desktop&#8221; module_alignment=&#8221;right&#8221; height=&#8221;250px&#8221; height_tablet=&#8221;200px&#8221; height_phone=&#8221;150px&#8221; height_last_edited=&#8221;on|tablet&#8221; custom_margin=&#8221;||||false|false&#8221; custom_margin_tablet=&#8221;20px||||false|false&#8221; custom_margin_phone=&#8221;60px||||false|false&#8221; custom_margin_last_edited=&#8221;on|desktop&#8221; custom_padding=&#8221;|||3px||&#8221; background_last_edited=&#8221;on|phone&#8221; box_shadow_style=&#8221;preset1&#8243; global_colors_info=&#8221;{}&#8221; theme_builder_area=&#8221;post_content&#8221;][\/et_pb_image][\/et_pb_column][\/et_pb_row][et_pb_row _builder_version=&#8221;4.25.2&#8243; _module_preset=&#8221;default&#8221; width=&#8221;100%&#8221; locked=&#8221;off&#8221; global_colors_info=&#8221;{}&#8221; width__hover_enabled=&#8221;on|hover&#8221; width__hover=&#8221;100%&#8221; theme_builder_area=&#8221;post_content&#8221;][et_pb_column type=&#8221;4_4&#8243; _builder_version=&#8221;4.16&#8243; _module_preset=&#8221;default&#8221; custom_padding=&#8221;|50px|||false|false&#8221; custom_padding_tablet=&#8221;|0px|40px||false|false&#8221; custom_padding_phone=&#8221;||40px||false|false&#8221; custom_padding_last_edited=&#8221;on|desktop&#8221; global_colors_info=&#8221;{}&#8221; theme_builder_area=&#8221;post_content&#8221;][et_pb_text _builder_version=&#8221;4.25.2&#8243; _module_preset=&#8221;default&#8221; hover_enabled=&#8221;0&#8243; global_colors_info=&#8221;{}&#8221; theme_builder_area=&#8221;post_content&#8221; sticky_enabled=&#8221;0&#8243;]<\/p>\n<p>Dins del marc de la Setmana de la Ci\u00e8ncia, se celebra anualment el Dia de la Ci\u00e8ncia a les Escoles, activitat impulsada per l&#8217;FCRI i el Departament d\u2019Educaci\u00f3 de la Generalitat de Catalunya.<\/p>\n<p><span>Aquesta activitat t\u00e9 com a finalitat fomentar les vocacions cient\u00edfiques i tecnol\u00f2giques entre els estudiants de 3r i 4t d\u2019ESO del nostre pa\u00eds<\/span><span>\u00a0mitjan\u00e7ant reptes cient\u00edfics i tecnol\u00f2gics que formulen investigadors i investigadors de centres de recerca i universitats de Catalunya.<\/span><\/p>\n<p><span>M\u00e9s informaci\u00f3 sobre el <strong>Dia de la Ci\u00e8ncia a les Escoles 2024<\/strong> <a href=\"https:\/\/setmanaciencia.fundaciorecerca.cat\/frontend\/diacienciaescoles.asp\" title=\"Dia de la Ci\u00e8ncia a les Escoles\">aqu\u00ed<\/a><\/span>.<\/p>\n<p><span><\/span><\/p>\n<p>[\/et_pb_text][et_pb_video src=&#8221;https:\/\/www.youtube.com\/watch?v=b-xal09elag&#8221; _builder_version=&#8221;4.19.1&#8243; _module_preset=&#8221;default&#8221; global_colors_info=&#8221;{}&#8221; theme_builder_area=&#8221;post_content&#8221;][\/et_pb_video][et_pb_text disabled_on=&#8221;on|on|on&#8221; _builder_version=&#8221;4.25.2&#8243; _module_preset=&#8221;default&#8221; text_font=&#8221;||||||||&#8221; text_text_color=&#8221;#e09900&#8243; text_font_size=&#8221;18px&#8221; text_line_height=&#8221;1.8em&#8221; module_alignment=&#8221;right&#8221; custom_margin=&#8221;||||false|false&#8221; custom_padding=&#8221;||||false|false&#8221; border_color_left=&#8221;#AFA44C&#8221; disabled=&#8221;on&#8221; global_colors_info=&#8221;{}&#8221; theme_builder_area=&#8221;post_content&#8221;]<\/p>\n<p><span style=\"color: #000000;\">Imatge gr\u00e0fica<\/span><\/p>\n<p><span style=\"color: #000000;\"><a download=\"\" href=\"\/wp-content\/uploads\/2022\/03\/Dia-Ciencia-Escoles.eps\" class=\"underline\" title=\"Descarregar arxiu en format EPS\">Descarregar EPS<\/a><br \/><a download=\"\" href=\"\/wp-content\/uploads\/2022\/03\/dia-ciencia-escoles.png\" class=\"underline\" title=\"Descarregar arxiu en format PNG\">Descarregar PNG<\/a><br \/><a download=\"\" href=\"\/wp-content\/uploads\/2022\/03\/Dia-Ciencia-Escoles.jpg\" class=\"underline\" title=\"Descarregar arxiu en format JPG\">Descarregar JPG<\/a><\/span><\/p>\n<p>[\/et_pb_text][et_pb_text _builder_version=&#8221;4.16&#8243; _module_preset=&#8221;default&#8221; custom_margin=&#8221;60px||||false|false&#8221; global_colors_info=&#8221;{}&#8221; theme_builder_area=&#8221;post_content&#8221;]<\/p>\n<h2>Contacte<\/h2>\n<p>Enric Garrell<br \/>\n<a class=\"underline\" href=\"mailto:egarrell@fcri.cat\" rel=\"alternate\">egarrell@fcri.cat<\/a><\/p>\n<p>Marc Portella<br \/>\n<a class=\"underline\" href=\"mailto:mportella@fcri.cat\" rel=\"alternate\">mportella@fcri.cat<\/a>[\/et_pb_text][et_pb_text _builder_version=&#8221;4.16&#8243; _module_preset=&#8221;default&#8221; header_3_font_size=&#8221;23px&#8221; custom_margin=&#8221;60px||||false|false&#8221; global_colors_info=&#8221;{}&#8221; theme_builder_area=&#8221;post_content&#8221;]<\/p>\n<h3>Hi col\u00b7labora<\/h3>\n<p>Apostem per la ci\u00e8ncia com a model de futur. I tu?<\/p>\n<p>Col\u00b7labora amb els nostres projectes!<\/p>\n<p>[\/et_pb_text][et_pb_button button_url=&#8221;\/la-fundacio\/collabora&#8221; button_text=&#8221;Vols saber com?&#8221; _builder_version=&#8221;4.16&#8243; _module_preset=&#8221;default&#8221; custom_button=&#8221;on&#8221; button_text_color=&#8221;#000000&#8243; custom_margin=&#8221;23px||49px|||&#8221; custom_padding=&#8221;6px|||16px||&#8221; global_colors_info=&#8221;{}&#8221; theme_builder_area=&#8221;post_content&#8221;][\/et_pb_button][\/et_pb_column][\/et_pb_row][\/et_pb_section]<\/p>\n","protected":false},"excerpt":{"rendered":"<p>Dins del marc de la Setmana de la Ci\u00e8ncia, se celebra anualment el Dia de la Ci\u00e8ncia a les Escoles, activitat impulsada per l\u2019FCRI i el Departament d\u2019Educaci\u00f3 de la Generalitat de Catalunya.<\/p>\n<p>Aquesta activitat t\u00e9 com a finalitat fomentar les vocacions cient\u00edfiques i tecnol\u00f2giques entre els estudiants de 3r i 4t d\u2019ESO del nostre pa\u00eds i pret\u00e9n apropar els cient\u00edfiques i les cient\u00edfiques als instituts.<\/p>\n","protected":false},"author":6,"featured_media":20714,"parent":317,"menu_order":0,"comment_status":"closed","ping_status":"closed","template":"","meta":{"_et_pb_use_builder":"on","_et_pb_old_content":"","_et_gb_content_width":"","footnotes":""},"class_list":["post-378","page","type-page","status-publish","has-post-thumbnail","hentry"],"yoast_head":"<!-- This site is optimized with the Yoast SEO plugin v22.9 - https:\/\/yoast.com\/wordpress\/plugins\/seo\/ -->\n<title>Dia de la Ci\u00e8ncia a les Escoles - Fundacio Recerca<\/title>\n<meta name=\"robots\" content=\"index, follow, max-snippet:-1, max-image-preview:large, max-video-preview:-1\" \/>\n<link rel=\"canonical\" href=\"https:\/\/fcri.cat\/ca\/societat-educacio\/recerca-en-accio\/\" \/>\n<meta property=\"og:locale\" content=\"ca_ES\" \/>\n<meta property=\"og:type\" content=\"article\" \/>\n<meta property=\"og:title\" content=\"Dia de la Ci\u00e8ncia a les Escoles - Fundacio Recerca\" \/>\n<meta property=\"og:description\" content=\"Dins del marc de la Setmana de la Ci\u00e8ncia, se celebra anualment el Dia de la Ci\u00e8ncia a les Escoles, activitat impulsada per l\u2019FCRI i el Departament d\u2019Educaci\u00f3 de la Generalitat de Catalunya. Aquesta activitat t\u00e9 com a finalitat fomentar les vocacions cient\u00edfiques i tecnol\u00f2giques entre els estudiants de 3r i 4t d\u2019ESO del nostre pa\u00eds i pret\u00e9n apropar els cient\u00edfiques i les cient\u00edfiques als instituts.\" \/>\n<meta property=\"og:url\" content=\"https:\/\/fcri.cat\/ca\/societat-educacio\/recerca-en-accio\/\" \/>\n<meta property=\"og:site_name\" content=\"Fundacio Recerca\" \/>\n<meta property=\"article:publisher\" content=\"https:\/\/www.facebook.com\/fundaciorecerca\" \/>\n<meta property=\"article:modified_time\" content=\"2024-09-30T07:01:14+00:00\" \/>\n<meta property=\"og:image\" content=\"https:\/\/fcri.cat\/wp-content\/uploads\/2024\/07\/Captura-de-Pantalla-2022-11-15-a-las-15.25.05-copia-2.jpg\" \/>\n\t<meta property=\"og:image:width\" content=\"1888\" \/>\n\t<meta property=\"og:image:height\" content=\"1129\" \/>\n\t<meta property=\"og:image:type\" content=\"image\/jpeg\" \/>\n<meta name=\"twitter:card\" content=\"summary_large_image\" \/>\n<meta name=\"twitter:site\" content=\"@fundaciorecerca\" \/>\n<meta name=\"twitter:label1\" content=\"Temps estimat de lectura\" \/>\n\t<meta name=\"twitter:data1\" content=\"2 minuts\" \/>\n<script type=\"application\/ld+json\" class=\"yoast-schema-graph\">{\"@context\":\"https:\/\/schema.org\",\"@graph\":[{\"@type\":\"WebPage\",\"@id\":\"https:\/\/fcri.cat\/ca\/societat-educacio\/recerca-en-accio\/\",\"url\":\"https:\/\/fcri.cat\/ca\/societat-educacio\/recerca-en-accio\/\",\"name\":\"Dia de la Ci\u00e8ncia a les Escoles - Fundacio Recerca\",\"isPartOf\":{\"@id\":\"https:\/\/fcri.cat\/ca\/#website\"},\"primaryImageOfPage\":{\"@id\":\"https:\/\/fcri.cat\/ca\/societat-educacio\/recerca-en-accio\/#primaryimage\"},\"image\":{\"@id\":\"https:\/\/fcri.cat\/ca\/societat-educacio\/recerca-en-accio\/#primaryimage\"},\"thumbnailUrl\":\"https:\/\/fcri.cat\/wp-content\/uploads\/2024\/07\/Captura-de-Pantalla-2022-11-15-a-las-15.25.05-copia-2.jpg?wsr\",\"datePublished\":\"2021-01-21T18:54:00+00:00\",\"dateModified\":\"2024-09-30T07:01:14+00:00\",\"breadcrumb\":{\"@id\":\"https:\/\/fcri.cat\/ca\/societat-educacio\/recerca-en-accio\/#breadcrumb\"},\"inLanguage\":\"ca\",\"potentialAction\":[{\"@type\":\"ReadAction\",\"target\":[\"https:\/\/fcri.cat\/ca\/societat-educacio\/recerca-en-accio\/\"]}]},{\"@type\":\"ImageObject\",\"inLanguage\":\"ca\",\"@id\":\"https:\/\/fcri.cat\/ca\/societat-educacio\/recerca-en-accio\/#primaryimage\",\"url\":\"https:\/\/fcri.cat\/wp-content\/uploads\/2024\/07\/Captura-de-Pantalla-2022-11-15-a-las-15.25.05-copia-2.jpg?wsr\",\"contentUrl\":\"https:\/\/fcri.cat\/wp-content\/uploads\/2024\/07\/Captura-de-Pantalla-2022-11-15-a-las-15.25.05-copia-2.jpg?wsr\",\"width\":1888,\"height\":1129,\"caption\":\"Screenshot\"},{\"@type\":\"BreadcrumbList\",\"@id\":\"https:\/\/fcri.cat\/ca\/societat-educacio\/recerca-en-accio\/#breadcrumb\",\"itemListElement\":[{\"@type\":\"ListItem\",\"position\":1,\"name\":\"Inici\",\"item\":\"https:\/\/fcri.cat\/ca\/\"},{\"@type\":\"ListItem\",\"position\":2,\"name\":\"Societat i educaci\u00f3\",\"item\":\"https:\/\/fcri.cat\/ca\/societat-educacio\/\"},{\"@type\":\"ListItem\",\"position\":3,\"name\":\"Dia de la Ci\u00e8ncia a les Escoles\"}]},{\"@type\":\"WebSite\",\"@id\":\"https:\/\/fcri.cat\/ca\/#website\",\"url\":\"https:\/\/fcri.cat\/ca\/\",\"name\":\"Fundacio Recerca\",\"description\":\"Fundaci\u00f3 Catalana per a la Recerca i la Innovaci\u00f3\",\"potentialAction\":[{\"@type\":\"SearchAction\",\"target\":{\"@type\":\"EntryPoint\",\"urlTemplate\":\"https:\/\/fcri.cat\/ca\/?s={search_term_string}\"},\"query-input\":\"required name=search_term_string\"}],\"inLanguage\":\"ca\"}]}<\/script>\n<!-- \/ Yoast SEO plugin. -->","yoast_head_json":{"title":"Dia de la Ci\u00e8ncia a les Escoles - Fundacio Recerca","robots":{"index":"index","follow":"follow","max-snippet":"max-snippet:-1","max-image-preview":"max-image-preview:large","max-video-preview":"max-video-preview:-1"},"canonical":"https:\/\/fcri.cat\/ca\/societat-educacio\/recerca-en-accio\/","og_locale":"ca_ES","og_type":"article","og_title":"Dia de la Ci\u00e8ncia a les Escoles - Fundacio Recerca","og_description":"Dins del marc de la Setmana de la Ci\u00e8ncia, se celebra anualment el Dia de la Ci\u00e8ncia a les Escoles, activitat impulsada per l\u2019FCRI i el Departament d\u2019Educaci\u00f3 de la Generalitat de Catalunya. Aquesta activitat t\u00e9 com a finalitat fomentar les vocacions cient\u00edfiques i tecnol\u00f2giques entre els estudiants de 3r i 4t d\u2019ESO del nostre pa\u00eds i pret\u00e9n apropar els cient\u00edfiques i les cient\u00edfiques als instituts.","og_url":"https:\/\/fcri.cat\/ca\/societat-educacio\/recerca-en-accio\/","og_site_name":"Fundacio Recerca","article_publisher":"https:\/\/www.facebook.com\/fundaciorecerca","article_modified_time":"2024-09-30T07:01:14+00:00","og_image":[{"width":1888,"height":1129,"url":"https:\/\/fcri.cat\/wp-content\/uploads\/2024\/07\/Captura-de-Pantalla-2022-11-15-a-las-15.25.05-copia-2.jpg","type":"image\/jpeg"}],"twitter_card":"summary_large_image","twitter_site":"@fundaciorecerca","twitter_misc":{"Temps estimat de lectura":"2 minuts"},"schema":{"@context":"https:\/\/schema.org","@graph":[{"@type":"WebPage","@id":"https:\/\/fcri.cat\/ca\/societat-educacio\/recerca-en-accio\/","url":"https:\/\/fcri.cat\/ca\/societat-educacio\/recerca-en-accio\/","name":"Dia de la Ci\u00e8ncia a les Escoles - Fundacio Recerca","isPartOf":{"@id":"https:\/\/fcri.cat\/ca\/#website"},"primaryImageOfPage":{"@id":"https:\/\/fcri.cat\/ca\/societat-educacio\/recerca-en-accio\/#primaryimage"},"image":{"@id":"https:\/\/fcri.cat\/ca\/societat-educacio\/recerca-en-accio\/#primaryimage"},"thumbnailUrl":"https:\/\/fcri.cat\/wp-content\/uploads\/2024\/07\/Captura-de-Pantalla-2022-11-15-a-las-15.25.05-copia-2.jpg?wsr","datePublished":"2021-01-21T18:54:00+00:00","dateModified":"2024-09-30T07:01:14+00:00","breadcrumb":{"@id":"https:\/\/fcri.cat\/ca\/societat-educacio\/recerca-en-accio\/#breadcrumb"},"inLanguage":"ca","potentialAction":[{"@type":"ReadAction","target":["https:\/\/fcri.cat\/ca\/societat-educacio\/recerca-en-accio\/"]}]},{"@type":"ImageObject","inLanguage":"ca","@id":"https:\/\/fcri.cat\/ca\/societat-educacio\/recerca-en-accio\/#primaryimage","url":"https:\/\/fcri.cat\/wp-content\/uploads\/2024\/07\/Captura-de-Pantalla-2022-11-15-a-las-15.25.05-copia-2.jpg?wsr","contentUrl":"https:\/\/fcri.cat\/wp-content\/uploads\/2024\/07\/Captura-de-Pantalla-2022-11-15-a-las-15.25.05-copia-2.jpg?wsr","width":1888,"height":1129,"caption":"Screenshot"},{"@type":"BreadcrumbList","@id":"https:\/\/fcri.cat\/ca\/societat-educacio\/recerca-en-accio\/#breadcrumb","itemListElement":[{"@type":"ListItem","position":1,"name":"Inici","item":"https:\/\/fcri.cat\/ca\/"},{"@type":"ListItem","position":2,"name":"Societat i educaci\u00f3","item":"https:\/\/fcri.cat\/ca\/societat-educacio\/"},{"@type":"ListItem","position":3,"name":"Dia de la Ci\u00e8ncia a les Escoles"}]},{"@type":"WebSite","@id":"https:\/\/fcri.cat\/ca\/#website","url":"https:\/\/fcri.cat\/ca\/","name":"Fundacio Recerca","description":"Fundaci\u00f3 Catalana per a la Recerca i la Innovaci\u00f3","potentialAction":[{"@type":"SearchAction","target":{"@type":"EntryPoint","urlTemplate":"https:\/\/fcri.cat\/ca\/?s={search_term_string}"},"query-input":"required name=search_term_string"}],"inLanguage":"ca"}]}},"_links":{"self":[{"href":"https:\/\/fcri.cat\/ca\/wp-json\/wp\/v2\/pages\/378"}],"collection":[{"href":"https:\/\/fcri.cat\/ca\/wp-json\/wp\/v2\/pages"}],"about":[{"href":"https:\/\/fcri.cat\/ca\/wp-json\/wp\/v2\/types\/page"}],"author":[{"embeddable":true,"href":"https:\/\/fcri.cat\/ca\/wp-json\/wp\/v2\/users\/6"}],"replies":[{"embeddable":true,"href":"https:\/\/fcri.cat\/ca\/wp-json\/wp\/v2\/comments?post=378"}],"version-history":[{"count":57,"href":"https:\/\/fcri.cat\/ca\/wp-json\/wp\/v2\/pages\/378\/revisions"}],"predecessor-version":[{"id":21327,"href":"https:\/\/fcri.cat\/ca\/wp-json\/wp\/v2\/pages\/378\/revisions\/21327"}],"up":[{"embeddable":true,"href":"https:\/\/fcri.cat\/ca\/wp-json\/wp\/v2\/pages\/317"}],"wp:featuredmedia":[{"embeddable":true,"href":"https:\/\/fcri.cat\/ca\/wp-json\/wp\/v2\/media\/20714"}],"wp:attachment":[{"href":"https:\/\/fcri.cat\/ca\/wp-json\/wp\/v2\/media?parent=378"}],"curies":[{"name":"wp","href":"https:\/\/api.w.org\/{rel}","templated":true}]}}