{"id":420,"date":"2021-01-21T19:22:20","date_gmt":"2021-01-21T19:22:20","guid":{"rendered":"http:\/\/waa.fundaciorecerca.cat\/?page_id=420"},"modified":"2026-04-08T15:07:06","modified_gmt":"2026-04-08T14:07:06","slug":"escoles-destiu-per-a-docents","status":"publish","type":"page","link":"https:\/\/fcri.cat\/ca\/societat-educacio\/escoles-destiu-per-a-docents\/","title":{"rendered":"Escoles d&#8217;estiu per a docents"},"content":{"rendered":"<p>[et_pb_section fb_built=&#8221;1&#8243; admin_label=&#8221;Hero&#8221; _builder_version=&#8221;4.16&#8243; custom_margin=&#8221;79px||100px||false|false&#8221; custom_padding=&#8221;2px|||||&#8221; da_disable_devices=&#8221;off|off|off&#8221; locked=&#8221;off&#8221; global_colors_info=&#8221;{}&#8221; theme_builder_area=&#8221;post_content&#8221; da_is_popup=&#8221;off&#8221; da_exit_intent=&#8221;off&#8221; da_has_close=&#8221;on&#8221; da_alt_close=&#8221;off&#8221; da_dark_close=&#8221;off&#8221; da_not_modal=&#8221;on&#8221; da_is_singular=&#8221;off&#8221; da_with_loader=&#8221;off&#8221; da_has_shadow=&#8221;on&#8221;][et_pb_row use_custom_gutter=&#8221;on&#8221; gutter_width=&#8221;4&#8243; make_equal=&#8221;on&#8221; _builder_version=&#8221;4.25.2&#8243; _module_preset=&#8221;default&#8221; background_image=&#8221;https:\/\/fcri.cat\/wp-content\/uploads\/2024\/11\/P1120860-a-mida-gran.jpeg&#8221; transform_scale=&#8221;118%|118%&#8221; transform_scale_tablet=&#8221;118%|118%&#8221; transform_scale_phone=&#8221;148%|-78%&#8221; transform_scale_last_edited=&#8221;on|phone&#8221; transform_scale_linked_phone=&#8221;off&#8221; transform_translate_tablet=&#8221;&#8221; transform_translate_phone=&#8221;&#8221; transform_translate_last_edited=&#8221;on|desktop&#8221; transform_rotate_tablet=&#8221;&#8221; transform_rotate_phone=&#8221;180deg|0deg|0deg&#8221; transform_rotate_last_edited=&#8221;on|desktop&#8221; transform_skew_tablet=&#8221;&#8221; transform_skew_phone=&#8221;&#8221; transform_skew_last_edited=&#8221;on|desktop&#8221; transform_origin_tablet=&#8221;&#8221; transform_origin_phone=&#8221;&#8221; transform_origin_last_edited=&#8221;on|desktop&#8221; transform_styles_last_edited=&#8221;on|phone&#8221; width=&#8221;84%&#8221; max_width=&#8221;2560px&#8221; module_alignment=&#8221;center&#8221; min_height=&#8221;451px&#8221; height=&#8221;246px&#8221; max_height=&#8221;661px&#8221; custom_margin=&#8221;102px||||false|false&#8221; custom_margin_tablet=&#8221;-168px||||false|false&#8221; custom_margin_phone=&#8221;29px||0px||false|false&#8221; custom_margin_last_edited=&#8221;on|desktop&#8221; hover_enabled=&#8221;0&#8243; transform_styles_tablet=&#8221;&#8221; transform_styles_phone=&#8221;&#8221; global_colors_info=&#8221;{}&#8221; theme_builder_area=&#8221;post_content&#8221; sticky_enabled=&#8221;0&#8243;][et_pb_column type=&#8221;4_4&#8243; _builder_version=&#8221;4.25.2&#8243; _module_preset=&#8221;default&#8221; custom_padding_tablet=&#8221;&#8221; custom_padding_phone=&#8221;&#8221; custom_padding_last_edited=&#8221;on|phone&#8221; hover_enabled=&#8221;0&#8243; global_colors_info=&#8221;{}&#8221; theme_builder_area=&#8221;post_content&#8221; sticky_enabled=&#8221;0&#8243;][\/et_pb_column][\/et_pb_row][et_pb_row _builder_version=&#8221;4.25.2&#8243; _module_preset=&#8221;default&#8221; width=&#8221;100%&#8221; width_tablet=&#8221;80%&#8221; width_phone=&#8221;80%&#8221; width_last_edited=&#8221;on|phone&#8221; custom_margin=&#8221;84px|auto||auto|false|false&#8221; custom_margin_tablet=&#8221;84px|auto||auto|false|false&#8221; custom_margin_phone=&#8221;-193px||||false|false&#8221; custom_margin_last_edited=&#8221;on|phone&#8221; locked=&#8221;off&#8221; global_colors_info=&#8221;{}&#8221; theme_builder_area=&#8221;post_content&#8221;][et_pb_column type=&#8221;4_4&#8243; _builder_version=&#8221;4.16&#8243; _module_preset=&#8221;default&#8221; custom_padding=&#8221;|50px|||false|false&#8221; custom_padding_tablet=&#8221;|0px|40px||false|false&#8221; custom_padding_phone=&#8221;||40px||false|false&#8221; custom_padding_last_edited=&#8221;on|desktop&#8221; global_colors_info=&#8221;{}&#8221; theme_builder_area=&#8221;post_content&#8221;][et_pb_text _builder_version=&#8221;4.25.2&#8243; _module_preset=&#8221;default&#8221; custom_margin=&#8221;-5px||||false|false&#8221; custom_margin_tablet=&#8221;171px||||false|false&#8221; custom_margin_phone=&#8221;171px||||false|false&#8221; custom_margin_last_edited=&#8221;on|desktop&#8221; global_colors_info=&#8221;{}&#8221; theme_builder_area=&#8221;post_content&#8221;]<\/p>\n<p><span>L\u2019FCRI organitza durant el mes de juliol cursos de formaci\u00f3 per a docents de ci\u00e8ncia, d\u2019Educaci\u00f3 Secund\u00e0ria Obligat\u00f2ria, amb l\u2019objectiu d\u2019afavorir tant la introducci\u00f3 del m\u00e8tode cient\u00edfic a les escoles com l\u2019adquisici\u00f3 i\/o millora de les compet\u00e8ncies digitals dels docents a nivell pedag\u00f2gic i professional, la qual cosa permet integrar de manera efectiva la tecnologia a l\u2019aula i millorar l\u2019aprenentatge dels estudiants.<\/span><\/p>\n<p><span data-contrast=\"auto\" xml:lang=\"CA-ES\" lang=\"CA-ES\" class=\"TextRun SCXW58532157 BCX0\"><span class=\"NormalTextRun SCXW58532157 BCX0\"><span>La metodologia emprada en la formaci\u00f3 es focalitza a treballar de manera significativa, participativa i col\u00b7laborativa continguts d\u2019\u00e0mbit STEAM, on els participants s\u00f3n al centre de l\u2019aprenentatge, i a m\u00e9s poden dur a terme pr\u00e0ctiques de manera individual i en petits grups, on s\u2019executen continguts treballats en les sessions te\u00f2riques.<\/span>\u00a0<\/span><\/span><\/p>\n<p>[\/et_pb_text][et_pb_text _builder_version=&#8221;4.16&#8243; _module_preset=&#8221;default&#8221; global_colors_info=&#8221;{}&#8221; theme_builder_area=&#8221;post_content&#8221;]<\/p>\n<p><span>Els cursos ofereixen sessions interactives on els participants regulen el seu aprenentatge, es promouen sessions bidireccionals, on es fomenta al debat, la interacci\u00f3 i la posada en com\u00fa de coneixements i experi\u00e8ncies.<\/span><\/p>\n<p>[\/et_pb_text][et_pb_text _builder_version=&#8221;4.19.1&#8243; _module_preset=&#8221;default&#8221; custom_padding=&#8221;||0px|||&#8221; global_colors_info=&#8221;{}&#8221; theme_builder_area=&#8221;post_content&#8221;]<\/p>\n<p><span>L\u2019objectiu final de la metodologia emprada \u00e9s que l\u2019aprenentatge sigui el m\u00e9s competencial possible, per tal que els participants puguin transferir all\u00f2 apr\u00e8s en el seu dia a dia i l\u2019aprenentatge hagi estat significatiu, permanent i funcional.<\/span><\/p>\n<p>[\/et_pb_text][et_pb_text _builder_version=&#8221;4.25.2&#8243; _module_preset=&#8221;default&#8221; text_font=&#8221;||||||||&#8221; text_text_color=&#8221;#e09900&#8243; text_font_size=&#8221;18px&#8221; text_line_height=&#8221;1.8em&#8221; module_alignment=&#8221;right&#8221; min_height=&#8221;44.1px&#8221; custom_margin=&#8221;||||false|false&#8221; custom_padding=&#8221;0px||||false|false&#8221; border_color_left=&#8221;#AFA44C&#8221; global_colors_info=&#8221;{}&#8221; theme_builder_area=&#8221;post_content&#8221;]<\/p>\n<p><span style=\"color: #000000;\"><strong>Escoles d&#8217;estiu 2026 &#8211; Properament!<\/strong><\/span><\/p>\n<p>[\/et_pb_text][et_pb_text _builder_version=&#8221;4.19.1&#8243; _module_preset=&#8221;default&#8221; custom_margin=&#8221;60px||||false|false&#8221; global_colors_info=&#8221;{}&#8221; theme_builder_area=&#8221;post_content&#8221;]<\/p>\n<h2>Contacte<\/h2>\n<p>Bel\u00e9n L\u00f3pez<br \/>\n<a class=\"underline\" href=\"mailto:blopez@fcri.cat\" rel=\"alternate\">blopez@fcri.cat<\/a>[\/et_pb_text][et_pb_text _builder_version=&#8221;4.25.2&#8243; _module_preset=&#8221;default&#8221; header_3_font_size=&#8221;23px&#8221; custom_margin=&#8221;60px||||false|false&#8221; global_colors_info=&#8221;{}&#8221; theme_builder_area=&#8221;post_content&#8221;]<\/p>\n<h3>Hi col\u00b7labora<\/h3>\n<p>Col\u00b7laborem amb el Departament d&#8217;Educaci\u00f3 i Formaci\u00f3 Professional de la Generalitat de Catalunya.<\/p>\n<p>[\/et_pb_text][\/et_pb_column][\/et_pb_row][\/et_pb_section]<\/p>\n","protected":false},"excerpt":{"rendered":"<p>L\u2019FCRI organitza durant el mes de juliol cursos de formaci\u00f3 per a docents de ci\u00e8ncia, d\u2019Educaci\u00f3 Secund\u00e0ria Obligat\u00f2ria, amb l\u2019objectiu d\u2019afavorir tant la introducci\u00f3 del m\u00e8tode cient\u00edfic a les escoles [&hellip;]<\/p>\n","protected":false},"author":6,"featured_media":438,"parent":317,"menu_order":0,"comment_status":"closed","ping_status":"closed","template":"","meta":{"_et_pb_use_builder":"on","_et_pb_old_content":"","_et_gb_content_width":"","footnotes":""},"class_list":["post-420","page","type-page","status-publish","has-post-thumbnail","hentry"],"yoast_head":"<!-- This site is optimized with the Yoast SEO plugin v22.9 - https:\/\/yoast.com\/wordpress\/plugins\/seo\/ -->\n<title>Escoles d&#039;estiu per a docents - Fundacio Recerca<\/title>\n<meta name=\"robots\" content=\"index, follow, max-snippet:-1, max-image-preview:large, max-video-preview:-1\" \/>\n<link rel=\"canonical\" href=\"https:\/\/fcri.cat\/ca\/societat-educacio\/escoles-destiu-per-a-docents\/\" \/>\n<meta property=\"og:locale\" content=\"ca_ES\" \/>\n<meta property=\"og:type\" content=\"article\" \/>\n<meta property=\"og:title\" content=\"Escoles d&#039;estiu per a docents - Fundacio Recerca\" \/>\n<meta property=\"og:description\" content=\"L\u2019FCRI organitza durant el mes de juliol cursos de formaci\u00f3 per a docents de ci\u00e8ncia, d\u2019Educaci\u00f3 Secund\u00e0ria Obligat\u00f2ria, amb l\u2019objectiu d\u2019afavorir tant la introducci\u00f3 del m\u00e8tode cient\u00edfic a les escoles [&hellip;]\" \/>\n<meta property=\"og:url\" content=\"https:\/\/fcri.cat\/ca\/societat-educacio\/escoles-destiu-per-a-docents\/\" \/>\n<meta property=\"og:site_name\" content=\"Fundacio Recerca\" \/>\n<meta property=\"article:publisher\" content=\"https:\/\/www.facebook.com\/fundaciorecerca\" \/>\n<meta property=\"article:modified_time\" content=\"2026-04-08T14:07:06+00:00\" \/>\n<meta property=\"og:image\" content=\"https:\/\/fcri.cat\/wp-content\/uploads\/2021\/01\/escola_tardor.jpg?wsr\" \/>\n\t<meta property=\"og:image:width\" content=\"1200\" \/>\n\t<meta property=\"og:image:height\" content=\"600\" \/>\n\t<meta property=\"og:image:type\" content=\"image\/jpeg\" \/>\n<meta name=\"twitter:card\" content=\"summary_large_image\" \/>\n<meta name=\"twitter:site\" content=\"@fundaciorecerca\" \/>\n<meta name=\"twitter:label1\" content=\"Temps estimat de lectura\" \/>\n\t<meta name=\"twitter:data1\" content=\"2 minuts\" \/>\n<script type=\"application\/ld+json\" class=\"yoast-schema-graph\">{\"@context\":\"https:\/\/schema.org\",\"@graph\":[{\"@type\":\"WebPage\",\"@id\":\"https:\/\/fcri.cat\/ca\/societat-educacio\/escoles-destiu-per-a-docents\/\",\"url\":\"https:\/\/fcri.cat\/ca\/societat-educacio\/escoles-destiu-per-a-docents\/\",\"name\":\"Escoles d'estiu per a docents - Fundacio Recerca\",\"isPartOf\":{\"@id\":\"https:\/\/fcri.cat\/ca\/#website\"},\"primaryImageOfPage\":{\"@id\":\"https:\/\/fcri.cat\/ca\/societat-educacio\/escoles-destiu-per-a-docents\/#primaryimage\"},\"image\":{\"@id\":\"https:\/\/fcri.cat\/ca\/societat-educacio\/escoles-destiu-per-a-docents\/#primaryimage\"},\"thumbnailUrl\":\"https:\/\/fcri.cat\/wp-content\/uploads\/2021\/01\/escola_tardor.jpg?wsr\",\"datePublished\":\"2021-01-21T19:22:20+00:00\",\"dateModified\":\"2026-04-08T14:07:06+00:00\",\"breadcrumb\":{\"@id\":\"https:\/\/fcri.cat\/ca\/societat-educacio\/escoles-destiu-per-a-docents\/#breadcrumb\"},\"inLanguage\":\"ca\",\"potentialAction\":[{\"@type\":\"ReadAction\",\"target\":[\"https:\/\/fcri.cat\/ca\/societat-educacio\/escoles-destiu-per-a-docents\/\"]}]},{\"@type\":\"ImageObject\",\"inLanguage\":\"ca\",\"@id\":\"https:\/\/fcri.cat\/ca\/societat-educacio\/escoles-destiu-per-a-docents\/#primaryimage\",\"url\":\"https:\/\/fcri.cat\/wp-content\/uploads\/2021\/01\/escola_tardor.jpg?wsr\",\"contentUrl\":\"https:\/\/fcri.cat\/wp-content\/uploads\/2021\/01\/escola_tardor.jpg?wsr\",\"width\":1200,\"height\":600,\"caption\":\"Escola tardor\"},{\"@type\":\"BreadcrumbList\",\"@id\":\"https:\/\/fcri.cat\/ca\/societat-educacio\/escoles-destiu-per-a-docents\/#breadcrumb\",\"itemListElement\":[{\"@type\":\"ListItem\",\"position\":1,\"name\":\"Inici\",\"item\":\"https:\/\/fcri.cat\/ca\/\"},{\"@type\":\"ListItem\",\"position\":2,\"name\":\"Societat i educaci\u00f3\",\"item\":\"https:\/\/fcri.cat\/ca\/societat-educacio\/\"},{\"@type\":\"ListItem\",\"position\":3,\"name\":\"Escoles d&#8217;estiu per a docents\"}]},{\"@type\":\"WebSite\",\"@id\":\"https:\/\/fcri.cat\/ca\/#website\",\"url\":\"https:\/\/fcri.cat\/ca\/\",\"name\":\"Fundacio Recerca\",\"description\":\"Fundaci\u00f3 Catalana per a la Recerca i la Innovaci\u00f3\",\"potentialAction\":[{\"@type\":\"SearchAction\",\"target\":{\"@type\":\"EntryPoint\",\"urlTemplate\":\"https:\/\/fcri.cat\/ca\/?s={search_term_string}\"},\"query-input\":\"required name=search_term_string\"}],\"inLanguage\":\"ca\"}]}<\/script>\n<!-- \/ Yoast SEO plugin. -->","yoast_head_json":{"title":"Escoles d'estiu per a docents - Fundacio Recerca","robots":{"index":"index","follow":"follow","max-snippet":"max-snippet:-1","max-image-preview":"max-image-preview:large","max-video-preview":"max-video-preview:-1"},"canonical":"https:\/\/fcri.cat\/ca\/societat-educacio\/escoles-destiu-per-a-docents\/","og_locale":"ca_ES","og_type":"article","og_title":"Escoles d'estiu per a docents - Fundacio Recerca","og_description":"L\u2019FCRI organitza durant el mes de juliol cursos de formaci\u00f3 per a docents de ci\u00e8ncia, d\u2019Educaci\u00f3 Secund\u00e0ria Obligat\u00f2ria, amb l\u2019objectiu d\u2019afavorir tant la introducci\u00f3 del m\u00e8tode cient\u00edfic a les escoles [&hellip;]","og_url":"https:\/\/fcri.cat\/ca\/societat-educacio\/escoles-destiu-per-a-docents\/","og_site_name":"Fundacio Recerca","article_publisher":"https:\/\/www.facebook.com\/fundaciorecerca","article_modified_time":"2026-04-08T14:07:06+00:00","og_image":[{"width":1200,"height":600,"url":"https:\/\/fcri.cat\/wp-content\/uploads\/2021\/01\/escola_tardor.jpg?wsr","type":"image\/jpeg"}],"twitter_card":"summary_large_image","twitter_site":"@fundaciorecerca","twitter_misc":{"Temps estimat de lectura":"2 minuts"},"schema":{"@context":"https:\/\/schema.org","@graph":[{"@type":"WebPage","@id":"https:\/\/fcri.cat\/ca\/societat-educacio\/escoles-destiu-per-a-docents\/","url":"https:\/\/fcri.cat\/ca\/societat-educacio\/escoles-destiu-per-a-docents\/","name":"Escoles d'estiu per a docents - Fundacio Recerca","isPartOf":{"@id":"https:\/\/fcri.cat\/ca\/#website"},"primaryImageOfPage":{"@id":"https:\/\/fcri.cat\/ca\/societat-educacio\/escoles-destiu-per-a-docents\/#primaryimage"},"image":{"@id":"https:\/\/fcri.cat\/ca\/societat-educacio\/escoles-destiu-per-a-docents\/#primaryimage"},"thumbnailUrl":"https:\/\/fcri.cat\/wp-content\/uploads\/2021\/01\/escola_tardor.jpg?wsr","datePublished":"2021-01-21T19:22:20+00:00","dateModified":"2026-04-08T14:07:06+00:00","breadcrumb":{"@id":"https:\/\/fcri.cat\/ca\/societat-educacio\/escoles-destiu-per-a-docents\/#breadcrumb"},"inLanguage":"ca","potentialAction":[{"@type":"ReadAction","target":["https:\/\/fcri.cat\/ca\/societat-educacio\/escoles-destiu-per-a-docents\/"]}]},{"@type":"ImageObject","inLanguage":"ca","@id":"https:\/\/fcri.cat\/ca\/societat-educacio\/escoles-destiu-per-a-docents\/#primaryimage","url":"https:\/\/fcri.cat\/wp-content\/uploads\/2021\/01\/escola_tardor.jpg?wsr","contentUrl":"https:\/\/fcri.cat\/wp-content\/uploads\/2021\/01\/escola_tardor.jpg?wsr","width":1200,"height":600,"caption":"Escola tardor"},{"@type":"BreadcrumbList","@id":"https:\/\/fcri.cat\/ca\/societat-educacio\/escoles-destiu-per-a-docents\/#breadcrumb","itemListElement":[{"@type":"ListItem","position":1,"name":"Inici","item":"https:\/\/fcri.cat\/ca\/"},{"@type":"ListItem","position":2,"name":"Societat i educaci\u00f3","item":"https:\/\/fcri.cat\/ca\/societat-educacio\/"},{"@type":"ListItem","position":3,"name":"Escoles d&#8217;estiu per a docents"}]},{"@type":"WebSite","@id":"https:\/\/fcri.cat\/ca\/#website","url":"https:\/\/fcri.cat\/ca\/","name":"Fundacio Recerca","description":"Fundaci\u00f3 Catalana per a la Recerca i la Innovaci\u00f3","potentialAction":[{"@type":"SearchAction","target":{"@type":"EntryPoint","urlTemplate":"https:\/\/fcri.cat\/ca\/?s={search_term_string}"},"query-input":"required name=search_term_string"}],"inLanguage":"ca"}]}},"_links":{"self":[{"href":"https:\/\/fcri.cat\/ca\/wp-json\/wp\/v2\/pages\/420"}],"collection":[{"href":"https:\/\/fcri.cat\/ca\/wp-json\/wp\/v2\/pages"}],"about":[{"href":"https:\/\/fcri.cat\/ca\/wp-json\/wp\/v2\/types\/page"}],"author":[{"embeddable":true,"href":"https:\/\/fcri.cat\/ca\/wp-json\/wp\/v2\/users\/6"}],"replies":[{"embeddable":true,"href":"https:\/\/fcri.cat\/ca\/wp-json\/wp\/v2\/comments?post=420"}],"version-history":[{"count":106,"href":"https:\/\/fcri.cat\/ca\/wp-json\/wp\/v2\/pages\/420\/revisions"}],"predecessor-version":[{"id":24436,"href":"https:\/\/fcri.cat\/ca\/wp-json\/wp\/v2\/pages\/420\/revisions\/24436"}],"up":[{"embeddable":true,"href":"https:\/\/fcri.cat\/ca\/wp-json\/wp\/v2\/pages\/317"}],"wp:featuredmedia":[{"embeddable":true,"href":"https:\/\/fcri.cat\/ca\/wp-json\/wp\/v2\/media\/438"}],"wp:attachment":[{"href":"https:\/\/fcri.cat\/ca\/wp-json\/wp\/v2\/media?parent=420"}],"curies":[{"name":"wp","href":"https:\/\/api.w.org\/{rel}","templated":true}]}}