{"id":445,"date":"2021-01-21T21:45:26","date_gmt":"2021-01-21T21:45:26","guid":{"rendered":"http:\/\/waa.fundaciorecerca.cat\/?page_id=445"},"modified":"2026-05-05T16:29:17","modified_gmt":"2026-05-05T15:29:17","slug":"petits-talents-cientifics","status":"publish","type":"page","link":"https:\/\/fcri.cat\/ca\/societat-educacio\/petits-talents-cientifics\/","title":{"rendered":"Petits Talents Cient\u00edfics"},"content":{"rendered":"<p>[et_pb_section fb_built=&#8221;1&#8243; admin_label=&#8221;Hero&#8221; _builder_version=&#8221;4.25.2&#8243; background_color=&#8221;RGBA(255,255,255,0)&#8221; width=&#8221;100%&#8221; max_width=&#8221;100%&#8221; min_height=&#8221;1000px&#8221; height=&#8221;1000px&#8221; max_height=&#8221;1000px&#8221; custom_margin=&#8221;||0px||false|false&#8221; custom_padding=&#8221;0px||||false|false&#8221; da_disable_devices=&#8221;off|off|off&#8221; locked=&#8221;off&#8221; global_colors_info=&#8221;{}&#8221; theme_builder_area=&#8221;post_content&#8221; da_is_popup=&#8221;off&#8221; da_exit_intent=&#8221;off&#8221; da_has_close=&#8221;on&#8221; da_alt_close=&#8221;off&#8221; da_dark_close=&#8221;off&#8221; da_not_modal=&#8221;on&#8221; da_is_singular=&#8221;off&#8221; da_with_loader=&#8221;off&#8221; da_has_shadow=&#8221;on&#8221;][et_pb_row _builder_version=&#8221;4.25.2&#8243; _module_preset=&#8221;default&#8221; background_enable_color=&#8221;off&#8221; background_image=&#8221;https:\/\/fcri.cat\/wp-content\/uploads\/2024\/11\/P1018872-scaled.jpg&#8221; transform_scale_tablet=&#8221;&#8221; transform_scale_phone=&#8221;132%|132%&#8221; transform_scale_last_edited=&#8221;on|phone&#8221; transform_translate_tablet=&#8221;&#8221; transform_translate_phone=&#8221;&#8221; transform_translate_last_edited=&#8221;on|phone&#8221; transform_rotate_tablet=&#8221;&#8221; transform_rotate_phone=&#8221;&#8221; transform_rotate_last_edited=&#8221;on|phone&#8221; transform_skew_tablet=&#8221;&#8221; transform_skew_phone=&#8221;&#8221; transform_skew_last_edited=&#8221;on|phone&#8221; transform_origin_tablet=&#8221;&#8221; transform_origin_phone=&#8221;&#8221; transform_origin_last_edited=&#8221;on|phone&#8221; transform_styles_last_edited=&#8221;on|phone&#8221; width=&#8221;100%&#8221; max_width=&#8221;2560px&#8221; min_height=&#8221;403px&#8221; height=&#8221;100px&#8221; max_height=&#8221;100px&#8221; custom_margin=&#8221;160px||||false|false&#8221; custom_margin_tablet=&#8221;150px||||false|false&#8221; custom_margin_phone=&#8221;60px||||false|false&#8221; custom_margin_last_edited=&#8221;on|phone&#8221; custom_padding=&#8221;21px||||false|false&#8221; transform_styles_tablet=&#8221;&#8221; transform_styles_phone=&#8221;&#8221; global_colors_info=&#8221;{}&#8221; theme_builder_area=&#8221;post_content&#8221;][et_pb_column type=&#8221;4_4&#8243; _builder_version=&#8221;4.25.2&#8243; _module_preset=&#8221;default&#8221; background_enable_color=&#8221;off&#8221; background_enable_image=&#8221;off&#8221; parallax=&#8221;on&#8221; vertical_offset=&#8221;-191px&#8221; horizontal_offset=&#8221;-30px&#8221; z_index=&#8221;-500&#8243; custom_padding=&#8221;470px|0px|0px|0px|false|false&#8221; global_colors_info=&#8221;{}&#8221; theme_builder_area=&#8221;post_content&#8221;][et_pb_image title_text=&#8221;P1018649 a mida gran&#8221; _builder_version=&#8221;4.25.2&#8243; _module_preset=&#8221;default&#8221; background_enable_image=&#8221;off&#8221; global_colors_info=&#8221;{}&#8221; theme_builder_area=&#8221;post_content&#8221;][\/et_pb_image][\/et_pb_column][\/et_pb_row][et_pb_row column_structure=&#8221;1_4,1_4,1_4,1_4&#8243; _builder_version=&#8221;4.25.2&#8243; _module_preset=&#8221;default&#8221; min_height=&#8221;92.5px&#8221; custom_margin=&#8221;17px|auto|-485px|36px|false|false&#8221; custom_margin_tablet=&#8221;17px|auto|-485px|36px|false|false&#8221; custom_margin_phone=&#8221;|||-68px|false|false&#8221; custom_margin_last_edited=&#8221;on|phone&#8221; custom_padding=&#8221;0px|0px|90px|0px|false|false&#8221; global_colors_info=&#8221;{}&#8221; theme_builder_area=&#8221;post_content&#8221;][et_pb_column type=&#8221;1_4&#8243; _builder_version=&#8221;4.25.2&#8243; _module_preset=&#8221;default&#8221; background_enable_image=&#8221;off&#8221; vertical_offset=&#8221;-214px&#8221; horizontal_offset=&#8221;54px&#8221; z_index=&#8221;103&#8243; custom_padding=&#8221;0px||0px||false|false&#8221; global_colors_info=&#8221;{}&#8221; theme_builder_area=&#8221;post_content&#8221;][\/et_pb_column][et_pb_column type=&#8221;1_4&#8243; _builder_version=&#8221;4.25.2&#8243; _module_preset=&#8221;default&#8221; background_enable_image=&#8221;off&#8221; vertical_offset=&#8221;-214px&#8221; horizontal_offset=&#8221;54px&#8221; z_index=&#8221;103&#8243; custom_padding=&#8221;0px||0px||false|false&#8221; global_colors_info=&#8221;{}&#8221; theme_builder_area=&#8221;post_content&#8221;][\/et_pb_column][et_pb_column type=&#8221;1_4&#8243; _builder_version=&#8221;4.25.2&#8243; _module_preset=&#8221;default&#8221; global_colors_info=&#8221;{}&#8221; theme_builder_area=&#8221;post_content&#8221;][\/et_pb_column][et_pb_column type=&#8221;1_4&#8243; _builder_version=&#8221;4.25.2&#8243; _module_preset=&#8221;default&#8221; background_enable_image=&#8221;off&#8221; vertical_offset=&#8221;-214px&#8221; horizontal_offset=&#8221;54px&#8221; z_index=&#8221;103&#8243; custom_padding=&#8221;0px||0px||false|false&#8221; global_colors_info=&#8221;{}&#8221; theme_builder_area=&#8221;post_content&#8221;][et_pb_image src=&#8221;https:\/\/fcri.cat\/wp-content\/uploads\/2024\/06\/L-ptc@2x.png&#8221; title_text=&#8221;L-ptc@2x&#8221; align=&#8221;right&#8221; _builder_version=&#8221;4.25.2&#8243; _module_preset=&#8221;default&#8221; background_enable_color=&#8221;off&#8221; width=&#8221;250px&#8221; width_tablet=&#8221;200px&#8221; width_phone=&#8221;150px&#8221; width_last_edited=&#8221;on|desktop&#8221; module_alignment=&#8221;right&#8221; height=&#8221;250px&#8221; height_tablet=&#8221;200px&#8221; height_phone=&#8221;150px&#8221; height_last_edited=&#8221;on|tablet&#8221; custom_margin=&#8221;6px||-140px|0px|false|false&#8221; custom_margin_tablet=&#8221;20px||||false|false&#8221; custom_margin_phone=&#8221;89px||||false|false&#8221; custom_margin_last_edited=&#8221;on|desktop&#8221; custom_padding=&#8221;|||3px||&#8221; background_last_edited=&#8221;on|phone&#8221; box_shadow_style=&#8221;preset1&#8243; global_colors_info=&#8221;{}&#8221; theme_builder_area=&#8221;post_content&#8221;][\/et_pb_image][\/et_pb_column][\/et_pb_row][et_pb_row _builder_version=&#8221;4.25.2&#8243; _module_preset=&#8221;default&#8221; width=&#8221;100%&#8221; width_tablet=&#8221;80%&#8221; width_phone=&#8221;80%&#8221; width_last_edited=&#8221;on|desktop&#8221; min_height=&#8221;1119.6px&#8221; custom_margin=&#8221;0px|auto||auto|false|false&#8221; custom_padding=&#8221;0px||||false|false&#8221; locked=&#8221;off&#8221; collapsed=&#8221;off&#8221; global_colors_info=&#8221;{}&#8221; theme_builder_area=&#8221;post_content&#8221;][et_pb_column type=&#8221;4_4&#8243; _builder_version=&#8221;4.16&#8243; _module_preset=&#8221;default&#8221; custom_padding=&#8221;|50px|||false|false&#8221; custom_padding_tablet=&#8221;|0px|40px||false|false&#8221; custom_padding_phone=&#8221;||40px||false|false&#8221; custom_padding_last_edited=&#8221;on|desktop&#8221; global_colors_info=&#8221;{}&#8221; theme_builder_area=&#8221;post_content&#8221;][et_pb_text _builder_version=&#8221;4.25.2&#8243; _module_preset=&#8221;default&#8221; custom_margin=&#8221;-16px||||false|false&#8221; custom_margin_tablet=&#8221;108px||||false|false&#8221; custom_margin_phone=&#8221;79px||||false|false&#8221; custom_margin_last_edited=&#8221;on|phone&#8221; custom_padding=&#8221;0px|||||&#8221; global_colors_info=&#8221;{}&#8221; theme_builder_area=&#8221;post_content&#8221;]<\/p>\n<p>El programa d\u2019actualitzaci\u00f3 cient\u00edfica per a mestres d\u2019educaci\u00f3 prim\u00e0ria \u201cPetits Talents Cient\u00edfics\u201d vol fomentar l\u2019experimentaci\u00f3, la indagaci\u00f3 i la descoberta en l\u2019aprenentatge de les ci\u00e8ncies de l\u2019alumnat d\u2019educaci\u00f3 prim\u00e0ria.<\/p>\n<p>[\/et_pb_text][et_pb_text _builder_version=&#8221;4.25.2&#8243; _module_preset=&#8221;default&#8221; global_colors_info=&#8221;{}&#8221; theme_builder_area=&#8221;post_content&#8221;]<\/p>\n<p>A partir de la formaci\u00f3, proporcionem als centres educatius un seguit de recursos i orientacions pedag\u00f2giques que ajudin els mestres a implementar metodologies m\u00e9s participatives i creatives a l\u2019aula. Entre aquests recursos, s\u2019inclou la <a href=\"https:\/\/llibrespetitstalents.fundaciorecerca.cat\/\"><strong data-start=\"599\" data-end=\"652\">col\u00b7lecci\u00f3 de llibres \u201cPetits Talents Cient\u00edfics\u201d<\/strong><\/a>, que recull els continguts i les activitats pr\u00e0ctiques de cada edici\u00f3 del programa.<\/p>\n<p>[\/et_pb_text][et_pb_text _builder_version=&#8221;4.25.2&#8243; _module_preset=&#8221;default&#8221; global_colors_info=&#8221;{}&#8221; theme_builder_area=&#8221;post_content&#8221;]<\/p>\n<p>Cada edici\u00f3 se centra en una tem\u00e0tica concreta que uneix diversos continguts\u00a0 del curr\u00edculum educatiu de prim\u00e0ria, que normalment es treballen per separat.\u00a0 Aix\u00ed es fomenta una visi\u00f3 transversal d&#8217;aquests continguts entre els mestres de cicle mitj\u00e0 i superior i cicle infantil i inicial d&#8217;educaci\u00f3 prim\u00e0ria.<\/p>\n<p>[\/et_pb_text][et_pb_text _builder_version=&#8221;4.25.2&#8243; _module_preset=&#8221;default&#8221; custom_margin=&#8221;||49px||false|false&#8221; global_colors_info=&#8221;{}&#8221; theme_builder_area=&#8221;post_content&#8221;]<\/p>\n<p>El programa es va iniciar el curs 2013-2014 a la ciutat de Barcelona, i des de llavors, en col\u00b7laboraci\u00f3 amb diverses administracions i empreses, s\u2019ha est\u00e8s per diferents punts del territori com ara l&#8217;Hospitalet de Llobregat, la Garrotxa, Girona, Tarragona i Lleida.<\/p>\n<p>[\/et_pb_text][et_pb_text _builder_version=&#8221;4.25.2&#8243; _module_preset=&#8221;default&#8221; custom_margin=&#8221;||49px||false|false&#8221; hover_enabled=&#8221;0&#8243; global_colors_info=&#8221;{}&#8221; theme_builder_area=&#8221;post_content&#8221; sticky_enabled=&#8221;0&#8243;]<\/p>\n<p><span style=\"color: #ff0000;\"><strong>*Properament, informaci\u00f3 sobre curs 2026-2027.<\/strong><\/span><\/p>\n<p>[\/et_pb_text][et_pb_text _builder_version=&#8221;4.25.2&#8243; _module_preset=&#8221;default&#8221; custom_margin=&#8221;60px||||false|false&#8221; global_colors_info=&#8221;{}&#8221; theme_builder_area=&#8221;post_content&#8221;]<\/p>\n<h2>Contacte<\/h2>\n<p>Montse Miras (PTC Barcelona)<br \/>\n<a class=\"underline\" href=\"mailto:ptc.bcn@fcri.cat\" rel=\"alternate\">ptc.bcn@fcri.cat<\/a><\/p>\n<p>M. del Mar Rovira (PTC Garrotxa)<br \/>\n<a class=\"underline\" href=\"mailto:ptc.garrotxa@fcri.cat\" rel=\"alternate\">ptc.garrotxa@fcri.cat<\/a><\/p>\n<p>Bel\u00e9n L\u00f3pez (PTC Hospitalet de Llobregat)<br \/>\n<a class=\"underline\" href=\"mailto:ptc.lh@fcri.cat\" rel=\"alternate\">ptc.lh@fcri.cat<\/a><\/p>\n<p>Mar Mart\u00ednez (PTC Girona, Tarragona i Lleida)<br \/>\n<a class=\"underline\" href=\"mailto:ptc.girona@fcri.cat\" rel=\"alternate\">ptc.girona@fcri.cat<\/a><br \/>\n<a class=\"underline\" href=\"mailto:ptc.tarragona@fcri.cat\" rel=\"alternate\">ptc.tarragona@fcri.cat<\/a><br \/>\n<a class=\"underline\" href=\"mailto:ptc.lleida@fcri.cat\" rel=\"alternate\">ptc.lleida@fcri.cat<\/a><\/p>\n<p>&nbsp;[\/et_pb_text][et_pb_text _builder_version=&#8221;4.25.2&#8243; _module_preset=&#8221;default&#8221; header_3_font_size=&#8221;23px&#8221; custom_margin=&#8221;60px||||false|false&#8221; global_colors_info=&#8221;{}&#8221; theme_builder_area=&#8221;post_content&#8221;]<\/p>\n<h3>Hi col\u00b7laboren<\/h3>\n<p>Les diferents edicions del programa compten amb la col\u00b7laboraci\u00f3 de l&#8217;Ajuntament de Barcelona i Fundaci\u00f3 &#8220;la Caixa&#8221; (PTC Barcelona); Hipra (PTC Garrotxa);\u00a0 Ajuntament de l&#8217;Hospitalet de Llobregat (PTC Hospitalet); <span>Fundaci\u00f3 &#8220;la Caixa&#8221; (PTC Girona, Tarragona i Lleida).<\/span><\/p>\n<p>[\/et_pb_text][\/et_pb_column][\/et_pb_row][\/et_pb_section]<\/p>\n","protected":false},"excerpt":{"rendered":"<p>El programa d\u2019actualitzaci\u00f3 cient\u00edfica per a mestres d\u2019educaci\u00f3 prim\u00e0ria \u201cPetits Talents Cient\u00edfics\u201d vol fomentar l\u2019experimentaci\u00f3, la indagaci\u00f3 i la descoberta en l\u2019aprenentatge de les ci\u00e8ncies de l\u2019alumnat d\u2019educaci\u00f3 prim\u00e0ria.A partir [&hellip;]<\/p>\n","protected":false},"author":6,"featured_media":15889,"parent":317,"menu_order":0,"comment_status":"closed","ping_status":"closed","template":"","meta":{"_et_pb_use_builder":"on","_et_pb_old_content":"","_et_gb_content_width":"","footnotes":""},"class_list":["post-445","page","type-page","status-publish","has-post-thumbnail","hentry"],"yoast_head":"<!-- This site is optimized with the Yoast SEO plugin v22.9 - https:\/\/yoast.com\/wordpress\/plugins\/seo\/ -->\n<title>Petits Talents Cient\u00edfics - Fundacio Recerca<\/title>\n<meta name=\"robots\" content=\"index, follow, max-snippet:-1, max-image-preview:large, max-video-preview:-1\" \/>\n<link rel=\"canonical\" href=\"https:\/\/fcri.cat\/ca\/societat-educacio\/petits-talents-cientifics\/\" \/>\n<meta property=\"og:locale\" content=\"ca_ES\" \/>\n<meta property=\"og:type\" content=\"article\" \/>\n<meta property=\"og:title\" content=\"Petits Talents Cient\u00edfics - Fundacio Recerca\" \/>\n<meta property=\"og:description\" content=\"El programa d\u2019actualitzaci\u00f3 cient\u00edfica per a mestres d\u2019educaci\u00f3 prim\u00e0ria \u201cPetits Talents Cient\u00edfics\u201d vol fomentar l\u2019experimentaci\u00f3, la indagaci\u00f3 i la descoberta en l\u2019aprenentatge de les ci\u00e8ncies de l\u2019alumnat d\u2019educaci\u00f3 prim\u00e0ria.A partir [&hellip;]\" \/>\n<meta property=\"og:url\" content=\"https:\/\/fcri.cat\/ca\/societat-educacio\/petits-talents-cientifics\/\" \/>\n<meta property=\"og:site_name\" content=\"Fundacio Recerca\" \/>\n<meta property=\"article:publisher\" content=\"https:\/\/www.facebook.com\/fundaciorecerca\" \/>\n<meta property=\"article:modified_time\" content=\"2026-05-05T15:29:17+00:00\" \/>\n<meta property=\"og:image\" content=\"https:\/\/fcri.cat\/wp-content\/uploads\/2024\/01\/2-1024x577.png\" \/>\n\t<meta property=\"og:image:width\" content=\"1024\" \/>\n\t<meta property=\"og:image:height\" content=\"577\" \/>\n\t<meta property=\"og:image:type\" content=\"image\/png\" \/>\n<meta name=\"twitter:card\" content=\"summary_large_image\" \/>\n<meta name=\"twitter:site\" content=\"@fundaciorecerca\" \/>\n<meta name=\"twitter:label1\" content=\"Temps estimat de lectura\" \/>\n\t<meta name=\"twitter:data1\" content=\"3 minuts\" \/>\n<script type=\"application\/ld+json\" class=\"yoast-schema-graph\">{\"@context\":\"https:\/\/schema.org\",\"@graph\":[{\"@type\":\"WebPage\",\"@id\":\"https:\/\/fcri.cat\/ca\/societat-educacio\/petits-talents-cientifics\/\",\"url\":\"https:\/\/fcri.cat\/ca\/societat-educacio\/petits-talents-cientifics\/\",\"name\":\"Petits Talents Cient\u00edfics - Fundacio Recerca\",\"isPartOf\":{\"@id\":\"https:\/\/fcri.cat\/ca\/#website\"},\"primaryImageOfPage\":{\"@id\":\"https:\/\/fcri.cat\/ca\/societat-educacio\/petits-talents-cientifics\/#primaryimage\"},\"image\":{\"@id\":\"https:\/\/fcri.cat\/ca\/societat-educacio\/petits-talents-cientifics\/#primaryimage\"},\"thumbnailUrl\":\"https:\/\/fcri.cat\/wp-content\/uploads\/2024\/01\/2.png?wsr\",\"datePublished\":\"2021-01-21T21:45:26+00:00\",\"dateModified\":\"2026-05-05T15:29:17+00:00\",\"breadcrumb\":{\"@id\":\"https:\/\/fcri.cat\/ca\/societat-educacio\/petits-talents-cientifics\/#breadcrumb\"},\"inLanguage\":\"ca\",\"potentialAction\":[{\"@type\":\"ReadAction\",\"target\":[\"https:\/\/fcri.cat\/ca\/societat-educacio\/petits-talents-cientifics\/\"]}]},{\"@type\":\"ImageObject\",\"inLanguage\":\"ca\",\"@id\":\"https:\/\/fcri.cat\/ca\/societat-educacio\/petits-talents-cientifics\/#primaryimage\",\"url\":\"https:\/\/fcri.cat\/wp-content\/uploads\/2024\/01\/2.png?wsr\",\"contentUrl\":\"https:\/\/fcri.cat\/wp-content\/uploads\/2024\/01\/2.png?wsr\",\"width\":2048,\"height\":1153},{\"@type\":\"BreadcrumbList\",\"@id\":\"https:\/\/fcri.cat\/ca\/societat-educacio\/petits-talents-cientifics\/#breadcrumb\",\"itemListElement\":[{\"@type\":\"ListItem\",\"position\":1,\"name\":\"Inici\",\"item\":\"https:\/\/fcri.cat\/ca\/\"},{\"@type\":\"ListItem\",\"position\":2,\"name\":\"Societat i educaci\u00f3\",\"item\":\"https:\/\/fcri.cat\/ca\/societat-educacio\/\"},{\"@type\":\"ListItem\",\"position\":3,\"name\":\"Petits Talents Cient\u00edfics\"}]},{\"@type\":\"WebSite\",\"@id\":\"https:\/\/fcri.cat\/ca\/#website\",\"url\":\"https:\/\/fcri.cat\/ca\/\",\"name\":\"Fundacio Recerca\",\"description\":\"Fundaci\u00f3 Catalana per a la Recerca i la Innovaci\u00f3\",\"potentialAction\":[{\"@type\":\"SearchAction\",\"target\":{\"@type\":\"EntryPoint\",\"urlTemplate\":\"https:\/\/fcri.cat\/ca\/?s={search_term_string}\"},\"query-input\":\"required name=search_term_string\"}],\"inLanguage\":\"ca\"}]}<\/script>\n<!-- \/ Yoast SEO plugin. -->","yoast_head_json":{"title":"Petits Talents Cient\u00edfics - Fundacio Recerca","robots":{"index":"index","follow":"follow","max-snippet":"max-snippet:-1","max-image-preview":"max-image-preview:large","max-video-preview":"max-video-preview:-1"},"canonical":"https:\/\/fcri.cat\/ca\/societat-educacio\/petits-talents-cientifics\/","og_locale":"ca_ES","og_type":"article","og_title":"Petits Talents Cient\u00edfics - Fundacio Recerca","og_description":"El programa d\u2019actualitzaci\u00f3 cient\u00edfica per a mestres d\u2019educaci\u00f3 prim\u00e0ria \u201cPetits Talents Cient\u00edfics\u201d vol fomentar l\u2019experimentaci\u00f3, la indagaci\u00f3 i la descoberta en l\u2019aprenentatge de les ci\u00e8ncies de l\u2019alumnat d\u2019educaci\u00f3 prim\u00e0ria.A partir [&hellip;]","og_url":"https:\/\/fcri.cat\/ca\/societat-educacio\/petits-talents-cientifics\/","og_site_name":"Fundacio Recerca","article_publisher":"https:\/\/www.facebook.com\/fundaciorecerca","article_modified_time":"2026-05-05T15:29:17+00:00","og_image":[{"width":1024,"height":577,"url":"https:\/\/fcri.cat\/wp-content\/uploads\/2024\/01\/2-1024x577.png","type":"image\/png"}],"twitter_card":"summary_large_image","twitter_site":"@fundaciorecerca","twitter_misc":{"Temps estimat de lectura":"3 minuts"},"schema":{"@context":"https:\/\/schema.org","@graph":[{"@type":"WebPage","@id":"https:\/\/fcri.cat\/ca\/societat-educacio\/petits-talents-cientifics\/","url":"https:\/\/fcri.cat\/ca\/societat-educacio\/petits-talents-cientifics\/","name":"Petits Talents Cient\u00edfics - Fundacio Recerca","isPartOf":{"@id":"https:\/\/fcri.cat\/ca\/#website"},"primaryImageOfPage":{"@id":"https:\/\/fcri.cat\/ca\/societat-educacio\/petits-talents-cientifics\/#primaryimage"},"image":{"@id":"https:\/\/fcri.cat\/ca\/societat-educacio\/petits-talents-cientifics\/#primaryimage"},"thumbnailUrl":"https:\/\/fcri.cat\/wp-content\/uploads\/2024\/01\/2.png?wsr","datePublished":"2021-01-21T21:45:26+00:00","dateModified":"2026-05-05T15:29:17+00:00","breadcrumb":{"@id":"https:\/\/fcri.cat\/ca\/societat-educacio\/petits-talents-cientifics\/#breadcrumb"},"inLanguage":"ca","potentialAction":[{"@type":"ReadAction","target":["https:\/\/fcri.cat\/ca\/societat-educacio\/petits-talents-cientifics\/"]}]},{"@type":"ImageObject","inLanguage":"ca","@id":"https:\/\/fcri.cat\/ca\/societat-educacio\/petits-talents-cientifics\/#primaryimage","url":"https:\/\/fcri.cat\/wp-content\/uploads\/2024\/01\/2.png?wsr","contentUrl":"https:\/\/fcri.cat\/wp-content\/uploads\/2024\/01\/2.png?wsr","width":2048,"height":1153},{"@type":"BreadcrumbList","@id":"https:\/\/fcri.cat\/ca\/societat-educacio\/petits-talents-cientifics\/#breadcrumb","itemListElement":[{"@type":"ListItem","position":1,"name":"Inici","item":"https:\/\/fcri.cat\/ca\/"},{"@type":"ListItem","position":2,"name":"Societat i educaci\u00f3","item":"https:\/\/fcri.cat\/ca\/societat-educacio\/"},{"@type":"ListItem","position":3,"name":"Petits Talents Cient\u00edfics"}]},{"@type":"WebSite","@id":"https:\/\/fcri.cat\/ca\/#website","url":"https:\/\/fcri.cat\/ca\/","name":"Fundacio Recerca","description":"Fundaci\u00f3 Catalana per a la Recerca i la Innovaci\u00f3","potentialAction":[{"@type":"SearchAction","target":{"@type":"EntryPoint","urlTemplate":"https:\/\/fcri.cat\/ca\/?s={search_term_string}"},"query-input":"required name=search_term_string"}],"inLanguage":"ca"}]}},"_links":{"self":[{"href":"https:\/\/fcri.cat\/ca\/wp-json\/wp\/v2\/pages\/445"}],"collection":[{"href":"https:\/\/fcri.cat\/ca\/wp-json\/wp\/v2\/pages"}],"about":[{"href":"https:\/\/fcri.cat\/ca\/wp-json\/wp\/v2\/types\/page"}],"author":[{"embeddable":true,"href":"https:\/\/fcri.cat\/ca\/wp-json\/wp\/v2\/users\/6"}],"replies":[{"embeddable":true,"href":"https:\/\/fcri.cat\/ca\/wp-json\/wp\/v2\/comments?post=445"}],"version-history":[{"count":159,"href":"https:\/\/fcri.cat\/ca\/wp-json\/wp\/v2\/pages\/445\/revisions"}],"predecessor-version":[{"id":24656,"href":"https:\/\/fcri.cat\/ca\/wp-json\/wp\/v2\/pages\/445\/revisions\/24656"}],"up":[{"embeddable":true,"href":"https:\/\/fcri.cat\/ca\/wp-json\/wp\/v2\/pages\/317"}],"wp:featuredmedia":[{"embeddable":true,"href":"https:\/\/fcri.cat\/ca\/wp-json\/wp\/v2\/media\/15889"}],"wp:attachment":[{"href":"https:\/\/fcri.cat\/ca\/wp-json\/wp\/v2\/media?parent=445"}],"curies":[{"name":"wp","href":"https:\/\/api.w.org\/{rel}","templated":true}]}}