{"id":452,"date":"2021-01-21T21:49:50","date_gmt":"2021-01-21T20:49:50","guid":{"rendered":"http:\/\/waa.fundaciorecerca.cat\/?page_id=452"},"modified":"2026-05-12T09:30:54","modified_gmt":"2026-05-12T08:30:54","slug":"joves-ciencia-etica","status":"publish","type":"page","link":"https:\/\/fcri.cat\/ca\/societat-educacio\/joves-ciencia-etica\/","title":{"rendered":"Joves,\u00a0Ci\u00e8ncia\u00a0i\u00a0\u00c8tica"},"content":{"rendered":"<p>[et_pb_section fb_built=&#8221;1&#8243; admin_label=&#8221;Hero&#8221; _builder_version=&#8221;4.16&#8243; custom_margin=&#8221;100px||100px||false|false&#8221; custom_padding=&#8221;2px|||||&#8221; da_disable_devices=&#8221;off|off|off&#8221; locked=&#8221;off&#8221; global_colors_info=&#8221;{}&#8221; theme_builder_area=&#8221;post_content&#8221; da_is_popup=&#8221;off&#8221; da_exit_intent=&#8221;off&#8221; da_has_close=&#8221;on&#8221; da_alt_close=&#8221;off&#8221; da_dark_close=&#8221;off&#8221; da_not_modal=&#8221;on&#8221; da_is_singular=&#8221;off&#8221; da_with_loader=&#8221;off&#8221; da_has_shadow=&#8221;on&#8221;][et_pb_row _builder_version=&#8221;4.25.2&#8243; _module_preset=&#8221;default&#8221; transform_scale=&#8221;248%|162%&#8221; transform_scale_tablet=&#8221;248%|162%&#8221; transform_scale_phone=&#8221;314%|228%&#8221; transform_scale_last_edited=&#8221;on|phone&#8221; transform_scale_linked=&#8221;off&#8221; transform_scale_linked_phone=&#8221;on&#8221; transform_translate_tablet=&#8221;&#8221; transform_translate_phone=&#8221;&#8221; transform_translate_last_edited=&#8221;on|phone&#8221; transform_rotate_tablet=&#8221;&#8221; transform_rotate_phone=&#8221;&#8221; transform_rotate_last_edited=&#8221;on|phone&#8221; transform_skew_tablet=&#8221;&#8221; transform_skew_phone=&#8221;&#8221; transform_skew_last_edited=&#8221;on|phone&#8221; transform_origin_tablet=&#8221;&#8221; transform_origin_phone=&#8221;&#8221; transform_origin_last_edited=&#8221;on|phone&#8221; transform_styles_last_edited=&#8221;on|phone&#8221; width=&#8221;72%&#8221; max_width=&#8221;1130px&#8221; custom_margin=&#8221;62px||||false|false&#8221; transform_styles_tablet=&#8221;&#8221; transform_styles_phone=&#8221;&#8221; global_colors_info=&#8221;{}&#8221; theme_builder_area=&#8221;post_content&#8221;][et_pb_column type=&#8221;4_4&#8243; _builder_version=&#8221;4.25.2&#8243; _module_preset=&#8221;default&#8221; global_colors_info=&#8221;{}&#8221; theme_builder_area=&#8221;post_content&#8221;][et_pb_image src=&#8221;https:\/\/fcri.cat\/wp-content\/uploads\/2024\/11\/P1140195-a-mida-gran.jpeg&#8221; title_text=&#8221;P1140195 a mida gran&#8221; _builder_version=&#8221;4.25.2&#8243; _module_preset=&#8221;default&#8221; transform_scale=&#8221;56%|72%&#8221; global_colors_info=&#8221;{}&#8221; theme_builder_area=&#8221;post_content&#8221;][\/et_pb_image][\/et_pb_column][\/et_pb_row][et_pb_row admin_label=&#8221;Row&#8221; _builder_version=&#8221;4.25.2&#8243; _module_preset=&#8221;default&#8221; width=&#8221;100%&#8221; custom_margin=&#8221;120px||||false|false&#8221; locked=&#8221;off&#8221; global_colors_info=&#8221;{}&#8221; theme_builder_area=&#8221;post_content&#8221;][et_pb_column type=&#8221;4_4&#8243; _builder_version=&#8221;4.16&#8243; _module_preset=&#8221;default&#8221; custom_padding=&#8221;|50px|||false|false&#8221; custom_padding_tablet=&#8221;|0px|40px||false|false&#8221; custom_padding_phone=&#8221;||40px||false|false&#8221; custom_padding_last_edited=&#8221;on|desktop&#8221; global_colors_info=&#8221;{}&#8221; theme_builder_area=&#8221;post_content&#8221;][et_pb_text _builder_version=&#8221;4.25.2&#8243; _module_preset=&#8221;default&#8221; custom_margin=&#8221;-85px||||false|false&#8221; custom_margin_tablet=&#8221;-55px||||false|false&#8221; custom_margin_phone=&#8221;-105px||||false|false&#8221; custom_margin_last_edited=&#8221;on|tablet&#8221; custom_padding=&#8221;0px|||||&#8221; hover_enabled=&#8221;0&#8243; global_colors_info=&#8221;{}&#8221; theme_builder_area=&#8221;post_content&#8221; sticky_enabled=&#8221;0&#8243;]<\/p>\n<p><strong>Joves, Ci\u00e8ncia i \u00c8tica<\/strong><\/p>\n<p>La Fundaci\u00f3 Catalana per a la Recerca i la Innovaci\u00f3 (FCRI), en col\u00b7laboraci\u00f3 amb l\u2019Ajuntament de Barcelona i el Departament d\u2019Educaci\u00f3 de la Generalitat de Catalunya, organitzen el programa \u201cJoves, Ci\u00e8ncia i \u00c8tica\u201d.<\/p>\n<p>[\/et_pb_text][et_pb_text _builder_version=&#8221;4.19.1&#8243; _module_preset=&#8221;default&#8221; global_colors_info=&#8221;{}&#8221; theme_builder_area=&#8221;post_content&#8221;]<\/p>\n<p><span>\u201cJoves, Ci\u00e8ncia i \u00c8tica\u201d facilita que els alumnes desenvolupin la seva capacitat de debat i que, alhora, contrastin i coneguin els aspectes \u00e8tics que comporta la recerca cient\u00edfica, establint les seves pr\u00f2pies conclusions, amb el suport de cient\u00edfics especialitzats en cada tem\u00e0tica i d\u2019experts en \u00e8tica.<\/span><\/p>\n<p>[\/et_pb_text][et_pb_text _builder_version=&#8221;4.25.2&#8243; _module_preset=&#8221;default&#8221; global_colors_info=&#8221;{}&#8221; theme_builder_area=&#8221;post_content&#8221;]<\/p>\n<p>La tem\u00e0tica de l&#8217;edici\u00f3 2025 se centra en <strong data-start=\"252\" data-end=\"272\">l\u2019\u00e8tica espacial<\/strong> i explora q\u00fcestions clau de l\u2019exploraci\u00f3 del cosmos: missions an\u00e0logues a la Terra, la privatitzaci\u00f3 de l\u2019espai i el paper de grans corporacions i persones amb recursos, el context social i econ\u00f2mic de l\u2019expansi\u00f3 al sistema solar i com habitar diferents mons, aix\u00ed com l\u2019\u00fas dual de l\u2019espai, civil i militar.<\/p>\n<p>[\/et_pb_text][et_pb_text _builder_version=&#8221;4.25.2&#8243; _module_preset=&#8221;default&#8221; global_colors_info=&#8221;{}&#8221; theme_builder_area=&#8221;post_content&#8221;]Consulta el programa de <strong><a href=\"https:\/\/fcri.cat\/wp-content\/uploads\/2025\/10\/JCE-Lespai-2025-2.pdf\">Joves, Ci\u00e8ncia i \u00c8tica 2025.<\/a><\/strong>[\/et_pb_text][et_pb_video src=&#8221;https:\/\/www.youtube.com\/watch?v=gj70yJMHq8o&#8221; _builder_version=&#8221;4.25.2&#8243; _module_preset=&#8221;default&#8221; global_colors_info=&#8221;{}&#8221; theme_builder_area=&#8221;post_content&#8221;][\/et_pb_video][et_pb_text _builder_version=&#8221;4.25.2&#8243; _module_preset=&#8221;default&#8221; min_height=&#8221;61.6px&#8221; custom_margin=&#8221;60px||||false|false&#8221; global_colors_info=&#8221;{}&#8221; theme_builder_area=&#8221;post_content&#8221;]<\/p>\n<h2><span>Contacte<\/span><\/h2>\n<p>Enric Garrell<br \/><a href=\"mailto:egarrell@fcri.cat\" rel=\"alternate\">egarrell@fcri.cat<\/a><\/p>\n<p>&nbsp;<\/p>\n<p>[\/et_pb_text][et_pb_text disabled_on=&#8221;on|on|on&#8221; _builder_version=&#8221;4.25.2&#8243; _module_preset=&#8221;default&#8221; header_3_font_size=&#8221;23px&#8221; custom_margin=&#8221;60px||||false|false&#8221; disabled=&#8221;on&#8221; global_colors_info=&#8221;{}&#8221; theme_builder_area=&#8221;post_content&#8221;]<\/p>\n<h3><span>Hi col\u00b7laboren<\/span><\/h3>\n<p>Departament d&#8217;Educaci\u00f3 i Formaci\u00f3 Professional de la Generalitat de Catalunya i l&#8217;Ajuntament de Barcelona.<\/p>\n<p>[\/et_pb_text][et_pb_button button_url=&#8221;\/la-fundacio\/collabora&#8221; button_text=&#8221;Vols saber com?&#8221; disabled_on=&#8221;on|on|on&#8221; _builder_version=&#8221;4.25.2&#8243; _module_preset=&#8221;default&#8221; disabled=&#8221;on&#8221; global_colors_info=&#8221;{}&#8221; theme_builder_area=&#8221;post_content&#8221;][\/et_pb_button][\/et_pb_column][\/et_pb_row][\/et_pb_section]<\/p>\n","protected":false},"excerpt":{"rendered":"<p>Joves, Ci\u00e8ncia i \u00c8tica La Fundaci\u00f3 Catalana per a la Recerca i la Innovaci\u00f3 (FCRI), en col\u00b7laboraci\u00f3 amb l\u2019Ajuntament de Barcelona i el Departament d\u2019Educaci\u00f3 de la Generalitat de Catalunya, [&hellip;]<\/p>\n","protected":false},"author":6,"featured_media":20818,"parent":317,"menu_order":0,"comment_status":"closed","ping_status":"closed","template":"","meta":{"_et_pb_use_builder":"on","_et_pb_old_content":"","_et_gb_content_width":"","footnotes":""},"class_list":["post-452","page","type-page","status-publish","has-post-thumbnail","hentry"],"yoast_head":"<!-- This site is optimized with the Yoast SEO plugin v22.9 - https:\/\/yoast.com\/wordpress\/plugins\/seo\/ -->\n<title>Joves,\u00a0Ci\u00e8ncia\u00a0i\u00a0\u00c8tica - Fundacio Recerca<\/title>\n<meta name=\"robots\" content=\"index, follow, max-snippet:-1, max-image-preview:large, max-video-preview:-1\" \/>\n<link rel=\"canonical\" href=\"https:\/\/fcri.cat\/ca\/societat-educacio\/joves-ciencia-etica\/\" \/>\n<meta property=\"og:locale\" content=\"ca_ES\" \/>\n<meta property=\"og:type\" content=\"article\" \/>\n<meta property=\"og:title\" content=\"Joves,\u00a0Ci\u00e8ncia\u00a0i\u00a0\u00c8tica - Fundacio Recerca\" \/>\n<meta property=\"og:description\" content=\"Joves, Ci\u00e8ncia i \u00c8tica La Fundaci\u00f3 Catalana per a la Recerca i la Innovaci\u00f3 (FCRI), en col\u00b7laboraci\u00f3 amb l\u2019Ajuntament de Barcelona i el Departament d\u2019Educaci\u00f3 de la Generalitat de Catalunya, [&hellip;]\" \/>\n<meta property=\"og:url\" content=\"https:\/\/fcri.cat\/ca\/societat-educacio\/joves-ciencia-etica\/\" \/>\n<meta property=\"og:site_name\" content=\"Fundacio Recerca\" \/>\n<meta property=\"article:publisher\" content=\"https:\/\/www.facebook.com\/fundaciorecerca\" \/>\n<meta property=\"article:modified_time\" content=\"2026-05-12T08:30:54+00:00\" \/>\n<meta property=\"og:image\" content=\"https:\/\/fcri.cat\/wp-content\/uploads\/2024\/07\/P1020247-1-scaled.jpg?wsr\" \/>\n\t<meta property=\"og:image:width\" content=\"2560\" \/>\n\t<meta property=\"og:image:height\" content=\"1708\" \/>\n\t<meta property=\"og:image:type\" content=\"image\/jpeg\" \/>\n<meta name=\"twitter:card\" content=\"summary_large_image\" \/>\n<meta name=\"twitter:site\" content=\"@fundaciorecerca\" \/>\n<meta name=\"twitter:label1\" content=\"Temps estimat de lectura\" \/>\n\t<meta name=\"twitter:data1\" content=\"2 minuts\" \/>\n<script type=\"application\/ld+json\" class=\"yoast-schema-graph\">{\"@context\":\"https:\/\/schema.org\",\"@graph\":[{\"@type\":\"WebPage\",\"@id\":\"https:\/\/fcri.cat\/ca\/societat-educacio\/joves-ciencia-etica\/\",\"url\":\"https:\/\/fcri.cat\/ca\/societat-educacio\/joves-ciencia-etica\/\",\"name\":\"Joves,\u00a0Ci\u00e8ncia\u00a0i\u00a0\u00c8tica - Fundacio Recerca\",\"isPartOf\":{\"@id\":\"https:\/\/fcri.cat\/ca\/#website\"},\"primaryImageOfPage\":{\"@id\":\"https:\/\/fcri.cat\/ca\/societat-educacio\/joves-ciencia-etica\/#primaryimage\"},\"image\":{\"@id\":\"https:\/\/fcri.cat\/ca\/societat-educacio\/joves-ciencia-etica\/#primaryimage\"},\"thumbnailUrl\":\"https:\/\/fcri.cat\/wp-content\/uploads\/2024\/07\/P1020247-1-scaled.jpg?wsr\",\"datePublished\":\"2021-01-21T20:49:50+00:00\",\"dateModified\":\"2026-05-12T08:30:54+00:00\",\"breadcrumb\":{\"@id\":\"https:\/\/fcri.cat\/ca\/societat-educacio\/joves-ciencia-etica\/#breadcrumb\"},\"inLanguage\":\"ca\",\"potentialAction\":[{\"@type\":\"ReadAction\",\"target\":[\"https:\/\/fcri.cat\/ca\/societat-educacio\/joves-ciencia-etica\/\"]}]},{\"@type\":\"ImageObject\",\"inLanguage\":\"ca\",\"@id\":\"https:\/\/fcri.cat\/ca\/societat-educacio\/joves-ciencia-etica\/#primaryimage\",\"url\":\"https:\/\/fcri.cat\/wp-content\/uploads\/2024\/07\/P1020247-1-scaled.jpg?wsr\",\"contentUrl\":\"https:\/\/fcri.cat\/wp-content\/uploads\/2024\/07\/P1020247-1-scaled.jpg?wsr\",\"width\":2560,\"height\":1708},{\"@type\":\"BreadcrumbList\",\"@id\":\"https:\/\/fcri.cat\/ca\/societat-educacio\/joves-ciencia-etica\/#breadcrumb\",\"itemListElement\":[{\"@type\":\"ListItem\",\"position\":1,\"name\":\"Inici\",\"item\":\"https:\/\/fcri.cat\/ca\/\"},{\"@type\":\"ListItem\",\"position\":2,\"name\":\"Societat i educaci\u00f3\",\"item\":\"https:\/\/fcri.cat\/ca\/societat-educacio\/\"},{\"@type\":\"ListItem\",\"position\":3,\"name\":\"Joves,\u00a0Ci\u00e8ncia\u00a0i\u00a0\u00c8tica\"}]},{\"@type\":\"WebSite\",\"@id\":\"https:\/\/fcri.cat\/ca\/#website\",\"url\":\"https:\/\/fcri.cat\/ca\/\",\"name\":\"Fundacio Recerca\",\"description\":\"Fundaci\u00f3 Catalana per a la Recerca i la Innovaci\u00f3\",\"potentialAction\":[{\"@type\":\"SearchAction\",\"target\":{\"@type\":\"EntryPoint\",\"urlTemplate\":\"https:\/\/fcri.cat\/ca\/?s={search_term_string}\"},\"query-input\":\"required name=search_term_string\"}],\"inLanguage\":\"ca\"}]}<\/script>\n<!-- \/ Yoast SEO plugin. -->","yoast_head_json":{"title":"Joves,\u00a0Ci\u00e8ncia\u00a0i\u00a0\u00c8tica - Fundacio Recerca","robots":{"index":"index","follow":"follow","max-snippet":"max-snippet:-1","max-image-preview":"max-image-preview:large","max-video-preview":"max-video-preview:-1"},"canonical":"https:\/\/fcri.cat\/ca\/societat-educacio\/joves-ciencia-etica\/","og_locale":"ca_ES","og_type":"article","og_title":"Joves,\u00a0Ci\u00e8ncia\u00a0i\u00a0\u00c8tica - Fundacio Recerca","og_description":"Joves, Ci\u00e8ncia i \u00c8tica La Fundaci\u00f3 Catalana per a la Recerca i la Innovaci\u00f3 (FCRI), en col\u00b7laboraci\u00f3 amb l\u2019Ajuntament de Barcelona i el Departament d\u2019Educaci\u00f3 de la Generalitat de Catalunya, [&hellip;]","og_url":"https:\/\/fcri.cat\/ca\/societat-educacio\/joves-ciencia-etica\/","og_site_name":"Fundacio Recerca","article_publisher":"https:\/\/www.facebook.com\/fundaciorecerca","article_modified_time":"2026-05-12T08:30:54+00:00","og_image":[{"width":2560,"height":1708,"url":"https:\/\/fcri.cat\/wp-content\/uploads\/2024\/07\/P1020247-1-scaled.jpg?wsr","type":"image\/jpeg"}],"twitter_card":"summary_large_image","twitter_site":"@fundaciorecerca","twitter_misc":{"Temps estimat de lectura":"2 minuts"},"schema":{"@context":"https:\/\/schema.org","@graph":[{"@type":"WebPage","@id":"https:\/\/fcri.cat\/ca\/societat-educacio\/joves-ciencia-etica\/","url":"https:\/\/fcri.cat\/ca\/societat-educacio\/joves-ciencia-etica\/","name":"Joves,\u00a0Ci\u00e8ncia\u00a0i\u00a0\u00c8tica - Fundacio Recerca","isPartOf":{"@id":"https:\/\/fcri.cat\/ca\/#website"},"primaryImageOfPage":{"@id":"https:\/\/fcri.cat\/ca\/societat-educacio\/joves-ciencia-etica\/#primaryimage"},"image":{"@id":"https:\/\/fcri.cat\/ca\/societat-educacio\/joves-ciencia-etica\/#primaryimage"},"thumbnailUrl":"https:\/\/fcri.cat\/wp-content\/uploads\/2024\/07\/P1020247-1-scaled.jpg?wsr","datePublished":"2021-01-21T20:49:50+00:00","dateModified":"2026-05-12T08:30:54+00:00","breadcrumb":{"@id":"https:\/\/fcri.cat\/ca\/societat-educacio\/joves-ciencia-etica\/#breadcrumb"},"inLanguage":"ca","potentialAction":[{"@type":"ReadAction","target":["https:\/\/fcri.cat\/ca\/societat-educacio\/joves-ciencia-etica\/"]}]},{"@type":"ImageObject","inLanguage":"ca","@id":"https:\/\/fcri.cat\/ca\/societat-educacio\/joves-ciencia-etica\/#primaryimage","url":"https:\/\/fcri.cat\/wp-content\/uploads\/2024\/07\/P1020247-1-scaled.jpg?wsr","contentUrl":"https:\/\/fcri.cat\/wp-content\/uploads\/2024\/07\/P1020247-1-scaled.jpg?wsr","width":2560,"height":1708},{"@type":"BreadcrumbList","@id":"https:\/\/fcri.cat\/ca\/societat-educacio\/joves-ciencia-etica\/#breadcrumb","itemListElement":[{"@type":"ListItem","position":1,"name":"Inici","item":"https:\/\/fcri.cat\/ca\/"},{"@type":"ListItem","position":2,"name":"Societat i educaci\u00f3","item":"https:\/\/fcri.cat\/ca\/societat-educacio\/"},{"@type":"ListItem","position":3,"name":"Joves,\u00a0Ci\u00e8ncia\u00a0i\u00a0\u00c8tica"}]},{"@type":"WebSite","@id":"https:\/\/fcri.cat\/ca\/#website","url":"https:\/\/fcri.cat\/ca\/","name":"Fundacio Recerca","description":"Fundaci\u00f3 Catalana per a la Recerca i la Innovaci\u00f3","potentialAction":[{"@type":"SearchAction","target":{"@type":"EntryPoint","urlTemplate":"https:\/\/fcri.cat\/ca\/?s={search_term_string}"},"query-input":"required name=search_term_string"}],"inLanguage":"ca"}]}},"_links":{"self":[{"href":"https:\/\/fcri.cat\/ca\/wp-json\/wp\/v2\/pages\/452"}],"collection":[{"href":"https:\/\/fcri.cat\/ca\/wp-json\/wp\/v2\/pages"}],"about":[{"href":"https:\/\/fcri.cat\/ca\/wp-json\/wp\/v2\/types\/page"}],"author":[{"embeddable":true,"href":"https:\/\/fcri.cat\/ca\/wp-json\/wp\/v2\/users\/6"}],"replies":[{"embeddable":true,"href":"https:\/\/fcri.cat\/ca\/wp-json\/wp\/v2\/comments?post=452"}],"version-history":[{"count":127,"href":"https:\/\/fcri.cat\/ca\/wp-json\/wp\/v2\/pages\/452\/revisions"}],"predecessor-version":[{"id":24738,"href":"https:\/\/fcri.cat\/ca\/wp-json\/wp\/v2\/pages\/452\/revisions\/24738"}],"up":[{"embeddable":true,"href":"https:\/\/fcri.cat\/ca\/wp-json\/wp\/v2\/pages\/317"}],"wp:featuredmedia":[{"embeddable":true,"href":"https:\/\/fcri.cat\/ca\/wp-json\/wp\/v2\/media\/20818"}],"wp:attachment":[{"href":"https:\/\/fcri.cat\/ca\/wp-json\/wp\/v2\/media?parent=452"}],"curies":[{"name":"wp","href":"https:\/\/api.w.org\/{rel}","templated":true}]}}