{"id":483,"date":"2021-01-22T08:57:02","date_gmt":"2021-01-22T08:57:02","guid":{"rendered":"http:\/\/waa.fundaciorecerca.cat\/?page_id=483"},"modified":"2024-07-24T08:15:35","modified_gmt":"2024-07-24T07:15:35","slug":"premis-nacionals-de-recerca","status":"publish","type":"page","link":"https:\/\/fcri.cat\/ca\/academia\/premis-nacionals-de-recerca\/","title":{"rendered":"Premis Nacionals de Recerca"},"content":{"rendered":"<p>[et_pb_section fb_built=&#8221;1&#8243; admin_label=&#8221;Hero&#8221; _builder_version=&#8221;4.16&#8243; custom_padding=&#8221;2px|||||&#8221; da_disable_devices=&#8221;off|off|off&#8221; global_colors_info=&#8221;{}&#8221; theme_builder_area=&#8221;post_content&#8221; da_is_popup=&#8221;off&#8221; da_exit_intent=&#8221;off&#8221; da_has_close=&#8221;on&#8221; da_alt_close=&#8221;off&#8221; da_dark_close=&#8221;off&#8221; da_not_modal=&#8221;on&#8221; da_is_singular=&#8221;off&#8221; da_with_loader=&#8221;off&#8221; da_has_shadow=&#8221;on&#8221;][et_pb_row module_class=&#8221;mj-section-logo-projec&#8221; _builder_version=&#8221;4.25.2&#8243; _module_preset=&#8221;default&#8221; background_color=&#8221;RGBA(255,255,255,0)&#8221; width=&#8221;100%&#8221; width_tablet=&#8221;&#8221; width_phone=&#8221;&#8221; width_last_edited=&#8221;on|phone&#8221; min_height=&#8221;174px&#8221; custom_margin=&#8221;|auto|-3px|auto||&#8221; custom_padding=&#8221;||0px||false|false&#8221; global_colors_info=&#8221;{}&#8221; theme_builder_area=&#8221;post_content&#8221;][et_pb_column type=&#8221;4_4&#8243; _builder_version=&#8221;4.24.1&#8243; _module_preset=&#8221;default&#8221; background_color=&#8221;RGBA(255,255,255,0)&#8221; global_colors_info=&#8221;{}&#8221; theme_builder_area=&#8221;post_content&#8221;][et_pb_image src=&#8221;https:\/\/fcri.cat\/wp-content\/uploads\/2024\/07\/Recurso-web-fcri-pnr35.png&#8221; title_text=&#8221;Recurso web fcri pnr35&#8243; align=&#8221;right&#8221; _builder_version=&#8221;4.25.2&#8243; _module_preset=&#8221;default&#8221; background_color=&#8221;#FFFFFF&#8221; width=&#8221;250px&#8221; width_tablet=&#8221;200px&#8221; width_phone=&#8221;150px&#8221; width_last_edited=&#8221;on|desktop&#8221; module_alignment=&#8221;right&#8221; height=&#8221;250px&#8221; height_tablet=&#8221;200px&#8221; height_phone=&#8221;150px&#8221; height_last_edited=&#8221;on|tablet&#8221; custom_margin=&#8221;||||false|false&#8221; custom_margin_tablet=&#8221;20px||||false|false&#8221; custom_margin_phone=&#8221;60px||||false|false&#8221; custom_margin_last_edited=&#8221;on|desktop&#8221; custom_padding=&#8221;|||3px||&#8221; hover_enabled=&#8221;0&#8243; background_last_edited=&#8221;on|phone&#8221; box_shadow_style=&#8221;preset1&#8243; global_colors_info=&#8221;{}&#8221; theme_builder_area=&#8221;post_content&#8221; sticky_enabled=&#8221;0&#8243;][\/et_pb_image][\/et_pb_column][\/et_pb_row][et_pb_row _builder_version=&#8221;4.25.2&#8243; _module_preset=&#8221;default&#8221; width=&#8221;100%&#8221; width_tablet=&#8221;100%&#8221; width_phone=&#8221;100%&#8221; width_last_edited=&#8221;on|phone&#8221; global_colors_info=&#8221;{}&#8221; theme_builder_area=&#8221;post_content&#8221;][et_pb_column type=&#8221;4_4&#8243; _builder_version=&#8221;4.16&#8243; _module_preset=&#8221;default&#8221; custom_padding=&#8221;|50px|||false|false&#8221; custom_padding_tablet=&#8221;|0px|40px||false|false&#8221; custom_padding_phone=&#8221;||40px||false|false&#8221; custom_padding_last_edited=&#8221;on|desktop&#8221; global_colors_info=&#8221;{}&#8221; theme_builder_area=&#8221;post_content&#8221;][et_pb_text _builder_version=&#8221;4.25.2&#8243; _module_preset=&#8221;default&#8221; global_colors_info=&#8221;{}&#8221; theme_builder_area=&#8221;post_content&#8221;]<\/p>\n<p><span>El Govern de la Generalitat de Catalunya, mitjan\u00e7ant l\u2019FCRI, convoca els Premis Nacionals de Recerca, els quals tenen com a finalitat fomentar el reconeixement social de la ci\u00e8ncia i l\u2019activitat dels investigadors, mecenes, empresaris, emprenedors i comunicadors vinculats al nostre pa\u00eds.<\/span><\/p>\n<p>[\/et_pb_text][et_pb_text _builder_version=&#8221;4.25.2&#8243; _module_preset=&#8221;default&#8221; custom_margin=&#8221;60px||||false|false&#8221; global_colors_info=&#8221;{}&#8221; theme_builder_area=&#8221;post_content&#8221;]<\/p>\n<h2>1. Premi Nacional de Recerca<\/h2>\n<p>Premia l\u2019investigador\/a del Sistema Catal\u00e0 de Recerca i Innovaci\u00f3 o que desenvolupi la seva activitat fora de Catalunya, que hagi contribu\u00eft internacionalment a l\u2019aven\u00e7 d\u2019una disciplina cient\u00edfica en qualsevol dels seus \u00e0mbits: ci\u00e8ncies humanes i socials, ci\u00e8ncies de la vida i de la salut, enginyeries i tecnologia i ci\u00e8ncies experimentals.<\/p>\n<p>En qu\u00e8 consisteix el premi?<\/p>\n<p>\u2013 En una figura acreditativa del ceramista i escultor Jordi Serra.<br \/>\u2013 La quantitat de 40.000 \u20ac.<\/p>\n<p>[\/et_pb_text][et_pb_text _builder_version=&#8221;4.25.2&#8243; _module_preset=&#8221;default&#8221; custom_margin=&#8221;60px||||false|false&#8221; global_colors_info=&#8221;{}&#8221; theme_builder_area=&#8221;post_content&#8221;]<\/p>\n<h2>2. Premi Nacional de Recerca al Talent Jove<\/h2>\n<p>Vol estimular i recon\u00e8ixer l\u2019esfor\u00e7 dels\/de les joves investigadors\/ores (fins a 40 anys) que en la seva traject\u00f2ria professional hagin destacat per la qualitat i excel\u00b7l\u00e8ncia del seu treball cient\u00edfic i de recerca.<\/p>\n<p>En qu\u00e8 consisteix el premi?<\/p>\n<p>\u2013 En una figura acreditativa del ceramista i escultor Jordi Serra.<br \/>\u2013 La quantitat de 15.000 \u20ac.<\/p>\n<p>[\/et_pb_text][et_pb_text _builder_version=&#8221;4.25.2&#8243; _module_preset=&#8221;default&#8221; custom_margin=&#8221;60px||||false|false&#8221; locked=&#8221;off&#8221; global_colors_info=&#8221;{}&#8221; theme_builder_area=&#8221;post_content&#8221;]<\/p>\n<h2>3. Premi Nacional a l\u2019Impuls de la Transfer\u00e8ncia del Coneixement<\/h2>\n<p>Reconeix les iniciatives, models organitzatius, procediments, programes o serveis amb un impacte rellevant en el model de transfer\u00e8ncia.<\/p>\n<p>En qu\u00e8 consisteix el premi?<\/p>\n<p>\u2013 En una figura acreditativa del ceramista i escultor Jordi Serra.<br \/>\u2013 La quantitat de 10.000 \u20ac.<\/p>\n<p>[\/et_pb_text][et_pb_text _builder_version=&#8221;4.25.2&#8243; _module_preset=&#8221;default&#8221; custom_margin=&#8221;60px||||false|false&#8221; global_colors_info=&#8221;{}&#8221; theme_builder_area=&#8221;post_content&#8221;]<\/p>\n<h2>4. Premi Nacional de Comunicaci\u00f3 Cient\u00edfica<\/h2>\n<p>Premia la millor iniciativa de comunicaci\u00f3 i divulgaci\u00f3 cient\u00edfica de Catalunya en qualsevol dels possibles formats i mitjans existents publicacions en paper o digitals, programes de r\u00e0dio i televisi\u00f3, webs, exposicions i festivals, entre d\u2019altres, aix\u00ed com els professionals d\u2019aquests \u00e0mbits.<\/p>\n<p>En qu\u00e8 consisteix el premi?<\/p>\n<p>&#8211; En una figura acreditativa del ceramista i escultor Jordi Serra.<br \/>&#8211; Sense dotaci\u00f3 econ\u00f2mica.<\/p>\n<p>[\/et_pb_text][et_pb_text _builder_version=&#8221;4.25.2&#8243; _module_preset=&#8221;default&#8221; custom_margin=&#8221;60px||||false|false&#8221; global_colors_info=&#8221;{}&#8221; theme_builder_area=&#8221;post_content&#8221;]<\/p>\n<h2>5. Premi Nacional de Mecenatge Cient\u00edfic<\/h2>\n<p>Esdev\u00e9 un reconeixement institucional a les persones, empreses o d&#8217;altres entitats per la seva contribuci\u00f3 a la generaci\u00f3 o donaci\u00f3 de recursos filantr\u00f2pics per promoure o recolzar projectes cient\u00edfics a Catalunya.<\/p>\n<p>En qu\u00e8 consisteix el premi?<\/p>\n<p>&#8211; En una figura acreditativa del ceramista i escultor Jordi Serra.<br \/>&#8211; Sense dotaci\u00f3 econ\u00f2mica.<\/p>\n<p>[\/et_pb_text][et_pb_text _builder_version=&#8221;4.25.2&#8243; _module_preset=&#8221;default&#8221; custom_margin=&#8221;60px||||false|false&#8221; global_colors_info=&#8221;{}&#8221; theme_builder_area=&#8221;post_content&#8221;]<\/p>\n<h2>6. Premi Nacional al Partenariat Publicoprivat en R+I<\/h2>\n<p>T\u00e9 com a finalitat recon\u00e8ixer les activitats de partenariat publicoprivat en recerca i en l&#8217;\u00e0mbit general de la cooperaci\u00f3 entre el sector p\u00fablic i el privat en activitats d&#8217;R+I a Catalunya.<\/p>\n<p>En qu\u00e8 consisteix el premi?<\/p>\n<p>&#8211; En una figura acreditativa del ceramista i escultor Jordi Serra.<br \/>&#8211; Sense dotaci\u00f3 econ\u00f2mica.<\/p>\n<p>[\/et_pb_text][et_pb_text _builder_version=&#8221;4.25.2&#8243; _module_preset=&#8221;default&#8221; custom_margin=&#8221;60px||||false|false&#8221; global_colors_info=&#8221;{}&#8221; theme_builder_area=&#8221;post_content&#8221;]<\/p>\n<h2>7. Premi Nacional d&#8217;Innovaci\u00f3 a la Creaci\u00f3 d&#8217;una Empresa de Base Cient\u00edfica<\/h2>\n<p>T\u00e9 com a finalitat recon\u00e8ixer la creaci\u00f3 d\u2019una empresa de base cient\u00edfica sorgida originalment del sistema R+D+I catal\u00e0 que procedeixi d\u2019un entorn acad\u00e8mic.<\/p>\n<p>En qu\u00e8 consisteix el premi?<\/p>\n<p>&#8211; En una figura acreditativa del ceramista i escultor Jordi Serra.<br \/>&#8211; Sense dotaci\u00f3 econ\u00f2mica.<\/p>\n<p>[\/et_pb_text][et_pb_text _builder_version=&#8221;4.25.2&#8243; _module_preset=&#8221;default&#8221; text_font=&#8221;||||||||&#8221; text_text_color=&#8221;#e09900&#8243; text_font_size=&#8221;18px&#8221; text_line_height=&#8221;1.8em&#8221; module_alignment=&#8221;right&#8221; custom_margin=&#8221;||||false|false&#8221; custom_padding=&#8221;||||false|false&#8221; border_color_left=&#8221;#AFA44C&#8221; global_colors_info=&#8221;{}&#8221; theme_builder_area=&#8221;post_content&#8221;]<a target=\"_blank\" href=\"https:\/\/fcri.cat\/sala-de-premsa\/eduard-batlle-investigador-de-lirb-barcelona-premi-nacional-de-recerca-2023-pels-seus-descobriments-pioners-en-cancer-de-colon-i-la-seva-metastasi\/\" title=\"Resoluci\u00f3 Premis Nacionals de Recerca 2023\" rel=\"noopener noreferrer\">Resoluci\u00f3 Premis Nacionals de Recerca 2023<\/a><br \/>\n<a target=\"_blank\" href=\"https:\/\/premisnacionalsrecerca.fundaciorecerca.cat\/frontend\/\" title=\"Web dels Premis Nacionals de Recerca\" rel=\"noopener noreferrer\">Web dels Premis Nacionals de Recerca<\/a>[\/et_pb_text][et_pb_text _builder_version=&#8221;4.25.2&#8243; _module_preset=&#8221;default&#8221; custom_margin=&#8221;||||false|false&#8221; custom_padding=&#8221;40px||||false|false&#8221; global_colors_info=&#8221;{}&#8221; theme_builder_area=&#8221;post_content&#8221;]<\/p>\n<h2>Contacte<\/h2>\n<p>Miquel \u00c0ngel Guadalupe<br \/><a class=\"underline\" href=\"mailto:mguadalupe@fcri.cat\" rel=\"alternate\">mguadalupe@fcri.cat<\/a><\/p>\n<p>&nbsp;<\/p>\n<p>[\/et_pb_text][et_pb_text _builder_version=&#8221;4.19.1&#8243; _module_preset=&#8221;default&#8221; custom_padding=&#8221;40px||||false|false&#8221; global_colors_info=&#8221;{}&#8221; theme_builder_area=&#8221;post_content&#8221;]<\/p>\n<h2>Organitzen<\/h2>\n<p>Els Premis Nacionals de Recerca s\u00f3n convocats pel Govern de la Generalitat de Catalunya mitjan\u00e7ant l&#8217;FCRI.<\/p>\n<p>[\/et_pb_text][et_pb_text _builder_version=&#8221;4.16&#8243; _module_preset=&#8221;default&#8221; custom_margin=&#8221;60px||60px||true|false&#8221; custom_padding=&#8221;10px||10px||true|false&#8221; border_width_top=&#8221;1px&#8221; border_width_bottom=&#8221;1px&#8221; global_colors_info=&#8221;{}&#8221; theme_builder_area=&#8221;post_content&#8221;]<\/p>\n<p>Segons\u00a0<em><a href=\"https:\/\/premisnacionalsrecerca.fundaciorecerca.cat\/frontend\/Basespremi2020.pdf\" title=\"les bases\">les bases<\/a><\/em>\u00a0dels Premis, les universitats (\u00f2rgans de govern, facultats, escoles, departaments), els centres de recerca, instituts universitaris de recerca, les acad\u00e8mies, les empreses i fundacions i, en general, tots els agents del sistema catal\u00e0 de recerca i innovaci\u00f3, poden presentar candidatures a totes les categories.\u00a0La presentaci\u00f3 de candidatures cal fer-la a trav\u00e9s del\u00a0<em><a href=\"https:\/\/premisnacionalsrecerca.fundaciorecerca.cat\/frontend\/\" title=\"web del premi\">web del premi<\/a><\/em>, on hi ha tota la informaci\u00f3 necess\u00e0ria i bases per a presentar la candidatura en qualsevol de les modalitats dels Premis Nacionals de Recerca.<\/p>\n<p>[\/et_pb_text][et_pb_text _builder_version=&#8221;4.16&#8243; _module_preset=&#8221;default&#8221; header_3_font_size=&#8221;23px&#8221; global_colors_info=&#8221;{}&#8221; theme_builder_area=&#8221;post_content&#8221;]<\/p>\n<h3>Hi col\u00b7laboren<\/h3>\n<p>[\/et_pb_text][et_pb_image src=&#8221;https:\/\/fcri.cat\/wp-content\/uploads\/2021\/01\/avellana-reus.png&#8221; alt=&#8221;avellana-reus&#8221; title_text=&#8221;avellana-reus&#8221; _builder_version=&#8221;4.25.2&#8243; _module_preset=&#8221;default&#8221; filter_saturate=&#8221;0%&#8221; custom_css_main_element=&#8221;display:inline-block;||max-width:25%;&#8221; global_colors_info=&#8221;{}&#8221; theme_builder_area=&#8221;post_content&#8221;][\/et_pb_image][et_pb_image src=&#8221;https:\/\/fcri.cat\/wp-content\/uploads\/2021\/01\/ctalunya-do.png&#8221; alt=&#8221;ctalunya-do&#8221; title_text=&#8221;ctalunya-do&#8221; _builder_version=&#8221;4.25.2&#8243; _module_preset=&#8221;default&#8221; filter_saturate=&#8221;0%&#8221; custom_css_main_element=&#8221;display:inline-block;||max-width:25%;&#8221; global_colors_info=&#8221;{}&#8221; theme_builder_area=&#8221;post_content&#8221;][\/et_pb_image][et_pb_image src=&#8221;https:\/\/fcri.cat\/wp-content\/uploads\/2021\/01\/indiacio-goeografica.png&#8221; alt=&#8221;indiacio-goeografica&#8221; title_text=&#8221;indiacio-goeografica&#8221; _builder_version=&#8221;4.25.2&#8243; _module_preset=&#8221;default&#8221; filter_saturate=&#8221;0%&#8221; custom_css_main_element=&#8221;display:inline-block;||max-width:25%;&#8221; global_colors_info=&#8221;{}&#8221; theme_builder_area=&#8221;post_content&#8221;][\/et_pb_image][et_pb_image src=&#8221;https:\/\/fcri.cat\/wp-content\/uploads\/2021\/01\/denominacio-origen.png&#8221; alt=&#8221;denominacio-origen&#8221; title_text=&#8221;denominacio-origen&#8221; _builder_version=&#8221;4.25.2&#8243; _module_preset=&#8221;default&#8221; filter_saturate=&#8221;0%&#8221; custom_css_main_element=&#8221;display:inline-block;||max-width:25%;&#8221; global_colors_info=&#8221;{}&#8221; theme_builder_area=&#8221;post_content&#8221;][\/et_pb_image][et_pb_image src=&#8221;https:\/\/fcri.cat\/wp-content\/uploads\/2021\/01\/llangonissa-vic-1.png&#8221; alt=&#8221;llangonissa-vic-1&#8243; title_text=&#8221;llangonissa-vic-1&#8243; _builder_version=&#8221;4.25.2&#8243; _module_preset=&#8221;default&#8221; filter_saturate=&#8221;0%&#8221; custom_css_main_element=&#8221;display:inline-block;||max-width:25%;&#8221; global_colors_info=&#8221;{}&#8221; theme_builder_area=&#8221;post_content&#8221;][\/et_pb_image][et_pb_image src=&#8221;https:\/\/fcri.cat\/wp-content\/uploads\/2021\/01\/pnr_dop_formatge-150&#215;150.png&#8221; alt=&#8221;pnr_dop_formatge&#8221; title_text=&#8221;pnr_dop_formatge&#8221; _builder_version=&#8221;4.25.2&#8243; _module_preset=&#8221;default&#8221; filter_saturate=&#8221;0%&#8221; custom_css_main_element=&#8221;display:inline-block;||max-width:25%;&#8221; global_colors_info=&#8221;{}&#8221; theme_builder_area=&#8221;post_content&#8221;][\/et_pb_image][et_pb_image src=&#8221;https:\/\/fcri.cat\/wp-content\/uploads\/2021\/01\/pnr_oli_terra_alta.png&#8221; alt=&#8221;pnr_oli_terra_alta&#8221; title_text=&#8221;pnr_oli_terra_alta&#8221; _builder_version=&#8221;4.25.2&#8243; _module_preset=&#8221;default&#8221; filter_saturate=&#8221;0%&#8221; custom_css_main_element=&#8221;display:inline-block;||max-width:25%;&#8221; global_colors_info=&#8221;{}&#8221; theme_builder_area=&#8221;post_content&#8221;][\/et_pb_image][et_pb_image src=&#8221;https:\/\/fcri.cat\/wp-content\/uploads\/2021\/01\/pnr_pa_pages.png&#8221; alt=&#8221;pnr_pa_pages&#8221; title_text=&#8221;pnr_pa_pages&#8221; _builder_version=&#8221;4.25.2&#8243; _module_preset=&#8221;default&#8221; filter_saturate=&#8221;0%&#8221; custom_css_main_element=&#8221;display:inline-block;||max-width:25%;&#8221; global_colors_info=&#8221;{}&#8221; theme_builder_area=&#8221;post_content&#8221;][\/et_pb_image][et_pb_image src=&#8221;https:\/\/fcri.cat\/wp-content\/uploads\/2021\/01\/pnr_siurana.png&#8221; alt=&#8221;pnr_siurana&#8221; title_text=&#8221;pnr_siurana&#8221; _builder_version=&#8221;4.25.2&#8243; _module_preset=&#8221;default&#8221; filter_saturate=&#8221;0%&#8221; custom_css_main_element=&#8221;display:inline-block;||max-width:25%;&#8221; global_colors_info=&#8221;{}&#8221; theme_builder_area=&#8221;post_content&#8221;][\/et_pb_image][et_pb_image src=&#8221;https:\/\/fcri.cat\/wp-content\/uploads\/2021\/01\/pnr_oli_baix_ebre.png&#8221; alt=&#8221;pnr_oli_baix_ebre&#8221; title_text=&#8221;pnr_oli_baix_ebre&#8221; _builder_version=&#8221;4.25.2&#8243; _module_preset=&#8221;default&#8221; filter_saturate=&#8221;0%&#8221; custom_css_main_element=&#8221;display:inline-block;||max-width:25%;&#8221; global_colors_info=&#8221;{}&#8221; theme_builder_area=&#8221;post_content&#8221;][\/et_pb_image][et_pb_image src=&#8221;https:\/\/fcri.cat\/wp-content\/uploads\/2021\/01\/pnr_pdr2020.png&#8221; alt=&#8221;pnr_pdr2020&#8243; title_text=&#8221;pnr_pdr2020&#8243; _builder_version=&#8221;4.25.2&#8243; _module_preset=&#8221;default&#8221; filter_saturate=&#8221;0%&#8221; custom_css_main_element=&#8221;display:inline-block;||max-width:25%;&#8221; global_colors_info=&#8221;{}&#8221; theme_builder_area=&#8221;post_content&#8221;][\/et_pb_image][\/et_pb_column][\/et_pb_row][\/et_pb_section]<\/p>\n","protected":false},"excerpt":{"rendered":"<p>El Govern de la Generalitat de Catalunya, mitjan\u00e7ant l\u2019FCRI, convoca els Premis Nacionals de Recerca, els quals tenen com a finalitat fomentar el reconeixement social de la ci\u00e8ncia i l\u2019activitat [&hellip;]<\/p>\n","protected":false},"author":6,"featured_media":20696,"parent":309,"menu_order":0,"comment_status":"closed","ping_status":"closed","template":"","meta":{"_et_pb_use_builder":"on","_et_pb_old_content":"","_et_gb_content_width":"","footnotes":""},"class_list":["post-483","page","type-page","status-publish","has-post-thumbnail","hentry"],"yoast_head":"<!-- This site is optimized with the Yoast SEO plugin v22.9 - https:\/\/yoast.com\/wordpress\/plugins\/seo\/ -->\n<title>Premis Nacionals de Recerca - Fundacio Recerca<\/title>\n<meta name=\"robots\" content=\"index, follow, max-snippet:-1, max-image-preview:large, max-video-preview:-1\" \/>\n<link rel=\"canonical\" href=\"https:\/\/fcri.cat\/ca\/academia\/premis-nacionals-de-recerca\/\" \/>\n<meta property=\"og:locale\" content=\"ca_ES\" \/>\n<meta property=\"og:type\" content=\"article\" \/>\n<meta property=\"og:title\" content=\"Premis Nacionals de Recerca - Fundacio Recerca\" \/>\n<meta property=\"og:description\" content=\"El Govern de la Generalitat de Catalunya, mitjan\u00e7ant l\u2019FCRI, convoca els Premis Nacionals de Recerca, els quals tenen com a finalitat fomentar el reconeixement social de la ci\u00e8ncia i l\u2019activitat [&hellip;]\" \/>\n<meta property=\"og:url\" content=\"https:\/\/fcri.cat\/ca\/academia\/premis-nacionals-de-recerca\/\" \/>\n<meta property=\"og:site_name\" content=\"Fundacio Recerca\" \/>\n<meta property=\"article:publisher\" content=\"https:\/\/www.facebook.com\/fundaciorecerca\" \/>\n<meta property=\"article:modified_time\" content=\"2024-07-24T07:15:35+00:00\" \/>\n<meta property=\"og:image\" content=\"https:\/\/fcri.cat\/wp-content\/uploads\/2024\/07\/thumbnail_Premis-Recerca-009_ret-1024x412.png\" \/>\n\t<meta property=\"og:image:width\" content=\"1024\" \/>\n\t<meta property=\"og:image:height\" content=\"412\" \/>\n\t<meta property=\"og:image:type\" content=\"image\/png\" \/>\n<meta name=\"twitter:card\" content=\"summary_large_image\" \/>\n<meta name=\"twitter:site\" content=\"@fundaciorecerca\" \/>\n<meta name=\"twitter:label1\" content=\"Temps estimat de lectura\" \/>\n\t<meta name=\"twitter:data1\" content=\"6 minuts\" \/>\n<script type=\"application\/ld+json\" class=\"yoast-schema-graph\">{\"@context\":\"https:\/\/schema.org\",\"@graph\":[{\"@type\":\"WebPage\",\"@id\":\"https:\/\/fcri.cat\/ca\/academia\/premis-nacionals-de-recerca\/\",\"url\":\"https:\/\/fcri.cat\/ca\/academia\/premis-nacionals-de-recerca\/\",\"name\":\"Premis Nacionals de Recerca - Fundacio Recerca\",\"isPartOf\":{\"@id\":\"https:\/\/fcri.cat\/ca\/#website\"},\"primaryImageOfPage\":{\"@id\":\"https:\/\/fcri.cat\/ca\/academia\/premis-nacionals-de-recerca\/#primaryimage\"},\"image\":{\"@id\":\"https:\/\/fcri.cat\/ca\/academia\/premis-nacionals-de-recerca\/#primaryimage\"},\"thumbnailUrl\":\"https:\/\/fcri.cat\/wp-content\/uploads\/2024\/07\/thumbnail_Premis-Recerca-009_ret.png?wsr\",\"datePublished\":\"2021-01-22T08:57:02+00:00\",\"dateModified\":\"2024-07-24T07:15:35+00:00\",\"breadcrumb\":{\"@id\":\"https:\/\/fcri.cat\/ca\/academia\/premis-nacionals-de-recerca\/#breadcrumb\"},\"inLanguage\":\"ca\",\"potentialAction\":[{\"@type\":\"ReadAction\",\"target\":[\"https:\/\/fcri.cat\/ca\/academia\/premis-nacionals-de-recerca\/\"]}]},{\"@type\":\"ImageObject\",\"inLanguage\":\"ca\",\"@id\":\"https:\/\/fcri.cat\/ca\/academia\/premis-nacionals-de-recerca\/#primaryimage\",\"url\":\"https:\/\/fcri.cat\/wp-content\/uploads\/2024\/07\/thumbnail_Premis-Recerca-009_ret.png?wsr\",\"contentUrl\":\"https:\/\/fcri.cat\/wp-content\/uploads\/2024\/07\/thumbnail_Premis-Recerca-009_ret.png?wsr\",\"width\":1920,\"height\":773},{\"@type\":\"BreadcrumbList\",\"@id\":\"https:\/\/fcri.cat\/ca\/academia\/premis-nacionals-de-recerca\/#breadcrumb\",\"itemListElement\":[{\"@type\":\"ListItem\",\"position\":1,\"name\":\"Inici\",\"item\":\"https:\/\/fcri.cat\/ca\/\"},{\"@type\":\"ListItem\",\"position\":2,\"name\":\"Acad\u00e8mia\",\"item\":\"https:\/\/fcri.cat\/ca\/academia\/\"},{\"@type\":\"ListItem\",\"position\":3,\"name\":\"Premis Nacionals de Recerca\"}]},{\"@type\":\"WebSite\",\"@id\":\"https:\/\/fcri.cat\/ca\/#website\",\"url\":\"https:\/\/fcri.cat\/ca\/\",\"name\":\"Fundacio Recerca\",\"description\":\"Fundaci\u00f3 Catalana per a la Recerca i la Innovaci\u00f3\",\"potentialAction\":[{\"@type\":\"SearchAction\",\"target\":{\"@type\":\"EntryPoint\",\"urlTemplate\":\"https:\/\/fcri.cat\/ca\/?s={search_term_string}\"},\"query-input\":\"required name=search_term_string\"}],\"inLanguage\":\"ca\"}]}<\/script>\n<!-- \/ Yoast SEO plugin. -->","yoast_head_json":{"title":"Premis Nacionals de Recerca - Fundacio Recerca","robots":{"index":"index","follow":"follow","max-snippet":"max-snippet:-1","max-image-preview":"max-image-preview:large","max-video-preview":"max-video-preview:-1"},"canonical":"https:\/\/fcri.cat\/ca\/academia\/premis-nacionals-de-recerca\/","og_locale":"ca_ES","og_type":"article","og_title":"Premis Nacionals de Recerca - Fundacio Recerca","og_description":"El Govern de la Generalitat de Catalunya, mitjan\u00e7ant l\u2019FCRI, convoca els Premis Nacionals de Recerca, els quals tenen com a finalitat fomentar el reconeixement social de la ci\u00e8ncia i l\u2019activitat [&hellip;]","og_url":"https:\/\/fcri.cat\/ca\/academia\/premis-nacionals-de-recerca\/","og_site_name":"Fundacio Recerca","article_publisher":"https:\/\/www.facebook.com\/fundaciorecerca","article_modified_time":"2024-07-24T07:15:35+00:00","og_image":[{"width":1024,"height":412,"url":"https:\/\/fcri.cat\/wp-content\/uploads\/2024\/07\/thumbnail_Premis-Recerca-009_ret-1024x412.png","type":"image\/png"}],"twitter_card":"summary_large_image","twitter_site":"@fundaciorecerca","twitter_misc":{"Temps estimat de lectura":"6 minuts"},"schema":{"@context":"https:\/\/schema.org","@graph":[{"@type":"WebPage","@id":"https:\/\/fcri.cat\/ca\/academia\/premis-nacionals-de-recerca\/","url":"https:\/\/fcri.cat\/ca\/academia\/premis-nacionals-de-recerca\/","name":"Premis Nacionals de Recerca - Fundacio Recerca","isPartOf":{"@id":"https:\/\/fcri.cat\/ca\/#website"},"primaryImageOfPage":{"@id":"https:\/\/fcri.cat\/ca\/academia\/premis-nacionals-de-recerca\/#primaryimage"},"image":{"@id":"https:\/\/fcri.cat\/ca\/academia\/premis-nacionals-de-recerca\/#primaryimage"},"thumbnailUrl":"https:\/\/fcri.cat\/wp-content\/uploads\/2024\/07\/thumbnail_Premis-Recerca-009_ret.png?wsr","datePublished":"2021-01-22T08:57:02+00:00","dateModified":"2024-07-24T07:15:35+00:00","breadcrumb":{"@id":"https:\/\/fcri.cat\/ca\/academia\/premis-nacionals-de-recerca\/#breadcrumb"},"inLanguage":"ca","potentialAction":[{"@type":"ReadAction","target":["https:\/\/fcri.cat\/ca\/academia\/premis-nacionals-de-recerca\/"]}]},{"@type":"ImageObject","inLanguage":"ca","@id":"https:\/\/fcri.cat\/ca\/academia\/premis-nacionals-de-recerca\/#primaryimage","url":"https:\/\/fcri.cat\/wp-content\/uploads\/2024\/07\/thumbnail_Premis-Recerca-009_ret.png?wsr","contentUrl":"https:\/\/fcri.cat\/wp-content\/uploads\/2024\/07\/thumbnail_Premis-Recerca-009_ret.png?wsr","width":1920,"height":773},{"@type":"BreadcrumbList","@id":"https:\/\/fcri.cat\/ca\/academia\/premis-nacionals-de-recerca\/#breadcrumb","itemListElement":[{"@type":"ListItem","position":1,"name":"Inici","item":"https:\/\/fcri.cat\/ca\/"},{"@type":"ListItem","position":2,"name":"Acad\u00e8mia","item":"https:\/\/fcri.cat\/ca\/academia\/"},{"@type":"ListItem","position":3,"name":"Premis Nacionals de Recerca"}]},{"@type":"WebSite","@id":"https:\/\/fcri.cat\/ca\/#website","url":"https:\/\/fcri.cat\/ca\/","name":"Fundacio Recerca","description":"Fundaci\u00f3 Catalana per a la Recerca i la Innovaci\u00f3","potentialAction":[{"@type":"SearchAction","target":{"@type":"EntryPoint","urlTemplate":"https:\/\/fcri.cat\/ca\/?s={search_term_string}"},"query-input":"required name=search_term_string"}],"inLanguage":"ca"}]}},"_links":{"self":[{"href":"https:\/\/fcri.cat\/ca\/wp-json\/wp\/v2\/pages\/483"}],"collection":[{"href":"https:\/\/fcri.cat\/ca\/wp-json\/wp\/v2\/pages"}],"about":[{"href":"https:\/\/fcri.cat\/ca\/wp-json\/wp\/v2\/types\/page"}],"author":[{"embeddable":true,"href":"https:\/\/fcri.cat\/ca\/wp-json\/wp\/v2\/users\/6"}],"replies":[{"embeddable":true,"href":"https:\/\/fcri.cat\/ca\/wp-json\/wp\/v2\/comments?post=483"}],"version-history":[{"count":87,"href":"https:\/\/fcri.cat\/ca\/wp-json\/wp\/v2\/pages\/483\/revisions"}],"predecessor-version":[{"id":20852,"href":"https:\/\/fcri.cat\/ca\/wp-json\/wp\/v2\/pages\/483\/revisions\/20852"}],"up":[{"embeddable":true,"href":"https:\/\/fcri.cat\/ca\/wp-json\/wp\/v2\/pages\/309"}],"wp:featuredmedia":[{"embeddable":true,"href":"https:\/\/fcri.cat\/ca\/wp-json\/wp\/v2\/media\/20696"}],"wp:attachment":[{"href":"https:\/\/fcri.cat\/ca\/wp-json\/wp\/v2\/media?parent=483"}],"curies":[{"name":"wp","href":"https:\/\/api.w.org\/{rel}","templated":true}]}}