{"id":515,"date":"2021-01-22T11:31:18","date_gmt":"2021-01-22T11:31:18","guid":{"rendered":"http:\/\/waa.fundaciorecerca.cat\/?page_id=515"},"modified":"2024-07-01T10:25:12","modified_gmt":"2024-07-01T09:25:12","slug":"dones-i-ciencia","status":"publish","type":"page","link":"https:\/\/fcri.cat\/ca\/academia\/dones-i-ciencia\/","title":{"rendered":"Dones i Ci\u00e8ncia"},"content":{"rendered":"<p>[et_pb_section fb_built=&#8221;1&#8243; admin_label=&#8221;Hero&#8221; _builder_version=&#8221;4.16&#8243; custom_padding=&#8221;2px|||||&#8221; da_disable_devices=&#8221;off|off|off&#8221; locked=&#8221;off&#8221; global_colors_info=&#8221;{}&#8221; theme_builder_area=&#8221;post_content&#8221; da_is_popup=&#8221;off&#8221; da_exit_intent=&#8221;off&#8221; da_has_close=&#8221;on&#8221; da_alt_close=&#8221;off&#8221; da_dark_close=&#8221;off&#8221; da_not_modal=&#8221;on&#8221; da_is_singular=&#8221;off&#8221; da_with_loader=&#8221;off&#8221; da_has_shadow=&#8221;on&#8221;][et_pb_row module_class=&#8221;mj-section-logo-projec&#8221; _builder_version=&#8221;4.25.2&#8243; _module_preset=&#8221;default&#8221; background_color=&#8221;RGBA(255,255,255,0)&#8221; width=&#8221;100%&#8221; width_tablet=&#8221;&#8221; width_phone=&#8221;&#8221; width_last_edited=&#8221;on|phone&#8221; min_height=&#8221;174px&#8221; custom_margin=&#8221;|auto|-3px|auto||&#8221; custom_padding=&#8221;||0px||false|false&#8221; global_colors_info=&#8221;{}&#8221; theme_builder_area=&#8221;post_content&#8221;][et_pb_column type=&#8221;4_4&#8243; _builder_version=&#8221;4.24.1&#8243; _module_preset=&#8221;default&#8221; background_color=&#8221;RGBA(255,255,255,0)&#8221; global_colors_info=&#8221;{}&#8221; theme_builder_area=&#8221;post_content&#8221;][et_pb_image title_text=&#8221;Recurso 6&#8243; align=&#8221;right&#8221; _builder_version=&#8221;4.25.2&#8243; _module_preset=&#8221;default&#8221; background_color=&#8221;#FFFFFF&#8221; width=&#8221;250px&#8221; width_tablet=&#8221;200px&#8221; width_phone=&#8221;150px&#8221; width_last_edited=&#8221;on|desktop&#8221; module_alignment=&#8221;right&#8221; height=&#8221;250px&#8221; height_tablet=&#8221;200px&#8221; height_phone=&#8221;150px&#8221; height_last_edited=&#8221;on|tablet&#8221; custom_margin=&#8221;||||false|false&#8221; custom_margin_tablet=&#8221;20px||||false|false&#8221; custom_margin_phone=&#8221;60px||||false|false&#8221; custom_margin_last_edited=&#8221;on|desktop&#8221; custom_padding=&#8221;|||3px||&#8221; background_last_edited=&#8221;on|desktop&#8221; box_shadow_style=&#8221;preset1&#8243; global_colors_info=&#8221;{}&#8221; theme_builder_area=&#8221;post_content&#8221;][\/et_pb_image][\/et_pb_column][\/et_pb_row][et_pb_row _builder_version=&#8221;4.16&#8243; _module_preset=&#8221;default&#8221; locked=&#8221;off&#8221; global_colors_info=&#8221;{}&#8221; theme_builder_area=&#8221;post_content&#8221;][et_pb_column type=&#8221;4_4&#8243; _builder_version=&#8221;4.16&#8243; _module_preset=&#8221;default&#8221; custom_padding=&#8221;|50px|||false|false&#8221; custom_padding_tablet=&#8221;|0px|40px||false|false&#8221; custom_padding_phone=&#8221;||40px||false|false&#8221; custom_padding_last_edited=&#8221;on|desktop&#8221; global_colors_info=&#8221;{}&#8221; theme_builder_area=&#8221;post_content&#8221;][et_pb_text _builder_version=&#8221;4.16&#8243; _module_preset=&#8221;default&#8221; global_colors_info=&#8221;{}&#8221; theme_builder_area=&#8221;post_content&#8221;]<\/p>\n<h1>#cient\u00edfiques<\/h1>\n<p>[\/et_pb_text][et_pb_text _builder_version=&#8221;4.25.2&#8243; _module_preset=&#8221;default&#8221; hover_enabled=&#8221;0&#8243; global_colors_info=&#8221;{}&#8221; theme_builder_area=&#8221;post_content&#8221; sticky_enabled=&#8221;0&#8243;]<\/p>\n<p><span data-contrast=\"none\" xml:lang=\"CA-ES\" lang=\"CA-ES\" class=\"TextRun SCXW243065213 BCX8\"><span class=\"NormalTextRun SCXW243065213 BCX8\">Amb el programa <\/span><span class=\"NormalTextRun SCXW243065213 BCX8\">#cient\u00edfiques<\/span><span class=\"NormalTextRun SCXW243065213 BCX8\">, l\u2019FCRI vol donar una major visibilitat al paper estrat\u00e8gic de l<\/span><span class=\"NormalTextRun SCXW243065213 BCX8\">es dones en la ci\u00e8ncia al nostre <\/span><span class=\"NormalTextRun SCXW243065213 BCX8\">pa\u00eds. Contribu\u00efm a crear i divulgar rols i models femenins de refer\u00e8ncia en els \u00e0mbits de les ci\u00e8ncies i les enginyeries<\/span><span class=\"NormalTextRun SCXW243065213 BCX8\">,<\/span><span class=\"NormalTextRun SCXW243065213 BCX8\"> i promoure bones pr\u00e0ctiques que portin a la igualtat de g\u00e8nere en el sector.<\/span><\/span><span class=\"EOP SCXW243065213 BCX8\" data-ccp-props=\"{&quot;201341983&quot;:0,&quot;335559739&quot;:160,&quot;335559740&quot;:240}\">\u00a0<\/span><\/p>\n<p><span class=\"EOP SCXW243065213 BCX8\" data-ccp-props=\"{&quot;201341983&quot;:0,&quot;335559739&quot;:160,&quot;335559740&quot;:240}\"><span data-contrast=\"none\" xml:lang=\"CA-ES\" lang=\"CA-ES\" class=\"TextRun SCXW50253833 BCX8\"><span class=\"NormalTextRun SCXW50253833 BCX8\">Necessitem m\u00e9s dones que facin ci\u00e8ncia,<\/span><span class=\"NormalTextRun SCXW50253833 BCX8\"> que<\/span><span class=\"NormalTextRun SCXW50253833 BCX8\"> cre\u00efn empreses de base tecnol\u00f2gica o cient\u00edfica, <\/span><span class=\"NormalTextRun SCXW50253833 BCX8\">que <\/span><span class=\"NormalTextRun SCXW50253833 BCX8\">formin part dels departaments d\u2019innovaci\u00f3 <\/span><span class=\"NormalTextRun SCXW50253833 BCX8\">i que<\/span><span class=\"NormalTextRun SCXW50253833 BCX8\"> dirigeixin centres de recerca i c\u00e0tedres universit\u00e0ries.<\/span><\/span><span class=\"EOP SCXW50253833 BCX8\" data-ccp-props=\"{&quot;201341983&quot;:0,&quot;335559739&quot;:160,&quot;335559740&quot;:240}\">\u00a0<\/span><\/span><\/p>\n<p><span class=\"EOP SCXW243065213 BCX8\" data-ccp-props=\"{&quot;201341983&quot;:0,&quot;335559739&quot;:160,&quot;335559740&quot;:240}\"><span class=\"EOP SCXW50253833 BCX8\" data-ccp-props=\"{&quot;201341983&quot;:0,&quot;335559739&quot;:160,&quot;335559740&quot;:240}\"><span data-contrast=\"none\" xml:lang=\"CA-ES\" lang=\"CA-ES\" class=\"TextRun SCXW244741671 BCX8\"><span class=\"NormalTextRun SCXW244741671 BCX8\">Volem trencar els estereotips de g\u00e8nere sobre la capacitat intel\u00b7lectual<\/span><span class=\"NormalTextRun SCXW244741671 BCX8\"> de les nenes<\/span><span class=\"NormalTextRun SCXW244741671 BCX8\">, que apareixen<\/span><span class=\"NormalTextRun SCXW244741671 BCX8\"> <\/span><span class=\"NormalTextRun SCXW244741671 BCX8\">ben aviat <\/span><span class=\"NormalTextRun SCXW244741671 BCX8\">en la infantesa <\/span><span class=\"NormalTextRun SCXW244741671 BCX8\">i fan que<\/span><span class=\"NormalTextRun SCXW244741671 BCX8\"> <\/span><span class=\"NormalTextRun SpellingErrorV2Themed SCXW244741671 BCX8\">s\u2019autodescart<\/span><span class=\"NormalTextRun SpellingErrorV2Themed SCXW244741671 BCX8\">i<\/span><span class=\"NormalTextRun SpellingErrorV2Themed SCXW244741671 BCX8\">n<\/span><span class=\"NormalTextRun SCXW244741671 BCX8\"> pel que fa a les disciplines STEM, una limitaci\u00f3 que s\u2019accentua<\/span><span class=\"NormalTextRun SCXW244741671 BCX8\"> <\/span><span class=\"NormalTextRun SCXW244741671 BCX8\">amb l\u2019edat<\/span><span class=\"NormalTextRun SCXW244741671 BCX8\"> donada la dificultat de <\/span><span class=\"NormalTextRun SCXW244741671 BCX8\">conciliaci\u00f3 i<\/span><span class=\"NormalTextRun SCXW244741671 BCX8\"> acc\u00e9s al<\/span><span class=\"NormalTextRun SCXW244741671 BCX8\"> mercat laboral.<\/span><\/span><span class=\"EOP SCXW244741671 BCX8\" data-ccp-props=\"{&quot;201341983&quot;:0,&quot;335559739&quot;:160,&quot;335559740&quot;:240}\">\u00a0<\/span><\/span><\/span><\/p>\n<p><span class=\"EOP SCXW243065213 BCX8\" data-ccp-props=\"{&quot;201341983&quot;:0,&quot;335559739&quot;:160,&quot;335559740&quot;:240}\"><span data-contrast=\"none\" xml:lang=\"CA-ES\" lang=\"CA-ES\" class=\"TextRun SCXW31993901 BCX8\"><span class=\"NormalTextRun SCXW31993901 BCX8\">Fomentem les vocacions <\/span><span class=\"NormalTextRun SpellingErrorV2Themed SCXW31993901 BCX8\">cientificot\u00e8cniques<\/span><span class=\"NormalTextRun SCXW31993901 BCX8\"> entre les nenes<\/span><span class=\"NormalTextRun SCXW31993901 BCX8\">, especialment, i<\/span><span class=\"NormalTextRun SCXW31993901 BCX8\"> les animem a ser el que elles vulguin ser<\/span><span class=\"NormalTextRun SCXW31993901 BCX8\">.<\/span><\/span><span class=\"EOP SCXW31993901 BCX8\" data-ccp-props=\"{&quot;201341983&quot;:0,&quot;335559739&quot;:0,&quot;335559740&quot;:240}\">\u00a0<\/span><\/span><\/p>\n<p><iframe loading=\"lazy\" title=\"Acte central de #100t\u00edfiques 2024 - 6a edici\u00f3\" width=\"1080\" height=\"608\" src=\"https:\/\/www.youtube.com\/embed\/0B_Uo5hrurA?start=3101&#038;feature=oembed\"  allow=\"accelerometer; autoplay; clipboard-write; encrypted-media; gyroscope; picture-in-picture; web-share\" referrerpolicy=\"strict-origin-when-cross-origin\" allowfullscreen><\/iframe><\/p>\n<p>[\/et_pb_text][et_pb_text _builder_version=&#8221;4.24.1&#8243; _module_preset=&#8221;default&#8221; custom_margin=&#8221;20px||||false|false&#8221; custom_padding=&#8221;0px||0px|||&#8221; global_colors_info=&#8221;{}&#8221; theme_builder_area=&#8221;post_content&#8221;][\/et_pb_text][et_pb_text _builder_version=&#8221;4.25.2&#8243; _module_preset=&#8221;default&#8221; text_font=&#8221;||||||||&#8221; text_text_color=&#8221;#e09900&#8243; text_font_size=&#8221;18px&#8221; text_line_height=&#8221;1.8em&#8221; module_alignment=&#8221;right&#8221; custom_margin=&#8221;||11px||false|false&#8221; custom_padding=&#8221;||||false|false&#8221; hover_enabled=&#8221;0&#8243; border_color_left=&#8221;#AFA44C&#8221; global_colors_info=&#8221;{}&#8221; theme_builder_area=&#8221;post_content&#8221; sticky_enabled=&#8221;0&#8243;]<a target=\"_blank\" href=\"https:\/\/cientifiques.cat\" title=\"Web cient\u00edfiques\" rel=\"noopener noreferrer\">Web #cient\u00edfiques<\/a>[\/et_pb_text][et_pb_text _builder_version=&#8221;4.24.1&#8243; _module_preset=&#8221;default&#8221; text_font=&#8221;||||||||&#8221; text_text_color=&#8221;#e09900&#8243; text_font_size=&#8221;18px&#8221; text_line_height=&#8221;1.8em&#8221; module_alignment=&#8221;right&#8221; custom_margin=&#8221;||11px||false|false&#8221; custom_padding=&#8221;||||false|false&#8221; border_color_left=&#8221;#AFA44C&#8221; global_colors_info=&#8221;{}&#8221; theme_builder_area=&#8221;post_content&#8221;]<\/p>\n<p><a download=\"\" href=\"\/wp-content\/uploads\/2021\/05\/Dones_i_Ciencia.eps\" class=\"underline\" title=\"Descarregar arxiu en format EPS\">Descarregar EPS<\/a><br \/><a download=\"\" href=\"\/wp-content\/uploads\/2021\/05\/Dones_i_Ciencia.png\" class=\"underline\" title=\"Descarregar arxiu en format PNG\">Descarregar PNG<\/a><br \/><a download=\"\" href=\"\/wp-content\/uploads\/2021\/05\/Dones_i_Ciencia.jpg\" class=\"underline\" title=\"Descarregar arxiu en format JPG\">Descarregar JPG<\/a><\/p>\n<p>[\/et_pb_text][et_pb_text _builder_version=&#8221;4.24.1&#8243; _module_preset=&#8221;default&#8221; custom_margin=&#8221;60px||26px||false|false&#8221; global_colors_info=&#8221;{}&#8221; theme_builder_area=&#8221;post_content&#8221;]<\/p>\n<h2>Contacte<\/h2>\n<p>Mireia Colom<br \/>\n<a class=\"underline\" href=\"mailto:mcolom@fcri.cat\" rel=\"alternate\">mcolom@fcri.cat<\/a>[\/et_pb_text][et_pb_text _builder_version=&#8221;4.24.1&#8243; _module_preset=&#8221;default&#8221; header_3_font_size=&#8221;23px&#8221; custom_margin=&#8221;60px||||false|false&#8221; global_colors_info=&#8221;{}&#8221; theme_builder_area=&#8221;post_content&#8221;]<\/p>\n<h3>Hi col\u00b7labora<\/h3>\n<p><span class=\"NormalTextRun SCXW136508000 BCX8\">#cient\u00edfiques <\/span><span class=\"NormalTextRun SpellingErrorV2Themed SCXW136508000 BCX8\">\u00e9s<\/span><span class=\"NormalTextRun SCXW136508000 BCX8\"> <\/span><span class=\"NormalTextRun SpellingErrorV2Themed SCXW136508000 BCX8\">una<\/span><span class=\"NormalTextRun SCXW136508000 BCX8\"> <\/span><span class=\"NormalTextRun SpellingErrorV2Themed SCXW136508000 BCX8\">iniciativa<\/span><span class=\"NormalTextRun SCXW136508000 BCX8\"> <\/span><span class=\"NormalTextRun SpellingErrorV2Themed SCXW136508000 BCX8\">coorganitzada<\/span><span class=\"NormalTextRun SCXW136508000 BCX8\"> <\/span><span class=\"NormalTextRun SpellingErrorV2Themed SCXW136508000 BCX8\">amb<\/span><span class=\"NormalTextRun SCXW136508000 BCX8\"> <\/span><span class=\"NormalTextRun SpellingErrorV2Themed SCXW136508000 BCX8\">el<\/span><span class=\"NormalTextRun SCXW136508000 BCX8\"> Barcelona Institute of Science and Technology (BIST)<\/span><span class=\"NormalTextRun SCXW136508000 BCX8\">, <\/span><span class=\"NormalTextRun SpellingErrorV2Themed SCXW136508000 BCX8\">amb<\/span><span class=\"NormalTextRun SCXW136508000 BCX8\"> <\/span><span class=\"NormalTextRun SCXW136508000 BCX8\">la <\/span><span class=\"NormalTextRun SpellingErrorV2Themed SCXW136508000 BCX8\">col\u00b7laboraci\u00f3<\/span><span class=\"NormalTextRun SCXW136508000 BCX8\"> del <\/span><span class=\"NormalTextRun SpellingErrorV2Themed SCXW136508000 BCX8\">Departament<\/span><span class=\"NormalTextRun SCXW136508000 BCX8\"> <\/span><span class=\"NormalTextRun SpellingErrorV2Themed SCXW136508000 BCX8\">d\u2019Educaci\u00f3<\/span><span class=\"NormalTextRun SCXW136508000 BCX8\"> de la <\/span><span class=\"NormalTextRun SpellingErrorV2Themed SCXW136508000 BCX8\">Generalitat<\/span><span class=\"NormalTextRun SCXW136508000 BCX8\"> de Catalunya<\/span><span class=\"NormalTextRun SCXW136508000 BCX8\"> <\/span><span class=\"NormalTextRun SpellingErrorV2Themed SCXW136508000 BCX8\">i<\/span><span class=\"NormalTextRun SCXW136508000 BCX8\"> de<\/span><span class=\"NormalTextRun SCXW136508000 BCX8\"> <\/span><span class=\"NormalTextRun SpellingErrorV2Themed SCXW136508000 BCX8\">diferents<\/span><span class=\"NormalTextRun SCXW136508000 BCX8\"> <\/span><span class=\"NormalTextRun SpellingErrorV2Themed SCXW136508000 BCX8\">empreses<\/span><span class=\"NormalTextRun SCXW136508000 BCX8\"> <\/span><span class=\"NormalTextRun SpellingErrorV2Themed SCXW136508000 BCX8\">i<\/span><span class=\"NormalTextRun SCXW136508000 BCX8\"> <\/span><span class=\"NormalTextRun SpellingErrorV2Themed SCXW136508000 BCX8\">entitats.<\/span><\/p>\n<p>[\/et_pb_text][\/et_pb_column][\/et_pb_row][\/et_pb_section]<\/p>\n","protected":false},"excerpt":{"rendered":"<p>#cient\u00edfiquesAmb el programa #cient\u00edfiques, l\u2019FCRI vol donar una major visibilitat al paper estrat\u00e8gic de les dones en la ci\u00e8ncia al nostre pa\u00eds. Contribu\u00efm a crear i divulgar rols i models [&hellip;]<\/p>\n","protected":false},"author":6,"featured_media":0,"parent":309,"menu_order":0,"comment_status":"closed","ping_status":"closed","template":"","meta":{"_et_pb_use_builder":"on","_et_pb_old_content":"","_et_gb_content_width":"","footnotes":""},"class_list":["post-515","page","type-page","status-publish","hentry"],"yoast_head":"<!-- This site is optimized with the Yoast SEO plugin v22.9 - https:\/\/yoast.com\/wordpress\/plugins\/seo\/ -->\n<title>Dones i Ci\u00e8ncia - Fundacio Recerca<\/title>\n<meta name=\"robots\" content=\"index, follow, max-snippet:-1, max-image-preview:large, max-video-preview:-1\" \/>\n<link rel=\"canonical\" href=\"https:\/\/fcri.cat\/ca\/academia\/dones-i-ciencia\/\" \/>\n<meta property=\"og:locale\" content=\"ca_ES\" \/>\n<meta property=\"og:type\" content=\"article\" \/>\n<meta property=\"og:title\" content=\"Dones i Ci\u00e8ncia - Fundacio Recerca\" \/>\n<meta property=\"og:description\" content=\"#cient\u00edfiquesAmb el programa #cient\u00edfiques, l\u2019FCRI vol donar una major visibilitat al paper estrat\u00e8gic de les dones en la ci\u00e8ncia al nostre pa\u00eds. Contribu\u00efm a crear i divulgar rols i models [&hellip;]\" \/>\n<meta property=\"og:url\" content=\"https:\/\/fcri.cat\/ca\/academia\/dones-i-ciencia\/\" \/>\n<meta property=\"og:site_name\" content=\"Fundacio Recerca\" \/>\n<meta property=\"article:publisher\" content=\"https:\/\/www.facebook.com\/fundaciorecerca\" \/>\n<meta property=\"article:modified_time\" content=\"2024-07-01T09:25:12+00:00\" \/>\n<meta name=\"twitter:card\" content=\"summary_large_image\" \/>\n<meta name=\"twitter:site\" content=\"@fundaciorecerca\" \/>\n<meta name=\"twitter:label1\" content=\"Temps estimat de lectura\" \/>\n\t<meta name=\"twitter:data1\" content=\"2 minuts\" \/>\n<script type=\"application\/ld+json\" class=\"yoast-schema-graph\">{\"@context\":\"https:\/\/schema.org\",\"@graph\":[{\"@type\":\"WebPage\",\"@id\":\"https:\/\/fcri.cat\/ca\/academia\/dones-i-ciencia\/\",\"url\":\"https:\/\/fcri.cat\/ca\/academia\/dones-i-ciencia\/\",\"name\":\"Dones i Ci\u00e8ncia - Fundacio Recerca\",\"isPartOf\":{\"@id\":\"https:\/\/fcri.cat\/ca\/#website\"},\"datePublished\":\"2021-01-22T11:31:18+00:00\",\"dateModified\":\"2024-07-01T09:25:12+00:00\",\"breadcrumb\":{\"@id\":\"https:\/\/fcri.cat\/ca\/academia\/dones-i-ciencia\/#breadcrumb\"},\"inLanguage\":\"ca\",\"potentialAction\":[{\"@type\":\"ReadAction\",\"target\":[\"https:\/\/fcri.cat\/ca\/academia\/dones-i-ciencia\/\"]}]},{\"@type\":\"BreadcrumbList\",\"@id\":\"https:\/\/fcri.cat\/ca\/academia\/dones-i-ciencia\/#breadcrumb\",\"itemListElement\":[{\"@type\":\"ListItem\",\"position\":1,\"name\":\"Inici\",\"item\":\"https:\/\/fcri.cat\/ca\/\"},{\"@type\":\"ListItem\",\"position\":2,\"name\":\"Acad\u00e8mia\",\"item\":\"https:\/\/fcri.cat\/ca\/academia\/\"},{\"@type\":\"ListItem\",\"position\":3,\"name\":\"Dones i Ci\u00e8ncia\"}]},{\"@type\":\"WebSite\",\"@id\":\"https:\/\/fcri.cat\/ca\/#website\",\"url\":\"https:\/\/fcri.cat\/ca\/\",\"name\":\"Fundacio Recerca\",\"description\":\"Fundaci\u00f3 Catalana per a la Recerca i la Innovaci\u00f3\",\"potentialAction\":[{\"@type\":\"SearchAction\",\"target\":{\"@type\":\"EntryPoint\",\"urlTemplate\":\"https:\/\/fcri.cat\/ca\/?s={search_term_string}\"},\"query-input\":\"required name=search_term_string\"}],\"inLanguage\":\"ca\"}]}<\/script>\n<!-- \/ Yoast SEO plugin. -->","yoast_head_json":{"title":"Dones i Ci\u00e8ncia - Fundacio Recerca","robots":{"index":"index","follow":"follow","max-snippet":"max-snippet:-1","max-image-preview":"max-image-preview:large","max-video-preview":"max-video-preview:-1"},"canonical":"https:\/\/fcri.cat\/ca\/academia\/dones-i-ciencia\/","og_locale":"ca_ES","og_type":"article","og_title":"Dones i Ci\u00e8ncia - Fundacio Recerca","og_description":"#cient\u00edfiquesAmb el programa #cient\u00edfiques, l\u2019FCRI vol donar una major visibilitat al paper estrat\u00e8gic de les dones en la ci\u00e8ncia al nostre pa\u00eds. Contribu\u00efm a crear i divulgar rols i models [&hellip;]","og_url":"https:\/\/fcri.cat\/ca\/academia\/dones-i-ciencia\/","og_site_name":"Fundacio Recerca","article_publisher":"https:\/\/www.facebook.com\/fundaciorecerca","article_modified_time":"2024-07-01T09:25:12+00:00","twitter_card":"summary_large_image","twitter_site":"@fundaciorecerca","twitter_misc":{"Temps estimat de lectura":"2 minuts"},"schema":{"@context":"https:\/\/schema.org","@graph":[{"@type":"WebPage","@id":"https:\/\/fcri.cat\/ca\/academia\/dones-i-ciencia\/","url":"https:\/\/fcri.cat\/ca\/academia\/dones-i-ciencia\/","name":"Dones i Ci\u00e8ncia - Fundacio Recerca","isPartOf":{"@id":"https:\/\/fcri.cat\/ca\/#website"},"datePublished":"2021-01-22T11:31:18+00:00","dateModified":"2024-07-01T09:25:12+00:00","breadcrumb":{"@id":"https:\/\/fcri.cat\/ca\/academia\/dones-i-ciencia\/#breadcrumb"},"inLanguage":"ca","potentialAction":[{"@type":"ReadAction","target":["https:\/\/fcri.cat\/ca\/academia\/dones-i-ciencia\/"]}]},{"@type":"BreadcrumbList","@id":"https:\/\/fcri.cat\/ca\/academia\/dones-i-ciencia\/#breadcrumb","itemListElement":[{"@type":"ListItem","position":1,"name":"Inici","item":"https:\/\/fcri.cat\/ca\/"},{"@type":"ListItem","position":2,"name":"Acad\u00e8mia","item":"https:\/\/fcri.cat\/ca\/academia\/"},{"@type":"ListItem","position":3,"name":"Dones i Ci\u00e8ncia"}]},{"@type":"WebSite","@id":"https:\/\/fcri.cat\/ca\/#website","url":"https:\/\/fcri.cat\/ca\/","name":"Fundacio Recerca","description":"Fundaci\u00f3 Catalana per a la Recerca i la Innovaci\u00f3","potentialAction":[{"@type":"SearchAction","target":{"@type":"EntryPoint","urlTemplate":"https:\/\/fcri.cat\/ca\/?s={search_term_string}"},"query-input":"required name=search_term_string"}],"inLanguage":"ca"}]}},"_links":{"self":[{"href":"https:\/\/fcri.cat\/ca\/wp-json\/wp\/v2\/pages\/515"}],"collection":[{"href":"https:\/\/fcri.cat\/ca\/wp-json\/wp\/v2\/pages"}],"about":[{"href":"https:\/\/fcri.cat\/ca\/wp-json\/wp\/v2\/types\/page"}],"author":[{"embeddable":true,"href":"https:\/\/fcri.cat\/ca\/wp-json\/wp\/v2\/users\/6"}],"replies":[{"embeddable":true,"href":"https:\/\/fcri.cat\/ca\/wp-json\/wp\/v2\/comments?post=515"}],"version-history":[{"count":34,"href":"https:\/\/fcri.cat\/ca\/wp-json\/wp\/v2\/pages\/515\/revisions"}],"predecessor-version":[{"id":19476,"href":"https:\/\/fcri.cat\/ca\/wp-json\/wp\/v2\/pages\/515\/revisions\/19476"}],"up":[{"embeddable":true,"href":"https:\/\/fcri.cat\/ca\/wp-json\/wp\/v2\/pages\/309"}],"wp:attachment":[{"href":"https:\/\/fcri.cat\/ca\/wp-json\/wp\/v2\/media?parent=515"}],"curies":[{"name":"wp","href":"https:\/\/api.w.org\/{rel}","templated":true}]}}