{"id":521,"date":"2021-01-22T11:34:54","date_gmt":"2021-01-22T11:34:54","guid":{"rendered":"http:\/\/waa.fundaciorecerca.cat\/?page_id=521"},"modified":"2024-09-30T08:05:31","modified_gmt":"2024-09-30T07:05:31","slug":"setmana-de-la-ciencia","status":"publish","type":"page","link":"https:\/\/fcri.cat\/ca\/academia\/setmana-de-la-ciencia\/","title":{"rendered":"Setmana de la Ci\u00e8ncia"},"content":{"rendered":"<p>[et_pb_section fb_built=&#8221;1&#8243; admin_label=&#8221;Hero&#8221; _builder_version=&#8221;4.16&#8243; custom_padding=&#8221;2px|||||&#8221; animation_style=&#8221;fade&#8221; animation_duration=&#8221;500ms&#8221; da_disable_devices=&#8221;off|off|off&#8221; global_colors_info=&#8221;{}&#8221; theme_builder_area=&#8221;post_content&#8221; da_is_popup=&#8221;off&#8221; da_exit_intent=&#8221;off&#8221; da_has_close=&#8221;on&#8221; da_alt_close=&#8221;off&#8221; da_dark_close=&#8221;off&#8221; da_not_modal=&#8221;on&#8221; da_is_singular=&#8221;off&#8221; da_with_loader=&#8221;off&#8221; da_has_shadow=&#8221;on&#8221;][et_pb_row module_class=&#8221;mj-section-logo-projec&#8221; _builder_version=&#8221;4.25.2&#8243; _module_preset=&#8221;default&#8221; background_color=&#8221;RGBA(255,255,255,0)&#8221; width=&#8221;100%&#8221; width_tablet=&#8221;&#8221; width_phone=&#8221;&#8221; width_last_edited=&#8221;on|phone&#8221; min_height=&#8221;174px&#8221; custom_margin=&#8221;|auto|-3px|auto||&#8221; custom_padding=&#8221;||0px||false|false&#8221; global_colors_info=&#8221;{}&#8221; theme_builder_area=&#8221;post_content&#8221;][et_pb_column type=&#8221;4_4&#8243; _builder_version=&#8221;4.24.1&#8243; _module_preset=&#8221;default&#8221; background_color=&#8221;RGBA(255,255,255,0)&#8221; global_colors_info=&#8221;{}&#8221; theme_builder_area=&#8221;post_content&#8221;][et_pb_image src=&#8221;https:\/\/fcri.cat\/wp-content\/uploads\/2024\/06\/L-SC-300&#215;300-1.png&#8221; title_text=&#8221;L-SC-300&#215;300-1&#8243; align=&#8221;right&#8221; _builder_version=&#8221;4.25.2&#8243; _module_preset=&#8221;default&#8221; background_color=&#8221;#FFFFFF&#8221; width=&#8221;250px&#8221; width_tablet=&#8221;200px&#8221; width_phone=&#8221;150px&#8221; width_last_edited=&#8221;on|desktop&#8221; module_alignment=&#8221;right&#8221; height=&#8221;250px&#8221; height_tablet=&#8221;200px&#8221; height_phone=&#8221;150px&#8221; height_last_edited=&#8221;on|tablet&#8221; custom_margin=&#8221;||||false|false&#8221; custom_margin_tablet=&#8221;20px||||false|false&#8221; custom_margin_phone=&#8221;60px||||false|false&#8221; custom_margin_last_edited=&#8221;on|desktop&#8221; custom_padding=&#8221;|||3px||&#8221; background_last_edited=&#8221;on|phone&#8221; box_shadow_style=&#8221;preset1&#8243; global_colors_info=&#8221;{}&#8221; theme_builder_area=&#8221;post_content&#8221;][\/et_pb_image][\/et_pb_column][\/et_pb_row][et_pb_row _builder_version=&#8221;4.25.2&#8243; _module_preset=&#8221;default&#8221; width=&#8221;100%&#8221; width_tablet=&#8221;80%&#8221; width_phone=&#8221;80%&#8221; width_last_edited=&#8221;on|phone&#8221; locked=&#8221;off&#8221; global_colors_info=&#8221;{}&#8221; theme_builder_area=&#8221;post_content&#8221;][et_pb_column type=&#8221;4_4&#8243; _builder_version=&#8221;4.16&#8243; _module_preset=&#8221;default&#8221; custom_padding=&#8221;|50px|||false|false&#8221; custom_padding_tablet=&#8221;|0px|40px||false|false&#8221; custom_padding_phone=&#8221;&#8221; custom_padding_last_edited=&#8221;on|phone&#8221; global_colors_info=&#8221;{}&#8221; theme_builder_area=&#8221;post_content&#8221;][et_pb_text _builder_version=&#8221;4.16&#8243; _module_preset=&#8221;default&#8221; global_colors_info=&#8221;{}&#8221; theme_builder_area=&#8221;post_content&#8221;]<\/p>\n<p>La Setmana de la Ci\u00e8ncia (SC), iniciativa de comunicaci\u00f3 pionera a l\u2019Estat organitzada per l\u2019FCRI des de 1996, ofereix cada any ampli ventall de prop de 500 activitats multidisciplin\u00e0ries de disseminaci\u00f3 cientificotecnol\u00f2gica arreu Catalunya, entre confer\u00e8ncies i taules rodones, jornades de portes obertes a centres de recerca i museus, cursos i tallers i exposicions, tots ells gratu\u00efts i per a molts diversos p\u00fablics.<\/p>\n<p>[\/et_pb_text][et_pb_text _builder_version=&#8221;4.19.1&#8243; _module_preset=&#8221;default&#8221; custom_margin=&#8221;20px||||false|false&#8221; global_colors_info=&#8221;{}&#8221; theme_builder_area=&#8221;post_content&#8221;]<\/p>\n<p>Durant la traject\u00f2ria de l\u2019SC, prop de 1.800.000 persones hi han participat, amb una mitjana anual d\u2019uns 72.000 assistents.<\/p>\n<p>[\/et_pb_text][et_pb_text _builder_version=&#8221;4.25.2&#8243; _module_preset=&#8221;default&#8221; custom_margin=&#8221;20px||||false|false&#8221; global_colors_info=&#8221;{}&#8221; theme_builder_area=&#8221;post_content&#8221;]<\/p>\n<p>L\u2019SC compta amb el suport del Departament de Recerca i Universitat de la Generalitat de Catalunya, i la col\u00b7laboraci\u00f3 de m\u00e9s de 100 entitats, entre elles les 12 universitats catalanes.<\/p>\n<p>[\/et_pb_text][et_pb_text _builder_version=&#8221;4.25.2&#8243; _module_preset=&#8221;default&#8221; custom_margin=&#8221;20px||||false|false&#8221; global_colors_info=&#8221;{}&#8221; theme_builder_area=&#8221;post_content&#8221;]<\/p>\n<p>M\u00e9s informaci\u00f3 sobre la <strong>Setmana de la\u00a0 Ci\u00e8ncia a Catalunya 2024<\/strong> <a target=\"_blank\" class=\"\" href=\"https:\/\/setmanaciencia.fundaciorecerca.cat\/\" title=\"Web Setmana de la Ci\u00e8ncia 2020\" rel=\"noopener noreferrer\">aqu\u00ed<\/a>.<\/p>\n<p>[\/et_pb_text][et_pb_gallery gallery_ids=&#8221;15846,13309,15850&#8243; fullwidth=&#8221;on&#8221; _builder_version=&#8221;4.25.2&#8243; _module_preset=&#8221;default&#8221; global_colors_info=&#8221;{}&#8221; theme_builder_area=&#8221;post_content&#8221;][\/et_pb_gallery][et_pb_text _builder_version=&#8221;4.25.2&#8243; _module_preset=&#8221;default&#8221; text_font=&#8221;||||||||&#8221; text_text_color=&#8221;#e09900&#8243; text_font_size=&#8221;18px&#8221; text_line_height=&#8221;1.8em&#8221; module_alignment=&#8221;right&#8221; custom_margin=&#8221;||||false|false&#8221; custom_padding=&#8221;||||false|false&#8221; border_color_left=&#8221;#AFA44C&#8221; global_colors_info=&#8221;{}&#8221; theme_builder_area=&#8221;post_content&#8221;]<a target=\"_blank\" class=\"\" href=\"https:\/\/setmanaciencia.fundaciorecerca.cat\/\" title=\"Web Setmana de la Ci\u00e8ncia 2020\" rel=\"noopener noreferrer\">Web Setmana de la Ci\u00e8ncia 2023<\/a>[\/et_pb_text][et_pb_text disabled_on=&#8221;on|on|on&#8221; _builder_version=&#8221;4.25.2&#8243; _module_preset=&#8221;default&#8221; text_font=&#8221;||||||||&#8221; text_text_color=&#8221;#e09900&#8243; text_font_size=&#8221;18px&#8221; text_line_height=&#8221;1.8em&#8221; module_alignment=&#8221;right&#8221; custom_margin=&#8221;||||false|false&#8221; custom_padding=&#8221;||||false|false&#8221; border_color_left=&#8221;#AFA44C&#8221; disabled=&#8221;on&#8221; global_colors_info=&#8221;{}&#8221; theme_builder_area=&#8221;post_content&#8221;]<\/p>\n<p><a href=\"https:\/\/setmanaciencia.fundaciorecerca.cat\/frontend\/documents.asp\" target=\"_blank\" class=\"underline\" title=\"Descarregar arxiu en format EPS\" rel=\"noopener noreferrer\">Descarregar imatge del projecte en diferents formats<\/a><\/p>\n<p>[\/et_pb_text][et_pb_text _builder_version=&#8221;4.16&#8243; _module_preset=&#8221;default&#8221; global_colors_info=&#8221;{}&#8221; theme_builder_area=&#8221;post_content&#8221;]<\/p>\n<h2>Contacte<\/h2>\n<p>Enric Garrell<br \/><a class=\"underline\" href=\"mailto:egarrell@fcri.cat\" rel=\"alternate\">egarrell@fcri.cat<\/a><\/p>\n<p>[\/et_pb_text][et_pb_text _builder_version=&#8221;4.25.2&#8243; _module_preset=&#8221;default&#8221; header_3_font_size=&#8221;23px&#8221; hover_enabled=&#8221;0&#8243; global_colors_info=&#8221;{}&#8221; theme_builder_area=&#8221;post_content&#8221; sticky_enabled=&#8221;0&#8243;]<\/p>\n<h3>Organitzen<\/h3>\n<p>La Setmana de la Ci\u00e8ncia \u00e9s una iniciativa coordinada per l&#8217;FCRI que compta amb el suport de nombroses institucions i entitats en l\u2019\u00e0mbit de la recerca i de la disseminaci\u00f3 de la ci\u00e8ncia i la tecnologia.<\/p>\n<p>[\/et_pb_text][\/et_pb_column][\/et_pb_row][\/et_pb_section]<\/p>\n","protected":false},"excerpt":{"rendered":"<p>La Setmana de la Ci\u00e8ncia (SC), iniciativa de comunicaci\u00f3 pionera a l\u2019Estat organitzada per l\u2019FCRI des de 1996, ofereix cada any ampli ventall de prop de 500 activitats multidisciplin\u00e0ries de [&hellip;]<\/p>\n","protected":false},"author":6,"featured_media":20631,"parent":309,"menu_order":0,"comment_status":"closed","ping_status":"closed","template":"","meta":{"_et_pb_use_builder":"on","_et_pb_old_content":"","_et_gb_content_width":"","footnotes":""},"class_list":["post-521","page","type-page","status-publish","has-post-thumbnail","hentry"],"yoast_head":"<!-- This site is optimized with the Yoast SEO plugin v22.9 - https:\/\/yoast.com\/wordpress\/plugins\/seo\/ -->\n<title>Setmana de la Ci\u00e8ncia - Fundacio Recerca<\/title>\n<meta name=\"robots\" content=\"index, follow, max-snippet:-1, max-image-preview:large, max-video-preview:-1\" \/>\n<link rel=\"canonical\" href=\"https:\/\/fcri.cat\/ca\/academia\/setmana-de-la-ciencia\/\" \/>\n<meta property=\"og:locale\" content=\"ca_ES\" \/>\n<meta property=\"og:type\" content=\"article\" \/>\n<meta property=\"og:title\" content=\"Setmana de la Ci\u00e8ncia - Fundacio Recerca\" \/>\n<meta property=\"og:description\" content=\"La Setmana de la Ci\u00e8ncia (SC), iniciativa de comunicaci\u00f3 pionera a l\u2019Estat organitzada per l\u2019FCRI des de 1996, ofereix cada any ampli ventall de prop de 500 activitats multidisciplin\u00e0ries de [&hellip;]\" \/>\n<meta property=\"og:url\" content=\"https:\/\/fcri.cat\/ca\/academia\/setmana-de-la-ciencia\/\" \/>\n<meta property=\"og:site_name\" content=\"Fundacio Recerca\" \/>\n<meta property=\"article:publisher\" content=\"https:\/\/www.facebook.com\/fundaciorecerca\" \/>\n<meta property=\"article:modified_time\" content=\"2024-09-30T07:05:31+00:00\" \/>\n<meta property=\"og:image\" content=\"https:\/\/fcri.cat\/wp-content\/uploads\/2024\/07\/P1070013-scaled.jpg\" \/>\n\t<meta property=\"og:image:width\" content=\"2560\" \/>\n\t<meta property=\"og:image:height\" content=\"1708\" \/>\n\t<meta property=\"og:image:type\" content=\"image\/jpeg\" \/>\n<meta name=\"twitter:card\" content=\"summary_large_image\" \/>\n<meta name=\"twitter:site\" content=\"@fundaciorecerca\" \/>\n<meta name=\"twitter:label1\" content=\"Temps estimat de lectura\" \/>\n\t<meta name=\"twitter:data1\" content=\"2 minuts\" \/>\n<script type=\"application\/ld+json\" class=\"yoast-schema-graph\">{\"@context\":\"https:\/\/schema.org\",\"@graph\":[{\"@type\":\"WebPage\",\"@id\":\"https:\/\/fcri.cat\/ca\/academia\/setmana-de-la-ciencia\/\",\"url\":\"https:\/\/fcri.cat\/ca\/academia\/setmana-de-la-ciencia\/\",\"name\":\"Setmana de la Ci\u00e8ncia - Fundacio Recerca\",\"isPartOf\":{\"@id\":\"https:\/\/fcri.cat\/ca\/#website\"},\"primaryImageOfPage\":{\"@id\":\"https:\/\/fcri.cat\/ca\/academia\/setmana-de-la-ciencia\/#primaryimage\"},\"image\":{\"@id\":\"https:\/\/fcri.cat\/ca\/academia\/setmana-de-la-ciencia\/#primaryimage\"},\"thumbnailUrl\":\"https:\/\/fcri.cat\/wp-content\/uploads\/2024\/07\/P1070013-scaled.jpg?wsr\",\"datePublished\":\"2021-01-22T11:34:54+00:00\",\"dateModified\":\"2024-09-30T07:05:31+00:00\",\"breadcrumb\":{\"@id\":\"https:\/\/fcri.cat\/ca\/academia\/setmana-de-la-ciencia\/#breadcrumb\"},\"inLanguage\":\"ca\",\"potentialAction\":[{\"@type\":\"ReadAction\",\"target\":[\"https:\/\/fcri.cat\/ca\/academia\/setmana-de-la-ciencia\/\"]}]},{\"@type\":\"ImageObject\",\"inLanguage\":\"ca\",\"@id\":\"https:\/\/fcri.cat\/ca\/academia\/setmana-de-la-ciencia\/#primaryimage\",\"url\":\"https:\/\/fcri.cat\/wp-content\/uploads\/2024\/07\/P1070013-scaled.jpg?wsr\",\"contentUrl\":\"https:\/\/fcri.cat\/wp-content\/uploads\/2024\/07\/P1070013-scaled.jpg?wsr\",\"width\":2560,\"height\":1708},{\"@type\":\"BreadcrumbList\",\"@id\":\"https:\/\/fcri.cat\/ca\/academia\/setmana-de-la-ciencia\/#breadcrumb\",\"itemListElement\":[{\"@type\":\"ListItem\",\"position\":1,\"name\":\"Inici\",\"item\":\"https:\/\/fcri.cat\/ca\/\"},{\"@type\":\"ListItem\",\"position\":2,\"name\":\"Acad\u00e8mia\",\"item\":\"https:\/\/fcri.cat\/ca\/academia\/\"},{\"@type\":\"ListItem\",\"position\":3,\"name\":\"Setmana de la Ci\u00e8ncia\"}]},{\"@type\":\"WebSite\",\"@id\":\"https:\/\/fcri.cat\/ca\/#website\",\"url\":\"https:\/\/fcri.cat\/ca\/\",\"name\":\"Fundacio Recerca\",\"description\":\"Fundaci\u00f3 Catalana per a la Recerca i la Innovaci\u00f3\",\"potentialAction\":[{\"@type\":\"SearchAction\",\"target\":{\"@type\":\"EntryPoint\",\"urlTemplate\":\"https:\/\/fcri.cat\/ca\/?s={search_term_string}\"},\"query-input\":\"required name=search_term_string\"}],\"inLanguage\":\"ca\"}]}<\/script>\n<!-- \/ Yoast SEO plugin. -->","yoast_head_json":{"title":"Setmana de la Ci\u00e8ncia - Fundacio Recerca","robots":{"index":"index","follow":"follow","max-snippet":"max-snippet:-1","max-image-preview":"max-image-preview:large","max-video-preview":"max-video-preview:-1"},"canonical":"https:\/\/fcri.cat\/ca\/academia\/setmana-de-la-ciencia\/","og_locale":"ca_ES","og_type":"article","og_title":"Setmana de la Ci\u00e8ncia - Fundacio Recerca","og_description":"La Setmana de la Ci\u00e8ncia (SC), iniciativa de comunicaci\u00f3 pionera a l\u2019Estat organitzada per l\u2019FCRI des de 1996, ofereix cada any ampli ventall de prop de 500 activitats multidisciplin\u00e0ries de [&hellip;]","og_url":"https:\/\/fcri.cat\/ca\/academia\/setmana-de-la-ciencia\/","og_site_name":"Fundacio Recerca","article_publisher":"https:\/\/www.facebook.com\/fundaciorecerca","article_modified_time":"2024-09-30T07:05:31+00:00","og_image":[{"width":2560,"height":1708,"url":"https:\/\/fcri.cat\/wp-content\/uploads\/2024\/07\/P1070013-scaled.jpg","type":"image\/jpeg"}],"twitter_card":"summary_large_image","twitter_site":"@fundaciorecerca","twitter_misc":{"Temps estimat de lectura":"2 minuts"},"schema":{"@context":"https:\/\/schema.org","@graph":[{"@type":"WebPage","@id":"https:\/\/fcri.cat\/ca\/academia\/setmana-de-la-ciencia\/","url":"https:\/\/fcri.cat\/ca\/academia\/setmana-de-la-ciencia\/","name":"Setmana de la Ci\u00e8ncia - Fundacio Recerca","isPartOf":{"@id":"https:\/\/fcri.cat\/ca\/#website"},"primaryImageOfPage":{"@id":"https:\/\/fcri.cat\/ca\/academia\/setmana-de-la-ciencia\/#primaryimage"},"image":{"@id":"https:\/\/fcri.cat\/ca\/academia\/setmana-de-la-ciencia\/#primaryimage"},"thumbnailUrl":"https:\/\/fcri.cat\/wp-content\/uploads\/2024\/07\/P1070013-scaled.jpg?wsr","datePublished":"2021-01-22T11:34:54+00:00","dateModified":"2024-09-30T07:05:31+00:00","breadcrumb":{"@id":"https:\/\/fcri.cat\/ca\/academia\/setmana-de-la-ciencia\/#breadcrumb"},"inLanguage":"ca","potentialAction":[{"@type":"ReadAction","target":["https:\/\/fcri.cat\/ca\/academia\/setmana-de-la-ciencia\/"]}]},{"@type":"ImageObject","inLanguage":"ca","@id":"https:\/\/fcri.cat\/ca\/academia\/setmana-de-la-ciencia\/#primaryimage","url":"https:\/\/fcri.cat\/wp-content\/uploads\/2024\/07\/P1070013-scaled.jpg?wsr","contentUrl":"https:\/\/fcri.cat\/wp-content\/uploads\/2024\/07\/P1070013-scaled.jpg?wsr","width":2560,"height":1708},{"@type":"BreadcrumbList","@id":"https:\/\/fcri.cat\/ca\/academia\/setmana-de-la-ciencia\/#breadcrumb","itemListElement":[{"@type":"ListItem","position":1,"name":"Inici","item":"https:\/\/fcri.cat\/ca\/"},{"@type":"ListItem","position":2,"name":"Acad\u00e8mia","item":"https:\/\/fcri.cat\/ca\/academia\/"},{"@type":"ListItem","position":3,"name":"Setmana de la Ci\u00e8ncia"}]},{"@type":"WebSite","@id":"https:\/\/fcri.cat\/ca\/#website","url":"https:\/\/fcri.cat\/ca\/","name":"Fundacio Recerca","description":"Fundaci\u00f3 Catalana per a la Recerca i la Innovaci\u00f3","potentialAction":[{"@type":"SearchAction","target":{"@type":"EntryPoint","urlTemplate":"https:\/\/fcri.cat\/ca\/?s={search_term_string}"},"query-input":"required name=search_term_string"}],"inLanguage":"ca"}]}},"_links":{"self":[{"href":"https:\/\/fcri.cat\/ca\/wp-json\/wp\/v2\/pages\/521"}],"collection":[{"href":"https:\/\/fcri.cat\/ca\/wp-json\/wp\/v2\/pages"}],"about":[{"href":"https:\/\/fcri.cat\/ca\/wp-json\/wp\/v2\/types\/page"}],"author":[{"embeddable":true,"href":"https:\/\/fcri.cat\/ca\/wp-json\/wp\/v2\/users\/6"}],"replies":[{"embeddable":true,"href":"https:\/\/fcri.cat\/ca\/wp-json\/wp\/v2\/comments?post=521"}],"version-history":[{"count":67,"href":"https:\/\/fcri.cat\/ca\/wp-json\/wp\/v2\/pages\/521\/revisions"}],"predecessor-version":[{"id":21332,"href":"https:\/\/fcri.cat\/ca\/wp-json\/wp\/v2\/pages\/521\/revisions\/21332"}],"up":[{"embeddable":true,"href":"https:\/\/fcri.cat\/ca\/wp-json\/wp\/v2\/pages\/309"}],"wp:featuredmedia":[{"embeddable":true,"href":"https:\/\/fcri.cat\/ca\/wp-json\/wp\/v2\/media\/20631"}],"wp:attachment":[{"href":"https:\/\/fcri.cat\/ca\/wp-json\/wp\/v2\/media?parent=521"}],"curies":[{"name":"wp","href":"https:\/\/api.w.org\/{rel}","templated":true}]}}