{"id":540,"date":"2021-01-22T11:46:46","date_gmt":"2021-01-22T11:46:46","guid":{"rendered":"http:\/\/waa.fundaciorecerca.cat\/?page_id=540"},"modified":"2024-06-30T09:13:49","modified_gmt":"2024-06-30T08:13:49","slug":"tesi-en-4-minuts","status":"publish","type":"page","link":"https:\/\/fcri.cat\/ca\/academia\/tesi-en-4-minuts\/","title":{"rendered":"Tesi en 4 minuts"},"content":{"rendered":"<p>[et_pb_section fb_built=&#8221;1&#8243; admin_label=&#8221;Hero&#8221; _builder_version=&#8221;4.16&#8243; custom_padding=&#8221;2px|||||&#8221; da_disable_devices=&#8221;off|off|off&#8221; global_colors_info=&#8221;{}&#8221; theme_builder_area=&#8221;post_content&#8221; da_is_popup=&#8221;off&#8221; da_exit_intent=&#8221;off&#8221; da_has_close=&#8221;on&#8221; da_alt_close=&#8221;off&#8221; da_dark_close=&#8221;off&#8221; da_not_modal=&#8221;on&#8221; da_is_singular=&#8221;off&#8221; da_with_loader=&#8221;off&#8221; da_has_shadow=&#8221;on&#8221;][et_pb_row module_class=&#8221;mj-section-logo-projec&#8221; _builder_version=&#8221;4.25.2&#8243; _module_preset=&#8221;default&#8221; background_color=&#8221;RGBA(255,255,255,0)&#8221; width=&#8221;100%&#8221; width_tablet=&#8221;&#8221; width_phone=&#8221;&#8221; width_last_edited=&#8221;on|phone&#8221; min_height=&#8221;174px&#8221; custom_margin=&#8221;|auto|-3px|auto||&#8221; custom_padding=&#8221;||0px||false|false&#8221; global_colors_info=&#8221;{}&#8221; theme_builder_area=&#8221;post_content&#8221;][et_pb_column type=&#8221;4_4&#8243; _builder_version=&#8221;4.24.1&#8243; _module_preset=&#8221;default&#8221; background_color=&#8221;RGBA(255,255,255,0)&#8221; global_colors_info=&#8221;{}&#8221; theme_builder_area=&#8221;post_content&#8221;][et_pb_image src=&#8221;https:\/\/fcri.cat\/wp-content\/uploads\/2024\/06\/L-Tesis4@2x.png&#8221; title_text=&#8221;L-Tesis4@2x&#8221; align=&#8221;right&#8221; _builder_version=&#8221;4.25.2&#8243; _module_preset=&#8221;default&#8221; background_color=&#8221;#FFFFFF&#8221; width=&#8221;250px&#8221; width_tablet=&#8221;200px&#8221; width_phone=&#8221;150px&#8221; width_last_edited=&#8221;on|desktop&#8221; module_alignment=&#8221;right&#8221; height=&#8221;250px&#8221; height_tablet=&#8221;200px&#8221; height_phone=&#8221;150px&#8221; height_last_edited=&#8221;on|tablet&#8221; custom_margin=&#8221;||||false|false&#8221; custom_margin_tablet=&#8221;20px||||false|false&#8221; custom_margin_phone=&#8221;60px||||false|false&#8221; custom_margin_last_edited=&#8221;on|desktop&#8221; custom_padding=&#8221;|||3px||&#8221; background_last_edited=&#8221;on|phone&#8221; box_shadow_style=&#8221;preset1&#8243; global_colors_info=&#8221;{}&#8221; theme_builder_area=&#8221;post_content&#8221;][\/et_pb_image][\/et_pb_column][\/et_pb_row][et_pb_row _builder_version=&#8221;4.25.2&#8243; _module_preset=&#8221;default&#8221; hover_enabled=&#8221;0&#8243; locked=&#8221;off&#8221; global_colors_info=&#8221;{}&#8221; theme_builder_area=&#8221;post_content&#8221; width_last_edited=&#8221;on|phone&#8221; width=&#8221;100%&#8221; sticky_enabled=&#8221;0&#8243; width_tablet=&#8221;100%&#8221; width_phone=&#8221;100%&#8221;][et_pb_column type=&#8221;4_4&#8243; _builder_version=&#8221;4.16&#8243; _module_preset=&#8221;default&#8221; custom_padding=&#8221;|50px|||false|false&#8221; custom_padding_tablet=&#8221;|0px|40px||false|false&#8221; custom_padding_phone=&#8221;||40px||false|false&#8221; custom_padding_last_edited=&#8221;on|desktop&#8221; global_colors_info=&#8221;{}&#8221; theme_builder_area=&#8221;post_content&#8221;][et_pb_text _builder_version=&#8221;4.16&#8243; _module_preset=&#8221;default&#8221; global_colors_info=&#8221;{}&#8221; theme_builder_area=&#8221;post_content&#8221;]<\/p>\n<p>El concurs \u201cPresenta la teva tesi en 4 minuts\u201d est\u00e0 organitzat per l\u2019FCRI amb el suport de la Generalitat de Catalunya i les 12 universitats catalanes. Planteja als estudiants de doctorat de qualsevol disciplina cient\u00edfica el repte d\u2019explicar la seva recerca en 4 minuts en un llenguatge senzill i comprensible per al p\u00fablic general.<\/p>\n<p>[\/et_pb_text][et_pb_text _builder_version=&#8221;4.19.1&#8243; _module_preset=&#8221;default&#8221; global_colors_info=&#8221;{}&#8221; theme_builder_area=&#8221;post_content&#8221;]El concurs consta de dues fases: una eliminat\u00f2ria pr\u00e8via a cada universitat i una final amb la persona guanyadora de cada una d\u2019aquestes. Poden participar-hi doctorands\/doctorandes de segon curs com a m\u00ednim.[\/et_pb_text][et_pb_image src=&#8221;https:\/\/fcri.cat\/wp-content\/uploads\/2022\/06\/Finalistes_T4M_2022.jpg&#8221; alt=&#8221;Finalistes_T4M_2022&#8243; title_text=&#8221;Finalistes_T4M_2022&#8243; _builder_version=&#8221;4.25.2&#8243; _module_preset=&#8221;default&#8221; min_height=&#8221;291.9px&#8221; hover_enabled=&#8221;0&#8243; global_colors_info=&#8221;{}&#8221; theme_builder_area=&#8221;post_content&#8221; sticky_enabled=&#8221;0&#8243;][\/et_pb_image][et_pb_text _builder_version=&#8221;4.19.1&#8243; _module_preset=&#8221;default&#8221; custom_margin=&#8221;-23px|||||&#8221; global_colors_info=&#8221;{}&#8221; theme_builder_area=&#8221;post_content&#8221;]<\/p>\n<h6 style=\"text-align: center;\">Finalistes i jurat T4M de l\u2019edici\u00f3 2023<\/h6>\n<p>[\/et_pb_text][et_pb_image src=&#8221;https:\/\/fcri.cat\/wp-content\/uploads\/2022\/06\/Guardonades_T4M_2022.jpg&#8221; alt=&#8221;Guardonades_T4M_2022&#8243; title_text=&#8221;Guardonades_T4M_2022&#8243; _builder_version=&#8221;4.25.2&#8243; _module_preset=&#8221;default&#8221; custom_margin=&#8221;||6px|||&#8221; hover_enabled=&#8221;0&#8243; global_colors_info=&#8221;{}&#8221; theme_builder_area=&#8221;post_content&#8221; sticky_enabled=&#8221;0&#8243;][\/et_pb_image][et_pb_text _builder_version=&#8221;4.19.1&#8243; _module_preset=&#8221;default&#8221; min_height=&#8221;6px&#8221; custom_padding=&#8221;0px|||||&#8221; global_colors_info=&#8221;{}&#8221; theme_builder_area=&#8221;post_content&#8221;]<\/p>\n<h6 style=\"text-align: center;\">Guardonades i jurat T4M de l\u2019edici\u00f3 2023<\/h6>\n<p>[\/et_pb_text][et_pb_text _builder_version=&#8221;4.19.1&#8243; _module_preset=&#8221;default&#8221; custom_margin=&#8221;20px||||false|false&#8221; global_colors_info=&#8221;{}&#8221; theme_builder_area=&#8221;post_content&#8221;]<\/p>\n<p><span>Els 12 finalistes de l\u2019edici\u00f3 2023, 9 dones i 3 homes, van superar les proves classificat\u00f2ries pr\u00e8vies i finals de les seves universitats, en qu\u00e8 han participat 145 doctorands i doctorandes.<\/span><\/p>\n<p>Els guardonats de la 6a edici\u00f3 han estat:<\/p>\n<p><strong>1r premi<\/strong>: \u00c1lvaro Heredia, de la Universitat Ramon Llull<\/p>\n<p><strong>2n premi<\/strong>: Giada Centenaro, de la Universitat de Lleida<\/p>\n<p><strong>3r prem<\/strong>i: Ana\u00efs Espinoso, de la Universitat Pompeu Fabra<\/p>\n<p><strong>Menci\u00f3 especial Joan Or\u00f3<\/strong>: Camille Servin, de la Universitat Aut\u00f2noma de Barcelona.<\/p>\n<p>[\/et_pb_text][et_pb_text _builder_version=&#8221;4.25.2&#8243; _module_preset=&#8221;default&#8221; text_font=&#8221;||||||||&#8221; text_text_color=&#8221;#e09900&#8243; text_font_size=&#8221;18px&#8221; text_line_height=&#8221;1.8em&#8221; module_alignment=&#8221;right&#8221; custom_margin=&#8221;||||false|false&#8221; custom_padding=&#8221;||||false|false&#8221; hover_enabled=&#8221;0&#8243; border_color_left=&#8221;#AFA44C&#8221; global_colors_info=&#8221;{}&#8221; theme_builder_area=&#8221;post_content&#8221; sticky_enabled=&#8221;0&#8243;]<\/p>\n<p><a target=\"_blank\" href=\"https:\/\/tesi4minuts.fcri.cat\/\" title=\"Tesi en 4 minuts - Edici\u00f3 2023\" rel=\"noopener noreferrer\">Tesi en 4 minuts &#8211; Edici\u00f3 2024<\/a><\/p>\n<p><span style=\"color: #000000;\">Imatge gr\u00e0fica del projecte<\/span><\/p>\n<p><a download=\"\" href=\"\/wp-content\/uploads\/2021\/05\/Tesi_en_4_minuts.eps\" class=\"underline\" title=\"Descarregar arxiu en format EPS\">Descarregar EPS<\/a><br \/><a download=\"\" href=\"\/wp-content\/uploads\/2021\/05\/Tesi_en_4_minuts.png\" class=\"underline\" title=\"Descarregar arxiu en format PNG\">Descarregar PNG<\/a><br \/><a download=\"\" href=\"\/wp-content\/uploads\/2021\/05\/Tesi_en_4_minuts.jpg\" class=\"underline\" title=\"Descarregar arxiu en format JPG\">Descarregar JPG<\/a><\/p>\n<p>[\/et_pb_text][et_pb_text _builder_version=&#8221;4.16.0&#8243; _module_preset=&#8221;default&#8221; global_colors_info=&#8221;{}&#8221; theme_builder_area=&#8221;post_content&#8221;]<\/p>\n<h2>Contacte<\/h2>\n<p>Miriam Varela<br \/>\n<a class=\"underline\" href=\"mailto:mvarela@fcri.cat\" rel=\"alternate\">mvarela@fcri.cat<\/a>[\/et_pb_text][et_pb_text _builder_version=&#8221;4.19.1&#8243; _module_preset=&#8221;default&#8221; header_3_font_size=&#8221;23px&#8221; global_colors_info=&#8221;{}&#8221; theme_builder_area=&#8221;post_content&#8221;]<\/p>\n<h3>Hi col\u00b7labora<\/h3>\n<p>\u201cPresenta la teva tesi en 4 minuts\u201d compta <span>amb el suport del Departament d\u2019Universitats i Recerca mitjan\u00e7ant el Consell Interuniversitari de Catalunya.<\/span><\/p>\n<p>[\/et_pb_text][et_pb_image src=&#8221;https:\/\/fcri.cat\/wp-content\/uploads\/2024\/06\/recerca_h3-300&#215;64.png&#8221; title_text=&#8221;recerca_h3&#8243; _builder_version=&#8221;4.25.2&#8243; _module_preset=&#8221;default&#8221; global_colors_info=&#8221;{}&#8221; theme_builder_area=&#8221;post_content&#8221;][\/et_pb_image][\/et_pb_column][\/et_pb_row][\/et_pb_section]<\/p>\n","protected":false},"excerpt":{"rendered":"<p>El concurs \u201cPresenta la teva tesi en 4 minuts\u201d est\u00e0 organitzat per l\u2019FCRI amb el suport de la Generalitat de Catalunya i les 12 universitats catalanes. Planteja als estudiants de [&hellip;]<\/p>\n","protected":false},"author":6,"featured_media":2182,"parent":309,"menu_order":0,"comment_status":"closed","ping_status":"closed","template":"","meta":{"_et_pb_use_builder":"on","_et_pb_old_content":"","_et_gb_content_width":"","footnotes":""},"class_list":["post-540","page","type-page","status-publish","has-post-thumbnail","hentry"],"yoast_head":"<!-- This site is optimized with the Yoast SEO plugin v22.9 - https:\/\/yoast.com\/wordpress\/plugins\/seo\/ -->\n<title>Tesi en 4 minuts - Fundacio Recerca<\/title>\n<meta name=\"robots\" content=\"index, follow, max-snippet:-1, max-image-preview:large, max-video-preview:-1\" \/>\n<link rel=\"canonical\" href=\"https:\/\/fcri.cat\/ca\/academia\/tesi-en-4-minuts\/\" \/>\n<meta property=\"og:locale\" content=\"ca_ES\" \/>\n<meta property=\"og:type\" content=\"article\" \/>\n<meta property=\"og:title\" content=\"Tesi en 4 minuts - Fundacio Recerca\" \/>\n<meta property=\"og:description\" content=\"El concurs \u201cPresenta la teva tesi en 4 minuts\u201d est\u00e0 organitzat per l\u2019FCRI amb el suport de la Generalitat de Catalunya i les 12 universitats catalanes. Planteja als estudiants de [&hellip;]\" \/>\n<meta property=\"og:url\" content=\"https:\/\/fcri.cat\/ca\/academia\/tesi-en-4-minuts\/\" \/>\n<meta property=\"og:site_name\" content=\"Fundacio Recerca\" \/>\n<meta property=\"article:publisher\" content=\"https:\/\/www.facebook.com\/fundaciorecerca\" \/>\n<meta property=\"article:modified_time\" content=\"2024-06-30T08:13:49+00:00\" \/>\n<meta property=\"og:image\" content=\"https:\/\/fcri.cat\/wp-content\/uploads\/2019\/06\/images_sala-de-premsa_2019_20190605_final_tesi_2019_full_fcri.jpg\" \/>\n\t<meta property=\"og:image:width\" content=\"960\" \/>\n\t<meta property=\"og:image:height\" content=\"480\" \/>\n\t<meta property=\"og:image:type\" content=\"image\/jpeg\" \/>\n<meta name=\"twitter:card\" content=\"summary_large_image\" \/>\n<meta name=\"twitter:site\" content=\"@fundaciorecerca\" \/>\n<meta name=\"twitter:label1\" content=\"Temps estimat de lectura\" \/>\n\t<meta name=\"twitter:data1\" content=\"3 minuts\" \/>\n<script type=\"application\/ld+json\" class=\"yoast-schema-graph\">{\"@context\":\"https:\/\/schema.org\",\"@graph\":[{\"@type\":\"WebPage\",\"@id\":\"https:\/\/fcri.cat\/ca\/academia\/tesi-en-4-minuts\/\",\"url\":\"https:\/\/fcri.cat\/ca\/academia\/tesi-en-4-minuts\/\",\"name\":\"Tesi en 4 minuts - Fundacio Recerca\",\"isPartOf\":{\"@id\":\"https:\/\/fcri.cat\/ca\/#website\"},\"primaryImageOfPage\":{\"@id\":\"https:\/\/fcri.cat\/ca\/academia\/tesi-en-4-minuts\/#primaryimage\"},\"image\":{\"@id\":\"https:\/\/fcri.cat\/ca\/academia\/tesi-en-4-minuts\/#primaryimage\"},\"thumbnailUrl\":\"https:\/\/fcri.cat\/wp-content\/uploads\/2019\/06\/images_sala-de-premsa_2019_20190605_final_tesi_2019_full_fcri.jpg?wsr\",\"datePublished\":\"2021-01-22T11:46:46+00:00\",\"dateModified\":\"2024-06-30T08:13:49+00:00\",\"breadcrumb\":{\"@id\":\"https:\/\/fcri.cat\/ca\/academia\/tesi-en-4-minuts\/#breadcrumb\"},\"inLanguage\":\"ca\",\"potentialAction\":[{\"@type\":\"ReadAction\",\"target\":[\"https:\/\/fcri.cat\/ca\/academia\/tesi-en-4-minuts\/\"]}]},{\"@type\":\"ImageObject\",\"inLanguage\":\"ca\",\"@id\":\"https:\/\/fcri.cat\/ca\/academia\/tesi-en-4-minuts\/#primaryimage\",\"url\":\"https:\/\/fcri.cat\/wp-content\/uploads\/2019\/06\/images_sala-de-premsa_2019_20190605_final_tesi_2019_full_fcri.jpg?wsr\",\"contentUrl\":\"https:\/\/fcri.cat\/wp-content\/uploads\/2019\/06\/images_sala-de-premsa_2019_20190605_final_tesi_2019_full_fcri.jpg?wsr\",\"width\":960,\"height\":480},{\"@type\":\"BreadcrumbList\",\"@id\":\"https:\/\/fcri.cat\/ca\/academia\/tesi-en-4-minuts\/#breadcrumb\",\"itemListElement\":[{\"@type\":\"ListItem\",\"position\":1,\"name\":\"Inici\",\"item\":\"https:\/\/fcri.cat\/ca\/\"},{\"@type\":\"ListItem\",\"position\":2,\"name\":\"Acad\u00e8mia\",\"item\":\"https:\/\/fcri.cat\/ca\/academia\/\"},{\"@type\":\"ListItem\",\"position\":3,\"name\":\"Tesi en 4 minuts\"}]},{\"@type\":\"WebSite\",\"@id\":\"https:\/\/fcri.cat\/ca\/#website\",\"url\":\"https:\/\/fcri.cat\/ca\/\",\"name\":\"Fundacio Recerca\",\"description\":\"Fundaci\u00f3 Catalana per a la Recerca i la Innovaci\u00f3\",\"potentialAction\":[{\"@type\":\"SearchAction\",\"target\":{\"@type\":\"EntryPoint\",\"urlTemplate\":\"https:\/\/fcri.cat\/ca\/?s={search_term_string}\"},\"query-input\":\"required name=search_term_string\"}],\"inLanguage\":\"ca\"}]}<\/script>\n<!-- \/ Yoast SEO plugin. -->","yoast_head_json":{"title":"Tesi en 4 minuts - Fundacio Recerca","robots":{"index":"index","follow":"follow","max-snippet":"max-snippet:-1","max-image-preview":"max-image-preview:large","max-video-preview":"max-video-preview:-1"},"canonical":"https:\/\/fcri.cat\/ca\/academia\/tesi-en-4-minuts\/","og_locale":"ca_ES","og_type":"article","og_title":"Tesi en 4 minuts - Fundacio Recerca","og_description":"El concurs \u201cPresenta la teva tesi en 4 minuts\u201d est\u00e0 organitzat per l\u2019FCRI amb el suport de la Generalitat de Catalunya i les 12 universitats catalanes. Planteja als estudiants de [&hellip;]","og_url":"https:\/\/fcri.cat\/ca\/academia\/tesi-en-4-minuts\/","og_site_name":"Fundacio Recerca","article_publisher":"https:\/\/www.facebook.com\/fundaciorecerca","article_modified_time":"2024-06-30T08:13:49+00:00","og_image":[{"width":960,"height":480,"url":"https:\/\/fcri.cat\/wp-content\/uploads\/2019\/06\/images_sala-de-premsa_2019_20190605_final_tesi_2019_full_fcri.jpg","type":"image\/jpeg"}],"twitter_card":"summary_large_image","twitter_site":"@fundaciorecerca","twitter_misc":{"Temps estimat de lectura":"3 minuts"},"schema":{"@context":"https:\/\/schema.org","@graph":[{"@type":"WebPage","@id":"https:\/\/fcri.cat\/ca\/academia\/tesi-en-4-minuts\/","url":"https:\/\/fcri.cat\/ca\/academia\/tesi-en-4-minuts\/","name":"Tesi en 4 minuts - Fundacio Recerca","isPartOf":{"@id":"https:\/\/fcri.cat\/ca\/#website"},"primaryImageOfPage":{"@id":"https:\/\/fcri.cat\/ca\/academia\/tesi-en-4-minuts\/#primaryimage"},"image":{"@id":"https:\/\/fcri.cat\/ca\/academia\/tesi-en-4-minuts\/#primaryimage"},"thumbnailUrl":"https:\/\/fcri.cat\/wp-content\/uploads\/2019\/06\/images_sala-de-premsa_2019_20190605_final_tesi_2019_full_fcri.jpg?wsr","datePublished":"2021-01-22T11:46:46+00:00","dateModified":"2024-06-30T08:13:49+00:00","breadcrumb":{"@id":"https:\/\/fcri.cat\/ca\/academia\/tesi-en-4-minuts\/#breadcrumb"},"inLanguage":"ca","potentialAction":[{"@type":"ReadAction","target":["https:\/\/fcri.cat\/ca\/academia\/tesi-en-4-minuts\/"]}]},{"@type":"ImageObject","inLanguage":"ca","@id":"https:\/\/fcri.cat\/ca\/academia\/tesi-en-4-minuts\/#primaryimage","url":"https:\/\/fcri.cat\/wp-content\/uploads\/2019\/06\/images_sala-de-premsa_2019_20190605_final_tesi_2019_full_fcri.jpg?wsr","contentUrl":"https:\/\/fcri.cat\/wp-content\/uploads\/2019\/06\/images_sala-de-premsa_2019_20190605_final_tesi_2019_full_fcri.jpg?wsr","width":960,"height":480},{"@type":"BreadcrumbList","@id":"https:\/\/fcri.cat\/ca\/academia\/tesi-en-4-minuts\/#breadcrumb","itemListElement":[{"@type":"ListItem","position":1,"name":"Inici","item":"https:\/\/fcri.cat\/ca\/"},{"@type":"ListItem","position":2,"name":"Acad\u00e8mia","item":"https:\/\/fcri.cat\/ca\/academia\/"},{"@type":"ListItem","position":3,"name":"Tesi en 4 minuts"}]},{"@type":"WebSite","@id":"https:\/\/fcri.cat\/ca\/#website","url":"https:\/\/fcri.cat\/ca\/","name":"Fundacio Recerca","description":"Fundaci\u00f3 Catalana per a la Recerca i la Innovaci\u00f3","potentialAction":[{"@type":"SearchAction","target":{"@type":"EntryPoint","urlTemplate":"https:\/\/fcri.cat\/ca\/?s={search_term_string}"},"query-input":"required name=search_term_string"}],"inLanguage":"ca"}]}},"_links":{"self":[{"href":"https:\/\/fcri.cat\/ca\/wp-json\/wp\/v2\/pages\/540"}],"collection":[{"href":"https:\/\/fcri.cat\/ca\/wp-json\/wp\/v2\/pages"}],"about":[{"href":"https:\/\/fcri.cat\/ca\/wp-json\/wp\/v2\/types\/page"}],"author":[{"embeddable":true,"href":"https:\/\/fcri.cat\/ca\/wp-json\/wp\/v2\/users\/6"}],"replies":[{"embeddable":true,"href":"https:\/\/fcri.cat\/ca\/wp-json\/wp\/v2\/comments?post=540"}],"version-history":[{"count":58,"href":"https:\/\/fcri.cat\/ca\/wp-json\/wp\/v2\/pages\/540\/revisions"}],"predecessor-version":[{"id":19271,"href":"https:\/\/fcri.cat\/ca\/wp-json\/wp\/v2\/pages\/540\/revisions\/19271"}],"up":[{"embeddable":true,"href":"https:\/\/fcri.cat\/ca\/wp-json\/wp\/v2\/pages\/309"}],"wp:featuredmedia":[{"embeddable":true,"href":"https:\/\/fcri.cat\/ca\/wp-json\/wp\/v2\/media\/2182"}],"wp:attachment":[{"href":"https:\/\/fcri.cat\/ca\/wp-json\/wp\/v2\/media?parent=540"}],"curies":[{"name":"wp","href":"https:\/\/api.w.org\/{rel}","templated":true}]}}