{"id":6618,"date":"2021-03-22T17:57:03","date_gmt":"2021-03-22T16:57:03","guid":{"rendered":"https:\/\/waa.fundaciorecerca.cat\/?page_id=6618"},"modified":"2025-11-28T09:30:00","modified_gmt":"2025-11-28T08:30:00","slug":"imatge-grafica","status":"publish","type":"page","link":"https:\/\/fcri.cat\/ca\/imatge-grafica\/","title":{"rendered":"Identitat gr\u00e0fica FCRI"},"content":{"rendered":"<p>[et_pb_section fb_built=&#8221;1&#8243; _builder_version=&#8221;4.25.2&#8243; custom_margin=&#8221;84px||||false|false&#8221; custom_margin_tablet=&#8221;84px||||false|false&#8221; custom_margin_phone=&#8221;84px||||false|false&#8221; custom_margin_last_edited=&#8221;on|desktop&#8221; da_disable_devices=&#8221;off|off|off&#8221; global_colors_info=&#8221;{}&#8221; theme_builder_area=&#8221;post_content&#8221; da_is_popup=&#8221;off&#8221; da_exit_intent=&#8221;off&#8221; da_has_close=&#8221;on&#8221; da_alt_close=&#8221;off&#8221; da_dark_close=&#8221;off&#8221; da_not_modal=&#8221;on&#8221; da_is_singular=&#8221;off&#8221; da_with_loader=&#8221;off&#8221; da_has_shadow=&#8221;on&#8221;][et_pb_row _builder_version=&#8221;4.25.2&#8243; background_size=&#8221;initial&#8221; background_position=&#8221;top_left&#8221; background_repeat=&#8221;repeat&#8221; global_colors_info=&#8221;{}&#8221; theme_builder_area=&#8221;post_content&#8221;][et_pb_column type=&#8221;4_4&#8243; _builder_version=&#8221;4.25.2&#8243; custom_padding=&#8221;|||&#8221; global_colors_info=&#8221;{}&#8221; custom_padding__hover=&#8221;|||&#8221; theme_builder_area=&#8221;post_content&#8221;][et_pb_text content_tablet=&#8221;<\/p>\n<\/p>\n<p><!-- divi:paragraph -->El manual d\u2019identitat corporativa del FCRI, \u00e9s una eina per a la correcta aplicaci\u00f3 de la identitat gr\u00e0fica de la Fundaci\u00f3 Catalana per a la Recerca i la Innovaci\u00f3.<\/p>\n<p><!-- \/divi:paragraph --><\/p>\n<p><!-- divi:paragraph -->Revisi i segueixi atentament les senzilles instruccions per una correcta aplicaci\u00f3 de la nostra identitat gr\u00e0fica.<\/p>\n<p><!-- \/divi:paragraph --><\/p>\n<p><!-- divi:paragraph -->Pot descarregar el nostre manual i logos en format png en els seg\u00fcents enlla\u00e7os:<\/p>\n<p><!-- \/divi:paragraph --><\/p>\n<p style=%22text-align: left;%22><!-- divi:paragraph --><a class=%22et_pb_button et_pb_button_0 mj-boto et_pb_bg_layout_dark%22 style=%22margin: 5px 0px 0px 0px;%22 href=%22https:\/\/fcri.cat\/wp-content\/uploads\/2024\/07\/2023_Memoria.pdf%22>Manual d&#8217;identitat corporativa<\/a><\/p>\n<p style=%22text-align: left;%22><a class=%22et_pb_button et_pb_button_0 mj-boto et_pb_bg_layout_dark%22 style=%22margin: -12px 0px 0px 10px;%22 href=%22https:\/\/fcri.cat\/wp-content\/uploads\/2024\/07\/2023_Memoria.pdf%22>Logo FCRI color (png)<\/a><\/p>\n<p><a class=%22et_pb_button et_pb_button_0 mj-boto et_pb_bg_layout_dark%22 style=%22margin: -29px 0px 0px 10px;%22 href=%22https:\/\/fcri.cat\/wp-content\/uploads\/2024\/07\/2023_Memoria.pdf%22>Logo FCRI blanc i negre (png)<\/a><\/p>\n<p><!-- \/divi:paragraph --><\/p>\n<\/p>\n<p>Si tingu\u00e9s dubtes o comentaris, poden posar-se en contacte amb l\u2019FCRI.<\/p>\n<p><!-- \/divi:paragraph --><\/p>\n<p>&#8221; content_phone=&#8221;<\/p>\n<p><!-- divi:paragraph -->El manual d\u2019identitat corporativa del FCRI, \u00e9s una eina per a la correcta aplicaci\u00f3 de la identitat gr\u00e0fica de la Fundaci\u00f3 Catalana per a la Recerca i la Innovaci\u00f3.<\/p>\n<p><!-- \/divi:paragraph --><\/p>\n<p><!-- divi:paragraph -->Revisi i segueixi atentament les senzilles instruccions per una correcta aplicaci\u00f3 de la nostra identitat gr\u00e0fica.<\/p>\n<p><!-- \/divi:paragraph --><\/p>\n<p><!-- divi:paragraph -->Pot descarregar el nostre manual i logos en format png en els seg\u00fcents enlla\u00e7os:<\/p>\n<p style=%22text-align: left;%22><!-- divi:paragraph --><a class=%22et_pb_button et_pb_button_0 mj-boto et_pb_bg_layout_dark%22 style=%22font-size: 18px; margin: 0px 0px 15px 0px;%22 href=%22https:\/\/fcri.cat\/wp-content\/uploads\/2024\/07\/2023_Memoria.pdf%22>Manual d&#8217;identitat corporativa<\/a><\/p>\n<p style=%22text-align: left;%22><a class=%22et_pb_button et_pb_button_0 mj-boto et_pb_bg_layout_dark%22 style=%22font-size: 18px; margin: 0px 0px 15px 0px;%22 href=%22https:\/\/fcri.cat\/wp-content\/uploads\/2024\/07\/2023_Memoria.pdf%22>Logo FCRI color (png)<\/a><\/p>\n<p><a class=%22et_pb_button et_pb_button_0 mj-boto et_pb_bg_layout_dark%22 style=%22font-size: 18px; margin: 0px 0px 0px 0px;%22 href=%22https:\/\/fcri.cat\/wp-content\/uploads\/2024\/07\/2023_Memoria.pdf%22>Logo FCRI blanc i negre (png)<\/a><\/p>\n<p><!-- \/divi:paragraph --><\/p>\n<\/p>\n<p>Si tingu\u00e9s dubtes o comentaris, poden posar-se en contacte amb l\u2019FCRI.<\/p>\n<p><!-- \/divi:paragraph --><\/p>\n<p>&#8221; content_last_edited=&#8221;on|phone&#8221; _builder_version=&#8221;4.25.2&#8243; background_size=&#8221;initial&#8221; background_position=&#8221;top_left&#8221; background_repeat=&#8221;repeat&#8221; custom_margin=&#8221;91px||||false|false&#8221; hover_enabled=&#8221;0&#8243; global_colors_info=&#8221;{}&#8221; theme_builder_area=&#8221;post_content&#8221; sticky_enabled=&#8221;0&#8243;]<\/p>\n<p>El manual d\u2019identitat corporativa del FCRI, \u00e9s una eina per a la correcta aplicaci\u00f3 de la identitat gr\u00e0fica de la Fundaci\u00f3 Catalana per a la Recerca i la Innovaci\u00f3.<\/p>\n<p><!-- \/divi:paragraph --><\/p>\n<p><!-- divi:paragraph -->Revisi i segueixi atentament les senzilles instruccions per una correcta aplicaci\u00f3 de la nostra identitat gr\u00e0fica.<\/p>\n<p><!-- \/divi:paragraph --><\/p>\n<p><!-- divi:paragraph -->Pot descarregar el nostre manual i logos en format png en els seg\u00fcents enlla\u00e7os:<\/p>\n<p><!-- \/divi:paragraph --><\/p>\n<p style=\"text-align: left;\"><!-- divi:paragraph --><a class=\"et_pb_button et_pb_button_0 mj-boto et_pb_bg_layout_dark\" style=\"margin: 5px 0px 0px 0px;\" href=\"https:\/\/fcri.cat\/wp-content\/uploads\/2024\/11\/Fcri_manual_identitat.pdf\">Manual d&#8217;identitat corporativa<\/a><\/p>\n<p style=\"text-align: left;\"><a class=\"et_pb_button et_pb_button_0 mj-boto et_pb_bg_layout_dark\" style=\"margin: -12px 0px 0px 10px;\" href=\"https:\/\/fcri.cat\/wp-content\/uploads\/2024\/11\/FCRI_Logo_Color.zip\">Logo FCRI color (png i eps)<\/a><\/p>\n<p><a class=\"et_pb_button et_pb_button_0 mj-boto et_pb_bg_layout_dark\" style=\"margin: 10px 0px 0px 0px;\" href=\"https:\/\/fcri.cat\/wp-content\/uploads\/2024\/11\/FCRI_Logo_Negatiu2.zip\">Logo FCRI blanc i negre (png i eps)<\/a><\/p>\n<p><!-- \/divi:paragraph --><\/p>\n<p>&nbsp;<\/p>\n<p>&nbsp;<\/p>\n<p>Si tingu\u00e9s dubtes o comentaris, poden posar-se en contacte amb l\u2019FCRI.<\/p>\n<p><!-- \/divi:paragraph --><\/p>\n<p>[\/et_pb_text][\/et_pb_column][\/et_pb_row][\/et_pb_section]<\/p>\n","protected":false},"excerpt":{"rendered":"<p>El manual d\u2019identitat corporativa del FCRI, \u00e9s una eina per a la correcta aplicaci\u00f3 de la identitat gr\u00e0fica de la Fundaci\u00f3 Catalana per a la Recerca i la Innovaci\u00f3. Revisi [&hellip;]<\/p>\n","protected":false},"author":6,"featured_media":21115,"parent":0,"menu_order":0,"comment_status":"closed","ping_status":"closed","template":"","meta":{"_et_pb_use_builder":"on","_et_pb_old_content":"<!-- wp:paragraph -->\n<p>El manual d\u2019identitat corporativa del FCRI, \u00e9s una eina per a la correcta aplicaci\u00f3 de la identitat gr\u00e0fica de la Fundaci\u00f3 Catalana per a la Recerca i la Innovaci\u00f3.<\/p>\n<!-- \/wp:paragraph -->\n\n<!-- wp:paragraph -->\n<p>Revisi i segueixi atentament les senzilles instruccions per una correcta aplicaci\u00f3 de la nostra identitat gr\u00e0fica.<\/p>\n<!-- \/wp:paragraph -->\n\n<!-- wp:paragraph -->\n<p>Pot descarregar el nostre manual amb tots els arxius necessaris en aquest enlla\u00e7.<\/p>\n<!-- \/wp:paragraph -->\n\n<!-- wp:paragraph -->\n<p><a class=\"et_pb_button et_pb_button_0 mj-boto et_pb_bg_layout_dark\" style=\"margin: 5px 100% 10px 0px;\" href=\"https:\/\/fcri.cat\/wp-content\/uploads\/2024\/07\/2023_Memoria.pdf\">Descarrega<\/a><\/p>\n<!-- \/wp:paragraph -->\n\n<!-- wp:paragraph -->\n<p>Si tingu\u00e9s dubtes o comentaris, poden posar-se en contacte amb l\u2019FCRI.<\/p>\n<!-- \/wp:paragraph -->","_et_gb_content_width":"","footnotes":""},"class_list":["post-6618","page","type-page","status-publish","has-post-thumbnail","hentry"],"yoast_head":"<!-- This site is optimized with the Yoast SEO plugin v22.9 - https:\/\/yoast.com\/wordpress\/plugins\/seo\/ -->\n<title>Identitat gr\u00e0fica FCRI - Fundacio Recerca<\/title>\n<meta name=\"robots\" content=\"index, follow, max-snippet:-1, max-image-preview:large, max-video-preview:-1\" \/>\n<link rel=\"canonical\" href=\"https:\/\/fcri.cat\/ca\/imatge-grafica\/\" \/>\n<meta property=\"og:locale\" content=\"ca_ES\" \/>\n<meta property=\"og:type\" content=\"article\" \/>\n<meta property=\"og:title\" content=\"Identitat gr\u00e0fica FCRI - Fundacio Recerca\" \/>\n<meta property=\"og:description\" content=\"El manual d\u2019identitat corporativa del FCRI, \u00e9s una eina per a la correcta aplicaci\u00f3 de la identitat gr\u00e0fica de la Fundaci\u00f3 Catalana per a la Recerca i la Innovaci\u00f3. Revisi [&hellip;]\" \/>\n<meta property=\"og:url\" content=\"https:\/\/fcri.cat\/ca\/imatge-grafica\/\" \/>\n<meta property=\"og:site_name\" content=\"Fundacio Recerca\" \/>\n<meta property=\"article:publisher\" content=\"https:\/\/www.facebook.com\/fundaciorecerca\" \/>\n<meta property=\"article:modified_time\" content=\"2025-11-28T08:30:00+00:00\" \/>\n<meta property=\"og:image\" content=\"https:\/\/fcri.cat\/wp-content\/uploads\/2024\/08\/identitat-g-1.png?wsr\" \/>\n\t<meta property=\"og:image:width\" content=\"1801\" \/>\n\t<meta property=\"og:image:height\" content=\"924\" \/>\n\t<meta property=\"og:image:type\" content=\"image\/png\" \/>\n<meta name=\"twitter:card\" content=\"summary_large_image\" \/>\n<meta name=\"twitter:site\" content=\"@fundaciorecerca\" \/>\n<meta name=\"twitter:label1\" content=\"Temps estimat de lectura\" \/>\n\t<meta name=\"twitter:data1\" content=\"1 minut\" \/>\n<script type=\"application\/ld+json\" class=\"yoast-schema-graph\">{\"@context\":\"https:\/\/schema.org\",\"@graph\":[{\"@type\":\"WebPage\",\"@id\":\"https:\/\/fcri.cat\/ca\/imatge-grafica\/\",\"url\":\"https:\/\/fcri.cat\/ca\/imatge-grafica\/\",\"name\":\"Identitat gr\u00e0fica FCRI - Fundacio Recerca\",\"isPartOf\":{\"@id\":\"https:\/\/fcri.cat\/ca\/#website\"},\"primaryImageOfPage\":{\"@id\":\"https:\/\/fcri.cat\/ca\/imatge-grafica\/#primaryimage\"},\"image\":{\"@id\":\"https:\/\/fcri.cat\/ca\/imatge-grafica\/#primaryimage\"},\"thumbnailUrl\":\"https:\/\/fcri.cat\/wp-content\/uploads\/2024\/08\/identitat-g-1.png?wsr\",\"datePublished\":\"2021-03-22T16:57:03+00:00\",\"dateModified\":\"2025-11-28T08:30:00+00:00\",\"breadcrumb\":{\"@id\":\"https:\/\/fcri.cat\/ca\/imatge-grafica\/#breadcrumb\"},\"inLanguage\":\"ca\",\"potentialAction\":[{\"@type\":\"ReadAction\",\"target\":[\"https:\/\/fcri.cat\/ca\/imatge-grafica\/\"]}]},{\"@type\":\"ImageObject\",\"inLanguage\":\"ca\",\"@id\":\"https:\/\/fcri.cat\/ca\/imatge-grafica\/#primaryimage\",\"url\":\"https:\/\/fcri.cat\/wp-content\/uploads\/2024\/08\/identitat-g-1.png?wsr\",\"contentUrl\":\"https:\/\/fcri.cat\/wp-content\/uploads\/2024\/08\/identitat-g-1.png?wsr\",\"width\":1801,\"height\":924},{\"@type\":\"BreadcrumbList\",\"@id\":\"https:\/\/fcri.cat\/ca\/imatge-grafica\/#breadcrumb\",\"itemListElement\":[{\"@type\":\"ListItem\",\"position\":1,\"name\":\"Inici\",\"item\":\"https:\/\/fcri.cat\/ca\/\"},{\"@type\":\"ListItem\",\"position\":2,\"name\":\"Identitat gr\u00e0fica FCRI\"}]},{\"@type\":\"WebSite\",\"@id\":\"https:\/\/fcri.cat\/ca\/#website\",\"url\":\"https:\/\/fcri.cat\/ca\/\",\"name\":\"Fundacio Recerca\",\"description\":\"Fundaci\u00f3 Catalana per a la Recerca i la Innovaci\u00f3\",\"potentialAction\":[{\"@type\":\"SearchAction\",\"target\":{\"@type\":\"EntryPoint\",\"urlTemplate\":\"https:\/\/fcri.cat\/ca\/?s={search_term_string}\"},\"query-input\":\"required name=search_term_string\"}],\"inLanguage\":\"ca\"}]}<\/script>\n<!-- \/ Yoast SEO plugin. -->","yoast_head_json":{"title":"Identitat gr\u00e0fica FCRI - Fundacio Recerca","robots":{"index":"index","follow":"follow","max-snippet":"max-snippet:-1","max-image-preview":"max-image-preview:large","max-video-preview":"max-video-preview:-1"},"canonical":"https:\/\/fcri.cat\/ca\/imatge-grafica\/","og_locale":"ca_ES","og_type":"article","og_title":"Identitat gr\u00e0fica FCRI - Fundacio Recerca","og_description":"El manual d\u2019identitat corporativa del FCRI, \u00e9s una eina per a la correcta aplicaci\u00f3 de la identitat gr\u00e0fica de la Fundaci\u00f3 Catalana per a la Recerca i la Innovaci\u00f3. Revisi [&hellip;]","og_url":"https:\/\/fcri.cat\/ca\/imatge-grafica\/","og_site_name":"Fundacio Recerca","article_publisher":"https:\/\/www.facebook.com\/fundaciorecerca","article_modified_time":"2025-11-28T08:30:00+00:00","og_image":[{"width":1801,"height":924,"url":"https:\/\/fcri.cat\/wp-content\/uploads\/2024\/08\/identitat-g-1.png?wsr","type":"image\/png"}],"twitter_card":"summary_large_image","twitter_site":"@fundaciorecerca","twitter_misc":{"Temps estimat de lectura":"1 minut"},"schema":{"@context":"https:\/\/schema.org","@graph":[{"@type":"WebPage","@id":"https:\/\/fcri.cat\/ca\/imatge-grafica\/","url":"https:\/\/fcri.cat\/ca\/imatge-grafica\/","name":"Identitat gr\u00e0fica FCRI - Fundacio Recerca","isPartOf":{"@id":"https:\/\/fcri.cat\/ca\/#website"},"primaryImageOfPage":{"@id":"https:\/\/fcri.cat\/ca\/imatge-grafica\/#primaryimage"},"image":{"@id":"https:\/\/fcri.cat\/ca\/imatge-grafica\/#primaryimage"},"thumbnailUrl":"https:\/\/fcri.cat\/wp-content\/uploads\/2024\/08\/identitat-g-1.png?wsr","datePublished":"2021-03-22T16:57:03+00:00","dateModified":"2025-11-28T08:30:00+00:00","breadcrumb":{"@id":"https:\/\/fcri.cat\/ca\/imatge-grafica\/#breadcrumb"},"inLanguage":"ca","potentialAction":[{"@type":"ReadAction","target":["https:\/\/fcri.cat\/ca\/imatge-grafica\/"]}]},{"@type":"ImageObject","inLanguage":"ca","@id":"https:\/\/fcri.cat\/ca\/imatge-grafica\/#primaryimage","url":"https:\/\/fcri.cat\/wp-content\/uploads\/2024\/08\/identitat-g-1.png?wsr","contentUrl":"https:\/\/fcri.cat\/wp-content\/uploads\/2024\/08\/identitat-g-1.png?wsr","width":1801,"height":924},{"@type":"BreadcrumbList","@id":"https:\/\/fcri.cat\/ca\/imatge-grafica\/#breadcrumb","itemListElement":[{"@type":"ListItem","position":1,"name":"Inici","item":"https:\/\/fcri.cat\/ca\/"},{"@type":"ListItem","position":2,"name":"Identitat gr\u00e0fica FCRI"}]},{"@type":"WebSite","@id":"https:\/\/fcri.cat\/ca\/#website","url":"https:\/\/fcri.cat\/ca\/","name":"Fundacio Recerca","description":"Fundaci\u00f3 Catalana per a la Recerca i la Innovaci\u00f3","potentialAction":[{"@type":"SearchAction","target":{"@type":"EntryPoint","urlTemplate":"https:\/\/fcri.cat\/ca\/?s={search_term_string}"},"query-input":"required name=search_term_string"}],"inLanguage":"ca"}]}},"_links":{"self":[{"href":"https:\/\/fcri.cat\/ca\/wp-json\/wp\/v2\/pages\/6618"}],"collection":[{"href":"https:\/\/fcri.cat\/ca\/wp-json\/wp\/v2\/pages"}],"about":[{"href":"https:\/\/fcri.cat\/ca\/wp-json\/wp\/v2\/types\/page"}],"author":[{"embeddable":true,"href":"https:\/\/fcri.cat\/ca\/wp-json\/wp\/v2\/users\/6"}],"replies":[{"embeddable":true,"href":"https:\/\/fcri.cat\/ca\/wp-json\/wp\/v2\/comments?post=6618"}],"version-history":[{"count":58,"href":"https:\/\/fcri.cat\/ca\/wp-json\/wp\/v2\/pages\/6618\/revisions"}],"predecessor-version":[{"id":24155,"href":"https:\/\/fcri.cat\/ca\/wp-json\/wp\/v2\/pages\/6618\/revisions\/24155"}],"wp:featuredmedia":[{"embeddable":true,"href":"https:\/\/fcri.cat\/ca\/wp-json\/wp\/v2\/media\/21115"}],"wp:attachment":[{"href":"https:\/\/fcri.cat\/ca\/wp-json\/wp\/v2\/media?parent=6618"}],"curies":[{"name":"wp","href":"https:\/\/api.w.org\/{rel}","templated":true}]}}