{"id":10159,"date":"2021-10-07T14:38:10","date_gmt":"2021-10-07T13:38:10","guid":{"rendered":"https:\/\/fundaciorecerca.cat\/?page_id=10159"},"modified":"2025-10-21T11:53:39","modified_gmt":"2025-10-21T10:53:39","slug":"ptcbarcelona","status":"publish","type":"page","link":"https:\/\/fcri.cat\/en\/societat-educacio\/petits-talents-cientifics\/ptcbarcelona\/","title":{"rendered":"Petits Talents Cient\u00edfics Barcelona"},"content":{"rendered":"<p>[et_pb_section fb_built=&#8221;1&#8243; admin_label=&#8221;Hero&#8221; _builder_version=&#8221;4.16&#8243; custom_padding=&#8221;2px|||||&#8221; da_disable_devices=&#8221;off|off|off&#8221; global_colors_info=&#8221;{}&#8221; theme_builder_area=&#8221;post_content&#8221; da_is_popup=&#8221;off&#8221; da_exit_intent=&#8221;off&#8221; da_has_close=&#8221;on&#8221; da_alt_close=&#8221;off&#8221; da_dark_close=&#8221;off&#8221; da_not_modal=&#8221;on&#8221; da_is_singular=&#8221;off&#8221; da_with_loader=&#8221;off&#8221; da_has_shadow=&#8221;on&#8221;][et_pb_row module_class=&#8221;mj-section-logo-projec&#8221; _builder_version=&#8221;4.25.2&#8243; _module_preset=&#8221;default&#8221; background_color=&#8221;RGBA(255,255,255,0)&#8221; width=&#8221;100%&#8221; width_tablet=&#8221;&#8221; width_phone=&#8221;&#8221; width_last_edited=&#8221;on|phone&#8221; min_height=&#8221;174px&#8221; custom_margin=&#8221;|auto|-3px|auto||&#8221; custom_padding=&#8221;||0px||false|false&#8221; global_colors_info=&#8221;{}&#8221; theme_builder_area=&#8221;post_content&#8221;][et_pb_column type=&#8221;4_4&#8243; _builder_version=&#8221;4.24.1&#8243; _module_preset=&#8221;default&#8221; background_color=&#8221;RGBA(255,255,255,0)&#8221; global_colors_info=&#8221;{}&#8221; theme_builder_area=&#8221;post_content&#8221;][et_pb_image src=&#8221;https:\/\/fcri.cat\/wp-content\/uploads\/2024\/06\/L-ptc@2x.png&#8221; title_text=&#8221;L-ptc@2x&#8221; align=&#8221;right&#8221; _builder_version=&#8221;4.24.1&#8243; _module_preset=&#8221;default&#8221; background_enable_color=&#8221;off&#8221; width=&#8221;250px&#8221; width_tablet=&#8221;200px&#8221; width_phone=&#8221;150px&#8221; width_last_edited=&#8221;on|desktop&#8221; module_alignment=&#8221;right&#8221; height=&#8221;250px&#8221; height_tablet=&#8221;200px&#8221; height_phone=&#8221;150px&#8221; height_last_edited=&#8221;on|tablet&#8221; custom_margin=&#8221;||||false|false&#8221; custom_margin_tablet=&#8221;20px||||false|false&#8221; custom_margin_phone=&#8221;60px||||false|false&#8221; custom_margin_last_edited=&#8221;on|desktop&#8221; custom_padding=&#8221;|||3px||&#8221; background_last_edited=&#8221;on|phone&#8221; box_shadow_style=&#8221;preset1&#8243; global_colors_info=&#8221;{}&#8221; theme_builder_area=&#8221;post_content&#8221;][\/et_pb_image][\/et_pb_column][\/et_pb_row][\/et_pb_section][et_pb_section fb_built=&#8221;1&#8243; _builder_version=&#8221;4.25.2&#8243; _module_preset=&#8221;default&#8221; da_disable_devices=&#8221;off|off|off&#8221; global_colors_info=&#8221;{}&#8221; theme_builder_area=&#8221;post_content&#8221; da_is_popup=&#8221;off&#8221; da_exit_intent=&#8221;off&#8221; da_has_close=&#8221;on&#8221; da_alt_close=&#8221;off&#8221; da_dark_close=&#8221;off&#8221; da_not_modal=&#8221;on&#8221; da_is_singular=&#8221;off&#8221; da_with_loader=&#8221;off&#8221; da_has_shadow=&#8221;on&#8221;][et_pb_row _builder_version=&#8221;4.25.2&#8243; _module_preset=&#8221;default&#8221; width=&#8221;100%&#8221; custom_padding=&#8221;||||false|false&#8221; global_colors_info=&#8221;{}&#8221; theme_builder_area=&#8221;post_content&#8221;][et_pb_column type=&#8221;4_4&#8243; _builder_version=&#8221;4.16&#8243; _module_preset=&#8221;default&#8221; global_colors_info=&#8221;{}&#8221; theme_builder_area=&#8221;post_content&#8221;][et_pb_blurb image=&#8221;https:\/\/fcri.cat\/wp-content\/uploads\/2024\/06\/Diseno-sin-titulo-54.png&#8221; alt=&#8221;Edicio17_JovesCienciaEtica_FundacioRecerca&#8221; content_max_width=&#8221;100%&#8221; _builder_version=&#8221;4.25.2&#8243; header_font=&#8221;Lato|700|||||||&#8221; header_text_align=&#8221;center&#8221; header_font_size=&#8221;25px&#8221; header_line_height=&#8221;1.8em&#8221; body_text_align=&#8221;center&#8221; body_font_size=&#8221;18px&#8221; width=&#8221;100%&#8221; min_height=&#8221;984px&#8221; custom_padding=&#8221;8px|0px|8px|0px|true|true&#8221; animation_style=&#8221;flip&#8221; animation_intensity_flip=&#8221;20%&#8221; animation=&#8221;off&#8221; hover_enabled=&#8221;0&#8243; border_color_all=&#8221;rgba(0,0,0,0.12)&#8221; global_colors_info=&#8221;{}&#8221; theme_builder_area=&#8221;post_content&#8221; sticky_enabled=&#8221;0&#8243;]<\/p>\n<p style=\"text-align: left;\"><span style=\"font-size: 1.1rem;\">El programa d&#8217;actualitzaci\u00f3 cient\u00edfica per a mestres d&#8217;educaci\u00f3 infantil i prim\u00e0ria \u201cPetits Talents Cient\u00edfics\u201d organitzat conjuntament per l\u2019FCRI, l\u2019Institut d&#8217;Educaci\u00f3 de l&#8217;Ajuntament de Barcelona i Fundaci\u00f3 &#8220;la Caixa&#8221;, vol fomentar l\u2019experimentaci\u00f3, la indagaci\u00f3 i la descoberta en l\u2019aprenentatge de les ci\u00e8ncies de l\u2019alumnat d&#8217;educaci\u00f3 infantil i prim\u00e0ria.<\/span><\/p>\n<p style=\"text-align: left;\"><strong>Qu\u00e8 s\u2019ofereix?<\/strong><\/p>\n<p style=\"text-align: left;\">Dos cursos d\u2019aplicaci\u00f3 de metodologia cient\u00edfica (un per a docents de<strong> cicle mitj\u00e0 i superior d&#8217;educaci\u00f3 prim\u00e0ria<\/strong>, i l&#8217;altra per a mestres de segon cicle d&#8217;<strong>educaci\u00f3 infantil i cicle inicial d\u2019educaci\u00f3 prim\u00e0ria) <\/strong>on s\u2019actualitzaran els coneixements cient\u00edfics dels assistents alhora que s\u2019exposaran propostes d\u2019experiments i d\u2019altres recursos que els i les mestres podran dur a terme f\u00e0cilment a l&#8217;aula. Es tindr\u00e0 especial cura dels aspectes metodol\u00f2gics i did\u00e0ctics per tal que els continguts cient\u00edfiques quedin ben inserits dins un esquema pedag\u00f2gic coherent. Cursos gratu\u00efts de 20 hores de formaci\u00f3 reconeguts pel Departament d\u2019Educaci\u00f3 i Formaci\u00f3 Professional de la Generalitat de Catalunya.<\/p>\n<p style=\"text-align: left;\"><strong>1. Formaci\u00f3 <\/strong><strong>per a docents de cicle mitj\u00e0 i superior d&#8217;educaci\u00f3 prim\u00e0ria<\/strong><\/p>\n<p style=\"text-align: left;\">La tem\u00e0tica del curs 2025\/2026 \u00e9s <strong>&#8220;Investiguem sobre l&#8217;aigua (propietats, comportaments i estructura)&#8221;<\/strong>.<\/p>\n<p style=\"text-align: left;\">Investigar sobre l\u2019aigua permet introduir els nens i nenes a molts conceptes i fen\u00f2mens importants com ara els estats de la mat\u00e8ria, els canvis d\u2019estat, les mescles i dissolucions o la flotabilitat. A m\u00e9s a m\u00e9s, permet que els mestres plantegin a l\u2019alumnat aspectes relacionats amb l\u2019estructura interna de la mat\u00e8ria, en relaci\u00f3 al que s\u2019anomena el model de part\u00edcules, que els ha de permetre comprendre que la mat\u00e8ria no \u00e9s cont\u00ednua, malgrat nosaltres la percebem aix\u00ed, sin\u00f3 corpuscular.<\/p>\n<p style=\"text-align: left;\">Tots aquests aspectes s\u00f3n ben presents en els sabers que configuren l\u2019\u00e0rea de Coneixement del medi natural, social i cultural en el nou curr\u00edculum.<\/p>\n<p style=\"text-align: left;\">Al llarg del curs es donaran recursos per investigar amb els nens i nenes sobre les propietats i els comportaments de l\u2019aigua, aix\u00ed com la seva estructura interna i s\u2019actualitzar\u00e0 el coneixement cient\u00edfic i did\u00e0ctic dels mestres, amb la intenci\u00f3 de donar m\u00e9s seguretat i confian\u00e7a a l\u2019hora de plantejar situacions d\u2019aprenentatge basades en la investigaci\u00f3 dels alumnes.<\/p>\n<p style=\"text-align: left;\"><strong>2. Formaci\u00f3 per a mestres de segon cicle infantil\u00a0 i cicle inicial\u00a0 d&#8217;educaci\u00f3 prim\u00e0ria<\/strong><strong><\/strong><\/p>\n<p style=\"text-align: left;\">La tem\u00e0tica del curs 2025\/2026 \u00e9s &#8220;<strong>Investiguem sobre l\u2019aigua com a recurs natural&#8221;.<\/strong><\/p>\n<p style=\"text-align: left;\">Els infants sovint exploren i experimenten de forma lliure amb l\u2019aigua. En moments de sequera derivats del canvi clim\u00e0tic s\u2019ha pres consci\u00e8ncia que cal repensar la relaci\u00f3 de les persones amb aquest recurs natural. <em>Quins aspectes de l\u2019aigua interpreten els infants? Com s\u2019expliquen les propietats de l\u2019aigua? L\u2019aigua sempre \u00e9s igual? Com s\u2019interpreten els canvis d\u2019estat? Quina relaci\u00f3 s\u2019estableix entre els canvis d&#8217;estat i el cicle de l\u2019aigua? <\/em>La indagaci\u00f3 cient\u00edfica ajudar\u00e0 a comprendre l\u2019aigua com a mat\u00e8ria i relacionar-ho amb el cicle de l\u2019aigua i el seu \u00fas sostenible com a recurs natural.<\/p>\n<p style=\"text-align: left;\">Aquesta formaci\u00f3 facilitar\u00e0 als docents d\u2019infantil i cicle inicial de prim\u00e0ria, un seguit de recursos i orientacions per a promoure experi\u00e8ncies d\u2019aprenentatge que aproximin cient\u00edficament aquests conceptes als infants, a trav\u00e9s de la viv\u00e8ncia en primera persona del proc\u00e9s d\u2019indagaci\u00f3 i de la pr\u00e0ctica reflexiva.<\/p>\n<p style=\"text-align: left;\">Consulteu <strong>tota la informaci\u00f3<\/strong> (dates, sessions) <strong><a href=\"https:\/\/fcri.cat\/wp-content\/uploads\/2025\/10\/PTC-BCN-25-26-Investiguemaigua_CM.pdf\">aqu\u00ed<\/a><\/strong>.<\/p>\n<p style=\"text-align: left;\">[\/et_pb_blurb][\/et_pb_column][\/et_pb_row][et_pb_row column_structure=&#8221;1_3,1_3,1_3&#8243; _builder_version=&#8221;4.25.2&#8243; _module_preset=&#8221;default&#8221; width=&#8221;100%&#8221; hover_enabled=&#8221;0&#8243; global_colors_info=&#8221;{}&#8221; theme_builder_area=&#8221;post_content&#8221; sticky_enabled=&#8221;0&#8243;][et_pb_column type=&#8221;1_3&#8243; _builder_version=&#8221;4.16.0&#8243; _module_preset=&#8221;default&#8221; global_colors_info=&#8221;{}&#8221; theme_builder_area=&#8221;post_content&#8221;][et_pb_image src=&#8221;https:\/\/fcri.cat\/wp-content\/uploads\/2025\/10\/AJBCN_Sign_Com_Vermell_Blanc-scaled.jpg&#8221; title_text=&#8221;AJBCN_Sign_Com_Vermell_Blanc&#8221; align=&#8221;center&#8221; _builder_version=&#8221;4.25.2&#8243; _module_preset=&#8221;default&#8221; hover_enabled=&#8221;0&#8243; global_colors_info=&#8221;{}&#8221; theme_builder_area=&#8221;post_content&#8221; sticky_enabled=&#8221;0&#8243;][\/et_pb_image][\/et_pb_column][et_pb_column type=&#8221;1_3&#8243; _builder_version=&#8221;4.16.0&#8243; _module_preset=&#8221;default&#8221; global_colors_info=&#8221;{}&#8221; theme_builder_area=&#8221;post_content&#8221;][et_pb_image src=&#8221;https:\/\/fcri.cat\/wp-content\/uploads\/2022\/09\/caixa_petit.png&#8221; title_text=&#8221;caixa_petit&#8221; _builder_version=&#8221;4.25.2&#8243; _module_preset=&#8221;default&#8221; hover_enabled=&#8221;0&#8243; global_colors_info=&#8221;{}&#8221; theme_builder_area=&#8221;post_content&#8221; sticky_enabled=&#8221;0&#8243;][\/et_pb_image][\/et_pb_column][et_pb_column type=&#8221;1_3&#8243; _builder_version=&#8221;4.16.0&#8243; _module_preset=&#8221;default&#8221; global_colors_info=&#8221;{}&#8221; theme_builder_area=&#8221;post_content&#8221;][\/et_pb_column][\/et_pb_row][\/et_pb_section]<\/p>\n","protected":false},"excerpt":{"rendered":"<p>El programa d&#8217;actualitzaci\u00f3 cient\u00edfica per a mestres d&#8217;educaci\u00f3 infantil i prim\u00e0ria \u201cPetits Talents Cient\u00edfics\u201d organitzat conjuntament per l\u2019FCRI, l\u2019Institut d&#8217;Educaci\u00f3 de l&#8217;Ajuntament de Barcelona i Fundaci\u00f3 &#8220;la Caixa&#8221;, vol fomentar [&hellip;]<\/p>\n","protected":false},"author":3,"featured_media":15889,"parent":445,"menu_order":0,"comment_status":"closed","ping_status":"closed","template":"","meta":{"_et_pb_use_builder":"on","_et_pb_old_content":"","_et_gb_content_width":"","footnotes":""},"class_list":["post-10159","page","type-page","status-publish","has-post-thumbnail","hentry"],"yoast_head":"<!-- This site is optimized with the Yoast SEO plugin v22.9 - https:\/\/yoast.com\/wordpress\/plugins\/seo\/ -->\n<title>Petits Talents Cient\u00edfics Barcelona - Fundacio Recerca<\/title>\n<meta name=\"robots\" content=\"index, follow, max-snippet:-1, max-image-preview:large, max-video-preview:-1\" \/>\n<link rel=\"canonical\" href=\"https:\/\/fcri.cat\/en\/societat-educacio\/petits-talents-cientifics\/ptcbarcelona\/\" \/>\n<meta property=\"og:locale\" content=\"en_US\" \/>\n<meta property=\"og:type\" content=\"article\" \/>\n<meta property=\"og:title\" content=\"Petits Talents Cient\u00edfics Barcelona - Fundacio Recerca\" \/>\n<meta property=\"og:description\" content=\"El programa d&#039;actualitzaci\u00f3 cient\u00edfica per a mestres d&#039;educaci\u00f3 infantil i prim\u00e0ria \u201cPetits Talents Cient\u00edfics\u201d organitzat conjuntament per l\u2019FCRI, l\u2019Institut d&#039;Educaci\u00f3 de l&#039;Ajuntament de Barcelona i Fundaci\u00f3 &quot;la Caixa&quot;, vol fomentar [&hellip;]\" \/>\n<meta property=\"og:url\" content=\"https:\/\/fcri.cat\/en\/societat-educacio\/petits-talents-cientifics\/ptcbarcelona\/\" \/>\n<meta property=\"og:site_name\" content=\"Fundacio Recerca\" \/>\n<meta property=\"article:publisher\" content=\"https:\/\/www.facebook.com\/fundaciorecerca\" \/>\n<meta property=\"article:modified_time\" content=\"2025-10-21T10:53:39+00:00\" \/>\n<meta property=\"og:image\" content=\"https:\/\/fcri.cat\/wp-content\/uploads\/2024\/01\/2-1024x577.png\" \/>\n\t<meta property=\"og:image:width\" content=\"1024\" \/>\n\t<meta property=\"og:image:height\" content=\"577\" \/>\n\t<meta property=\"og:image:type\" content=\"image\/png\" \/>\n<meta name=\"twitter:card\" content=\"summary_large_image\" \/>\n<meta name=\"twitter:site\" content=\"@fundaciorecerca\" \/>\n<meta name=\"twitter:label1\" content=\"Est. reading time\" \/>\n\t<meta name=\"twitter:data1\" content=\"4 minutes\" \/>\n<script type=\"application\/ld+json\" class=\"yoast-schema-graph\">{\"@context\":\"https:\/\/schema.org\",\"@graph\":[{\"@type\":\"WebPage\",\"@id\":\"https:\/\/fcri.cat\/en\/societat-educacio\/petits-talents-cientifics\/ptcbarcelona\/\",\"url\":\"https:\/\/fcri.cat\/en\/societat-educacio\/petits-talents-cientifics\/ptcbarcelona\/\",\"name\":\"Petits Talents Cient\u00edfics Barcelona - Fundacio Recerca\",\"isPartOf\":{\"@id\":\"https:\/\/fcri.cat\/en\/#website\"},\"primaryImageOfPage\":{\"@id\":\"https:\/\/fcri.cat\/en\/societat-educacio\/petits-talents-cientifics\/ptcbarcelona\/#primaryimage\"},\"image\":{\"@id\":\"https:\/\/fcri.cat\/en\/societat-educacio\/petits-talents-cientifics\/ptcbarcelona\/#primaryimage\"},\"thumbnailUrl\":\"https:\/\/fcri.cat\/wp-content\/uploads\/2024\/01\/2.png?wsr\",\"datePublished\":\"2021-10-07T13:38:10+00:00\",\"dateModified\":\"2025-10-21T10:53:39+00:00\",\"breadcrumb\":{\"@id\":\"https:\/\/fcri.cat\/en\/societat-educacio\/petits-talents-cientifics\/ptcbarcelona\/#breadcrumb\"},\"inLanguage\":\"en-US\",\"potentialAction\":[{\"@type\":\"ReadAction\",\"target\":[\"https:\/\/fcri.cat\/en\/societat-educacio\/petits-talents-cientifics\/ptcbarcelona\/\"]}]},{\"@type\":\"ImageObject\",\"inLanguage\":\"en-US\",\"@id\":\"https:\/\/fcri.cat\/en\/societat-educacio\/petits-talents-cientifics\/ptcbarcelona\/#primaryimage\",\"url\":\"https:\/\/fcri.cat\/wp-content\/uploads\/2024\/01\/2.png?wsr\",\"contentUrl\":\"https:\/\/fcri.cat\/wp-content\/uploads\/2024\/01\/2.png?wsr\",\"width\":2048,\"height\":1153},{\"@type\":\"BreadcrumbList\",\"@id\":\"https:\/\/fcri.cat\/en\/societat-educacio\/petits-talents-cientifics\/ptcbarcelona\/#breadcrumb\",\"itemListElement\":[{\"@type\":\"ListItem\",\"position\":1,\"name\":\"Inici\",\"item\":\"https:\/\/fcri.cat\/en\/\"},{\"@type\":\"ListItem\",\"position\":2,\"name\":\"Societat i educaci\u00f3\",\"item\":\"https:\/\/fcri.cat\/en\/societat-educacio\/\"},{\"@type\":\"ListItem\",\"position\":3,\"name\":\"Petits Talents Cient\u00edfics\",\"item\":\"https:\/\/fcri.cat\/en\/societat-educacio\/petits-talents-cientifics\/\"},{\"@type\":\"ListItem\",\"position\":4,\"name\":\"Petits Talents Cient\u00edfics Barcelona\"}]},{\"@type\":\"WebSite\",\"@id\":\"https:\/\/fcri.cat\/en\/#website\",\"url\":\"https:\/\/fcri.cat\/en\/\",\"name\":\"Fundacio Recerca\",\"description\":\"Fundaci\u00f3 Catalana per a la Recerca i la Innovaci\u00f3\",\"potentialAction\":[{\"@type\":\"SearchAction\",\"target\":{\"@type\":\"EntryPoint\",\"urlTemplate\":\"https:\/\/fcri.cat\/en\/?s={search_term_string}\"},\"query-input\":\"required name=search_term_string\"}],\"inLanguage\":\"en-US\"}]}<\/script>\n<!-- \/ Yoast SEO plugin. -->","yoast_head_json":{"title":"Petits Talents Cient\u00edfics Barcelona - Fundacio Recerca","robots":{"index":"index","follow":"follow","max-snippet":"max-snippet:-1","max-image-preview":"max-image-preview:large","max-video-preview":"max-video-preview:-1"},"canonical":"https:\/\/fcri.cat\/en\/societat-educacio\/petits-talents-cientifics\/ptcbarcelona\/","og_locale":"en_US","og_type":"article","og_title":"Petits Talents Cient\u00edfics Barcelona - Fundacio Recerca","og_description":"El programa d'actualitzaci\u00f3 cient\u00edfica per a mestres d'educaci\u00f3 infantil i prim\u00e0ria \u201cPetits Talents Cient\u00edfics\u201d organitzat conjuntament per l\u2019FCRI, l\u2019Institut d'Educaci\u00f3 de l'Ajuntament de Barcelona i Fundaci\u00f3 \"la Caixa\", vol fomentar [&hellip;]","og_url":"https:\/\/fcri.cat\/en\/societat-educacio\/petits-talents-cientifics\/ptcbarcelona\/","og_site_name":"Fundacio Recerca","article_publisher":"https:\/\/www.facebook.com\/fundaciorecerca","article_modified_time":"2025-10-21T10:53:39+00:00","og_image":[{"width":1024,"height":577,"url":"https:\/\/fcri.cat\/wp-content\/uploads\/2024\/01\/2-1024x577.png","type":"image\/png"}],"twitter_card":"summary_large_image","twitter_site":"@fundaciorecerca","twitter_misc":{"Est. reading time":"4 minutes"},"schema":{"@context":"https:\/\/schema.org","@graph":[{"@type":"WebPage","@id":"https:\/\/fcri.cat\/en\/societat-educacio\/petits-talents-cientifics\/ptcbarcelona\/","url":"https:\/\/fcri.cat\/en\/societat-educacio\/petits-talents-cientifics\/ptcbarcelona\/","name":"Petits Talents Cient\u00edfics Barcelona - Fundacio Recerca","isPartOf":{"@id":"https:\/\/fcri.cat\/en\/#website"},"primaryImageOfPage":{"@id":"https:\/\/fcri.cat\/en\/societat-educacio\/petits-talents-cientifics\/ptcbarcelona\/#primaryimage"},"image":{"@id":"https:\/\/fcri.cat\/en\/societat-educacio\/petits-talents-cientifics\/ptcbarcelona\/#primaryimage"},"thumbnailUrl":"https:\/\/fcri.cat\/wp-content\/uploads\/2024\/01\/2.png?wsr","datePublished":"2021-10-07T13:38:10+00:00","dateModified":"2025-10-21T10:53:39+00:00","breadcrumb":{"@id":"https:\/\/fcri.cat\/en\/societat-educacio\/petits-talents-cientifics\/ptcbarcelona\/#breadcrumb"},"inLanguage":"en-US","potentialAction":[{"@type":"ReadAction","target":["https:\/\/fcri.cat\/en\/societat-educacio\/petits-talents-cientifics\/ptcbarcelona\/"]}]},{"@type":"ImageObject","inLanguage":"en-US","@id":"https:\/\/fcri.cat\/en\/societat-educacio\/petits-talents-cientifics\/ptcbarcelona\/#primaryimage","url":"https:\/\/fcri.cat\/wp-content\/uploads\/2024\/01\/2.png?wsr","contentUrl":"https:\/\/fcri.cat\/wp-content\/uploads\/2024\/01\/2.png?wsr","width":2048,"height":1153},{"@type":"BreadcrumbList","@id":"https:\/\/fcri.cat\/en\/societat-educacio\/petits-talents-cientifics\/ptcbarcelona\/#breadcrumb","itemListElement":[{"@type":"ListItem","position":1,"name":"Inici","item":"https:\/\/fcri.cat\/en\/"},{"@type":"ListItem","position":2,"name":"Societat i educaci\u00f3","item":"https:\/\/fcri.cat\/en\/societat-educacio\/"},{"@type":"ListItem","position":3,"name":"Petits Talents Cient\u00edfics","item":"https:\/\/fcri.cat\/en\/societat-educacio\/petits-talents-cientifics\/"},{"@type":"ListItem","position":4,"name":"Petits Talents Cient\u00edfics Barcelona"}]},{"@type":"WebSite","@id":"https:\/\/fcri.cat\/en\/#website","url":"https:\/\/fcri.cat\/en\/","name":"Fundacio Recerca","description":"Fundaci\u00f3 Catalana per a la Recerca i la Innovaci\u00f3","potentialAction":[{"@type":"SearchAction","target":{"@type":"EntryPoint","urlTemplate":"https:\/\/fcri.cat\/en\/?s={search_term_string}"},"query-input":"required name=search_term_string"}],"inLanguage":"en-US"}]}},"_links":{"self":[{"href":"https:\/\/fcri.cat\/en\/wp-json\/wp\/v2\/pages\/10159"}],"collection":[{"href":"https:\/\/fcri.cat\/en\/wp-json\/wp\/v2\/pages"}],"about":[{"href":"https:\/\/fcri.cat\/en\/wp-json\/wp\/v2\/types\/page"}],"author":[{"embeddable":true,"href":"https:\/\/fcri.cat\/en\/wp-json\/wp\/v2\/users\/3"}],"replies":[{"embeddable":true,"href":"https:\/\/fcri.cat\/en\/wp-json\/wp\/v2\/comments?post=10159"}],"version-history":[{"count":55,"href":"https:\/\/fcri.cat\/en\/wp-json\/wp\/v2\/pages\/10159\/revisions"}],"predecessor-version":[{"id":23868,"href":"https:\/\/fcri.cat\/en\/wp-json\/wp\/v2\/pages\/10159\/revisions\/23868"}],"up":[{"embeddable":true,"href":"https:\/\/fcri.cat\/en\/wp-json\/wp\/v2\/pages\/445"}],"wp:featuredmedia":[{"embeddable":true,"href":"https:\/\/fcri.cat\/en\/wp-json\/wp\/v2\/media\/15889"}],"wp:attachment":[{"href":"https:\/\/fcri.cat\/en\/wp-json\/wp\/v2\/media?parent=10159"}],"curies":[{"name":"wp","href":"https:\/\/api.w.org\/{rel}","templated":true}]}}