{"id":1565,"date":"2021-02-08T12:35:05","date_gmt":"2021-02-08T11:35:05","guid":{"rendered":"https:\/\/waa.fundaciorecerca.cat\/?page_id=1565"},"modified":"2021-03-31T13:25:40","modified_gmt":"2021-03-31T12:25:40","slug":"1565-2","status":"publish","type":"page","link":"https:\/\/fcri.cat\/en\/1562-2\/1565-2\/","title":{"rendered":"Promoting Knowledge Industry"},"content":{"rendered":"\n[et_pb_section fb_built=&#8221;1&#8243; admin_label=&#8221;Hero&#8221; _builder_version=&#8221;3.22&#8243; custom_padding=&#8221;2px|||||&#8221; locked=&#8221;off&#8221;][et_pb_row disabled_on=&#8221;on|on|on&#8221; _builder_version=&#8221;4.7.3&#8243; background_size=&#8221;initial&#8221; background_position=&#8221;top_left&#8221; background_repeat=&#8221;repeat&#8221; custom_padding=&#8221;3px|0px|26px|0px|false|false&#8221; disabled=&#8221;on&#8221; locked=&#8221;off&#8221;][et_pb_column type=&#8221;4_4&#8243; _builder_version=&#8221;3.25&#8243; custom_padding=&#8221;|||&#8221; custom_padding__hover=&#8221;|||&#8221;][et_pb_slider _builder_version=&#8221;4.7.3&#8243; _module_preset=&#8221;default&#8221; header_font_size=&#8221;40px&#8221; body_font_size=&#8221;23px&#8221; text_orientation=&#8221;left&#8221; max_width_tablet=&#8221;&#8221; max_width_phone=&#8221;&#8221; max_width_last_edited=&#8221;on|phone&#8221; min_height=&#8221;540px&#8221; min_height_tablet=&#8221;&#8221; min_height_phone=&#8221;256px&#8221; min_height_last_edited=&#8221;on|phone&#8221; custom_margin=&#8221;40px||||false|false&#8221; header_font_size_tablet=&#8221;&#8221; header_font_size_phone=&#8221;&#8221; header_font_size_last_edited=&#8221;on|desktop&#8221; body_font_size_tablet=&#8221;&#8221; body_font_size_phone=&#8221;&#8221; body_font_size_last_edited=&#8221;on|desktop&#8221; border_width_all=&#8221;1px&#8221;][et_pb_slide url_new_window=&#8221;on&#8221; image=&#8221;https:\/\/fcri.cat\/wp-content\/uploads\/2021\/03\/doctorats-logo.png&#8221; use_bg_overlay=&#8221;off&#8221; admin_title=&#8221;slider&#8221; _builder_version=&#8221;4.7.3&#8243; _module_preset=&#8221;default&#8221; header_font=&#8221;Arial|300|||||||&#8221; header_font_size=&#8221;35px&#8221; body_font=&#8221;Oswald|700|||||||&#8221; body_font_size=&#8221;36px&#8221; body_line_height=&#8221;1em&#8221; background_color=&#8221;#ffffff&#8221; background_enable_color=&#8221;on&#8221; background_enable_image=&#8221;off&#8221; background_size=&#8221;initial&#8221; background_position=&#8221;top_right&#8221; text_orientation=&#8221;left&#8221; background_layout=&#8221;light&#8221; custom_padding=&#8221;|||40px|false|false&#8221; custom_padding_tablet=&#8221;100px||100px|0px|false|false&#8221; custom_padding_phone=&#8221;0px|0px|0px|0px|false|false&#8221; custom_padding_last_edited=&#8221;on|phone&#8221; hover_transition_duration=&#8221;0ms&#8221; link_option_url_new_window=&#8221;on&#8221; header_font_size_tablet=&#8221;26px&#8221; header_font_size_phone=&#8221;20px&#8221; header_font_size_last_edited=&#8221;on|phone&#8221; body_font_size_tablet=&#8221;22px&#8221; body_font_size_phone=&#8221;20px&#8221; body_font_size_last_edited=&#8221;on|phone&#8221; background_last_edited=&#8221;off|phone&#8221; background_enable_image_phone=&#8221;off&#8221; parallax_phone=&#8221;off&#8221; background_size_phone=&#8221;contain&#8221; background_position_phone=&#8221;center_right&#8221; background_repeat_phone=&#8221;no-repeat&#8221; alt_phone=&#8221;Imatge representativa Concurs Tesi en 4 minuts&#8221; title_text_phone=&#8221;Tesi4minuts-slider&#8221; sticky_transition=&#8221;on&#8221;][\/et_pb_slide][\/et_pb_slider][\/et_pb_column][\/et_pb_row][et_pb_row column_structure=&#8221;3_5,2_5&#8243; _builder_version=&#8221;4.7.3&#8243; _module_preset=&#8221;default&#8221; custom_padding=&#8221;73px|||||&#8221; locked=&#8221;off&#8221;][et_pb_column type=&#8221;3_5&#8243; _builder_version=&#8221;4.7.3&#8243; _module_preset=&#8221;default&#8221; custom_padding=&#8221;|50px|||false|false&#8221; custom_padding_tablet=&#8221;|0px|40px||false|false&#8221; custom_padding_phone=&#8221;||40px||false|false&#8221; custom_padding_last_edited=&#8221;on|desktop&#8221;][et_pb_text _builder_version=&#8221;4.9.1&#8243; _module_preset=&#8221;default&#8221;]<h1>Promoting Knowledge Industry<\/h1>[\/et_pb_text][et_pb_text _builder_version=&#8221;4.9.1&#8243; _module_preset=&#8221;default&#8221;]<p>We develop a strategy for the Knowledge Industry Programme in order to inform and attract companies in the Market line of action, by working with business angels networks and venture capital investors in the line of Industrial Seed, and business groups and sectoral agents for the line of Industrial Product.<\/p>[\/et_pb_text][et_pb_text _builder_version=&#8221;4.9.1&#8243; _module_preset=&#8221;default&#8221; custom_margin=&#8221;20px||||false|false&#8221;]<p>We help to create a network of mentors committed to collaborate in scientific innovation projects of the Knowledge Industry Programme.<\/p>[\/et_pb_text][\/et_pb_column][et_pb_column type=&#8221;2_5&#8243; _builder_version=&#8221;4.7.3&#8243; _module_preset=&#8221;default&#8221; custom_padding=&#8221;|||15px|false|false&#8221; custom_padding_tablet=&#8221;80px|||0px|false|false&#8221; custom_padding_phone=&#8221;60px||||false|false&#8221; custom_padding_last_edited=&#8221;on|tablet&#8221; border_width_left=&#8221;1px&#8221; border_width_top_tablet=&#8221;1px&#8221; border_width_top_phone=&#8221;&#8221; border_width_top_last_edited=&#8221;on|phone&#8221; border_width_left_tablet=&#8221;0px&#8221; border_width_left_phone=&#8221;0px&#8221; border_width_left_last_edited=&#8221;on|tablet&#8221;][et_pb_text _builder_version=&#8221;4.9.1&#8243; _module_preset=&#8221;default&#8221;]<p><a target=\"_blank\" class=\"custom-link\" href=\"http:\/\/universitatsirecerca.gencat.cat\/en\/03_ambits_dactuacio\/Transferencia-de-coneixement\/programa-industria-del-coneixement\/index.html\" title=\"Industry Knowledge Programme Website\" rel=\"noopener noreferrer\">Industry Knowledge Programme Website<\/a><\/p>[\/et_pb_text][et_pb_text _builder_version=&#8221;4.7.3&#8243; _module_preset=&#8221;default&#8221;]<h2>Contact<\/h2>\n<p>Susaina Figuera<br \/><a class=\"underline\" href=\"mailto:sfiguera@fcri.cat\" rel=\"alternate\">sfiguera@fcri.cat<\/a><\/p>[\/et_pb_text][et_pb_text _builder_version=&#8221;4.9.1&#8243; _module_preset=&#8221;default&#8221; header_3_font_size=&#8221;23px&#8221;]<h3>Collaboration<\/h3>\n<p>We collaborate with the Agency for Management of University and Research Grants (AGAUR) and the Secretariat for Universities and Research.<\/p>[\/et_pb_text][et_pb_image src=&#8221;https:\/\/fcri.cat\/wp-content\/uploads\/2020\/11\/logogene.png&#8221; alt=&#8221;Logo Generalitat de Catalunya&#8221; title_text=&#8221;Logo Generalitat de Catalunya&#8221; _builder_version=&#8221;4.7.3&#8243; _module_preset=&#8221;default&#8221; custom_margin=&#8221;50px||||false|false&#8221; filter_saturate=&#8221;0%&#8221;][\/et_pb_image][et_pb_image src=&#8221;https:\/\/fcri.cat\/wp-content\/uploads\/2020\/11\/logoagaur_verd-1.png&#8221; alt=&#8221;Ag\u00e8ncia de Gesti\u00f2&#8221; title_text=&#8221;Ag\u00e8ncia de Gesti\u00f2&#8221; _builder_version=&#8221;4.7.3&#8243; _module_preset=&#8221;default&#8221; custom_margin=&#8221;28px||||false|false&#8221; filter_brightness=&#8221;0%&#8221;][\/et_pb_image][et_pb_blurb title=&#8221;It&#8217;s time to make science great&#8221; url=&#8221;https:\/\/donacions.fcri.cat\/&#8221; url_new_window=&#8221;on&#8221; image=&#8221;https:\/\/fcri.cat\/wp-content\/uploads\/2021\/03\/donacions_global-banner-web.png&#8221; alt=&#8221;Representative image of FCRI donations&#8221; icon_placement_tablet=&#8221;left&#8221; icon_placement_phone=&#8221;top&#8221; icon_placement_last_edited=&#8221;on|tablet&#8221; image_max_width_tablet=&#8221;25vw&#8221; image_max_width_phone=&#8221;90%&#8221; image_max_width_last_edited=&#8221;on|tablet&#8221; admin_label=&#8221;donacions&#8221; _builder_version=&#8221;4.9.1&#8243; _module_preset=&#8221;default&#8221; header_text_color=&#8221;#7E6C68&#8243; header_font_size=&#8221;1.25em&#8221; header_line_height=&#8221;1.25em&#8221; background_color=&#8221;#eeebd7&#8243; text_orientation=&#8221;center&#8221; custom_margin=&#8221;60px||30px||false|true&#8221; custom_padding=&#8221;40px|40px|40px|40px|true|true&#8221; custom_padding_tablet=&#8221;|40px||40px|false|true&#8221; custom_padding_phone=&#8221;&#8221; custom_padding_last_edited=&#8221;on|phone&#8221; animation=&#8221;off&#8221; link_option_url=&#8221;https:\/\/donacions.fcri.cat\/&#8221; link_option_url_new_window=&#8221;on&#8221; text_orientation_tablet=&#8221;left&#8221; text_orientation_phone=&#8221;&#8221; text_orientation_last_edited=&#8221;on|tablet&#8221; border_width_all=&#8221;1px&#8221; border_color_all=&#8221;#eeebd7&#8243; saved_tabs=&#8221;all&#8221; border_color_all__hover_enabled=&#8221;on|desktop&#8221; border_color_all__hover=&#8221;#000000&#8243; global_module=&#8221;6274&#8243;]<p><a class=\"donar-link\" href=\"https:\/\/donacions.fcri.cat\/\" target=\"_blank\" title=\"Make your donation\" rel=\"noopener noreferrer\">Make your donation<\/a><\/p>\n[\/et_pb_blurb][\/et_pb_column][\/et_pb_row][\/et_pb_section]\n","protected":false},"excerpt":{"rendered":"<p>Promoting Knowledge IndustryWe develop a strategy for the Knowledge Industry Programme in order to inform and attract companies in the Market line of action, by working with business angels networks [&hellip;]<\/p>\n","protected":false},"author":6,"featured_media":0,"parent":1562,"menu_order":0,"comment_status":"closed","ping_status":"closed","template":"","meta":{"_et_pb_use_builder":"on","_et_pb_old_content":"","_et_gb_content_width":"","footnotes":""},"class_list":["post-1565","page","type-page","status-publish","hentry"],"yoast_head":"<!-- This site is optimized with the Yoast SEO plugin v22.9 - https:\/\/yoast.com\/wordpress\/plugins\/seo\/ -->\n<title>Promoting Knowledge Industry - Fundacio Recerca<\/title>\n<meta name=\"robots\" content=\"index, follow, max-snippet:-1, max-image-preview:large, max-video-preview:-1\" \/>\n<link rel=\"canonical\" href=\"https:\/\/fcri.cat\/en\/1562-2\/1565-2\/\" \/>\n<meta property=\"og:locale\" content=\"en_US\" \/>\n<meta property=\"og:type\" content=\"article\" \/>\n<meta property=\"og:title\" content=\"Promoting Knowledge Industry - Fundacio Recerca\" \/>\n<meta property=\"og:description\" content=\"Promoting Knowledge IndustryWe develop a strategy for the Knowledge Industry Programme in order to inform and attract companies in the Market line of action, by working with business angels networks [&hellip;]\" \/>\n<meta property=\"og:url\" content=\"https:\/\/fcri.cat\/en\/1562-2\/1565-2\/\" \/>\n<meta property=\"og:site_name\" content=\"Fundacio Recerca\" \/>\n<meta property=\"article:publisher\" content=\"https:\/\/www.facebook.com\/fundaciorecerca\" \/>\n<meta property=\"article:modified_time\" content=\"2021-03-31T12:25:40+00:00\" \/>\n<meta name=\"twitter:card\" content=\"summary_large_image\" \/>\n<meta name=\"twitter:site\" content=\"@fundaciorecerca\" \/>\n<meta name=\"twitter:label1\" content=\"Est. reading time\" \/>\n\t<meta name=\"twitter:data1\" content=\"2 minutes\" \/>\n<script type=\"application\/ld+json\" class=\"yoast-schema-graph\">{\"@context\":\"https:\/\/schema.org\",\"@graph\":[{\"@type\":\"WebPage\",\"@id\":\"https:\/\/fcri.cat\/en\/1562-2\/1565-2\/\",\"url\":\"https:\/\/fcri.cat\/en\/1562-2\/1565-2\/\",\"name\":\"Promoting Knowledge Industry - Fundacio Recerca\",\"isPartOf\":{\"@id\":\"https:\/\/fcri.cat\/en\/#website\"},\"datePublished\":\"2021-02-08T11:35:05+00:00\",\"dateModified\":\"2021-03-31T12:25:40+00:00\",\"breadcrumb\":{\"@id\":\"https:\/\/fcri.cat\/en\/1562-2\/1565-2\/#breadcrumb\"},\"inLanguage\":\"en-US\",\"potentialAction\":[{\"@type\":\"ReadAction\",\"target\":[\"https:\/\/fcri.cat\/en\/1562-2\/1565-2\/\"]}]},{\"@type\":\"BreadcrumbList\",\"@id\":\"https:\/\/fcri.cat\/en\/1562-2\/1565-2\/#breadcrumb\",\"itemListElement\":[{\"@type\":\"ListItem\",\"position\":1,\"name\":\"Inici\",\"item\":\"https:\/\/fcri.cat\/en\/\"},{\"@type\":\"ListItem\",\"position\":2,\"name\":\"Innovation\",\"item\":\"https:\/\/fcri.cat\/en\/innovacio\/\"},{\"@type\":\"ListItem\",\"position\":3,\"name\":\"Promoting Knowledge Industry\"}]},{\"@type\":\"WebSite\",\"@id\":\"https:\/\/fcri.cat\/en\/#website\",\"url\":\"https:\/\/fcri.cat\/en\/\",\"name\":\"Fundacio Recerca\",\"description\":\"Fundaci\u00f3 Catalana per a la Recerca i la Innovaci\u00f3\",\"potentialAction\":[{\"@type\":\"SearchAction\",\"target\":{\"@type\":\"EntryPoint\",\"urlTemplate\":\"https:\/\/fcri.cat\/en\/?s={search_term_string}\"},\"query-input\":\"required name=search_term_string\"}],\"inLanguage\":\"en-US\"}]}<\/script>\n<!-- \/ Yoast SEO plugin. -->","yoast_head_json":{"title":"Promoting Knowledge Industry - Fundacio Recerca","robots":{"index":"index","follow":"follow","max-snippet":"max-snippet:-1","max-image-preview":"max-image-preview:large","max-video-preview":"max-video-preview:-1"},"canonical":"https:\/\/fcri.cat\/en\/1562-2\/1565-2\/","og_locale":"en_US","og_type":"article","og_title":"Promoting Knowledge Industry - Fundacio Recerca","og_description":"Promoting Knowledge IndustryWe develop a strategy for the Knowledge Industry Programme in order to inform and attract companies in the Market line of action, by working with business angels networks [&hellip;]","og_url":"https:\/\/fcri.cat\/en\/1562-2\/1565-2\/","og_site_name":"Fundacio Recerca","article_publisher":"https:\/\/www.facebook.com\/fundaciorecerca","article_modified_time":"2021-03-31T12:25:40+00:00","twitter_card":"summary_large_image","twitter_site":"@fundaciorecerca","twitter_misc":{"Est. reading time":"2 minutes"},"schema":{"@context":"https:\/\/schema.org","@graph":[{"@type":"WebPage","@id":"https:\/\/fcri.cat\/en\/1562-2\/1565-2\/","url":"https:\/\/fcri.cat\/en\/1562-2\/1565-2\/","name":"Promoting Knowledge Industry - Fundacio Recerca","isPartOf":{"@id":"https:\/\/fcri.cat\/en\/#website"},"datePublished":"2021-02-08T11:35:05+00:00","dateModified":"2021-03-31T12:25:40+00:00","breadcrumb":{"@id":"https:\/\/fcri.cat\/en\/1562-2\/1565-2\/#breadcrumb"},"inLanguage":"en-US","potentialAction":[{"@type":"ReadAction","target":["https:\/\/fcri.cat\/en\/1562-2\/1565-2\/"]}]},{"@type":"BreadcrumbList","@id":"https:\/\/fcri.cat\/en\/1562-2\/1565-2\/#breadcrumb","itemListElement":[{"@type":"ListItem","position":1,"name":"Inici","item":"https:\/\/fcri.cat\/en\/"},{"@type":"ListItem","position":2,"name":"Innovation","item":"https:\/\/fcri.cat\/en\/innovacio\/"},{"@type":"ListItem","position":3,"name":"Promoting Knowledge Industry"}]},{"@type":"WebSite","@id":"https:\/\/fcri.cat\/en\/#website","url":"https:\/\/fcri.cat\/en\/","name":"Fundacio Recerca","description":"Fundaci\u00f3 Catalana per a la Recerca i la Innovaci\u00f3","potentialAction":[{"@type":"SearchAction","target":{"@type":"EntryPoint","urlTemplate":"https:\/\/fcri.cat\/en\/?s={search_term_string}"},"query-input":"required name=search_term_string"}],"inLanguage":"en-US"}]}},"_links":{"self":[{"href":"https:\/\/fcri.cat\/en\/wp-json\/wp\/v2\/pages\/1565"}],"collection":[{"href":"https:\/\/fcri.cat\/en\/wp-json\/wp\/v2\/pages"}],"about":[{"href":"https:\/\/fcri.cat\/en\/wp-json\/wp\/v2\/types\/page"}],"author":[{"embeddable":true,"href":"https:\/\/fcri.cat\/en\/wp-json\/wp\/v2\/users\/6"}],"replies":[{"embeddable":true,"href":"https:\/\/fcri.cat\/en\/wp-json\/wp\/v2\/comments?post=1565"}],"version-history":[{"count":11,"href":"https:\/\/fcri.cat\/en\/wp-json\/wp\/v2\/pages\/1565\/revisions"}],"predecessor-version":[{"id":6964,"href":"https:\/\/fcri.cat\/en\/wp-json\/wp\/v2\/pages\/1565\/revisions\/6964"}],"up":[{"embeddable":true,"href":"https:\/\/fcri.cat\/en\/wp-json\/wp\/v2\/pages\/1562"}],"wp:attachment":[{"href":"https:\/\/fcri.cat\/en\/wp-json\/wp\/v2\/media?parent=1565"}],"curies":[{"name":"wp","href":"https:\/\/api.w.org\/{rel}","templated":true}]}}