{"id":21161,"date":"2024-09-03T11:23:43","date_gmt":"2024-09-03T10:23:43","guid":{"rendered":"https:\/\/fundaciorecerca.cat\/?page_id=21161"},"modified":"2024-09-03T11:45:54","modified_gmt":"2024-09-03T10:45:54","slug":"graphic-identity","status":"publish","type":"page","link":"https:\/\/fcri.cat\/en\/graphic-identity\/","title":{"rendered":"Graphic identity"},"content":{"rendered":"\n<p>El manual d\u2019identitat corporativa del FCRI, \u00e9s una eina per a la correcta aplicaci\u00f3 de la identitat gr\u00e0fica de la Fundaci\u00f3 Catalana per a la Recerca i la Innovaci\u00f3.<\/p>\n\n\n\n<p>Revisi i segueixi atentament les senzilles instruccions per una correcta aplicaci\u00f3 de la nostra identitat gr\u00e0fica.<\/p>\n\n\n\n<p>Pot descarregar el nostre manual amb tots els arxius necessaris en aquest enlla\u00e7.<\/p>\n\n\n\n<p><a class=\"et_pb_button et_pb_button_0 mj-boto et_pb_bg_layout_dark\" style=\"margin: 5px 100% 10px 0px;\" href=\"https:\/\/fcri.cat\/wp-content\/uploads\/2024\/07\/2023_Memoria.pdf\">Download<\/a><\/p>\n\n\n\n<p>Si tingu\u00e9s dubtes o comentaris, poden posar-se en contacte amb l\u2019FCRI.<\/p>\n","protected":false},"excerpt":{"rendered":"<p>El manual d\u2019identitat corporativa del FCRI, \u00e9s una eina per a la correcta aplicaci\u00f3 de la identitat gr\u00e0fica de la Fundaci\u00f3 Catalana per a la Recerca i la Innovaci\u00f3. Revisi [&hellip;]<\/p>\n","protected":false},"author":6,"featured_media":21116,"parent":0,"menu_order":0,"comment_status":"closed","ping_status":"closed","template":"","meta":{"_et_pb_use_builder":"on","_et_pb_old_content":"","_et_gb_content_width":"","footnotes":""},"class_list":["post-21161","page","type-page","status-publish","has-post-thumbnail","hentry"],"yoast_head":"<!-- This site is optimized with the Yoast SEO plugin v22.9 - https:\/\/yoast.com\/wordpress\/plugins\/seo\/ -->\n<title>Graphic identity - Fundacio Recerca<\/title>\n<meta name=\"robots\" content=\"index, follow, max-snippet:-1, max-image-preview:large, max-video-preview:-1\" \/>\n<link rel=\"canonical\" href=\"https:\/\/fcri.cat\/en\/graphic-identity\/\" \/>\n<meta property=\"og:locale\" content=\"en_US\" \/>\n<meta property=\"og:type\" content=\"article\" \/>\n<meta property=\"og:title\" content=\"Graphic identity - Fundacio Recerca\" \/>\n<meta property=\"og:description\" content=\"El manual d\u2019identitat corporativa del FCRI, \u00e9s una eina per a la correcta aplicaci\u00f3 de la identitat gr\u00e0fica de la Fundaci\u00f3 Catalana per a la Recerca i la Innovaci\u00f3. Revisi [&hellip;]\" \/>\n<meta property=\"og:url\" content=\"https:\/\/fcri.cat\/en\/graphic-identity\/\" \/>\n<meta property=\"og:site_name\" content=\"Fundacio Recerca\" \/>\n<meta property=\"article:publisher\" content=\"https:\/\/www.facebook.com\/fundaciorecerca\" \/>\n<meta property=\"article:modified_time\" content=\"2024-09-03T10:45:54+00:00\" \/>\n<meta property=\"og:image\" content=\"https:\/\/fcri.cat\/wp-content\/uploads\/2024\/08\/identitat-g-1.png\" \/>\n\t<meta property=\"og:image:width\" content=\"1801\" \/>\n\t<meta property=\"og:image:height\" content=\"924\" \/>\n\t<meta property=\"og:image:type\" content=\"image\/png\" \/>\n<meta name=\"twitter:card\" content=\"summary_large_image\" \/>\n<meta name=\"twitter:site\" content=\"@fundaciorecerca\" \/>\n<meta name=\"twitter:label1\" content=\"Est. reading time\" \/>\n\t<meta name=\"twitter:data1\" content=\"1 minute\" \/>\n<script type=\"application\/ld+json\" class=\"yoast-schema-graph\">{\"@context\":\"https:\/\/schema.org\",\"@graph\":[{\"@type\":\"WebPage\",\"@id\":\"https:\/\/fcri.cat\/en\/graphic-identity\/\",\"url\":\"https:\/\/fcri.cat\/en\/graphic-identity\/\",\"name\":\"Graphic identity - Fundacio Recerca\",\"isPartOf\":{\"@id\":\"https:\/\/fcri.cat\/en\/#website\"},\"primaryImageOfPage\":{\"@id\":\"https:\/\/fcri.cat\/en\/graphic-identity\/#primaryimage\"},\"image\":{\"@id\":\"https:\/\/fcri.cat\/en\/graphic-identity\/#primaryimage\"},\"thumbnailUrl\":\"https:\/\/fcri.cat\/wp-content\/uploads\/2024\/08\/identitat-g-1.png?wsr\",\"datePublished\":\"2024-09-03T10:23:43+00:00\",\"dateModified\":\"2024-09-03T10:45:54+00:00\",\"breadcrumb\":{\"@id\":\"https:\/\/fcri.cat\/en\/graphic-identity\/#breadcrumb\"},\"inLanguage\":\"en-US\",\"potentialAction\":[{\"@type\":\"ReadAction\",\"target\":[\"https:\/\/fcri.cat\/en\/graphic-identity\/\"]}]},{\"@type\":\"ImageObject\",\"inLanguage\":\"en-US\",\"@id\":\"https:\/\/fcri.cat\/en\/graphic-identity\/#primaryimage\",\"url\":\"https:\/\/fcri.cat\/wp-content\/uploads\/2024\/08\/identitat-g-1.png?wsr\",\"contentUrl\":\"https:\/\/fcri.cat\/wp-content\/uploads\/2024\/08\/identitat-g-1.png?wsr\",\"width\":1801,\"height\":924},{\"@type\":\"BreadcrumbList\",\"@id\":\"https:\/\/fcri.cat\/en\/graphic-identity\/#breadcrumb\",\"itemListElement\":[{\"@type\":\"ListItem\",\"position\":1,\"name\":\"Inici\",\"item\":\"https:\/\/fcri.cat\/en\/\"},{\"@type\":\"ListItem\",\"position\":2,\"name\":\"Graphic identity\"}]},{\"@type\":\"WebSite\",\"@id\":\"https:\/\/fcri.cat\/en\/#website\",\"url\":\"https:\/\/fcri.cat\/en\/\",\"name\":\"Fundacio Recerca\",\"description\":\"Fundaci\u00f3 Catalana per a la Recerca i la Innovaci\u00f3\",\"potentialAction\":[{\"@type\":\"SearchAction\",\"target\":{\"@type\":\"EntryPoint\",\"urlTemplate\":\"https:\/\/fcri.cat\/en\/?s={search_term_string}\"},\"query-input\":\"required name=search_term_string\"}],\"inLanguage\":\"en-US\"}]}<\/script>\n<!-- \/ Yoast SEO plugin. -->","yoast_head_json":{"title":"Graphic identity - Fundacio Recerca","robots":{"index":"index","follow":"follow","max-snippet":"max-snippet:-1","max-image-preview":"max-image-preview:large","max-video-preview":"max-video-preview:-1"},"canonical":"https:\/\/fcri.cat\/en\/graphic-identity\/","og_locale":"en_US","og_type":"article","og_title":"Graphic identity - Fundacio Recerca","og_description":"El manual d\u2019identitat corporativa del FCRI, \u00e9s una eina per a la correcta aplicaci\u00f3 de la identitat gr\u00e0fica de la Fundaci\u00f3 Catalana per a la Recerca i la Innovaci\u00f3. Revisi [&hellip;]","og_url":"https:\/\/fcri.cat\/en\/graphic-identity\/","og_site_name":"Fundacio Recerca","article_publisher":"https:\/\/www.facebook.com\/fundaciorecerca","article_modified_time":"2024-09-03T10:45:54+00:00","og_image":[{"width":1801,"height":924,"url":"https:\/\/fcri.cat\/wp-content\/uploads\/2024\/08\/identitat-g-1.png","type":"image\/png"}],"twitter_card":"summary_large_image","twitter_site":"@fundaciorecerca","twitter_misc":{"Est. reading time":"1 minute"},"schema":{"@context":"https:\/\/schema.org","@graph":[{"@type":"WebPage","@id":"https:\/\/fcri.cat\/en\/graphic-identity\/","url":"https:\/\/fcri.cat\/en\/graphic-identity\/","name":"Graphic identity - Fundacio Recerca","isPartOf":{"@id":"https:\/\/fcri.cat\/en\/#website"},"primaryImageOfPage":{"@id":"https:\/\/fcri.cat\/en\/graphic-identity\/#primaryimage"},"image":{"@id":"https:\/\/fcri.cat\/en\/graphic-identity\/#primaryimage"},"thumbnailUrl":"https:\/\/fcri.cat\/wp-content\/uploads\/2024\/08\/identitat-g-1.png?wsr","datePublished":"2024-09-03T10:23:43+00:00","dateModified":"2024-09-03T10:45:54+00:00","breadcrumb":{"@id":"https:\/\/fcri.cat\/en\/graphic-identity\/#breadcrumb"},"inLanguage":"en-US","potentialAction":[{"@type":"ReadAction","target":["https:\/\/fcri.cat\/en\/graphic-identity\/"]}]},{"@type":"ImageObject","inLanguage":"en-US","@id":"https:\/\/fcri.cat\/en\/graphic-identity\/#primaryimage","url":"https:\/\/fcri.cat\/wp-content\/uploads\/2024\/08\/identitat-g-1.png?wsr","contentUrl":"https:\/\/fcri.cat\/wp-content\/uploads\/2024\/08\/identitat-g-1.png?wsr","width":1801,"height":924},{"@type":"BreadcrumbList","@id":"https:\/\/fcri.cat\/en\/graphic-identity\/#breadcrumb","itemListElement":[{"@type":"ListItem","position":1,"name":"Inici","item":"https:\/\/fcri.cat\/en\/"},{"@type":"ListItem","position":2,"name":"Graphic identity"}]},{"@type":"WebSite","@id":"https:\/\/fcri.cat\/en\/#website","url":"https:\/\/fcri.cat\/en\/","name":"Fundacio Recerca","description":"Fundaci\u00f3 Catalana per a la Recerca i la Innovaci\u00f3","potentialAction":[{"@type":"SearchAction","target":{"@type":"EntryPoint","urlTemplate":"https:\/\/fcri.cat\/en\/?s={search_term_string}"},"query-input":"required name=search_term_string"}],"inLanguage":"en-US"}]}},"_links":{"self":[{"href":"https:\/\/fcri.cat\/en\/wp-json\/wp\/v2\/pages\/21161"}],"collection":[{"href":"https:\/\/fcri.cat\/en\/wp-json\/wp\/v2\/pages"}],"about":[{"href":"https:\/\/fcri.cat\/en\/wp-json\/wp\/v2\/types\/page"}],"author":[{"embeddable":true,"href":"https:\/\/fcri.cat\/en\/wp-json\/wp\/v2\/users\/6"}],"replies":[{"embeddable":true,"href":"https:\/\/fcri.cat\/en\/wp-json\/wp\/v2\/comments?post=21161"}],"version-history":[{"count":6,"href":"https:\/\/fcri.cat\/en\/wp-json\/wp\/v2\/pages\/21161\/revisions"}],"predecessor-version":[{"id":21188,"href":"https:\/\/fcri.cat\/en\/wp-json\/wp\/v2\/pages\/21161\/revisions\/21188"}],"wp:featuredmedia":[{"embeddable":true,"href":"https:\/\/fcri.cat\/en\/wp-json\/wp\/v2\/media\/21116"}],"wp:attachment":[{"href":"https:\/\/fcri.cat\/en\/wp-json\/wp\/v2\/media?parent=21161"}],"curies":[{"name":"wp","href":"https:\/\/api.w.org\/{rel}","templated":true}]}}