{"id":23103,"date":"2025-05-13T10:36:13","date_gmt":"2025-05-13T09:36:13","guid":{"rendered":"https:\/\/fundaciorecerca.cat\/?page_id=23103"},"modified":"2025-06-25T11:42:59","modified_gmt":"2025-06-25T10:42:59","slug":"escoles-destiu-2025","status":"publish","type":"page","link":"https:\/\/fcri.cat\/en\/escoles-destiu-2025\/","title":{"rendered":"Escoles d&#8217;estiu 2025"},"content":{"rendered":"\n<figure class=\"wp-block-image size-full is-resized\"><img loading=\"lazy\" decoding=\"async\" width=\"2560\" height=\"1707\" src=\"https:\/\/fcri.cat\/wp-content\/uploads\/2025\/05\/IMG_1846-scaled.jpg\" alt=\"\" class=\"wp-image-23156\" style=\"width:1116px;height:auto\" srcset=\"https:\/\/fcri.cat\/wp-content\/uploads\/2025\/05\/IMG_1846-scaled.jpg 2560w, https:\/\/fcri.cat\/wp-content\/uploads\/2025\/05\/IMG_1846-1280x854.jpg 1280w, https:\/\/fcri.cat\/wp-content\/uploads\/2025\/05\/IMG_1846-980x653.jpg 980w, https:\/\/fcri.cat\/wp-content\/uploads\/2025\/05\/IMG_1846-480x320.jpg 480w\" sizes=\"(min-width: 0px) and (max-width: 480px) 480px, (min-width: 481px) and (max-width: 980px) 980px, (min-width: 981px) and (max-width: 1280px) 1280px, (min-width: 1281px) 2560px, 100vw\" \/><\/figure>\n\n\n\n<p class=\"has-text-align-left\">La Fundaci\u00f3 Catalana per a la Recerca i la Innovaci\u00f3 (FCRI) us presenta, un any m\u00e9s, la seva oferta formativa de\u202fcursos d\u2019estiu,\u202fadre\u00e7ats a docents de secund\u00e0ria i batxillerat en actiu de qualsevol centre docent de Catalunya, gratu\u00efts i certificats pel Departament d\u2019Educaci\u00f3 i Formaci\u00f3 Professional de la Generalitat de Catalunya (cal assistir a un m\u00ednim del 80% de les sessions).<\/p>\n\n\n\n<p>L\u2019objectiu global dels cursos \u00e9s ajudar els docents a fer m\u00e9s atractius, participatius i experimentals els continguts CTM (Ci\u00e8ncies, Tecnologia i Matem\u00e0tiques). Per aconseguir-ho, els cursos plantegen una aproximaci\u00f3 eminentment aplicada: els assistents coneixeran de primera m\u00e0 com dur a terme un conjunt d\u2019experimentacions i de propostes pr\u00e0ctiques realitzables, priorit\u00e0riament, amb materials i t\u00e8cniques a l\u2019abast, i relacionades amb els continguts curriculars. Tamb\u00e9 es reflexionar\u00e0 sobre diversos aspectes metodol\u00f2gics. La idea \u00e9s que els participants aprenguin propostes pr\u00e0ctiques per a fer treballs experimentals atractius que puguin engrescar als alumnes.<\/p>\n\n\n\n<p>Als cursos d\u2019estiu tamb\u00e9 poden participar graduats i estudiants de m\u00e0ster, sempre que facilitin a l\u2019organitzaci\u00f3 una prova documental oficial, com la c\u00f2pia del t\u00edtol o de la seva sol\u00b7licitud. La certificaci\u00f3 en el cas d\u2019aquestes persones ser\u00e0 feta \u00fanicament per l\u2019FCRI i no pel Departament d\u2019Educaci\u00f3 i de Formaci\u00f3 Professional.<\/p>\n\n\n\n<h3 class=\"wp-block-heading\"><strong>Programes i inscripcions<\/strong><\/h3>\n\n\n\n<p class=\"has-text-align-left\">El nombre de places varia segons el curs.<\/p>\n\n\n\n<p class=\"has-text-align-left\">Les places es validaran per rigor\u00f3s ordre d\u2019inscripci\u00f3. El termini finalitza\u202fel dia 13 de juny de 2025\u202fo quan s\u2019exhaureixin les places disponibles.<\/p>\n\n\n\n<p class=\"has-text-align-left\"><strong>\u2013 L\u2019experimentaci\u00f3 a les classes de ci\u00e8ncies<\/strong><\/p>\n\n\n\n<p class=\"has-text-align-left\">Universitat de Barcelona. 20 hores. De l&#8217;1 al 4 de juliol de 2025. <strong><a href=\"https:\/\/fcri.cat\/wp-content\/uploads\/2025\/05\/Programa_UB_2025.pdf\">Vegeu programa.<\/a> <\/strong>I<strong>nscripci\u00f3 tancada<\/strong>!<\/p>\n\n\n\n<p class=\"has-text-align-left\">Universitat Polit\u00e8cnica de Catalunya. 20 hores. Del 30 de juny al 3 de juliol de 2025. <a href=\"https:\/\/fcri.cat\/wp-content\/uploads\/2025\/05\/Programa_UPCBeso\u0300s_2025.pdf\"><strong>Vegeu programa<\/strong><\/a><strong>. Inscripci\u00f3 tancada!<\/strong><\/p>\n\n\n\n<p class=\"has-text-align-left\">Universitat de Girona. 20 hores. De l&#8217;1 al 4 de juliol de 2025. <strong><a href=\"https:\/\/fcri.cat\/wp-content\/uploads\/2025\/05\/Programa_UdG2025.pdf\">Vegeu programa<\/a>. Inscripci\u00f3 tancada!<\/strong><\/p>\n\n\n\n<p class=\"has-text-align-left\">Universitat de Lleida. 20 hores. De l&#8217;1 al 4 de juliol de 2025. <strong><a href=\"https:\/\/fcri.cat\/wp-content\/uploads\/2025\/05\/Programa_UdL_2025.pdf\">Vegeu programa<\/a>. Inscripci\u00f3 tancada!<\/strong><\/p>\n\n\n\n<p class=\"has-text-align-left\">Universitat Rovira i Virgili. 20 hores. Del 30 de juny al 3 de juliol de 2025.<strong><a href=\"https:\/\/fcri.cat\/wp-content\/uploads\/2025\/05\/Programa-URV-2025.pdf\"> Vegeu programa<\/a>. <\/strong> <strong>Inscripci\u00f3 tancada!<\/strong><\/p>\n\n\n\n<p class=\"has-text-align-left\"><strong>\u2013 Interpretaci\u00f3 i confecci\u00f3 de mapes i talls geol\u00f2gics.<\/strong> 26 hores. Del 30 al 4 de juliol de 2025. <a href=\"https:\/\/fcri.cat\/wp-content\/uploads\/2025\/05\/Programa_Mapes_Geologics_2025.pdf\"><strong>Vegeu programa<\/strong><\/a>. <strong>Inscripci\u00f3 tancada!<\/strong><\/p>\n\n\n\n<p class=\"has-text-align-left\"><\/p>\n","protected":false},"excerpt":{"rendered":"<p>La Fundaci\u00f3 Catalana per a la Recerca i la Innovaci\u00f3 (FCRI) us presenta, un any m\u00e9s, la seva oferta formativa de\u202fcursos d\u2019estiu,\u202fadre\u00e7ats a docents de secund\u00e0ria i batxillerat en actiu [&hellip;]<\/p>\n","protected":false},"author":3,"featured_media":0,"parent":0,"menu_order":0,"comment_status":"closed","ping_status":"closed","template":"","meta":{"_et_pb_use_builder":"off","_et_pb_old_content":"<!-- wp:image {\"id\":23156,\"width\":\"1116px\",\"height\":\"auto\",\"sizeSlug\":\"full\",\"linkDestination\":\"none\"} -->\n<figure class=\"wp-block-image size-full is-resized\"><img src=\"https:\/\/fcri.cat\/wp-content\/uploads\/2025\/05\/IMG_1846-scaled.jpg\" alt=\"\" class=\"wp-image-23156\" style=\"width:1116px;height:auto\"\/><\/figure>\n<!-- \/wp:image -->\n\n<!-- wp:paragraph {\"align\":\"left\"} -->\n<p class=\"has-text-align-left\">La Fundaci\u00f3 Catalana per a la Recerca i la Innovaci\u00f3 (FCRI) us presenta, un any m\u00e9s, la seva oferta formativa de\u202fcursos d\u2019estiu,\u202fadre\u00e7ats a docents de secund\u00e0ria i batxillerat en actiu de qualsevol centre docent de Catalunya, gratu\u00efts i certificats pel Departament d\u2019Educaci\u00f3 i Formaci\u00f3 Professional de la Generalitat de Catalunya (cal assistir a un m\u00ednim del 80% de les sessions).<\/p>\n<!-- \/wp:paragraph -->\n\n<!-- wp:paragraph -->\n<p>L\u2019objectiu global dels cursos \u00e9s ajudar els docents a fer m\u00e9s atractius, participatius i experimentals els continguts CTM (Ci\u00e8ncies, Tecnologia i Matem\u00e0tiques). Per aconseguir-ho, els cursos plantegen una aproximaci\u00f3 eminentment aplicada: els assistents coneixeran de primera m\u00e0 com dur a terme un conjunt d\u2019experimentacions i de propostes pr\u00e0ctiques realitzables, priorit\u00e0riament, amb materials i t\u00e8cniques a l\u2019abast, i relacionades amb els continguts curriculars. Tamb\u00e9 es reflexionar\u00e0 sobre diversos aspectes metodol\u00f2gics. La idea \u00e9s que els participants aprenguin propostes pr\u00e0ctiques per a fer treballs experimentals atractius que puguin engrescar als alumnes.<\/p>\n<!-- \/wp:paragraph -->\n\n<!-- wp:paragraph -->\n<p>Als cursos d\u2019estiu tamb\u00e9 poden participar graduats i estudiants de m\u00e0ster, sempre que facilitin a l\u2019organitzaci\u00f3 una prova documental oficial, com la c\u00f2pia del t\u00edtol o de la seva sol\u00b7licitud. La certificaci\u00f3 en el cas d\u2019aquestes persones ser\u00e0 feta \u00fanicament per l\u2019FCRI i no pel Departament d\u2019Educaci\u00f3 i de Formaci\u00f3 Professional.<\/p>\n<!-- \/wp:paragraph -->\n\n<!-- wp:heading {\"level\":3,\"align\":\"left\"} -->\n<h3 class=\"wp-block-heading\"><strong>Programes i inscripcions<\/strong><\/h3>\n<!-- \/wp:heading -->\n\n<!-- wp:paragraph {\"align\":\"left\"} -->\n<p class=\"has-text-align-left\">El nombre de places varia segons el curs.<\/p>\n<!-- \/wp:paragraph -->\n\n<!-- wp:paragraph {\"align\":\"left\"} -->\n<p class=\"has-text-align-left\">Les places es validaran per rigor\u00f3s ordre d\u2019inscripci\u00f3. El termini finalitza\u202fel dia 13 de juny de 2025\u202fo quan s\u2019exhaureixin les places disponibles.<\/p>\n<!-- \/wp:paragraph -->\n\n<!-- wp:paragraph {\"align\":\"left\"} -->\n<p class=\"has-text-align-left\"><strong>\u2013 L\u2019experimentaci\u00f3 a les classes de ci\u00e8ncies<\/strong><\/p>\n<!-- \/wp:paragraph -->\n\n<!-- wp:paragraph {\"align\":\"left\"} -->\n<p class=\"has-text-align-left\">Universitat de Barcelona. 20 hores. De l'1 al 4 de juliol de 2025. <strong><a href=\"https:\/\/fcri.cat\/wp-content\/uploads\/2025\/05\/Programa_UB_2025.pdf\">Vegeu programa.<\/a> <a href=\"https:\/\/projectes.fcri.cat\/cursos_estiu\/index.asp?accio=cursos\" target=\"_blank\" rel=\"noreferrer noopener\">Inscripci\u00f3 <\/a><\/strong><\/p>\n<!-- \/wp:paragraph -->\n\n<!-- wp:paragraph {\"align\":\"left\"} -->\n<p class=\"has-text-align-left\">Universitat Polit\u00e8cnica de Catalunya. 20 hores. Del 30 de juny al 3 de juliol de 2025. <a href=\"https:\/\/fcri.cat\/wp-content\/uploads\/2025\/05\/Programa_UPCBeso\u0300s_2025.pdf\"><strong>Vegeu programa<\/strong><\/a><strong>.<\/strong><a href=\"https:\/\/fcri.cat\/wp-content\/uploads\/2025\/05\/Programa_UPCBeso\u0300s_2025.pdf\"><strong> <\/strong><\/a><strong><a href=\"https:\/\/projectes.fcri.cat\/cursos_estiu\/index.asp?accio=cursos\" target=\"_blank\" rel=\"noreferrer noopener\">Inscripci\u00f3<\/a><\/strong><\/p>\n<!-- \/wp:paragraph -->\n\n<!-- wp:paragraph {\"align\":\"left\"} -->\n<p class=\"has-text-align-left\">Universitat de Girona. 20 hores. De l'1 al 4 de juliol de 2025. <strong><a href=\"https:\/\/fcri.cat\/wp-content\/uploads\/2025\/05\/Programa_UdG2025.pdf\">Vegeu programa<\/a>.<a href=\"https:\/\/fcri.cat\/wp-content\/uploads\/2025\/05\/Programa_UdG2025.pdf\"> <\/a><a href=\"https:\/\/projectes.fcri.cat\/cursos_estiu\/index.asp?accio=cursos\">Inscripci\u00f3<\/a><\/strong><\/p>\n<!-- \/wp:paragraph -->\n\n<!-- wp:paragraph {\"align\":\"left\"} -->\n<p class=\"has-text-align-left\">Universitat de Lleida. 20 hores. De l'1 al 4 de juliol de 2025. <strong><a href=\"https:\/\/fcri.cat\/wp-content\/uploads\/2025\/05\/Programa_UdL_2025.pdf\">Vegeu programa<\/a>. <a href=\"https:\/\/projectes.fcri.cat\/cursos_estiu\/index.asp?accio=cursos\" target=\"_blank\" rel=\"noreferrer noopener\">Inscripci\u00f3 <\/a><\/strong><\/p>\n<!-- \/wp:paragraph -->\n\n<!-- wp:paragraph {\"align\":\"left\"} -->\n<p class=\"has-text-align-left\">Universitat Rovira i Virgili. 20 hores. Del 30 de juny al 3 de juliol de 2025.<strong><a href=\"https:\/\/fcri.cat\/wp-content\/uploads\/2025\/05\/Programa-URV-2025.pdf\"> Vegeu programa<\/a>. <a href=\"https:\/\/projectes.fcri.cat\/cursos_estiu\/index.asp?accio=cursos\" target=\"_blank\" rel=\"noreferrer noopener\">Inscripci\u00f3 <\/a><\/strong><\/p>\n<!-- \/wp:paragraph -->\n\n<!-- wp:paragraph {\"align\":\"left\"} -->\n<p class=\"has-text-align-left\"><strong>\u2013 Interpretaci\u00f3 i confecci\u00f3 de mapes i talls geol\u00f2gics.<\/strong> 26 hores. Del 30 al 4 de juliol de 2025. <a href=\"https:\/\/fcri.cat\/wp-content\/uploads\/2025\/05\/Programa_Mapes_Geologics_2025.pdf\"><strong>Vegeu programa<\/strong><\/a>. <strong><a href=\"https:\/\/projectes.fcri.cat\/cursos_estiu\/index.asp?accio=cursos\" target=\"_blank\" rel=\"noreferrer noopener\">Inscripci\u00f3<\/a><\/strong><\/p>\n<!-- \/wp:paragraph -->\n\n<!-- wp:paragraph {\"align\":\"left\"} -->\n<p class=\"has-text-align-left\"><\/p>\n<!-- \/wp:paragraph -->","_et_gb_content_width":"","footnotes":""},"class_list":["post-23103","page","type-page","status-publish","hentry"],"yoast_head":"<!-- This site is optimized with the Yoast SEO plugin v22.9 - https:\/\/yoast.com\/wordpress\/plugins\/seo\/ -->\n<title>Escoles d&#039;estiu 2025 - Fundacio Recerca<\/title>\n<meta name=\"robots\" content=\"index, follow, max-snippet:-1, max-image-preview:large, max-video-preview:-1\" \/>\n<link rel=\"canonical\" href=\"https:\/\/fcri.cat\/en\/escoles-destiu-2025\/\" \/>\n<meta property=\"og:locale\" content=\"en_US\" \/>\n<meta property=\"og:type\" content=\"article\" \/>\n<meta property=\"og:title\" content=\"Escoles d&#039;estiu 2025 - Fundacio Recerca\" \/>\n<meta property=\"og:description\" content=\"La Fundaci\u00f3 Catalana per a la Recerca i la Innovaci\u00f3 (FCRI) us presenta, un any m\u00e9s, la seva oferta formativa de\u202fcursos d\u2019estiu,\u202fadre\u00e7ats a docents de secund\u00e0ria i batxillerat en actiu [&hellip;]\" \/>\n<meta property=\"og:url\" content=\"https:\/\/fcri.cat\/en\/escoles-destiu-2025\/\" \/>\n<meta property=\"og:site_name\" content=\"Fundacio Recerca\" \/>\n<meta property=\"article:publisher\" content=\"https:\/\/www.facebook.com\/fundaciorecerca\" \/>\n<meta property=\"article:modified_time\" content=\"2025-06-25T10:42:59+00:00\" \/>\n<meta property=\"og:image\" content=\"https:\/\/fcri.cat\/wp-content\/uploads\/2025\/05\/IMG_1846-scaled.jpg\" \/>\n<meta name=\"twitter:card\" content=\"summary_large_image\" \/>\n<meta name=\"twitter:site\" content=\"@fundaciorecerca\" \/>\n<meta name=\"twitter:label1\" content=\"Est. reading time\" \/>\n\t<meta name=\"twitter:data1\" content=\"3 minutes\" \/>\n<script type=\"application\/ld+json\" class=\"yoast-schema-graph\">{\"@context\":\"https:\/\/schema.org\",\"@graph\":[{\"@type\":\"WebPage\",\"@id\":\"https:\/\/fcri.cat\/en\/escoles-destiu-2025\/\",\"url\":\"https:\/\/fcri.cat\/en\/escoles-destiu-2025\/\",\"name\":\"Escoles d'estiu 2025 - Fundacio Recerca\",\"isPartOf\":{\"@id\":\"https:\/\/fcri.cat\/en\/#website\"},\"primaryImageOfPage\":{\"@id\":\"https:\/\/fcri.cat\/en\/escoles-destiu-2025\/#primaryimage\"},\"image\":{\"@id\":\"https:\/\/fcri.cat\/en\/escoles-destiu-2025\/#primaryimage\"},\"thumbnailUrl\":\"https:\/\/fcri.cat\/wp-content\/uploads\/2025\/05\/IMG_1846-scaled.jpg\",\"datePublished\":\"2025-05-13T09:36:13+00:00\",\"dateModified\":\"2025-06-25T10:42:59+00:00\",\"breadcrumb\":{\"@id\":\"https:\/\/fcri.cat\/en\/escoles-destiu-2025\/#breadcrumb\"},\"inLanguage\":\"en-US\",\"potentialAction\":[{\"@type\":\"ReadAction\",\"target\":[\"https:\/\/fcri.cat\/en\/escoles-destiu-2025\/\"]}]},{\"@type\":\"ImageObject\",\"inLanguage\":\"en-US\",\"@id\":\"https:\/\/fcri.cat\/en\/escoles-destiu-2025\/#primaryimage\",\"url\":\"https:\/\/fcri.cat\/wp-content\/uploads\/2025\/05\/IMG_1846-scaled.jpg\",\"contentUrl\":\"https:\/\/fcri.cat\/wp-content\/uploads\/2025\/05\/IMG_1846-scaled.jpg\"},{\"@type\":\"BreadcrumbList\",\"@id\":\"https:\/\/fcri.cat\/en\/escoles-destiu-2025\/#breadcrumb\",\"itemListElement\":[{\"@type\":\"ListItem\",\"position\":1,\"name\":\"Inici\",\"item\":\"https:\/\/fcri.cat\/en\/\"},{\"@type\":\"ListItem\",\"position\":2,\"name\":\"Escoles d&#8217;estiu 2025\"}]},{\"@type\":\"WebSite\",\"@id\":\"https:\/\/fcri.cat\/en\/#website\",\"url\":\"https:\/\/fcri.cat\/en\/\",\"name\":\"Fundacio Recerca\",\"description\":\"Fundaci\u00f3 Catalana per a la Recerca i la Innovaci\u00f3\",\"potentialAction\":[{\"@type\":\"SearchAction\",\"target\":{\"@type\":\"EntryPoint\",\"urlTemplate\":\"https:\/\/fcri.cat\/en\/?s={search_term_string}\"},\"query-input\":\"required name=search_term_string\"}],\"inLanguage\":\"en-US\"}]}<\/script>\n<!-- \/ Yoast SEO plugin. -->","yoast_head_json":{"title":"Escoles d'estiu 2025 - Fundacio Recerca","robots":{"index":"index","follow":"follow","max-snippet":"max-snippet:-1","max-image-preview":"max-image-preview:large","max-video-preview":"max-video-preview:-1"},"canonical":"https:\/\/fcri.cat\/en\/escoles-destiu-2025\/","og_locale":"en_US","og_type":"article","og_title":"Escoles d'estiu 2025 - Fundacio Recerca","og_description":"La Fundaci\u00f3 Catalana per a la Recerca i la Innovaci\u00f3 (FCRI) us presenta, un any m\u00e9s, la seva oferta formativa de\u202fcursos d\u2019estiu,\u202fadre\u00e7ats a docents de secund\u00e0ria i batxillerat en actiu [&hellip;]","og_url":"https:\/\/fcri.cat\/en\/escoles-destiu-2025\/","og_site_name":"Fundacio Recerca","article_publisher":"https:\/\/www.facebook.com\/fundaciorecerca","article_modified_time":"2025-06-25T10:42:59+00:00","og_image":[{"url":"https:\/\/fcri.cat\/wp-content\/uploads\/2025\/05\/IMG_1846-scaled.jpg"}],"twitter_card":"summary_large_image","twitter_site":"@fundaciorecerca","twitter_misc":{"Est. reading time":"3 minutes"},"schema":{"@context":"https:\/\/schema.org","@graph":[{"@type":"WebPage","@id":"https:\/\/fcri.cat\/en\/escoles-destiu-2025\/","url":"https:\/\/fcri.cat\/en\/escoles-destiu-2025\/","name":"Escoles d'estiu 2025 - Fundacio Recerca","isPartOf":{"@id":"https:\/\/fcri.cat\/en\/#website"},"primaryImageOfPage":{"@id":"https:\/\/fcri.cat\/en\/escoles-destiu-2025\/#primaryimage"},"image":{"@id":"https:\/\/fcri.cat\/en\/escoles-destiu-2025\/#primaryimage"},"thumbnailUrl":"https:\/\/fcri.cat\/wp-content\/uploads\/2025\/05\/IMG_1846-scaled.jpg","datePublished":"2025-05-13T09:36:13+00:00","dateModified":"2025-06-25T10:42:59+00:00","breadcrumb":{"@id":"https:\/\/fcri.cat\/en\/escoles-destiu-2025\/#breadcrumb"},"inLanguage":"en-US","potentialAction":[{"@type":"ReadAction","target":["https:\/\/fcri.cat\/en\/escoles-destiu-2025\/"]}]},{"@type":"ImageObject","inLanguage":"en-US","@id":"https:\/\/fcri.cat\/en\/escoles-destiu-2025\/#primaryimage","url":"https:\/\/fcri.cat\/wp-content\/uploads\/2025\/05\/IMG_1846-scaled.jpg","contentUrl":"https:\/\/fcri.cat\/wp-content\/uploads\/2025\/05\/IMG_1846-scaled.jpg"},{"@type":"BreadcrumbList","@id":"https:\/\/fcri.cat\/en\/escoles-destiu-2025\/#breadcrumb","itemListElement":[{"@type":"ListItem","position":1,"name":"Inici","item":"https:\/\/fcri.cat\/en\/"},{"@type":"ListItem","position":2,"name":"Escoles d&#8217;estiu 2025"}]},{"@type":"WebSite","@id":"https:\/\/fcri.cat\/en\/#website","url":"https:\/\/fcri.cat\/en\/","name":"Fundacio Recerca","description":"Fundaci\u00f3 Catalana per a la Recerca i la Innovaci\u00f3","potentialAction":[{"@type":"SearchAction","target":{"@type":"EntryPoint","urlTemplate":"https:\/\/fcri.cat\/en\/?s={search_term_string}"},"query-input":"required name=search_term_string"}],"inLanguage":"en-US"}]}},"_links":{"self":[{"href":"https:\/\/fcri.cat\/en\/wp-json\/wp\/v2\/pages\/23103"}],"collection":[{"href":"https:\/\/fcri.cat\/en\/wp-json\/wp\/v2\/pages"}],"about":[{"href":"https:\/\/fcri.cat\/en\/wp-json\/wp\/v2\/types\/page"}],"author":[{"embeddable":true,"href":"https:\/\/fcri.cat\/en\/wp-json\/wp\/v2\/users\/3"}],"replies":[{"embeddable":true,"href":"https:\/\/fcri.cat\/en\/wp-json\/wp\/v2\/comments?post=23103"}],"version-history":[{"count":16,"href":"https:\/\/fcri.cat\/en\/wp-json\/wp\/v2\/pages\/23103\/revisions"}],"predecessor-version":[{"id":23330,"href":"https:\/\/fcri.cat\/en\/wp-json\/wp\/v2\/pages\/23103\/revisions\/23330"}],"wp:attachment":[{"href":"https:\/\/fcri.cat\/en\/wp-json\/wp\/v2\/media?parent=23103"}],"curies":[{"name":"wp","href":"https:\/\/api.w.org\/{rel}","templated":true}]}}