{"id":10159,"date":"2021-10-07T14:38:10","date_gmt":"2021-10-07T13:38:10","guid":{"rendered":"https:\/\/fundaciorecerca.cat\/?page_id=10159"},"modified":"2025-10-21T11:53:39","modified_gmt":"2025-10-21T10:53:39","slug":"ptcbarcelona","status":"publish","type":"page","link":"https:\/\/fcri.cat\/es\/societat-educacio\/petits-talents-cientifics\/ptcbarcelona\/","title":{"rendered":"Petits Talents Cient\u00edfics Barcelona"},"content":{"rendered":"<p>[et_pb_section fb_built=\u00bb1&#8243; admin_label=\u00bbHero\u00bb _builder_version=\u00bb4.16&#8243; custom_padding=\u00bb2px|||||\u00bb da_disable_devices=\u00bboff|off|off\u00bb global_colors_info=\u00bb{}\u00bb theme_builder_area=\u00bbpost_content\u00bb da_is_popup=\u00bboff\u00bb da_exit_intent=\u00bboff\u00bb da_has_close=\u00bbon\u00bb da_alt_close=\u00bboff\u00bb da_dark_close=\u00bboff\u00bb da_not_modal=\u00bbon\u00bb da_is_singular=\u00bboff\u00bb da_with_loader=\u00bboff\u00bb da_has_shadow=\u00bbon\u00bb][et_pb_row module_class=\u00bbmj-section-logo-projec\u00bb _builder_version=\u00bb4.25.2&#8243; _module_preset=\u00bbdefault\u00bb background_color=\u00bbRGBA(255,255,255,0)\u00bb width=\u00bb100%\u00bb width_tablet=\u00bb\u00bb width_phone=\u00bb\u00bb width_last_edited=\u00bbon|phone\u00bb min_height=\u00bb174px\u00bb custom_margin=\u00bb|auto|-3px|auto||\u00bb custom_padding=\u00bb||0px||false|false\u00bb global_colors_info=\u00bb{}\u00bb theme_builder_area=\u00bbpost_content\u00bb][et_pb_column type=\u00bb4_4&#8243; _builder_version=\u00bb4.24.1&#8243; _module_preset=\u00bbdefault\u00bb background_color=\u00bbRGBA(255,255,255,0)\u00bb global_colors_info=\u00bb{}\u00bb theme_builder_area=\u00bbpost_content\u00bb][et_pb_image src=\u00bbhttps:\/\/fcri.cat\/wp-content\/uploads\/2024\/06\/L-ptc@2x.png\u00bb title_text=\u00bbL-ptc@2x\u00bb align=\u00bbright\u00bb _builder_version=\u00bb4.24.1&#8243; _module_preset=\u00bbdefault\u00bb background_enable_color=\u00bboff\u00bb width=\u00bb250px\u00bb width_tablet=\u00bb200px\u00bb width_phone=\u00bb150px\u00bb width_last_edited=\u00bbon|desktop\u00bb module_alignment=\u00bbright\u00bb height=\u00bb250px\u00bb height_tablet=\u00bb200px\u00bb height_phone=\u00bb150px\u00bb height_last_edited=\u00bbon|tablet\u00bb custom_margin=\u00bb||||false|false\u00bb custom_margin_tablet=\u00bb20px||||false|false\u00bb custom_margin_phone=\u00bb60px||||false|false\u00bb custom_margin_last_edited=\u00bbon|desktop\u00bb custom_padding=\u00bb|||3px||\u00bb background_last_edited=\u00bbon|phone\u00bb box_shadow_style=\u00bbpreset1&#8243; global_colors_info=\u00bb{}\u00bb theme_builder_area=\u00bbpost_content\u00bb][\/et_pb_image][\/et_pb_column][\/et_pb_row][\/et_pb_section][et_pb_section fb_built=\u00bb1&#8243; _builder_version=\u00bb4.25.2&#8243; _module_preset=\u00bbdefault\u00bb da_disable_devices=\u00bboff|off|off\u00bb global_colors_info=\u00bb{}\u00bb theme_builder_area=\u00bbpost_content\u00bb da_is_popup=\u00bboff\u00bb da_exit_intent=\u00bboff\u00bb da_has_close=\u00bbon\u00bb da_alt_close=\u00bboff\u00bb da_dark_close=\u00bboff\u00bb da_not_modal=\u00bbon\u00bb da_is_singular=\u00bboff\u00bb da_with_loader=\u00bboff\u00bb da_has_shadow=\u00bbon\u00bb][et_pb_row _builder_version=\u00bb4.25.2&#8243; _module_preset=\u00bbdefault\u00bb width=\u00bb100%\u00bb custom_padding=\u00bb||||false|false\u00bb global_colors_info=\u00bb{}\u00bb theme_builder_area=\u00bbpost_content\u00bb][et_pb_column type=\u00bb4_4&#8243; _builder_version=\u00bb4.16&#8243; _module_preset=\u00bbdefault\u00bb global_colors_info=\u00bb{}\u00bb theme_builder_area=\u00bbpost_content\u00bb][et_pb_blurb image=\u00bbhttps:\/\/fcri.cat\/wp-content\/uploads\/2024\/06\/Diseno-sin-titulo-54.png\u00bb alt=\u00bbEdicio17_JovesCienciaEtica_FundacioRecerca\u00bb content_max_width=\u00bb100%\u00bb _builder_version=\u00bb4.25.2&#8243; header_font=\u00bbLato|700|||||||\u00bb header_text_align=\u00bbcenter\u00bb header_font_size=\u00bb25px\u00bb header_line_height=\u00bb1.8em\u00bb body_text_align=\u00bbcenter\u00bb body_font_size=\u00bb18px\u00bb width=\u00bb100%\u00bb min_height=\u00bb984px\u00bb custom_padding=\u00bb8px|0px|8px|0px|true|true\u00bb animation_style=\u00bbflip\u00bb animation_intensity_flip=\u00bb20%\u00bb animation=\u00bboff\u00bb hover_enabled=\u00bb0&#8243; border_color_all=\u00bbrgba(0,0,0,0.12)\u00bb global_colors_info=\u00bb{}\u00bb theme_builder_area=\u00bbpost_content\u00bb sticky_enabled=\u00bb0&#8243;]<\/p>\n<p style=\"text-align: left;\"><span style=\"font-size: 1.1rem;\">El programa d&#8217;actualitzaci\u00f3 cient\u00edfica per a mestres d&#8217;educaci\u00f3 infantil i prim\u00e0ria \u201cPetits Talents Cient\u00edfics\u201d organitzat conjuntament per l\u2019FCRI, l\u2019Institut d&#8217;Educaci\u00f3 de l&#8217;Ajuntament de Barcelona i Fundaci\u00f3 \u00abla Caixa\u00bb, vol fomentar l\u2019experimentaci\u00f3, la indagaci\u00f3 i la descoberta en l\u2019aprenentatge de les ci\u00e8ncies de l\u2019alumnat d&#8217;educaci\u00f3 infantil i prim\u00e0ria.<\/span><\/p>\n<p style=\"text-align: left;\"><strong>Qu\u00e8 s\u2019ofereix?<\/strong><\/p>\n<p style=\"text-align: left;\">Dos cursos d\u2019aplicaci\u00f3 de metodologia cient\u00edfica (un per a docents de<strong> cicle mitj\u00e0 i superior d&#8217;educaci\u00f3 prim\u00e0ria<\/strong>, i l&#8217;altra per a mestres de segon cicle d&#8217;<strong>educaci\u00f3 infantil i cicle inicial d\u2019educaci\u00f3 prim\u00e0ria) <\/strong>on s\u2019actualitzaran els coneixements cient\u00edfics dels assistents alhora que s\u2019exposaran propostes d\u2019experiments i d\u2019altres recursos que els i les mestres podran dur a terme f\u00e0cilment a l&#8217;aula. Es tindr\u00e0 especial cura dels aspectes metodol\u00f2gics i did\u00e0ctics per tal que els continguts cient\u00edfiques quedin ben inserits dins un esquema pedag\u00f2gic coherent. Cursos gratu\u00efts de 20 hores de formaci\u00f3 reconeguts pel Departament d\u2019Educaci\u00f3 i Formaci\u00f3 Professional de la Generalitat de Catalunya.<\/p>\n<p style=\"text-align: left;\"><strong>1. Formaci\u00f3 <\/strong><strong>per a docents de cicle mitj\u00e0 i superior d&#8217;educaci\u00f3 prim\u00e0ria<\/strong><\/p>\n<p style=\"text-align: left;\">La tem\u00e0tica del curs 2025\/2026 \u00e9s <strong>\u00abInvestiguem sobre l&#8217;aigua (propietats, comportaments i estructura)\u00bb<\/strong>.<\/p>\n<p style=\"text-align: left;\">Investigar sobre l\u2019aigua permet introduir els nens i nenes a molts conceptes i fen\u00f2mens importants com ara els estats de la mat\u00e8ria, els canvis d\u2019estat, les mescles i dissolucions o la flotabilitat. A m\u00e9s a m\u00e9s, permet que els mestres plantegin a l\u2019alumnat aspectes relacionats amb l\u2019estructura interna de la mat\u00e8ria, en relaci\u00f3 al que s\u2019anomena el model de part\u00edcules, que els ha de permetre comprendre que la mat\u00e8ria no \u00e9s cont\u00ednua, malgrat nosaltres la percebem aix\u00ed, sin\u00f3 corpuscular.<\/p>\n<p style=\"text-align: left;\">Tots aquests aspectes s\u00f3n ben presents en els sabers que configuren l\u2019\u00e0rea de Coneixement del medi natural, social i cultural en el nou curr\u00edculum.<\/p>\n<p style=\"text-align: left;\">Al llarg del curs es donaran recursos per investigar amb els nens i nenes sobre les propietats i els comportaments de l\u2019aigua, aix\u00ed com la seva estructura interna i s\u2019actualitzar\u00e0 el coneixement cient\u00edfic i did\u00e0ctic dels mestres, amb la intenci\u00f3 de donar m\u00e9s seguretat i confian\u00e7a a l\u2019hora de plantejar situacions d\u2019aprenentatge basades en la investigaci\u00f3 dels alumnes.<\/p>\n<p style=\"text-align: left;\"><strong>2. Formaci\u00f3 per a mestres de segon cicle infantil\u00a0 i cicle inicial\u00a0 d&#8217;educaci\u00f3 prim\u00e0ria<\/strong><strong><\/strong><\/p>\n<p style=\"text-align: left;\">La tem\u00e0tica del curs 2025\/2026 \u00e9s \u00ab<strong>Investiguem sobre l\u2019aigua com a recurs natural\u00bb.<\/strong><\/p>\n<p style=\"text-align: left;\">Els infants sovint exploren i experimenten de forma lliure amb l\u2019aigua. En moments de sequera derivats del canvi clim\u00e0tic s\u2019ha pres consci\u00e8ncia que cal repensar la relaci\u00f3 de les persones amb aquest recurs natural. <em>Quins aspectes de l\u2019aigua interpreten els infants? Com s\u2019expliquen les propietats de l\u2019aigua? L\u2019aigua sempre \u00e9s igual? Com s\u2019interpreten els canvis d\u2019estat? Quina relaci\u00f3 s\u2019estableix entre els canvis d&#8217;estat i el cicle de l\u2019aigua? <\/em>La indagaci\u00f3 cient\u00edfica ajudar\u00e0 a comprendre l\u2019aigua com a mat\u00e8ria i relacionar-ho amb el cicle de l\u2019aigua i el seu \u00fas sostenible com a recurs natural.<\/p>\n<p style=\"text-align: left;\">Aquesta formaci\u00f3 facilitar\u00e0 als docents d\u2019infantil i cicle inicial de prim\u00e0ria, un seguit de recursos i orientacions per a promoure experi\u00e8ncies d\u2019aprenentatge que aproximin cient\u00edficament aquests conceptes als infants, a trav\u00e9s de la viv\u00e8ncia en primera persona del proc\u00e9s d\u2019indagaci\u00f3 i de la pr\u00e0ctica reflexiva.<\/p>\n<p style=\"text-align: left;\">Consulteu <strong>tota la informaci\u00f3<\/strong> (dates, sessions) <strong><a href=\"https:\/\/fcri.cat\/wp-content\/uploads\/2025\/10\/PTC-BCN-25-26-Investiguemaigua_CM.pdf\">aqu\u00ed<\/a><\/strong>.<\/p>\n<p style=\"text-align: left;\">[\/et_pb_blurb][\/et_pb_column][\/et_pb_row][et_pb_row column_structure=\u00bb1_3,1_3,1_3&#8243; _builder_version=\u00bb4.25.2&#8243; _module_preset=\u00bbdefault\u00bb width=\u00bb100%\u00bb hover_enabled=\u00bb0&#8243; global_colors_info=\u00bb{}\u00bb theme_builder_area=\u00bbpost_content\u00bb sticky_enabled=\u00bb0&#8243;][et_pb_column type=\u00bb1_3&#8243; _builder_version=\u00bb4.16.0&#8243; _module_preset=\u00bbdefault\u00bb global_colors_info=\u00bb{}\u00bb theme_builder_area=\u00bbpost_content\u00bb][et_pb_image src=\u00bbhttps:\/\/fcri.cat\/wp-content\/uploads\/2025\/10\/AJBCN_Sign_Com_Vermell_Blanc-scaled.jpg\u00bb title_text=\u00bbAJBCN_Sign_Com_Vermell_Blanc\u00bb align=\u00bbcenter\u00bb _builder_version=\u00bb4.25.2&#8243; _module_preset=\u00bbdefault\u00bb hover_enabled=\u00bb0&#8243; global_colors_info=\u00bb{}\u00bb theme_builder_area=\u00bbpost_content\u00bb sticky_enabled=\u00bb0&#8243;][\/et_pb_image][\/et_pb_column][et_pb_column type=\u00bb1_3&#8243; _builder_version=\u00bb4.16.0&#8243; _module_preset=\u00bbdefault\u00bb global_colors_info=\u00bb{}\u00bb theme_builder_area=\u00bbpost_content\u00bb][et_pb_image src=\u00bbhttps:\/\/fcri.cat\/wp-content\/uploads\/2022\/09\/caixa_petit.png\u00bb title_text=\u00bbcaixa_petit\u00bb _builder_version=\u00bb4.25.2&#8243; _module_preset=\u00bbdefault\u00bb hover_enabled=\u00bb0&#8243; global_colors_info=\u00bb{}\u00bb theme_builder_area=\u00bbpost_content\u00bb sticky_enabled=\u00bb0&#8243;][\/et_pb_image][\/et_pb_column][et_pb_column type=\u00bb1_3&#8243; _builder_version=\u00bb4.16.0&#8243; _module_preset=\u00bbdefault\u00bb global_colors_info=\u00bb{}\u00bb theme_builder_area=\u00bbpost_content\u00bb][\/et_pb_column][\/et_pb_row][\/et_pb_section]<\/p>\n","protected":false},"excerpt":{"rendered":"<p>El programa d&#8217;actualitzaci\u00f3 cient\u00edfica per a mestres d&#8217;educaci\u00f3 infantil i prim\u00e0ria \u201cPetits Talents Cient\u00edfics\u201d organitzat conjuntament per l\u2019FCRI, l\u2019Institut d&#8217;Educaci\u00f3 de l&#8217;Ajuntament de Barcelona i Fundaci\u00f3 \u00abla Caixa\u00bb, vol fomentar [&hellip;]<\/p>\n","protected":false},"author":3,"featured_media":15889,"parent":445,"menu_order":0,"comment_status":"closed","ping_status":"closed","template":"","meta":{"_et_pb_use_builder":"on","_et_pb_old_content":"","_et_gb_content_width":"","footnotes":""},"class_list":["post-10159","page","type-page","status-publish","has-post-thumbnail","hentry"],"yoast_head":"<!-- This site is optimized with the Yoast SEO plugin v22.9 - https:\/\/yoast.com\/wordpress\/plugins\/seo\/ -->\n<title>Petits Talents Cient\u00edfics Barcelona - Fundacio Recerca<\/title>\n<meta name=\"robots\" content=\"index, follow, max-snippet:-1, max-image-preview:large, max-video-preview:-1\" \/>\n<link rel=\"canonical\" href=\"https:\/\/fcri.cat\/es\/societat-educacio\/petits-talents-cientifics\/ptcbarcelona\/\" \/>\n<meta property=\"og:locale\" content=\"es_ES\" \/>\n<meta property=\"og:type\" content=\"article\" \/>\n<meta property=\"og:title\" content=\"Petits Talents Cient\u00edfics Barcelona - Fundacio Recerca\" \/>\n<meta property=\"og:description\" content=\"El programa d&#039;actualitzaci\u00f3 cient\u00edfica per a mestres d&#039;educaci\u00f3 infantil i prim\u00e0ria \u201cPetits Talents Cient\u00edfics\u201d organitzat conjuntament per l\u2019FCRI, l\u2019Institut d&#039;Educaci\u00f3 de l&#039;Ajuntament de Barcelona i Fundaci\u00f3 &quot;la Caixa&quot;, vol fomentar [&hellip;]\" \/>\n<meta property=\"og:url\" content=\"https:\/\/fcri.cat\/es\/societat-educacio\/petits-talents-cientifics\/ptcbarcelona\/\" \/>\n<meta property=\"og:site_name\" content=\"Fundacio Recerca\" \/>\n<meta property=\"article:publisher\" content=\"https:\/\/www.facebook.com\/fundaciorecerca\" \/>\n<meta property=\"article:modified_time\" content=\"2025-10-21T10:53:39+00:00\" \/>\n<meta property=\"og:image\" content=\"https:\/\/fcri.cat\/wp-content\/uploads\/2024\/01\/2-1024x577.png\" \/>\n\t<meta property=\"og:image:width\" content=\"1024\" \/>\n\t<meta property=\"og:image:height\" content=\"577\" \/>\n\t<meta property=\"og:image:type\" content=\"image\/png\" \/>\n<meta name=\"twitter:card\" content=\"summary_large_image\" \/>\n<meta name=\"twitter:site\" content=\"@fundaciorecerca\" \/>\n<meta name=\"twitter:label1\" content=\"Tiempo de lectura\" \/>\n\t<meta name=\"twitter:data1\" content=\"4 minutos\" \/>\n<script type=\"application\/ld+json\" class=\"yoast-schema-graph\">{\"@context\":\"https:\/\/schema.org\",\"@graph\":[{\"@type\":\"WebPage\",\"@id\":\"https:\/\/fcri.cat\/es\/societat-educacio\/petits-talents-cientifics\/ptcbarcelona\/\",\"url\":\"https:\/\/fcri.cat\/es\/societat-educacio\/petits-talents-cientifics\/ptcbarcelona\/\",\"name\":\"Petits Talents Cient\u00edfics Barcelona - Fundacio Recerca\",\"isPartOf\":{\"@id\":\"https:\/\/fcri.cat\/es\/#website\"},\"primaryImageOfPage\":{\"@id\":\"https:\/\/fcri.cat\/es\/societat-educacio\/petits-talents-cientifics\/ptcbarcelona\/#primaryimage\"},\"image\":{\"@id\":\"https:\/\/fcri.cat\/es\/societat-educacio\/petits-talents-cientifics\/ptcbarcelona\/#primaryimage\"},\"thumbnailUrl\":\"https:\/\/fcri.cat\/wp-content\/uploads\/2024\/01\/2.png?wsr\",\"datePublished\":\"2021-10-07T13:38:10+00:00\",\"dateModified\":\"2025-10-21T10:53:39+00:00\",\"breadcrumb\":{\"@id\":\"https:\/\/fcri.cat\/es\/societat-educacio\/petits-talents-cientifics\/ptcbarcelona\/#breadcrumb\"},\"inLanguage\":\"es\",\"potentialAction\":[{\"@type\":\"ReadAction\",\"target\":[\"https:\/\/fcri.cat\/es\/societat-educacio\/petits-talents-cientifics\/ptcbarcelona\/\"]}]},{\"@type\":\"ImageObject\",\"inLanguage\":\"es\",\"@id\":\"https:\/\/fcri.cat\/es\/societat-educacio\/petits-talents-cientifics\/ptcbarcelona\/#primaryimage\",\"url\":\"https:\/\/fcri.cat\/wp-content\/uploads\/2024\/01\/2.png?wsr\",\"contentUrl\":\"https:\/\/fcri.cat\/wp-content\/uploads\/2024\/01\/2.png?wsr\",\"width\":2048,\"height\":1153},{\"@type\":\"BreadcrumbList\",\"@id\":\"https:\/\/fcri.cat\/es\/societat-educacio\/petits-talents-cientifics\/ptcbarcelona\/#breadcrumb\",\"itemListElement\":[{\"@type\":\"ListItem\",\"position\":1,\"name\":\"Inici\",\"item\":\"https:\/\/fcri.cat\/es\/\"},{\"@type\":\"ListItem\",\"position\":2,\"name\":\"Societat i educaci\u00f3\",\"item\":\"https:\/\/fcri.cat\/es\/societat-educacio\/\"},{\"@type\":\"ListItem\",\"position\":3,\"name\":\"Petits Talents Cient\u00edfics\",\"item\":\"https:\/\/fcri.cat\/es\/societat-educacio\/petits-talents-cientifics\/\"},{\"@type\":\"ListItem\",\"position\":4,\"name\":\"Petits Talents Cient\u00edfics Barcelona\"}]},{\"@type\":\"WebSite\",\"@id\":\"https:\/\/fcri.cat\/es\/#website\",\"url\":\"https:\/\/fcri.cat\/es\/\",\"name\":\"Fundacio Recerca\",\"description\":\"Fundaci\u00f3 Catalana per a la Recerca i la Innovaci\u00f3\",\"potentialAction\":[{\"@type\":\"SearchAction\",\"target\":{\"@type\":\"EntryPoint\",\"urlTemplate\":\"https:\/\/fcri.cat\/es\/?s={search_term_string}\"},\"query-input\":\"required name=search_term_string\"}],\"inLanguage\":\"es\"}]}<\/script>\n<!-- \/ Yoast SEO plugin. -->","yoast_head_json":{"title":"Petits Talents Cient\u00edfics Barcelona - Fundacio Recerca","robots":{"index":"index","follow":"follow","max-snippet":"max-snippet:-1","max-image-preview":"max-image-preview:large","max-video-preview":"max-video-preview:-1"},"canonical":"https:\/\/fcri.cat\/es\/societat-educacio\/petits-talents-cientifics\/ptcbarcelona\/","og_locale":"es_ES","og_type":"article","og_title":"Petits Talents Cient\u00edfics Barcelona - Fundacio Recerca","og_description":"El programa d'actualitzaci\u00f3 cient\u00edfica per a mestres d'educaci\u00f3 infantil i prim\u00e0ria \u201cPetits Talents Cient\u00edfics\u201d organitzat conjuntament per l\u2019FCRI, l\u2019Institut d'Educaci\u00f3 de l'Ajuntament de Barcelona i Fundaci\u00f3 \"la Caixa\", vol fomentar [&hellip;]","og_url":"https:\/\/fcri.cat\/es\/societat-educacio\/petits-talents-cientifics\/ptcbarcelona\/","og_site_name":"Fundacio Recerca","article_publisher":"https:\/\/www.facebook.com\/fundaciorecerca","article_modified_time":"2025-10-21T10:53:39+00:00","og_image":[{"width":1024,"height":577,"url":"https:\/\/fcri.cat\/wp-content\/uploads\/2024\/01\/2-1024x577.png","type":"image\/png"}],"twitter_card":"summary_large_image","twitter_site":"@fundaciorecerca","twitter_misc":{"Tiempo de lectura":"4 minutos"},"schema":{"@context":"https:\/\/schema.org","@graph":[{"@type":"WebPage","@id":"https:\/\/fcri.cat\/es\/societat-educacio\/petits-talents-cientifics\/ptcbarcelona\/","url":"https:\/\/fcri.cat\/es\/societat-educacio\/petits-talents-cientifics\/ptcbarcelona\/","name":"Petits Talents Cient\u00edfics Barcelona - Fundacio Recerca","isPartOf":{"@id":"https:\/\/fcri.cat\/es\/#website"},"primaryImageOfPage":{"@id":"https:\/\/fcri.cat\/es\/societat-educacio\/petits-talents-cientifics\/ptcbarcelona\/#primaryimage"},"image":{"@id":"https:\/\/fcri.cat\/es\/societat-educacio\/petits-talents-cientifics\/ptcbarcelona\/#primaryimage"},"thumbnailUrl":"https:\/\/fcri.cat\/wp-content\/uploads\/2024\/01\/2.png?wsr","datePublished":"2021-10-07T13:38:10+00:00","dateModified":"2025-10-21T10:53:39+00:00","breadcrumb":{"@id":"https:\/\/fcri.cat\/es\/societat-educacio\/petits-talents-cientifics\/ptcbarcelona\/#breadcrumb"},"inLanguage":"es","potentialAction":[{"@type":"ReadAction","target":["https:\/\/fcri.cat\/es\/societat-educacio\/petits-talents-cientifics\/ptcbarcelona\/"]}]},{"@type":"ImageObject","inLanguage":"es","@id":"https:\/\/fcri.cat\/es\/societat-educacio\/petits-talents-cientifics\/ptcbarcelona\/#primaryimage","url":"https:\/\/fcri.cat\/wp-content\/uploads\/2024\/01\/2.png?wsr","contentUrl":"https:\/\/fcri.cat\/wp-content\/uploads\/2024\/01\/2.png?wsr","width":2048,"height":1153},{"@type":"BreadcrumbList","@id":"https:\/\/fcri.cat\/es\/societat-educacio\/petits-talents-cientifics\/ptcbarcelona\/#breadcrumb","itemListElement":[{"@type":"ListItem","position":1,"name":"Inici","item":"https:\/\/fcri.cat\/es\/"},{"@type":"ListItem","position":2,"name":"Societat i educaci\u00f3","item":"https:\/\/fcri.cat\/es\/societat-educacio\/"},{"@type":"ListItem","position":3,"name":"Petits Talents Cient\u00edfics","item":"https:\/\/fcri.cat\/es\/societat-educacio\/petits-talents-cientifics\/"},{"@type":"ListItem","position":4,"name":"Petits Talents Cient\u00edfics Barcelona"}]},{"@type":"WebSite","@id":"https:\/\/fcri.cat\/es\/#website","url":"https:\/\/fcri.cat\/es\/","name":"Fundacio Recerca","description":"Fundaci\u00f3 Catalana per a la Recerca i la Innovaci\u00f3","potentialAction":[{"@type":"SearchAction","target":{"@type":"EntryPoint","urlTemplate":"https:\/\/fcri.cat\/es\/?s={search_term_string}"},"query-input":"required name=search_term_string"}],"inLanguage":"es"}]}},"_links":{"self":[{"href":"https:\/\/fcri.cat\/es\/wp-json\/wp\/v2\/pages\/10159"}],"collection":[{"href":"https:\/\/fcri.cat\/es\/wp-json\/wp\/v2\/pages"}],"about":[{"href":"https:\/\/fcri.cat\/es\/wp-json\/wp\/v2\/types\/page"}],"author":[{"embeddable":true,"href":"https:\/\/fcri.cat\/es\/wp-json\/wp\/v2\/users\/3"}],"replies":[{"embeddable":true,"href":"https:\/\/fcri.cat\/es\/wp-json\/wp\/v2\/comments?post=10159"}],"version-history":[{"count":55,"href":"https:\/\/fcri.cat\/es\/wp-json\/wp\/v2\/pages\/10159\/revisions"}],"predecessor-version":[{"id":23868,"href":"https:\/\/fcri.cat\/es\/wp-json\/wp\/v2\/pages\/10159\/revisions\/23868"}],"up":[{"embeddable":true,"href":"https:\/\/fcri.cat\/es\/wp-json\/wp\/v2\/pages\/445"}],"wp:featuredmedia":[{"embeddable":true,"href":"https:\/\/fcri.cat\/es\/wp-json\/wp\/v2\/media\/15889"}],"wp:attachment":[{"href":"https:\/\/fcri.cat\/es\/wp-json\/wp\/v2\/media?parent=10159"}],"curies":[{"name":"wp","href":"https:\/\/api.w.org\/{rel}","templated":true}]}}