{"id":1193,"date":"2021-02-07T11:27:26","date_gmt":"2021-02-07T10:27:26","guid":{"rendered":"https:\/\/waa.fundaciorecerca.cat\/?page_id=1193"},"modified":"2021-04-20T09:08:43","modified_gmt":"2021-04-20T08:08:43","slug":"1193-2","status":"publish","type":"page","link":"https:\/\/fcri.cat\/es\/1193-2\/","title":{"rendered":"Vocaciones cient\u00edficas"},"content":{"rendered":"<p>[et_pb_section fb_built=\u00bb1&#8243; admin_label=\u00bbHero\u00bb _builder_version=\u00bb3.22&#8243; custom_padding=\u00bb2px|||||\u00bb locked=\u00bboff\u00bb][et_pb_row _builder_version=\u00bb3.25&#8243; background_size=\u00bbinitial\u00bb background_position=\u00bbtop_left\u00bb background_repeat=\u00bbrepeat\u00bb custom_padding=\u00bb3px|0px|26px|0px|false|false\u00bb locked=\u00bboff\u00bb][et_pb_column type=\u00bb4_4&#8243; _builder_version=\u00bb3.25&#8243; custom_padding=\u00bb|||\u00bb custom_padding__hover=\u00bb|||\u00bb][et_pb_slider show_arrows=\u00bboff\u00bb show_pagination=\u00bboff\u00bb show_content_on_mobile=\u00bboff\u00bb admin_label=\u00bbSLIDER\u00bb _builder_version=\u00bb4.9.1&#8243; _module_preset=\u00bbdefault\u00bb header_font_size=\u00bb40px\u00bb body_font_size=\u00bb23px\u00bb text_orientation=\u00bbleft\u00bb max_width_tablet=\u00bb\u00bb max_width_phone=\u00bb\u00bb max_width_last_edited=\u00bbon|phone\u00bb min_height=\u00bb540px\u00bb min_height_tablet=\u00bb\u00bb min_height_phone=\u00bb256px\u00bb min_height_last_edited=\u00bbon|phone\u00bb custom_margin=\u00bb40px||||false|false\u00bb hover_transition_duration=\u00bb0ms\u00bb header_font_size_tablet=\u00bb\u00bb header_font_size_phone=\u00bb\u00bb header_font_size_last_edited=\u00bbon|desktop\u00bb body_font_size_tablet=\u00bb\u00bb body_font_size_phone=\u00bb\u00bb body_font_size_last_edited=\u00bbon|desktop\u00bb border_width_all=\u00bb1px\u00bb][et_pb_slide url_new_window=\u00bbon\u00bb use_bg_overlay=\u00bboff\u00bb alignment=\u00bbbottom\u00bb admin_title=\u00bbslider\u00bb _builder_version=\u00bb4.9.1&#8243; _module_preset=\u00bbdefault\u00bb header_level=\u00bbh1&#8243; header_font=\u00bbArial||||||||\u00bb body_font=\u00bb|700|||||||\u00bb background_enable_color=\u00bboff\u00bb background_image=\u00bbhttps:\/\/fcri.cat\/wp-content\/uploads\/2021\/03\/vocacions.png\u00bb background_enable_image=\u00bbon\u00bb background_size=\u00bbinitial\u00bb background_position=\u00bbtop_right\u00bb text_orientation=\u00bbleft\u00bb background_layout=\u00bblight\u00bb custom_padding=\u00bb|||0px|false|false\u00bb custom_padding_tablet=\u00bb100px||100px|0px|false|false\u00bb custom_padding_phone=\u00bb0px|0px|0px|0px|false|false\u00bb custom_padding_last_edited=\u00bbon|phone\u00bb hover_transition_duration=\u00bb0ms\u00bb link_option_url_new_window=\u00bbon\u00bb header_font_size_tablet=\u00bb26px\u00bb header_font_size_phone=\u00bb20px\u00bb header_font_size_last_edited=\u00bbon|phone\u00bb body_font_size_tablet=\u00bb22px\u00bb body_font_size_phone=\u00bb20px\u00bb body_font_size_last_edited=\u00bbon|phone\u00bb background_last_edited=\u00bboff|phone\u00bb background_enable_image_phone=\u00bboff\u00bb parallax_phone=\u00bboff\u00bb background_size_phone=\u00bbcontain\u00bb background_position_phone=\u00bbcenter_right\u00bb background_repeat_phone=\u00bbno-repeat\u00bb alt_phone=\u00bbImatge representativa Concurs Tesi en 4 minuts\u00bb title_text_phone=\u00bbTesi4minuts-slider\u00bb sticky_transition=\u00bbon\u00bb]<\/p>\n<h1>Vocaciones <br \/>cient\u00edficas<\/h1>\n<p>[\/et_pb_slide][\/et_pb_slider][\/et_pb_column][\/et_pb_row][et_pb_row column_structure=\u00bb3_5,2_5&#8243; _builder_version=\u00bb4.7.3&#8243; _module_preset=\u00bbdefault\u00bb locked=\u00bboff\u00bb][et_pb_column type=\u00bb3_5&#8243; _builder_version=\u00bb4.7.3&#8243; _module_preset=\u00bbdefault\u00bb custom_padding=\u00bb|50px|||false|false\u00bb custom_padding_tablet=\u00bb|0px|40px||false|false\u00bb custom_padding_phone=\u00bb||40px||false|false\u00bb custom_padding_last_edited=\u00bbon|desktop\u00bb][et_pb_text _builder_version=\u00bb4.9.1&#8243; _module_preset=\u00bbdefault\u00bb hover_enabled=\u00bb0&#8243; sticky_enabled=\u00bb0&#8243;]<\/p>\n<p>Incrementamos las vocaciones cient\u00edfico-t\u00e9cnicas y el inter\u00e9s por el \u00e1mbito STEM en las escuelas.<\/p>\n<p>Apostamos por el conocimiento y el talento cient\u00edfico como base socioecon\u00f3mica del pa\u00eds. Contribuimos a formar ciudadanos con pensamiento cr\u00edtico y capacidad de resolver problemas, calidades imprescindibles en un mundo en cambio constante.<\/p>\n<p>[\/et_pb_text][et_pb_text _builder_version=\u00bb4.9.1&#8243; _module_preset=\u00bbdefault\u00bb text_font=\u00bb|600|||||||\u00bb text_font_size=\u00bb19px\u00bb custom_margin=\u00bb60px||10px||false|false\u00bb custom_padding=\u00bb||||false|false\u00bb border_color_all=\u00bb#49935e\u00bb locked=\u00bboff\u00bb]<\/p>\n<p>Vocaciones cient\u00edficas<\/p>\n<p>[\/et_pb_text][et_pb_text module_class=\u00bbbtn-inline\u00bb _builder_version=\u00bb4.9.1&#8243; _module_preset=\u00bbdefault\u00bb]<\/p>\n<p><a  class=\"link-inline\" href=\"\/es\/vocaciones-cientificas\/sesiones-y-talleres-de-ciencia\">Tallers Open STEAM<\/a><a  class=\"link-inline\" href=\"\/es\/vocaciones-cientificas\/parlamento-cientifico-joven\">Parlament Cient\u00edfic Jove<\/a><a  class=\"link-inline\" href=\"\/es\/vocaciones-cientificas\/recerca-en-accio\">Recerca en Acci\u00f3<\/a><a  class=\"link-inline\" href=\"\/es\/vocaciones-cientificas\/escuelas-de-verano-para-docentes\">Escoles d&#8217;estiu per a docents<\/a><a  class=\"link-inline\" href=\"\/es\/vocaciones-cientificas\/amgen-teach\">Amgen Teach<\/a><a  class=\"link-inline\" href=\"\/es\/vocaciones-cientificas\/pequenos-talentos-cientificos\">Petits Talents Cient\u00edfics<\/a><a class=\"link-inline\" href=\"\/es\/vocaciones-cientificas\/stem-es\">STEMarium<\/a><a  class=\"link-inline\" href=\"\/es\/vocaciones-cientificas\/jovenes-ciencia-y-etica\">Joves, Ci\u00e8ncia i \u00c8tica<\/a><a  class=\"link-inline\" href=\"\/es\/vocaciones-cientificas\/programa-amgen-transferciencia\">Programa Amgen TransferCi\u00e8ncia<\/a><\/p>\n<p>[\/et_pb_text][et_pb_text _builder_version=\u00bb4.9.1&#8243; _module_preset=\u00bbdefault\u00bb custom_margin=\u00bb20px||||false|false\u00bb]<\/p>\n<p>Colaboramos con las administraciones y distintas instituciones para sistematizar la presencia de la ciencia en la escuela y aumentar las vocaciones en el \u00e1mbito STEM (ciencias, tecnolog\u00eda, ingenier\u00eda y matem\u00e1ticas).<\/p>\n<p>Apoyamos y facilitamos la actualizaci\u00f3n de los docentes para que introduzcan el m\u00e9todo cient\u00edfico en las escuelas.<\/p>\n<p>Llevamos a cient\u00edficos a las aulas para motivar a los m\u00e1s j\u00f3venes en la carrera cient\u00edfica.<\/p>\n<p>[\/et_pb_text][\/et_pb_column][et_pb_column type=\u00bb2_5&#8243; _builder_version=\u00bb4.7.3&#8243; _module_preset=\u00bbdefault\u00bb custom_padding=\u00bb|||15px|false|false\u00bb custom_padding_tablet=\u00bb80px|||0px|false|false\u00bb custom_padding_phone=\u00bb60px||||false|false\u00bb custom_padding_last_edited=\u00bbon|tablet\u00bb border_width_left=\u00bb1px\u00bb border_width_top_tablet=\u00bb1px\u00bb border_width_top_phone=\u00bb\u00bb border_width_top_last_edited=\u00bbon|phone\u00bb border_width_left_tablet=\u00bb0px\u00bb border_width_left_phone=\u00bb0px\u00bb border_width_left_last_edited=\u00bbon|tablet\u00bb][et_pb_text _builder_version=\u00bb4.9.1&#8243; _module_preset=\u00bbdefault\u00bb custom_margin=\u00bb||||false|false\u00bb]<\/p>\n<h2>Responsables<\/h2>\n<p>Marc Portella<br \/><a class=\"underline\" href=\"mailto:mportella@fcri.cat\" rel=\"alternate\">mportella@fcri.cat<\/a><\/p>\n<p>[\/et_pb_text][et_pb_text _builder_version=\u00bb4.9.1&#8243; _module_preset=\u00bbdefault\u00bb custom_margin=\u00bb60px||||false|false\u00bb]<\/p>\n<h2>Colabora<\/h2>\n<p>Colaboramos con Fundaci\u00f3n \u201cla Caixa\u201d, el Departamento de Educaci\u00f3n de la Generalitat de Catalunya, el Ayuntamiento de Barcelona y diferentes universidades y centros de investigaci\u00f3n de toda Catalu\u00f1a.<\/p>\n<p>[\/et_pb_text][et_pb_image src=\u00bbhttps:\/\/fcri.cat\/wp-content\/uploads\/2021\/01\/DeptEnsenyamentGN.png\u00bb alt=\u00bbDept Ensenyament\u00bb title_text=\u00bbDeptEnsenyamentGN\u00bb _builder_version=\u00bb4.7.3&#8243; _module_preset=\u00bbdefault\u00bb custom_padding=\u00bb||||false|false\u00bb][\/et_pb_image][et_pb_image src=\u00bbhttps:\/\/fcri.cat\/wp-content\/uploads\/2021\/01\/Logotip-La-Caixa-Catala.png\u00bb alt=\u00bbFundaci\u00f3 La Caixa\u00bb title_text=\u00bbLogotip-La-Caixa-Catala\u00bb _builder_version=\u00bb4.7.3&#8243; _module_preset=\u00bbdefault\u00bb custom_padding=\u00bb||||false|false\u00bb][\/et_pb_image][et_pb_image src=\u00bbhttps:\/\/fcri.cat\/wp-content\/uploads\/2021\/01\/AjBCN.png\u00bb alt=\u00bbAjuntament de Barcelona\u00bb title_text=\u00bbAjBCN\u00bb _builder_version=\u00bb4.7.3&#8243; _module_preset=\u00bbdefault\u00bb custom_padding=\u00bb||||false|false\u00bb][\/et_pb_image][et_pb_blurb title=\u00bbEs tiempo de hacer grande a la ciencia\u00bb url=\u00bbhttps:\/\/donacions.fcri.cat\/\u00bb url_new_window=\u00bbon\u00bb image=\u00bbhttps:\/\/fcri.cat\/wp-content\/uploads\/2021\/03\/donacions_global-banner-web.png\u00bb alt=\u00bbImagen representativa de donaciones FCRI\u00bb icon_placement_tablet=\u00bbleft\u00bb icon_placement_phone=\u00bbtop\u00bb icon_placement_last_edited=\u00bbon|tablet\u00bb image_max_width_tablet=\u00bb25vw\u00bb image_max_width_phone=\u00bb90%\u00bb image_max_width_last_edited=\u00bbon|tablet\u00bb admin_label=\u00bbdonacions\u00bb _builder_version=\u00bb4.9.1&#8243; _module_preset=\u00bbdefault\u00bb header_text_color=\u00bb#7E6C68&#8243; header_font_size=\u00bb1.25em\u00bb header_line_height=\u00bb1.25em\u00bb background_color=\u00bb#eeebd7&#8243; text_orientation=\u00bbcenter\u00bb custom_margin=\u00bb60px||30px||false|true\u00bb custom_padding=\u00bb40px|40px|40px|40px|true|true\u00bb custom_padding_tablet=\u00bb|40px||40px|false|true\u00bb custom_padding_phone=\u00bb\u00bb custom_padding_last_edited=\u00bbon|phone\u00bb animation=\u00bboff\u00bb link_option_url=\u00bbhttps:\/\/donacions.fcri.cat\/\u00bb link_option_url_new_window=\u00bbon\u00bb text_orientation_tablet=\u00bbleft\u00bb text_orientation_phone=\u00bb\u00bb text_orientation_last_edited=\u00bbon|tablet\u00bb border_width_all=\u00bb1px\u00bb border_color_all=\u00bb#eeebd7&#8243; global_module=\u00bb6280&#8243; saved_tabs=\u00bball\u00bb border_color_all__hover_enabled=\u00bbon|desktop\u00bb border_color_all__hover=\u00bb#000000&#8243;]<\/p>\n<p><a class=\"donar-link\" href=\"https:\/\/donacions.fcri.cat\/\" target=\"_blank\" rel=\"noopener noreferrer\">Haz tu donaci\u00f3n<\/a><\/p>\n<p>[\/et_pb_blurb][\/et_pb_column][\/et_pb_row][\/et_pb_section]<\/p>\n","protected":false},"excerpt":{"rendered":"<p>Vocaciones cient\u00edficasIncrementamos las vocaciones cient\u00edfico-t\u00e9cnicas y el inter\u00e9s por el \u00e1mbito STEM en las escuelas. Apostamos por el conocimiento y el talento cient\u00edfico como base socioecon\u00f3mica del pa\u00eds. Contribuimos a [&hellip;]<\/p>\n","protected":false},"author":6,"featured_media":0,"parent":0,"menu_order":0,"comment_status":"closed","ping_status":"closed","template":"","meta":{"_et_pb_use_builder":"on","_et_pb_old_content":"","_et_gb_content_width":"","footnotes":""},"class_list":["post-1193","page","type-page","status-publish","hentry"],"yoast_head":"<!-- This site is optimized with the Yoast SEO plugin v22.9 - https:\/\/yoast.com\/wordpress\/plugins\/seo\/ -->\n<title>Vocaciones cient\u00edficas - Fundacio Recerca<\/title>\n<meta name=\"robots\" content=\"index, follow, max-snippet:-1, max-image-preview:large, max-video-preview:-1\" \/>\n<link rel=\"canonical\" href=\"https:\/\/fcri.cat\/es\/1193-2\/\" \/>\n<meta property=\"og:locale\" content=\"es_ES\" \/>\n<meta property=\"og:type\" content=\"article\" \/>\n<meta property=\"og:title\" content=\"Vocaciones cient\u00edficas - Fundacio Recerca\" \/>\n<meta property=\"og:description\" content=\"Vocaciones cient\u00edficasIncrementamos las vocaciones cient\u00edfico-t\u00e9cnicas y el inter\u00e9s por el \u00e1mbito STEM en las escuelas. Apostamos por el conocimiento y el talento cient\u00edfico como base socioecon\u00f3mica del pa\u00eds. Contribuimos a [&hellip;]\" \/>\n<meta property=\"og:url\" content=\"https:\/\/fcri.cat\/es\/1193-2\/\" \/>\n<meta property=\"og:site_name\" content=\"Fundacio Recerca\" \/>\n<meta property=\"article:publisher\" content=\"https:\/\/www.facebook.com\/fundaciorecerca\" \/>\n<meta property=\"article:modified_time\" content=\"2021-04-20T08:08:43+00:00\" \/>\n<meta name=\"twitter:card\" content=\"summary_large_image\" \/>\n<meta name=\"twitter:site\" content=\"@fundaciorecerca\" \/>\n<meta name=\"twitter:label1\" content=\"Tiempo de lectura\" \/>\n\t<meta name=\"twitter:data1\" content=\"2 minutos\" \/>\n<script type=\"application\/ld+json\" class=\"yoast-schema-graph\">{\"@context\":\"https:\/\/schema.org\",\"@graph\":[{\"@type\":\"WebPage\",\"@id\":\"https:\/\/fcri.cat\/es\/1193-2\/\",\"url\":\"https:\/\/fcri.cat\/es\/1193-2\/\",\"name\":\"Vocaciones cient\u00edficas - Fundacio Recerca\",\"isPartOf\":{\"@id\":\"https:\/\/fcri.cat\/es\/#website\"},\"datePublished\":\"2021-02-07T10:27:26+00:00\",\"dateModified\":\"2021-04-20T08:08:43+00:00\",\"breadcrumb\":{\"@id\":\"https:\/\/fcri.cat\/es\/1193-2\/#breadcrumb\"},\"inLanguage\":\"es\",\"potentialAction\":[{\"@type\":\"ReadAction\",\"target\":[\"https:\/\/fcri.cat\/es\/1193-2\/\"]}]},{\"@type\":\"BreadcrumbList\",\"@id\":\"https:\/\/fcri.cat\/es\/1193-2\/#breadcrumb\",\"itemListElement\":[{\"@type\":\"ListItem\",\"position\":1,\"name\":\"Inici\",\"item\":\"https:\/\/fcri.cat\/es\/\"},{\"@type\":\"ListItem\",\"position\":2,\"name\":\"Vocaciones cient\u00edficas\"}]},{\"@type\":\"WebSite\",\"@id\":\"https:\/\/fcri.cat\/es\/#website\",\"url\":\"https:\/\/fcri.cat\/es\/\",\"name\":\"Fundacio Recerca\",\"description\":\"Fundaci\u00f3 Catalana per a la Recerca i la Innovaci\u00f3\",\"potentialAction\":[{\"@type\":\"SearchAction\",\"target\":{\"@type\":\"EntryPoint\",\"urlTemplate\":\"https:\/\/fcri.cat\/es\/?s={search_term_string}\"},\"query-input\":\"required name=search_term_string\"}],\"inLanguage\":\"es\"}]}<\/script>\n<!-- \/ Yoast SEO plugin. -->","yoast_head_json":{"title":"Vocaciones cient\u00edficas - Fundacio Recerca","robots":{"index":"index","follow":"follow","max-snippet":"max-snippet:-1","max-image-preview":"max-image-preview:large","max-video-preview":"max-video-preview:-1"},"canonical":"https:\/\/fcri.cat\/es\/1193-2\/","og_locale":"es_ES","og_type":"article","og_title":"Vocaciones cient\u00edficas - Fundacio Recerca","og_description":"Vocaciones cient\u00edficasIncrementamos las vocaciones cient\u00edfico-t\u00e9cnicas y el inter\u00e9s por el \u00e1mbito STEM en las escuelas. Apostamos por el conocimiento y el talento cient\u00edfico como base socioecon\u00f3mica del pa\u00eds. Contribuimos a [&hellip;]","og_url":"https:\/\/fcri.cat\/es\/1193-2\/","og_site_name":"Fundacio Recerca","article_publisher":"https:\/\/www.facebook.com\/fundaciorecerca","article_modified_time":"2021-04-20T08:08:43+00:00","twitter_card":"summary_large_image","twitter_site":"@fundaciorecerca","twitter_misc":{"Tiempo de lectura":"2 minutos"},"schema":{"@context":"https:\/\/schema.org","@graph":[{"@type":"WebPage","@id":"https:\/\/fcri.cat\/es\/1193-2\/","url":"https:\/\/fcri.cat\/es\/1193-2\/","name":"Vocaciones cient\u00edficas - Fundacio Recerca","isPartOf":{"@id":"https:\/\/fcri.cat\/es\/#website"},"datePublished":"2021-02-07T10:27:26+00:00","dateModified":"2021-04-20T08:08:43+00:00","breadcrumb":{"@id":"https:\/\/fcri.cat\/es\/1193-2\/#breadcrumb"},"inLanguage":"es","potentialAction":[{"@type":"ReadAction","target":["https:\/\/fcri.cat\/es\/1193-2\/"]}]},{"@type":"BreadcrumbList","@id":"https:\/\/fcri.cat\/es\/1193-2\/#breadcrumb","itemListElement":[{"@type":"ListItem","position":1,"name":"Inici","item":"https:\/\/fcri.cat\/es\/"},{"@type":"ListItem","position":2,"name":"Vocaciones cient\u00edficas"}]},{"@type":"WebSite","@id":"https:\/\/fcri.cat\/es\/#website","url":"https:\/\/fcri.cat\/es\/","name":"Fundacio Recerca","description":"Fundaci\u00f3 Catalana per a la Recerca i la Innovaci\u00f3","potentialAction":[{"@type":"SearchAction","target":{"@type":"EntryPoint","urlTemplate":"https:\/\/fcri.cat\/es\/?s={search_term_string}"},"query-input":"required name=search_term_string"}],"inLanguage":"es"}]}},"_links":{"self":[{"href":"https:\/\/fcri.cat\/es\/wp-json\/wp\/v2\/pages\/1193"}],"collection":[{"href":"https:\/\/fcri.cat\/es\/wp-json\/wp\/v2\/pages"}],"about":[{"href":"https:\/\/fcri.cat\/es\/wp-json\/wp\/v2\/types\/page"}],"author":[{"embeddable":true,"href":"https:\/\/fcri.cat\/es\/wp-json\/wp\/v2\/users\/6"}],"replies":[{"embeddable":true,"href":"https:\/\/fcri.cat\/es\/wp-json\/wp\/v2\/comments?post=1193"}],"version-history":[{"count":21,"href":"https:\/\/fcri.cat\/es\/wp-json\/wp\/v2\/pages\/1193\/revisions"}],"predecessor-version":[{"id":7945,"href":"https:\/\/fcri.cat\/es\/wp-json\/wp\/v2\/pages\/1193\/revisions\/7945"}],"wp:attachment":[{"href":"https:\/\/fcri.cat\/es\/wp-json\/wp\/v2\/media?parent=1193"}],"curies":[{"name":"wp","href":"https:\/\/api.w.org\/{rel}","templated":true}]}}