{"id":1195,"date":"2021-02-07T11:27:36","date_gmt":"2021-02-07T10:27:36","guid":{"rendered":"https:\/\/waa.fundaciorecerca.cat\/?page_id=1195"},"modified":"2021-03-31T13:48:05","modified_gmt":"2021-03-31T12:48:05","slug":"1195-2","status":"publish","type":"page","link":"https:\/\/fcri.cat\/es\/1193-2\/1195-2\/","title":{"rendered":"Amgen Teach"},"content":{"rendered":"\n[et_pb_section fb_built=\u00bb1&#8243; admin_label=\u00bbHero\u00bb _builder_version=\u00bb4.7.3&#8243; custom_margin=\u00bb100px||100px||false|false\u00bb custom_padding=\u00bb2px|||||\u00bb locked=\u00bboff\u00bb][et_pb_row column_structure=\u00bb3_5,2_5&#8243; _builder_version=\u00bb4.7.3&#8243; _module_preset=\u00bbdefault\u00bb locked=\u00bboff\u00bb][et_pb_column type=\u00bb3_5&#8243; _builder_version=\u00bb4.7.3&#8243; _module_preset=\u00bbdefault\u00bb custom_padding=\u00bb|50px|||false|false\u00bb custom_padding_tablet=\u00bb|0px|40px||false|false\u00bb custom_padding_phone=\u00bb||40px||false|false\u00bb custom_padding_last_edited=\u00bbon|desktop\u00bb][et_pb_text _builder_version=\u00bb4.9.1&#8243; _module_preset=\u00bbdefault\u00bb hover_enabled=\u00bb0&#8243; sticky_enabled=\u00bb0&#8243;]<h1>Amgen Teach<\/h1>[\/et_pb_text][et_pb_text _builder_version=\u00bb4.9.1&#8243; _module_preset=\u00bbdefault\u00bb hover_enabled=\u00bb0&#8243; sticky_enabled=\u00bb0&#8243;]<p>Amgen Teach es un programa que quiere fomentar el inter\u00e9s de los estudiantes por las carreras cient\u00edficas mediante la actualizaci\u00f3n de los conocimientos del profesorado de secundaria. La FCRI es el \u00fanico socio en Espa\u00f1a del programa, financiado por la Amgen Foundation, que act\u00faa en 10 pa\u00edses diferentes. Se trata de una iniciativa coorganizada junto con el consorcio de ministerios de educaci\u00f3n European Schoolnet.<\/p>\n<p>Proporciona una actualizaci\u00f3n de conocimientos en terrenos cient\u00edficos de frontera que permite introducir nuevas formas de aprendizaje cient\u00edfico en la escuela.<\/p>\n<p>Incluye actividades trasladables al aula relacionadas con temas diversos, tales como el uso de herramientas estad\u00edsticas, de experimentos de base qu\u00edmica, o propuestas de trabajo que tienen que ver con controversias y dilemas \u00e9ticos.<\/p>[\/et_pb_text][\/et_pb_column][et_pb_column type=\u00bb2_5&#8243; _builder_version=\u00bb4.7.3&#8243; _module_preset=\u00bbdefault\u00bb custom_padding=\u00bb|||15px|false|false\u00bb custom_padding_tablet=\u00bb80px|||0px|false|false\u00bb custom_padding_phone=\u00bb60px||||false|false\u00bb custom_padding_last_edited=\u00bbon|tablet\u00bb border_width_left=\u00bb1px\u00bb border_width_top_tablet=\u00bb1px\u00bb border_width_top_phone=\u00bb\u00bb border_width_top_last_edited=\u00bbon|phone\u00bb border_width_left_tablet=\u00bb0px\u00bb border_width_left_phone=\u00bb0px\u00bb border_width_left_last_edited=\u00bbon|tablet\u00bb][et_pb_text _builder_version=\u00bb4.9.1&#8243; _module_preset=\u00bbdefault\u00bb text_font=\u00bb||||||||\u00bb text_text_color=\u00bb#e09900&#8243; text_font_size=\u00bb18px\u00bb text_line_height=\u00bb1.8em\u00bb module_alignment=\u00bbright\u00bb custom_margin=\u00bb||||false|false\u00bb custom_padding=\u00bb||||false|false\u00bb hover_enabled=\u00bb0&#8243; border_color_left=\u00bb#AFA44C\u00bb sticky_enabled=\u00bb0&#8243;]<a class=\"custom-link\" href=\"\/amgen-teach-edicio-2018-2019\" title=\"Edici\u00f3n 2017\/2018: Ense\u00f1ar y aprender biociencias en el siglo XXI\">Edici\u00f3n 2017\/2018: Ense\u00f1ar y aprender biociencias en el siglo XXI<\/a>[\/et_pb_text][et_pb_text _builder_version=\u00bb4.9.1&#8243; _module_preset=\u00bbdefault\u00bb custom_margin=\u00bb60px||||false|false\u00bb hover_enabled=\u00bb0&#8243; sticky_enabled=\u00bb0&#8243;]<h2>Responsables<\/h2>\n<p>Bel\u00e9n L\u00f3pez<br><a class=\"underline\" href=\"mailto:blopez@fcri.cat\" rel=\"alternate\">blopez@fcri.cat<\/a><\/p>[\/et_pb_text][et_pb_text _builder_version=\u00bb4.9.1&#8243; _module_preset=\u00bbdefault\u00bb header_3_font_size=\u00bb23px\u00bb custom_margin=\u00bb60px||||false|false\u00bb hover_enabled=\u00bb0&#8243; sticky_enabled=\u00bb0&#8243;]<h3>Colabora<\/h3>\n<p><span class=\"s1\">Colaboramos con\u00a0<\/span><span class=\"s2\">European Schoolnet, Amgen Foundation y el Parc Cient\u00edfic de Barcelona.<\/span><\/p>[\/et_pb_text][et_pb_image src=\u00bbhttps:\/\/fcri.cat\/wp-content\/uploads\/2021\/01\/SchoolEuropean_FCRi.png\u00bb alt=\u00bbSchoolEuropean_FCRi\u00bb title_text=\u00bbSchoolEuropean_FCRi\u00bb _builder_version=\u00bb4.7.3&#8243; _module_preset=\u00bbdefault\u00bb custom_margin=\u00bb||||false|false\u00bb custom_padding=\u00bb||||false|false\u00bb][\/et_pb_image][et_pb_image src=\u00bbhttps:\/\/fcri.cat\/wp-content\/uploads\/2021\/01\/AMGEN_FCRi.png\u00bb alt=\u00bbAMGEN_FCRi\u00bb title_text=\u00bbAMGEN_FCRi\u00bb _builder_version=\u00bb4.7.3&#8243; _module_preset=\u00bbdefault\u00bb custom_margin=\u00bb||||false|false\u00bb custom_padding=\u00bb||||false|false\u00bb][\/et_pb_image][et_pb_image src=\u00bbhttps:\/\/fcri.cat\/wp-content\/uploads\/2021\/01\/ParcCientific_FCRi.png\u00bb alt=\u00bbParcCientific_FCRi\u00bb title_text=\u00bbParcCientific_FCRi\u00bb _builder_version=\u00bb4.7.3&#8243; _module_preset=\u00bbdefault\u00bb custom_margin=\u00bb||||false|false\u00bb custom_padding=\u00bb||||false|false\u00bb][\/et_pb_image][et_pb_blurb title=\u00bbEs tiempo de hacer grande a la ciencia\u00bb url=\u00bbhttps:\/\/donacions.fcri.cat\/\u00bb url_new_window=\u00bbon\u00bb image=\u00bbhttps:\/\/fcri.cat\/wp-content\/uploads\/2021\/03\/donacions_global-banner-web.png\u00bb alt=\u00bbImagen representativa de donaciones FCRI\u00bb icon_placement_tablet=\u00bbleft\u00bb icon_placement_phone=\u00bbtop\u00bb icon_placement_last_edited=\u00bbon|tablet\u00bb image_max_width_tablet=\u00bb25vw\u00bb image_max_width_phone=\u00bb90%\u00bb image_max_width_last_edited=\u00bbon|tablet\u00bb admin_label=\u00bbdonacions\u00bb _builder_version=\u00bb4.9.1&#8243; _module_preset=\u00bbdefault\u00bb header_text_color=\u00bb#7E6C68&#8243; header_font_size=\u00bb1.25em\u00bb header_line_height=\u00bb1.25em\u00bb background_color=\u00bb#eeebd7&#8243; text_orientation=\u00bbcenter\u00bb custom_margin=\u00bb60px||30px||false|true\u00bb custom_padding=\u00bb40px|40px|40px|40px|true|true\u00bb custom_padding_tablet=\u00bb|40px||40px|false|true\u00bb custom_padding_phone=\u00bb\u00bb custom_padding_last_edited=\u00bbon|phone\u00bb animation=\u00bboff\u00bb link_option_url=\u00bbhttps:\/\/donacions.fcri.cat\/\u00bb link_option_url_new_window=\u00bbon\u00bb text_orientation_tablet=\u00bbleft\u00bb text_orientation_phone=\u00bb\u00bb text_orientation_last_edited=\u00bbon|tablet\u00bb border_width_all=\u00bb1px\u00bb border_color_all=\u00bb#eeebd7&#8243; saved_tabs=\u00bball\u00bb border_color_all__hover_enabled=\u00bbon|desktop\u00bb border_color_all__hover=\u00bb#000000&#8243; global_module=\u00bb6280&#8243;]<a class=\"donar-link\" href=\"https:\/\/donacions.fcri.cat\/\" target=\"_blank\" rel=\"noopener noreferrer\">Haz tu donaci\u00f3n<\/a>[\/et_pb_blurb][\/et_pb_column][\/et_pb_row][\/et_pb_section]\n","protected":false},"excerpt":{"rendered":"","protected":false},"author":6,"featured_media":0,"parent":1193,"menu_order":0,"comment_status":"closed","ping_status":"closed","template":"","meta":{"_et_pb_use_builder":"off","_et_pb_old_content":"","_et_gb_content_width":"","footnotes":""},"class_list":["post-1195","page","type-page","status-publish","hentry"],"yoast_head":"<!-- This site is optimized with the Yoast SEO plugin v22.9 - https:\/\/yoast.com\/wordpress\/plugins\/seo\/ -->\n<title>Amgen Teach - Fundacio Recerca<\/title>\n<meta name=\"robots\" content=\"index, follow, max-snippet:-1, max-image-preview:large, max-video-preview:-1\" \/>\n<link rel=\"canonical\" href=\"https:\/\/fcri.cat\/es\/1193-2\/1195-2\/\" \/>\n<meta property=\"og:locale\" content=\"es_ES\" \/>\n<meta property=\"og:type\" content=\"article\" \/>\n<meta property=\"og:title\" content=\"Amgen Teach - Fundacio Recerca\" \/>\n<meta property=\"og:url\" content=\"https:\/\/fcri.cat\/es\/1193-2\/1195-2\/\" \/>\n<meta property=\"og:site_name\" content=\"Fundacio Recerca\" \/>\n<meta property=\"article:publisher\" content=\"https:\/\/www.facebook.com\/fundaciorecerca\" \/>\n<meta property=\"article:modified_time\" content=\"2021-03-31T12:48:05+00:00\" \/>\n<meta name=\"twitter:card\" content=\"summary_large_image\" \/>\n<meta name=\"twitter:site\" content=\"@fundaciorecerca\" \/>\n<meta name=\"twitter:label1\" content=\"Tiempo de lectura\" \/>\n\t<meta name=\"twitter:data1\" content=\"2 minutos\" \/>\n<script type=\"application\/ld+json\" class=\"yoast-schema-graph\">{\"@context\":\"https:\/\/schema.org\",\"@graph\":[{\"@type\":\"WebPage\",\"@id\":\"https:\/\/fcri.cat\/es\/1193-2\/1195-2\/\",\"url\":\"https:\/\/fcri.cat\/es\/1193-2\/1195-2\/\",\"name\":\"Amgen Teach - Fundacio Recerca\",\"isPartOf\":{\"@id\":\"https:\/\/fcri.cat\/es\/#website\"},\"datePublished\":\"2021-02-07T10:27:36+00:00\",\"dateModified\":\"2021-03-31T12:48:05+00:00\",\"breadcrumb\":{\"@id\":\"https:\/\/fcri.cat\/es\/1193-2\/1195-2\/#breadcrumb\"},\"inLanguage\":\"es\",\"potentialAction\":[{\"@type\":\"ReadAction\",\"target\":[\"https:\/\/fcri.cat\/es\/1193-2\/1195-2\/\"]}]},{\"@type\":\"BreadcrumbList\",\"@id\":\"https:\/\/fcri.cat\/es\/1193-2\/1195-2\/#breadcrumb\",\"itemListElement\":[{\"@type\":\"ListItem\",\"position\":1,\"name\":\"Inici\",\"item\":\"https:\/\/fcri.cat\/es\/\"},{\"@type\":\"ListItem\",\"position\":2,\"name\":\"Vocaciones cient\u00edficas\",\"item\":\"https:\/\/fcri.cat\/es\/vocacions-cientifiques\/\"},{\"@type\":\"ListItem\",\"position\":3,\"name\":\"Amgen Teach\"}]},{\"@type\":\"WebSite\",\"@id\":\"https:\/\/fcri.cat\/es\/#website\",\"url\":\"https:\/\/fcri.cat\/es\/\",\"name\":\"Fundacio Recerca\",\"description\":\"Fundaci\u00f3 Catalana per a la Recerca i la Innovaci\u00f3\",\"potentialAction\":[{\"@type\":\"SearchAction\",\"target\":{\"@type\":\"EntryPoint\",\"urlTemplate\":\"https:\/\/fcri.cat\/es\/?s={search_term_string}\"},\"query-input\":\"required name=search_term_string\"}],\"inLanguage\":\"es\"}]}<\/script>\n<!-- \/ Yoast SEO plugin. -->","yoast_head_json":{"title":"Amgen Teach - Fundacio Recerca","robots":{"index":"index","follow":"follow","max-snippet":"max-snippet:-1","max-image-preview":"max-image-preview:large","max-video-preview":"max-video-preview:-1"},"canonical":"https:\/\/fcri.cat\/es\/1193-2\/1195-2\/","og_locale":"es_ES","og_type":"article","og_title":"Amgen Teach - Fundacio Recerca","og_url":"https:\/\/fcri.cat\/es\/1193-2\/1195-2\/","og_site_name":"Fundacio Recerca","article_publisher":"https:\/\/www.facebook.com\/fundaciorecerca","article_modified_time":"2021-03-31T12:48:05+00:00","twitter_card":"summary_large_image","twitter_site":"@fundaciorecerca","twitter_misc":{"Tiempo de lectura":"2 minutos"},"schema":{"@context":"https:\/\/schema.org","@graph":[{"@type":"WebPage","@id":"https:\/\/fcri.cat\/es\/1193-2\/1195-2\/","url":"https:\/\/fcri.cat\/es\/1193-2\/1195-2\/","name":"Amgen Teach - Fundacio Recerca","isPartOf":{"@id":"https:\/\/fcri.cat\/es\/#website"},"datePublished":"2021-02-07T10:27:36+00:00","dateModified":"2021-03-31T12:48:05+00:00","breadcrumb":{"@id":"https:\/\/fcri.cat\/es\/1193-2\/1195-2\/#breadcrumb"},"inLanguage":"es","potentialAction":[{"@type":"ReadAction","target":["https:\/\/fcri.cat\/es\/1193-2\/1195-2\/"]}]},{"@type":"BreadcrumbList","@id":"https:\/\/fcri.cat\/es\/1193-2\/1195-2\/#breadcrumb","itemListElement":[{"@type":"ListItem","position":1,"name":"Inici","item":"https:\/\/fcri.cat\/es\/"},{"@type":"ListItem","position":2,"name":"Vocaciones cient\u00edficas","item":"https:\/\/fcri.cat\/es\/vocacions-cientifiques\/"},{"@type":"ListItem","position":3,"name":"Amgen Teach"}]},{"@type":"WebSite","@id":"https:\/\/fcri.cat\/es\/#website","url":"https:\/\/fcri.cat\/es\/","name":"Fundacio Recerca","description":"Fundaci\u00f3 Catalana per a la Recerca i la Innovaci\u00f3","potentialAction":[{"@type":"SearchAction","target":{"@type":"EntryPoint","urlTemplate":"https:\/\/fcri.cat\/es\/?s={search_term_string}"},"query-input":"required name=search_term_string"}],"inLanguage":"es"}]}},"_links":{"self":[{"href":"https:\/\/fcri.cat\/es\/wp-json\/wp\/v2\/pages\/1195"}],"collection":[{"href":"https:\/\/fcri.cat\/es\/wp-json\/wp\/v2\/pages"}],"about":[{"href":"https:\/\/fcri.cat\/es\/wp-json\/wp\/v2\/types\/page"}],"author":[{"embeddable":true,"href":"https:\/\/fcri.cat\/es\/wp-json\/wp\/v2\/users\/6"}],"replies":[{"embeddable":true,"href":"https:\/\/fcri.cat\/es\/wp-json\/wp\/v2\/comments?post=1195"}],"version-history":[{"count":10,"href":"https:\/\/fcri.cat\/es\/wp-json\/wp\/v2\/pages\/1195\/revisions"}],"predecessor-version":[{"id":7015,"href":"https:\/\/fcri.cat\/es\/wp-json\/wp\/v2\/pages\/1195\/revisions\/7015"}],"up":[{"embeddable":true,"href":"https:\/\/fcri.cat\/es\/wp-json\/wp\/v2\/pages\/1193"}],"wp:attachment":[{"href":"https:\/\/fcri.cat\/es\/wp-json\/wp\/v2\/media?parent=1195"}],"curies":[{"name":"wp","href":"https:\/\/api.w.org\/{rel}","templated":true}]}}