{"id":1199,"date":"2021-02-07T11:28:42","date_gmt":"2021-02-07T10:28:42","guid":{"rendered":"https:\/\/waa.fundaciorecerca.cat\/?page_id=1199"},"modified":"2024-07-23T09:51:38","modified_gmt":"2024-07-23T08:51:38","slug":"1199-2","status":"publish","type":"page","link":"https:\/\/fcri.cat\/es\/1193-2\/1199-2\/","title":{"rendered":"J\u00f3venes, Ciencia y \u00c9tica"},"content":{"rendered":"<p>[et_pb_section fb_built=\u00bb1&#8243; admin_label=\u00bbHero\u00bb _builder_version=\u00bb4.16&#8243; custom_margin=\u00bb100px||100px||false|false\u00bb custom_padding=\u00bb2px|||||\u00bb da_disable_devices=\u00bboff|off|off\u00bb locked=\u00bboff\u00bb global_colors_info=\u00bb{}\u00bb theme_builder_area=\u00bbpost_content\u00bb da_is_popup=\u00bboff\u00bb da_exit_intent=\u00bboff\u00bb da_has_close=\u00bbon\u00bb da_alt_close=\u00bboff\u00bb da_dark_close=\u00bboff\u00bb da_not_modal=\u00bbon\u00bb da_is_singular=\u00bboff\u00bb da_with_loader=\u00bboff\u00bb da_has_shadow=\u00bbon\u00bb][et_pb_row _builder_version=\u00bb4.25.2&#8243; _module_preset=\u00bbdefault\u00bb width=\u00bb100%\u00bb locked=\u00bboff\u00bb global_colors_info=\u00bb{}\u00bb theme_builder_area=\u00bbpost_content\u00bb][et_pb_column type=\u00bb4_4&#8243; _builder_version=\u00bb4.16&#8243; _module_preset=\u00bbdefault\u00bb custom_padding=\u00bb|50px|||false|false\u00bb custom_padding_tablet=\u00bb|0px|40px||false|false\u00bb custom_padding_phone=\u00bb||40px||false|false\u00bb custom_padding_last_edited=\u00bbon|desktop\u00bb global_colors_info=\u00bb{}\u00bb theme_builder_area=\u00bbpost_content\u00bb][et_pb_text _builder_version=\u00bb4.25.2&#8243; _module_preset=\u00bbdefault\u00bb global_colors_info=\u00bb{}\u00bb theme_builder_area=\u00bbpost_content\u00bb]<\/p>\n<p>La FCRI organiza, en colaboraci\u00f3n con el Departamento de Educaci\u00f3n de la Generalitat de Catalunya, el programa \u00abJ\u00f3venes, Ciencia y \u00c9tica\u00bb. Su objetivo es estimular la capacidad cr\u00edtica de los alumnos y promover su implicaci\u00f3n en los debates \u00e9ticos que hoy en d\u00eda se plantean en torno a temas de actualidad cient\u00edfica y sus implicaciones sociales, como por ejemplo el cambio clim\u00e1tico, la biomedicina, la nanotecnolog\u00eda, la rob\u00f3tica, la emergencia clim\u00e1tica, entre otras.<\/p>\n<p>[\/et_pb_text][et_pb_image src=\u00bbhttps:\/\/fcri.cat\/wp-content\/uploads\/2023\/12\/jce.jpg\u00bb alt=\u00bbEdicio17_JovesCienciaEtica_FundacioRecerca\u00bb title_text=\u00bbjce\u00bb _builder_version=\u00bb4.25.2&#8243; _module_preset=\u00bbdefault\u00bb global_colors_info=\u00bb{}\u00bb theme_builder_area=\u00bbpost_content\u00bb][\/et_pb_image][et_pb_text _builder_version=\u00bb4.25.2&#8243; _module_preset=\u00bbdefault\u00bb global_colors_info=\u00bb{}\u00bb theme_builder_area=\u00bbpost_content\u00bb]<\/p>\n<p>\u201cJ\u00f3venes, Ciencia y \u00c9tica\u201d facilita que los alumnos desarrollen su capacidad de debate y que, a la vez, contrasten y conozcan los aspectos \u00e9ticos que comporta la investigaci\u00f3n cient\u00edfica, estableciendo sus propias conclusiones, con el apoyo de cient\u00edficos especializados en cada tem\u00e1tica y de expertos en \u00e9tica.<\/p>\n<p>[\/et_pb_text][et_pb_image src=\u00bbhttps:\/\/fcri.cat\/wp-content\/uploads\/2023\/12\/jce2.jpg\u00bb alt=\u00bbEdicio17_JovesCienciaEtica_FundacioRecerca\u00bb title_text=\u00bbjce2&#8243; _builder_version=\u00bb4.25.2&#8243; _module_preset=\u00bbdefault\u00bb global_colors_info=\u00bb{}\u00bb theme_builder_area=\u00bbpost_content\u00bb][\/et_pb_image][et_pb_text _builder_version=\u00bb4.25.2&#8243; _module_preset=\u00bbdefault\u00bb hover_enabled=\u00bb0&#8243; global_colors_info=\u00bb{}\u00bb theme_builder_area=\u00bbpost_content\u00bb sticky_enabled=\u00bb0&#8243;]<\/p>\n<p><a href=\"https:\/\/www.fcri.cat\/ca\/edicio-2023\">Programa J\u00f3venes, Ciencia y \u00c9tica \u2013 Edici\u00f3n 2023<\/a><\/p>\n<p>[\/et_pb_text][et_pb_text _builder_version=\u00bb4.25.2&#8243; _module_preset=\u00bbdefault\u00bb custom_margin=\u00bb60px||||false|false\u00bb global_colors_info=\u00bb{}\u00bb theme_builder_area=\u00bbpost_content\u00bb]<\/p>\n<h2>Contacto<\/h2>\n<p>Enric Garrell<br \/>\n<a href=\"mailto:egarrell@fcri.cat\" rel=\"alternate\">egarrell@fcri.cat<\/a><\/p>\n<p>&nbsp;[\/et_pb_text][et_pb_text _builder_version=\u00bb4.19.1&#8243; _module_preset=\u00bbdefault\u00bb header_3_font_size=\u00bb23px\u00bb custom_margin=\u00bb60px||||false|false\u00bb global_colors_info=\u00bb{}\u00bb theme_builder_area=\u00bbpost_content\u00bb]<\/p>\n<h3>Colabora<\/h3>\n<p>Apostamos por la ciencia como modelo de futuro. \u00bfY t\u00fa?<\/p>\n<p>\u00a1Colabora con nuestros proyectos!<\/p>\n<p>[\/et_pb_text][et_pb_button button_url=\u00bbhttps:\/\/fcri.cat\/es\/la-fundacion\/colabora\u00bb button_text=\u00bb\u00bfQuieres saber c\u00f3mo?\u00bb _builder_version=\u00bb4.19.1&#8243; _module_preset=\u00bbdefault\u00bb global_colors_info=\u00bb{}\u00bb theme_builder_area=\u00bbpost_content\u00bb][\/et_pb_button][\/et_pb_column][\/et_pb_row][\/et_pb_section]<\/p>\n","protected":false},"excerpt":{"rendered":"<p>La FCRI organiza, en colaboraci\u00f3n con el Departamento de Educaci\u00f3n de la Generalitat de Catalunya, el programa \u00abJ\u00f3venes, Ciencia y \u00c9tica\u00bb. Su objetivo es estimular la capacidad cr\u00edtica de los [&hellip;]<\/p>\n","protected":false},"author":6,"featured_media":20820,"parent":1193,"menu_order":0,"comment_status":"closed","ping_status":"closed","template":"","meta":{"_et_pb_use_builder":"on","_et_pb_old_content":"","_et_gb_content_width":"","footnotes":""},"class_list":["post-1199","page","type-page","status-publish","has-post-thumbnail","hentry"],"yoast_head":"<!-- This site is optimized with the Yoast SEO plugin v22.9 - https:\/\/yoast.com\/wordpress\/plugins\/seo\/ -->\n<title>J\u00f3venes, Ciencia y \u00c9tica - Fundacio Recerca<\/title>\n<meta name=\"robots\" content=\"index, follow, max-snippet:-1, max-image-preview:large, max-video-preview:-1\" \/>\n<link rel=\"canonical\" href=\"https:\/\/fcri.cat\/es\/1193-2\/1199-2\/\" \/>\n<meta property=\"og:locale\" content=\"es_ES\" \/>\n<meta property=\"og:type\" content=\"article\" \/>\n<meta property=\"og:title\" content=\"J\u00f3venes, Ciencia y \u00c9tica - Fundacio Recerca\" \/>\n<meta property=\"og:description\" content=\"La FCRI organiza, en colaboraci\u00f3n con el Departamento de Educaci\u00f3n de la Generalitat de Catalunya, el programa \u00abJ\u00f3venes, Ciencia y \u00c9tica\u00bb. Su objetivo es estimular la capacidad cr\u00edtica de los [&hellip;]\" \/>\n<meta property=\"og:url\" content=\"https:\/\/fcri.cat\/es\/1193-2\/1199-2\/\" \/>\n<meta property=\"og:site_name\" content=\"Fundacio Recerca\" \/>\n<meta property=\"article:publisher\" content=\"https:\/\/www.facebook.com\/fundaciorecerca\" \/>\n<meta property=\"article:modified_time\" content=\"2024-07-23T08:51:38+00:00\" \/>\n<meta property=\"og:image\" content=\"https:\/\/fcri.cat\/wp-content\/uploads\/2017\/06\/images_ciencia-i-ciutadania_joves-ciencia-etica_Edicio17_JovesCienciaEtica_FundacioRecerca.jpg\" \/>\n\t<meta property=\"og:image:width\" content=\"1278\" \/>\n\t<meta property=\"og:image:height\" content=\"857\" \/>\n\t<meta property=\"og:image:type\" content=\"image\/jpeg\" \/>\n<meta name=\"twitter:card\" content=\"summary_large_image\" \/>\n<meta name=\"twitter:site\" content=\"@fundaciorecerca\" \/>\n<meta name=\"twitter:label1\" content=\"Tiempo de lectura\" \/>\n\t<meta name=\"twitter:data1\" content=\"2 minutos\" \/>\n<script type=\"application\/ld+json\" class=\"yoast-schema-graph\">{\"@context\":\"https:\/\/schema.org\",\"@graph\":[{\"@type\":\"WebPage\",\"@id\":\"https:\/\/fcri.cat\/es\/1193-2\/1199-2\/\",\"url\":\"https:\/\/fcri.cat\/es\/1193-2\/1199-2\/\",\"name\":\"J\u00f3venes, Ciencia y \u00c9tica - Fundacio Recerca\",\"isPartOf\":{\"@id\":\"https:\/\/fcri.cat\/es\/#website\"},\"primaryImageOfPage\":{\"@id\":\"https:\/\/fcri.cat\/es\/1193-2\/1199-2\/#primaryimage\"},\"image\":{\"@id\":\"https:\/\/fcri.cat\/es\/1193-2\/1199-2\/#primaryimage\"},\"thumbnailUrl\":\"https:\/\/fcri.cat\/wp-content\/uploads\/2024\/07\/P1020247-1-scaled.jpg?wsr\",\"datePublished\":\"2021-02-07T10:28:42+00:00\",\"dateModified\":\"2024-07-23T08:51:38+00:00\",\"breadcrumb\":{\"@id\":\"https:\/\/fcri.cat\/es\/1193-2\/1199-2\/#breadcrumb\"},\"inLanguage\":\"es\",\"potentialAction\":[{\"@type\":\"ReadAction\",\"target\":[\"https:\/\/fcri.cat\/es\/1193-2\/1199-2\/\"]}]},{\"@type\":\"ImageObject\",\"inLanguage\":\"es\",\"@id\":\"https:\/\/fcri.cat\/es\/1193-2\/1199-2\/#primaryimage\",\"url\":\"https:\/\/fcri.cat\/wp-content\/uploads\/2024\/07\/P1020247-1-scaled.jpg?wsr\",\"contentUrl\":\"https:\/\/fcri.cat\/wp-content\/uploads\/2024\/07\/P1020247-1-scaled.jpg?wsr\",\"width\":2560,\"height\":1708},{\"@type\":\"BreadcrumbList\",\"@id\":\"https:\/\/fcri.cat\/es\/1193-2\/1199-2\/#breadcrumb\",\"itemListElement\":[{\"@type\":\"ListItem\",\"position\":1,\"name\":\"Inici\",\"item\":\"https:\/\/fcri.cat\/es\/\"},{\"@type\":\"ListItem\",\"position\":2,\"name\":\"Diseminaci\u00f3n y comunicaci\u00f3n\",\"item\":\"https:\/\/fcri.cat\/es\/disseminacio-i-comunicacio\/\"},{\"@type\":\"ListItem\",\"position\":3,\"name\":\"J\u00f3venes, Ciencia y \u00c9tica\"}]},{\"@type\":\"WebSite\",\"@id\":\"https:\/\/fcri.cat\/es\/#website\",\"url\":\"https:\/\/fcri.cat\/es\/\",\"name\":\"Fundacio Recerca\",\"description\":\"Fundaci\u00f3 Catalana per a la Recerca i la Innovaci\u00f3\",\"potentialAction\":[{\"@type\":\"SearchAction\",\"target\":{\"@type\":\"EntryPoint\",\"urlTemplate\":\"https:\/\/fcri.cat\/es\/?s={search_term_string}\"},\"query-input\":\"required name=search_term_string\"}],\"inLanguage\":\"es\"}]}<\/script>\n<!-- \/ Yoast SEO plugin. -->","yoast_head_json":{"title":"J\u00f3venes, Ciencia y \u00c9tica - Fundacio Recerca","robots":{"index":"index","follow":"follow","max-snippet":"max-snippet:-1","max-image-preview":"max-image-preview:large","max-video-preview":"max-video-preview:-1"},"canonical":"https:\/\/fcri.cat\/es\/1193-2\/1199-2\/","og_locale":"es_ES","og_type":"article","og_title":"J\u00f3venes, Ciencia y \u00c9tica - Fundacio Recerca","og_description":"La FCRI organiza, en colaboraci\u00f3n con el Departamento de Educaci\u00f3n de la Generalitat de Catalunya, el programa \u00abJ\u00f3venes, Ciencia y \u00c9tica\u00bb. Su objetivo es estimular la capacidad cr\u00edtica de los [&hellip;]","og_url":"https:\/\/fcri.cat\/es\/1193-2\/1199-2\/","og_site_name":"Fundacio Recerca","article_publisher":"https:\/\/www.facebook.com\/fundaciorecerca","article_modified_time":"2024-07-23T08:51:38+00:00","og_image":[{"width":1278,"height":857,"url":"https:\/\/fcri.cat\/wp-content\/uploads\/2017\/06\/images_ciencia-i-ciutadania_joves-ciencia-etica_Edicio17_JovesCienciaEtica_FundacioRecerca.jpg","type":"image\/jpeg"}],"twitter_card":"summary_large_image","twitter_site":"@fundaciorecerca","twitter_misc":{"Tiempo de lectura":"2 minutos"},"schema":{"@context":"https:\/\/schema.org","@graph":[{"@type":"WebPage","@id":"https:\/\/fcri.cat\/es\/1193-2\/1199-2\/","url":"https:\/\/fcri.cat\/es\/1193-2\/1199-2\/","name":"J\u00f3venes, Ciencia y \u00c9tica - Fundacio Recerca","isPartOf":{"@id":"https:\/\/fcri.cat\/es\/#website"},"primaryImageOfPage":{"@id":"https:\/\/fcri.cat\/es\/1193-2\/1199-2\/#primaryimage"},"image":{"@id":"https:\/\/fcri.cat\/es\/1193-2\/1199-2\/#primaryimage"},"thumbnailUrl":"https:\/\/fcri.cat\/wp-content\/uploads\/2024\/07\/P1020247-1-scaled.jpg?wsr","datePublished":"2021-02-07T10:28:42+00:00","dateModified":"2024-07-23T08:51:38+00:00","breadcrumb":{"@id":"https:\/\/fcri.cat\/es\/1193-2\/1199-2\/#breadcrumb"},"inLanguage":"es","potentialAction":[{"@type":"ReadAction","target":["https:\/\/fcri.cat\/es\/1193-2\/1199-2\/"]}]},{"@type":"ImageObject","inLanguage":"es","@id":"https:\/\/fcri.cat\/es\/1193-2\/1199-2\/#primaryimage","url":"https:\/\/fcri.cat\/wp-content\/uploads\/2024\/07\/P1020247-1-scaled.jpg?wsr","contentUrl":"https:\/\/fcri.cat\/wp-content\/uploads\/2024\/07\/P1020247-1-scaled.jpg?wsr","width":2560,"height":1708},{"@type":"BreadcrumbList","@id":"https:\/\/fcri.cat\/es\/1193-2\/1199-2\/#breadcrumb","itemListElement":[{"@type":"ListItem","position":1,"name":"Inici","item":"https:\/\/fcri.cat\/es\/"},{"@type":"ListItem","position":2,"name":"Diseminaci\u00f3n y comunicaci\u00f3n","item":"https:\/\/fcri.cat\/es\/disseminacio-i-comunicacio\/"},{"@type":"ListItem","position":3,"name":"J\u00f3venes, Ciencia y \u00c9tica"}]},{"@type":"WebSite","@id":"https:\/\/fcri.cat\/es\/#website","url":"https:\/\/fcri.cat\/es\/","name":"Fundacio Recerca","description":"Fundaci\u00f3 Catalana per a la Recerca i la Innovaci\u00f3","potentialAction":[{"@type":"SearchAction","target":{"@type":"EntryPoint","urlTemplate":"https:\/\/fcri.cat\/es\/?s={search_term_string}"},"query-input":"required name=search_term_string"}],"inLanguage":"es"}]}},"_links":{"self":[{"href":"https:\/\/fcri.cat\/es\/wp-json\/wp\/v2\/pages\/1199"}],"collection":[{"href":"https:\/\/fcri.cat\/es\/wp-json\/wp\/v2\/pages"}],"about":[{"href":"https:\/\/fcri.cat\/es\/wp-json\/wp\/v2\/types\/page"}],"author":[{"embeddable":true,"href":"https:\/\/fcri.cat\/es\/wp-json\/wp\/v2\/users\/6"}],"replies":[{"embeddable":true,"href":"https:\/\/fcri.cat\/es\/wp-json\/wp\/v2\/comments?post=1199"}],"version-history":[{"count":25,"href":"https:\/\/fcri.cat\/es\/wp-json\/wp\/v2\/pages\/1199\/revisions"}],"predecessor-version":[{"id":20733,"href":"https:\/\/fcri.cat\/es\/wp-json\/wp\/v2\/pages\/1199\/revisions\/20733"}],"up":[{"embeddable":true,"href":"https:\/\/fcri.cat\/es\/wp-json\/wp\/v2\/pages\/1193"}],"wp:featuredmedia":[{"embeddable":true,"href":"https:\/\/fcri.cat\/es\/wp-json\/wp\/v2\/media\/20820"}],"wp:attachment":[{"href":"https:\/\/fcri.cat\/es\/wp-json\/wp\/v2\/media?parent=1199"}],"curies":[{"name":"wp","href":"https:\/\/api.w.org\/{rel}","templated":true}]}}