{"id":1210,"date":"2021-02-07T11:29:41","date_gmt":"2021-02-07T10:29:41","guid":{"rendered":"https:\/\/waa.fundaciorecerca.cat\/?page_id=1210"},"modified":"2024-07-01T13:54:24","modified_gmt":"2024-07-01T12:54:24","slug":"1210-2","status":"publish","type":"page","link":"https:\/\/fcri.cat\/es\/1193-2\/1210-2\/","title":{"rendered":"Recerca en Acci\u00f3"},"content":{"rendered":"<p>[et_pb_section fb_built=\u00bb1&#8243; admin_label=\u00bbHero\u00bb _builder_version=\u00bb4.25.2&#8243; custom_margin=\u00bb||100px||false|false\u00bb custom_padding=\u00bb2px|||||\u00bb da_disable_devices=\u00bboff|off|off\u00bb locked=\u00bboff\u00bb global_colors_info=\u00bb{}\u00bb theme_builder_area=\u00bbpost_content\u00bb da_is_popup=\u00bboff\u00bb da_exit_intent=\u00bboff\u00bb da_has_close=\u00bbon\u00bb da_alt_close=\u00bboff\u00bb da_dark_close=\u00bboff\u00bb da_not_modal=\u00bbon\u00bb da_is_singular=\u00bboff\u00bb da_with_loader=\u00bboff\u00bb da_has_shadow=\u00bbon\u00bb][et_pb_row module_class=\u00bbmj-section-logo-projec\u00bb _builder_version=\u00bb4.25.2&#8243; _module_preset=\u00bbdefault\u00bb background_color=\u00bbRGBA(255,255,255,0)\u00bb width=\u00bb100%\u00bb width_tablet=\u00bb\u00bb width_phone=\u00bb\u00bb width_last_edited=\u00bbon|phone\u00bb min_height=\u00bb174px\u00bb custom_margin=\u00bb|auto|-3px|auto||\u00bb custom_padding=\u00bb||0px||false|false\u00bb global_colors_info=\u00bb{}\u00bb theme_builder_area=\u00bbpost_content\u00bb][et_pb_column type=\u00bb4_4&#8243; _builder_version=\u00bb4.24.1&#8243; _module_preset=\u00bbdefault\u00bb background_color=\u00bbRGBA(255,255,255,0)\u00bb global_colors_info=\u00bb{}\u00bb theme_builder_area=\u00bbpost_content\u00bb][et_pb_image src=\u00bbhttps:\/\/fcri.cat\/wp-content\/uploads\/2024\/06\/L-RecercaEnAccio-co-f-1.png\u00bb title_text=\u00bbL-RecercaEnAccio-co-f-1&#8243; align=\u00bbright\u00bb _builder_version=\u00bb4.25.2&#8243; _module_preset=\u00bbdefault\u00bb background_color=\u00bb#FFFFFF\u00bb width=\u00bb250px\u00bb width_tablet=\u00bb200px\u00bb width_phone=\u00bb150px\u00bb width_last_edited=\u00bbon|desktop\u00bb module_alignment=\u00bbright\u00bb height=\u00bb250px\u00bb height_tablet=\u00bb200px\u00bb height_phone=\u00bb150px\u00bb height_last_edited=\u00bbon|tablet\u00bb custom_margin=\u00bb||||false|false\u00bb custom_margin_tablet=\u00bb20px||||false|false\u00bb custom_margin_phone=\u00bb60px||||false|false\u00bb custom_margin_last_edited=\u00bbon|desktop\u00bb custom_padding=\u00bb|||3px||\u00bb background_last_edited=\u00bbon|phone\u00bb box_shadow_style=\u00bbpreset1&#8243; global_colors_info=\u00bb{}\u00bb theme_builder_area=\u00bbpost_content\u00bb][\/et_pb_image][\/et_pb_column][\/et_pb_row][et_pb_row _builder_version=\u00bb4.16&#8243; _module_preset=\u00bbdefault\u00bb locked=\u00bboff\u00bb global_colors_info=\u00bb{}\u00bb theme_builder_area=\u00bbpost_content\u00bb][et_pb_column type=\u00bb4_4&#8243; _builder_version=\u00bb4.16&#8243; _module_preset=\u00bbdefault\u00bb custom_padding=\u00bb|50px|||false|false\u00bb custom_padding_tablet=\u00bb|0px|40px||false|false\u00bb custom_padding_phone=\u00bb||40px||false|false\u00bb custom_padding_last_edited=\u00bbon|desktop\u00bb global_colors_info=\u00bb{}\u00bb theme_builder_area=\u00bbpost_content\u00bb][et_pb_text _builder_version=\u00bb4.16&#8243; _module_preset=\u00bbdefault\u00bb global_colors_info=\u00bb{}\u00bb theme_builder_area=\u00bbpost_content\u00bb]<\/p>\n<p>142 v\u00eddeos con experimentos cient\u00edficos hechos por alumnos de primaria, secundaria y bachillerato; 46 expediciones o aventuras cient\u00edficas narradas en formato blog por los mismos investigadores protagonistas y una pionera secci\u00f3n sobre turismo cient\u00edfico, con m\u00e1s de 100 destinos singulares catalanes de inter\u00e9s cient\u00edfico comentados y localizables en un mapa sensible, son algunos de los contenidos actuales de Recerca en Acci\u00f3, portal de divulgaci\u00f3n cient\u00edfica de la FCRI.<\/p>\n<p>El portal ofrece una extensa recopilaci\u00f3n de v\u00eddeos cient\u00edficos escolares ganadores de las diferentes ediciones del concurso audiovisual de X(p)erimenta, organizado por la FCRI y la Asociaci\u00f3n Catalana de Comunicaci\u00f3n Cient\u00edfica (ACCC).<\/p>\n<p>Los experimentos, muchos de ellos realizados por profesores, son, adem\u00e1s de un ocio de trasfondo cient\u00edfico, una herramienta para educadores y padres.<\/p>\n<p>[\/et_pb_text][et_pb_text _builder_version=\u00bb4.25.2&#8243; _module_preset=\u00bbdefault\u00bb text_font=\u00bb||||||||\u00bb text_text_color=\u00bb#e09900&#8243; text_font_size=\u00bb18px\u00bb text_line_height=\u00bb1.8em\u00bb module_alignment=\u00bbright\u00bb custom_margin=\u00bb||||false|false\u00bb custom_padding=\u00bb||||false|false\u00bb hover_enabled=\u00bb0&#8243; border_color_left=\u00bb#AFA44C\u00bb global_colors_info=\u00bb{}\u00bb theme_builder_area=\u00bbpost_content\u00bb sticky_enabled=\u00bb0&#8243;]<a title=\"Web Recerca en Acci\u00f3\" href=\"http:\/\/www.recercaenaccio.cat\/\">Web Recerca en Acci\u00f3<\/a>[\/et_pb_text][et_pb_text _builder_version=\u00bb4.16&#8243; _module_preset=\u00bbdefault\u00bb custom_margin=\u00bb60px||||false|false\u00bb global_colors_info=\u00bb{}\u00bb theme_builder_area=\u00bbpost_content\u00bb]<\/p>\n<h2>Responsables<\/h2>\n<p>Marc Portella<br \/><a class=\"underline\" href=\"mailto:mportella@fcri.cat\" rel=\"alternate\">mportella@fcri.cat<\/a><\/p>\n<p>[\/et_pb_text][et_pb_text _builder_version=\u00bb4.16&#8243; _module_preset=\u00bbdefault\u00bb header_3_font_size=\u00bb23px\u00bb custom_margin=\u00bb60px||||false|false\u00bb global_colors_info=\u00bb{}\u00bb theme_builder_area=\u00bbpost_content\u00bb]<\/p>\n<h3>Colabora<\/h3>\n<p>Apostamos por la ciencia como modelo de futuro. \u00bfY t\u00fa?<\/p>\n<p>\u00a1Colabora con nuestros proyectos!<\/p>\n<p>[\/et_pb_text][et_pb_button button_url=\u00bb\/es\/la-fundacion\/colabora\u00bb button_text=\u00bb\u00bfQuieres saber c\u00f3mo?\u00bb _builder_version=\u00bb4.16&#8243; _module_preset=\u00bbdefault\u00bb custom_button=\u00bbon\u00bb button_text_color=\u00bb#000000&#8243; custom_margin=\u00bb23px||49px|||\u00bb custom_padding=\u00bb6px|||16px||\u00bb global_colors_info=\u00bb{}\u00bb theme_builder_area=\u00bbpost_content\u00bb][\/et_pb_button][\/et_pb_column][\/et_pb_row][\/et_pb_section]<\/p>\n","protected":false},"excerpt":{"rendered":"<p>142 v\u00eddeos con experimentos cient\u00edficos hechos por alumnos de primaria, secundaria y bachillerato; 46 expediciones o aventuras cient\u00edficas narradas en formato blog por los mismos investigadores protagonistas y una pionera [&hellip;]<\/p>\n","protected":false},"author":6,"featured_media":20716,"parent":1193,"menu_order":0,"comment_status":"closed","ping_status":"closed","template":"","meta":{"_et_pb_use_builder":"on","_et_pb_old_content":"","_et_gb_content_width":"","footnotes":""},"class_list":["post-1210","page","type-page","status-publish","has-post-thumbnail","hentry"],"yoast_head":"<!-- This site is optimized with the Yoast SEO plugin v22.9 - https:\/\/yoast.com\/wordpress\/plugins\/seo\/ -->\n<title>Recerca en Acci\u00f3 - Fundacio Recerca<\/title>\n<meta name=\"robots\" content=\"index, follow, max-snippet:-1, max-image-preview:large, max-video-preview:-1\" \/>\n<link rel=\"canonical\" href=\"https:\/\/fcri.cat\/es\/1193-2\/1210-2\/\" \/>\n<meta property=\"og:locale\" content=\"es_ES\" \/>\n<meta property=\"og:type\" content=\"article\" \/>\n<meta property=\"og:title\" content=\"Recerca en Acci\u00f3 - Fundacio Recerca\" \/>\n<meta property=\"og:description\" content=\"142 v\u00eddeos con experimentos cient\u00edficos hechos por alumnos de primaria, secundaria y bachillerato; 46 expediciones o aventuras cient\u00edficas narradas en formato blog por los mismos investigadores protagonistas y una pionera [&hellip;]\" \/>\n<meta property=\"og:url\" content=\"https:\/\/fcri.cat\/es\/1193-2\/1210-2\/\" \/>\n<meta property=\"og:site_name\" content=\"Fundacio Recerca\" \/>\n<meta property=\"article:publisher\" content=\"https:\/\/www.facebook.com\/fundaciorecerca\" \/>\n<meta property=\"article:modified_time\" content=\"2024-07-01T12:54:24+00:00\" \/>\n<meta property=\"og:image\" content=\"https:\/\/fcri.cat\/wp-content\/uploads\/2021\/01\/escola_tardor.jpg\" \/>\n\t<meta property=\"og:image:width\" content=\"1200\" \/>\n\t<meta property=\"og:image:height\" content=\"600\" \/>\n\t<meta property=\"og:image:type\" content=\"image\/jpeg\" \/>\n<meta name=\"twitter:card\" content=\"summary_large_image\" \/>\n<meta name=\"twitter:site\" content=\"@fundaciorecerca\" \/>\n<meta name=\"twitter:label1\" content=\"Tiempo de lectura\" \/>\n\t<meta name=\"twitter:data1\" content=\"2 minutos\" \/>\n<script type=\"application\/ld+json\" class=\"yoast-schema-graph\">{\"@context\":\"https:\/\/schema.org\",\"@graph\":[{\"@type\":\"WebPage\",\"@id\":\"https:\/\/fcri.cat\/es\/1193-2\/1210-2\/\",\"url\":\"https:\/\/fcri.cat\/es\/1193-2\/1210-2\/\",\"name\":\"Recerca en Acci\u00f3 - Fundacio Recerca\",\"isPartOf\":{\"@id\":\"https:\/\/fcri.cat\/es\/#website\"},\"primaryImageOfPage\":{\"@id\":\"https:\/\/fcri.cat\/es\/1193-2\/1210-2\/#primaryimage\"},\"image\":{\"@id\":\"https:\/\/fcri.cat\/es\/1193-2\/1210-2\/#primaryimage\"},\"thumbnailUrl\":\"https:\/\/fcri.cat\/wp-content\/uploads\/2024\/07\/Captura-de-Pantalla-2022-11-15-a-las-15.25.05-copia-2.jpg?wsr\",\"datePublished\":\"2021-02-07T10:29:41+00:00\",\"dateModified\":\"2024-07-01T12:54:24+00:00\",\"breadcrumb\":{\"@id\":\"https:\/\/fcri.cat\/es\/1193-2\/1210-2\/#breadcrumb\"},\"inLanguage\":\"es\",\"potentialAction\":[{\"@type\":\"ReadAction\",\"target\":[\"https:\/\/fcri.cat\/es\/1193-2\/1210-2\/\"]}]},{\"@type\":\"ImageObject\",\"inLanguage\":\"es\",\"@id\":\"https:\/\/fcri.cat\/es\/1193-2\/1210-2\/#primaryimage\",\"url\":\"https:\/\/fcri.cat\/wp-content\/uploads\/2024\/07\/Captura-de-Pantalla-2022-11-15-a-las-15.25.05-copia-2.jpg?wsr\",\"contentUrl\":\"https:\/\/fcri.cat\/wp-content\/uploads\/2024\/07\/Captura-de-Pantalla-2022-11-15-a-las-15.25.05-copia-2.jpg?wsr\",\"width\":1888,\"height\":1129,\"caption\":\"Screenshot\"},{\"@type\":\"BreadcrumbList\",\"@id\":\"https:\/\/fcri.cat\/es\/1193-2\/1210-2\/#breadcrumb\",\"itemListElement\":[{\"@type\":\"ListItem\",\"position\":1,\"name\":\"Inici\",\"item\":\"https:\/\/fcri.cat\/es\/\"},{\"@type\":\"ListItem\",\"position\":2,\"name\":\"Vocaciones cient\u00edficas\",\"item\":\"https:\/\/fcri.cat\/es\/vocacions-cientifiques\/\"},{\"@type\":\"ListItem\",\"position\":3,\"name\":\"Recerca en Acci\u00f3\"}]},{\"@type\":\"WebSite\",\"@id\":\"https:\/\/fcri.cat\/es\/#website\",\"url\":\"https:\/\/fcri.cat\/es\/\",\"name\":\"Fundacio Recerca\",\"description\":\"Fundaci\u00f3 Catalana per a la Recerca i la Innovaci\u00f3\",\"potentialAction\":[{\"@type\":\"SearchAction\",\"target\":{\"@type\":\"EntryPoint\",\"urlTemplate\":\"https:\/\/fcri.cat\/es\/?s={search_term_string}\"},\"query-input\":\"required name=search_term_string\"}],\"inLanguage\":\"es\"}]}<\/script>\n<!-- \/ Yoast SEO plugin. -->","yoast_head_json":{"title":"Recerca en Acci\u00f3 - Fundacio Recerca","robots":{"index":"index","follow":"follow","max-snippet":"max-snippet:-1","max-image-preview":"max-image-preview:large","max-video-preview":"max-video-preview:-1"},"canonical":"https:\/\/fcri.cat\/es\/1193-2\/1210-2\/","og_locale":"es_ES","og_type":"article","og_title":"Recerca en Acci\u00f3 - Fundacio Recerca","og_description":"142 v\u00eddeos con experimentos cient\u00edficos hechos por alumnos de primaria, secundaria y bachillerato; 46 expediciones o aventuras cient\u00edficas narradas en formato blog por los mismos investigadores protagonistas y una pionera [&hellip;]","og_url":"https:\/\/fcri.cat\/es\/1193-2\/1210-2\/","og_site_name":"Fundacio Recerca","article_publisher":"https:\/\/www.facebook.com\/fundaciorecerca","article_modified_time":"2024-07-01T12:54:24+00:00","og_image":[{"width":1200,"height":600,"url":"https:\/\/fcri.cat\/wp-content\/uploads\/2021\/01\/escola_tardor.jpg","type":"image\/jpeg"}],"twitter_card":"summary_large_image","twitter_site":"@fundaciorecerca","twitter_misc":{"Tiempo de lectura":"2 minutos"},"schema":{"@context":"https:\/\/schema.org","@graph":[{"@type":"WebPage","@id":"https:\/\/fcri.cat\/es\/1193-2\/1210-2\/","url":"https:\/\/fcri.cat\/es\/1193-2\/1210-2\/","name":"Recerca en Acci\u00f3 - Fundacio Recerca","isPartOf":{"@id":"https:\/\/fcri.cat\/es\/#website"},"primaryImageOfPage":{"@id":"https:\/\/fcri.cat\/es\/1193-2\/1210-2\/#primaryimage"},"image":{"@id":"https:\/\/fcri.cat\/es\/1193-2\/1210-2\/#primaryimage"},"thumbnailUrl":"https:\/\/fcri.cat\/wp-content\/uploads\/2024\/07\/Captura-de-Pantalla-2022-11-15-a-las-15.25.05-copia-2.jpg?wsr","datePublished":"2021-02-07T10:29:41+00:00","dateModified":"2024-07-01T12:54:24+00:00","breadcrumb":{"@id":"https:\/\/fcri.cat\/es\/1193-2\/1210-2\/#breadcrumb"},"inLanguage":"es","potentialAction":[{"@type":"ReadAction","target":["https:\/\/fcri.cat\/es\/1193-2\/1210-2\/"]}]},{"@type":"ImageObject","inLanguage":"es","@id":"https:\/\/fcri.cat\/es\/1193-2\/1210-2\/#primaryimage","url":"https:\/\/fcri.cat\/wp-content\/uploads\/2024\/07\/Captura-de-Pantalla-2022-11-15-a-las-15.25.05-copia-2.jpg?wsr","contentUrl":"https:\/\/fcri.cat\/wp-content\/uploads\/2024\/07\/Captura-de-Pantalla-2022-11-15-a-las-15.25.05-copia-2.jpg?wsr","width":1888,"height":1129,"caption":"Screenshot"},{"@type":"BreadcrumbList","@id":"https:\/\/fcri.cat\/es\/1193-2\/1210-2\/#breadcrumb","itemListElement":[{"@type":"ListItem","position":1,"name":"Inici","item":"https:\/\/fcri.cat\/es\/"},{"@type":"ListItem","position":2,"name":"Vocaciones cient\u00edficas","item":"https:\/\/fcri.cat\/es\/vocacions-cientifiques\/"},{"@type":"ListItem","position":3,"name":"Recerca en Acci\u00f3"}]},{"@type":"WebSite","@id":"https:\/\/fcri.cat\/es\/#website","url":"https:\/\/fcri.cat\/es\/","name":"Fundacio Recerca","description":"Fundaci\u00f3 Catalana per a la Recerca i la Innovaci\u00f3","potentialAction":[{"@type":"SearchAction","target":{"@type":"EntryPoint","urlTemplate":"https:\/\/fcri.cat\/es\/?s={search_term_string}"},"query-input":"required name=search_term_string"}],"inLanguage":"es"}]}},"_links":{"self":[{"href":"https:\/\/fcri.cat\/es\/wp-json\/wp\/v2\/pages\/1210"}],"collection":[{"href":"https:\/\/fcri.cat\/es\/wp-json\/wp\/v2\/pages"}],"about":[{"href":"https:\/\/fcri.cat\/es\/wp-json\/wp\/v2\/types\/page"}],"author":[{"embeddable":true,"href":"https:\/\/fcri.cat\/es\/wp-json\/wp\/v2\/users\/6"}],"replies":[{"embeddable":true,"href":"https:\/\/fcri.cat\/es\/wp-json\/wp\/v2\/comments?post=1210"}],"version-history":[{"count":14,"href":"https:\/\/fcri.cat\/es\/wp-json\/wp\/v2\/pages\/1210\/revisions"}],"predecessor-version":[{"id":19623,"href":"https:\/\/fcri.cat\/es\/wp-json\/wp\/v2\/pages\/1210\/revisions\/19623"}],"up":[{"embeddable":true,"href":"https:\/\/fcri.cat\/es\/wp-json\/wp\/v2\/pages\/1193"}],"wp:featuredmedia":[{"embeddable":true,"href":"https:\/\/fcri.cat\/es\/wp-json\/wp\/v2\/media\/20716"}],"wp:attachment":[{"href":"https:\/\/fcri.cat\/es\/wp-json\/wp\/v2\/media?parent=1210"}],"curies":[{"name":"wp","href":"https:\/\/api.w.org\/{rel}","templated":true}]}}