{"id":1285,"date":"2021-02-07T17:00:55","date_gmt":"2021-02-07T16:00:55","guid":{"rendered":"https:\/\/waa.fundaciorecerca.cat\/?page_id=1285"},"modified":"2021-04-20T09:13:33","modified_gmt":"2021-04-20T08:13:33","slug":"1285-2","status":"publish","type":"page","link":"https:\/\/fcri.cat\/es\/1285-2\/","title":{"rendered":"Innovaci\u00f3n"},"content":{"rendered":"<p>[et_pb_section fb_built=\u00bb1&#8243; admin_label=\u00bbHero\u00bb _builder_version=\u00bb3.22&#8243; custom_padding=\u00bb2px|||||\u00bb locked=\u00bboff\u00bb][et_pb_row _builder_version=\u00bb3.25&#8243; background_size=\u00bbinitial\u00bb background_position=\u00bbtop_left\u00bb background_repeat=\u00bbrepeat\u00bb custom_padding=\u00bb3px|0px|26px|0px|false|false\u00bb locked=\u00bboff\u00bb][et_pb_column type=\u00bb4_4&#8243; _builder_version=\u00bb3.25&#8243; custom_padding=\u00bb|||\u00bb custom_padding__hover=\u00bb|||\u00bb][et_pb_slider _builder_version=\u00bb4.9.1&#8243; _module_preset=\u00bbdefault\u00bb header_font_size=\u00bb40px\u00bb body_font_size=\u00bb23px\u00bb background_enable_color=\u00bboff\u00bb text_orientation=\u00bbleft\u00bb max_width_tablet=\u00bb\u00bb max_width_phone=\u00bb\u00bb max_width_last_edited=\u00bbon|phone\u00bb min_height=\u00bb540px\u00bb min_height_tablet=\u00bb\u00bb min_height_phone=\u00bb256px\u00bb min_height_last_edited=\u00bbon|phone\u00bb custom_margin=\u00bb40px||||false|false\u00bb header_font_size_tablet=\u00bb\u00bb header_font_size_phone=\u00bb\u00bb header_font_size_last_edited=\u00bbon|desktop\u00bb body_font_size_tablet=\u00bb\u00bb body_font_size_phone=\u00bb\u00bb body_font_size_last_edited=\u00bbon|desktop\u00bb border_width_all=\u00bb1px\u00bb][et_pb_slide url_new_window=\u00bbon\u00bb use_bg_overlay=\u00bboff\u00bb alignment=\u00bbbottom\u00bb admin_title=\u00bbslider\u00bb _builder_version=\u00bb4.9.1&#8243; _module_preset=\u00bbdefault\u00bb header_font=\u00bbArial|300|||||||\u00bb body_font=\u00bb|700|||||||\u00bb body_line_height=\u00bb1em\u00bb background_enable_color=\u00bboff\u00bb background_image=\u00bbhttps:\/\/fcri.cat\/wp-content\/uploads\/2021\/03\/innovacio-1.png\u00bb background_enable_image=\u00bbon\u00bb background_size=\u00bbinitial\u00bb background_position=\u00bbtop_right\u00bb text_orientation=\u00bbleft\u00bb background_layout=\u00bblight\u00bb custom_padding=\u00bb|||0px|false|false\u00bb custom_padding_tablet=\u00bb100px||100px|0px|false|false\u00bb custom_padding_phone=\u00bb0px|0px|0px|0px|false|false\u00bb custom_padding_last_edited=\u00bbon|phone\u00bb hover_transition_duration=\u00bb0ms\u00bb link_option_url_new_window=\u00bbon\u00bb header_font_size_tablet=\u00bb26px\u00bb header_font_size_phone=\u00bb20px\u00bb header_font_size_last_edited=\u00bbon|phone\u00bb body_font_size_tablet=\u00bb22px\u00bb body_font_size_phone=\u00bb20px\u00bb body_font_size_last_edited=\u00bbon|phone\u00bb background_last_edited=\u00bboff|phone\u00bb background_enable_image_phone=\u00bboff\u00bb parallax_phone=\u00bboff\u00bb background_size_phone=\u00bbcontain\u00bb background_position_phone=\u00bbcenter_right\u00bb background_repeat_phone=\u00bbno-repeat\u00bb alt_phone=\u00bbImatge representativa Concurs Tesi en 4 minuts\u00bb title_text_phone=\u00bbTesi4minuts-slider\u00bb sticky_transition=\u00bbon\u00bb]<\/p>\n<h1>Innovaci\u00f3n<\/h1>\n<p>[\/et_pb_slide][\/et_pb_slider][\/et_pb_column][\/et_pb_row][et_pb_row column_structure=\u00bb3_5,2_5&#8243; _builder_version=\u00bb4.7.3&#8243; _module_preset=\u00bbdefault\u00bb locked=\u00bboff\u00bb][et_pb_column type=\u00bb3_5&#8243; _builder_version=\u00bb4.7.3&#8243; _module_preset=\u00bbdefault\u00bb custom_padding=\u00bb|50px|||false|false\u00bb custom_padding_tablet=\u00bb|0px|40px||false|false\u00bb custom_padding_phone=\u00bb||40px||false|false\u00bb custom_padding_last_edited=\u00bbon|desktop\u00bb][et_pb_text _builder_version=\u00bb4.9.1&#8243; _module_preset=\u00bbdefault\u00bb hover_enabled=\u00bb0&#8243; sticky_enabled=\u00bb0&#8243;]<\/p>\n<p>Sensibilizamos a la industria sobre la cooperaci\u00f3n p\u00fablico-privada con proyectos para la actualizaci\u00f3n y transferencia de conocimiento procedente de la investigaci\u00f3n a la empresa.<\/p>\n<p>[\/et_pb_text][et_pb_text _builder_version=\u00bb4.9.1&#8243; _module_preset=\u00bbdefault\u00bb text_font=\u00bb|600|||||||\u00bb text_font_size=\u00bb19px\u00bb custom_margin=\u00bb60px||10px||false|false\u00bb custom_padding=\u00bb||||false|false\u00bb border_color_all=\u00bb#49935e\u00bb]<\/p>\n<p>Programas de Innovaci\u00f3n<\/p>\n<p>[\/et_pb_text][et_pb_text module_class=\u00bbbtn-inline\u00bb _builder_version=\u00bb4.9.1&#8243; _module_preset=\u00bbdefault\u00bb]<\/p>\n<p><a class=\"link-inline\" title=\"Caf\u00e9s con la Investigaci\u00f3n\" href=\"\/es\/innovacion\/cafes-con-la-investigacion\">Caf\u00e9s con la Investigaci\u00f3n<\/a><a class=\"link-inline\" title=\"Promoci\u00f3n Doctorados Industriales\" href=\"\/es\/innovacion\/promocion-doctorados-industriales\">Promoci\u00f3n Doctorados Industriales<\/a><a class=\"link-inline\" title=\"Promoci\u00f3n Industria del Conocimiento\"  href=\"\/es\/innovacion\/promocion-industria-del-conocimiento\">Promoci\u00f3n Industria del Conocimiento<\/a><a class=\"link-inline\" title=\"Comp\u00e0s\" href=\"\/es\/innovacion\/compas\">Comp\u00e0s<\/a><a class=\"link-inline\" title=\"RIACat\" href=\"\/es\/innovacion\/riacat\">RIACat<\/a><\/p>\n<p>[\/et_pb_text][et_pb_text _builder_version=\u00bb4.9.1&#8243; _module_preset=\u00bbdefault\u00bb custom_margin=\u00bb20px||||false|false\u00bb]<\/p>\n<p>Creamos espacios de comunicaci\u00f3n entre cient\u00edficos y empresas, a trav\u00e9s del matching de l\u00edneas de investigaci\u00f3n e intereses, en programas como las ayudas de Doctorados Industriales o el Programa Industria del Conocimiento.<\/p>\n<p>Sensibilizamos la industria sobre la cooperaci\u00f3n p\u00fablico, a trav\u00e9s de proyectos colaborativos o desde el mentor\u00eda.<\/p>\n<p>Fomentamos el emprendimiento basado en la investigaci\u00f3n y la innovaci\u00f3n.<\/p>\n<p>[\/et_pb_text][\/et_pb_column][et_pb_column type=\u00bb2_5&#8243; _builder_version=\u00bb4.7.3&#8243; _module_preset=\u00bbdefault\u00bb custom_padding=\u00bb|||15px|false|false\u00bb custom_padding_tablet=\u00bb80px|||0px|false|false\u00bb custom_padding_phone=\u00bb60px||||false|false\u00bb custom_padding_last_edited=\u00bbon|tablet\u00bb border_width_left=\u00bb1px\u00bb border_width_top_tablet=\u00bb1px\u00bb border_width_top_phone=\u00bb\u00bb border_width_top_last_edited=\u00bbon|phone\u00bb border_width_left_tablet=\u00bb0px\u00bb border_width_left_phone=\u00bb0px\u00bb border_width_left_last_edited=\u00bbon|tablet\u00bb][et_pb_text _builder_version=\u00bb4.9.1&#8243; _module_preset=\u00bbdefault\u00bb custom_margin=\u00bb||||false|false\u00bb]<\/p>\n<h2>Responsables<\/h2>\n<p>Susaina Figuera<br \/><a class=\"underline\" href=\"mailto:sfiguera@fcri.cat\" rel=\"alternate\">sfiguera@fcri.cat<\/a><\/p>\n<p>[\/et_pb_text][et_pb_text _builder_version=\u00bb4.9.1&#8243; _module_preset=\u00bbdefault\u00bb custom_margin=\u00bb60px||||false|false\u00bb]<\/p>\n<h2>Colabora<\/h2>\n<p>Apostamos por la ciencia como modelo de futuro. \u00bfY t\u00fa?<\/p>\n<p>\u00a1Colabora con nuestros proyectos!<\/p>\n<p>[\/et_pb_text][et_pb_button button_url=\u00bb\/es\/la-fundacion\/colabora\u00bb button_text=\u00bb\u00bfQuieres saber c\u00f3mo?\u00bb _builder_version=\u00bb4.7.3&#8243; _module_preset=\u00bbdefault\u00bb custom_button=\u00bbon\u00bb button_text_color=\u00bb#000000&#8243;][\/et_pb_button][et_pb_blurb title=\u00bbEs tiempo de hacer grande a la ciencia\u00bb url=\u00bbhttps:\/\/donacions.fcri.cat\/\u00bb url_new_window=\u00bbon\u00bb image=\u00bbhttps:\/\/fcri.cat\/wp-content\/uploads\/2021\/03\/donacions_global-banner-web.png\u00bb alt=\u00bbImagen representativa de donaciones FCRI\u00bb icon_placement_tablet=\u00bbleft\u00bb icon_placement_phone=\u00bbtop\u00bb icon_placement_last_edited=\u00bbon|tablet\u00bb image_max_width_tablet=\u00bb25vw\u00bb image_max_width_phone=\u00bb90%\u00bb image_max_width_last_edited=\u00bbon|tablet\u00bb admin_label=\u00bbdonacions\u00bb _builder_version=\u00bb4.9.1&#8243; _module_preset=\u00bbdefault\u00bb header_text_color=\u00bb#7E6C68&#8243; header_font_size=\u00bb1.25em\u00bb header_line_height=\u00bb1.25em\u00bb background_color=\u00bb#eeebd7&#8243; text_orientation=\u00bbcenter\u00bb custom_margin=\u00bb60px||30px||false|true\u00bb custom_padding=\u00bb40px|40px|40px|40px|true|true\u00bb custom_padding_tablet=\u00bb|40px||40px|false|true\u00bb custom_padding_phone=\u00bb\u00bb custom_padding_last_edited=\u00bbon|phone\u00bb animation=\u00bboff\u00bb link_option_url=\u00bbhttps:\/\/donacions.fcri.cat\/\u00bb link_option_url_new_window=\u00bbon\u00bb text_orientation_tablet=\u00bbleft\u00bb text_orientation_phone=\u00bb\u00bb text_orientation_last_edited=\u00bbon|tablet\u00bb border_width_all=\u00bb1px\u00bb border_color_all=\u00bb#eeebd7&#8243; global_module=\u00bb6280&#8243; saved_tabs=\u00bball\u00bb border_color_all__hover_enabled=\u00bbon|desktop\u00bb border_color_all__hover=\u00bb#000000&#8243;]<\/p>\n<p><a class=\"donar-link\" href=\"https:\/\/donacions.fcri.cat\/\" target=\"_blank\" rel=\"noopener noreferrer\">Haz tu donaci\u00f3n<\/a><\/p>\n<p>[\/et_pb_blurb][\/et_pb_column][\/et_pb_row][\/et_pb_section]<\/p>\n","protected":false},"excerpt":{"rendered":"<p>Innovaci\u00f3nSensibilizamos a la industria sobre la cooperaci\u00f3n p\u00fablico-privada con proyectos para la actualizaci\u00f3n y transferencia de conocimiento procedente de la investigaci\u00f3n a la empresa.Programas de Innovaci\u00f3nCaf\u00e9s con la Investigaci\u00f3nPromoci\u00f3n Doctorados [&hellip;]<\/p>\n","protected":false},"author":6,"featured_media":0,"parent":0,"menu_order":0,"comment_status":"closed","ping_status":"closed","template":"","meta":{"_et_pb_use_builder":"on","_et_pb_old_content":"","_et_gb_content_width":"","footnotes":""},"class_list":["post-1285","page","type-page","status-publish","hentry"],"yoast_head":"<!-- This site is optimized with the Yoast SEO plugin v22.9 - https:\/\/yoast.com\/wordpress\/plugins\/seo\/ -->\n<title>Innovaci\u00f3n - Fundacio Recerca<\/title>\n<meta name=\"robots\" content=\"index, follow, max-snippet:-1, max-image-preview:large, max-video-preview:-1\" \/>\n<link rel=\"canonical\" href=\"https:\/\/fcri.cat\/es\/1285-2\/\" \/>\n<meta property=\"og:locale\" content=\"es_ES\" \/>\n<meta property=\"og:type\" content=\"article\" \/>\n<meta property=\"og:title\" content=\"Innovaci\u00f3n - Fundacio Recerca\" \/>\n<meta property=\"og:description\" content=\"Innovaci\u00f3nSensibilizamos a la industria sobre la cooperaci\u00f3n p\u00fablico-privada con proyectos para la actualizaci\u00f3n y transferencia de conocimiento procedente de la investigaci\u00f3n a la empresa.Programas de Innovaci\u00f3nCaf\u00e9s con la Investigaci\u00f3nPromoci\u00f3n Doctorados [&hellip;]\" \/>\n<meta property=\"og:url\" content=\"https:\/\/fcri.cat\/es\/1285-2\/\" \/>\n<meta property=\"og:site_name\" content=\"Fundacio Recerca\" \/>\n<meta property=\"article:publisher\" content=\"https:\/\/www.facebook.com\/fundaciorecerca\" \/>\n<meta property=\"article:modified_time\" content=\"2021-04-20T08:13:33+00:00\" \/>\n<meta name=\"twitter:card\" content=\"summary_large_image\" \/>\n<meta name=\"twitter:site\" content=\"@fundaciorecerca\" \/>\n<meta name=\"twitter:label1\" content=\"Tiempo de lectura\" \/>\n\t<meta name=\"twitter:data1\" content=\"2 minutos\" \/>\n<script type=\"application\/ld+json\" class=\"yoast-schema-graph\">{\"@context\":\"https:\/\/schema.org\",\"@graph\":[{\"@type\":\"WebPage\",\"@id\":\"https:\/\/fcri.cat\/es\/1285-2\/\",\"url\":\"https:\/\/fcri.cat\/es\/1285-2\/\",\"name\":\"Innovaci\u00f3n - Fundacio Recerca\",\"isPartOf\":{\"@id\":\"https:\/\/fcri.cat\/es\/#website\"},\"datePublished\":\"2021-02-07T16:00:55+00:00\",\"dateModified\":\"2021-04-20T08:13:33+00:00\",\"breadcrumb\":{\"@id\":\"https:\/\/fcri.cat\/es\/1285-2\/#breadcrumb\"},\"inLanguage\":\"es\",\"potentialAction\":[{\"@type\":\"ReadAction\",\"target\":[\"https:\/\/fcri.cat\/es\/1285-2\/\"]}]},{\"@type\":\"BreadcrumbList\",\"@id\":\"https:\/\/fcri.cat\/es\/1285-2\/#breadcrumb\",\"itemListElement\":[{\"@type\":\"ListItem\",\"position\":1,\"name\":\"Inici\",\"item\":\"https:\/\/fcri.cat\/es\/\"},{\"@type\":\"ListItem\",\"position\":2,\"name\":\"Innovaci\u00f3n\"}]},{\"@type\":\"WebSite\",\"@id\":\"https:\/\/fcri.cat\/es\/#website\",\"url\":\"https:\/\/fcri.cat\/es\/\",\"name\":\"Fundacio Recerca\",\"description\":\"Fundaci\u00f3 Catalana per a la Recerca i la Innovaci\u00f3\",\"potentialAction\":[{\"@type\":\"SearchAction\",\"target\":{\"@type\":\"EntryPoint\",\"urlTemplate\":\"https:\/\/fcri.cat\/es\/?s={search_term_string}\"},\"query-input\":\"required name=search_term_string\"}],\"inLanguage\":\"es\"}]}<\/script>\n<!-- \/ Yoast SEO plugin. -->","yoast_head_json":{"title":"Innovaci\u00f3n - Fundacio Recerca","robots":{"index":"index","follow":"follow","max-snippet":"max-snippet:-1","max-image-preview":"max-image-preview:large","max-video-preview":"max-video-preview:-1"},"canonical":"https:\/\/fcri.cat\/es\/1285-2\/","og_locale":"es_ES","og_type":"article","og_title":"Innovaci\u00f3n - Fundacio Recerca","og_description":"Innovaci\u00f3nSensibilizamos a la industria sobre la cooperaci\u00f3n p\u00fablico-privada con proyectos para la actualizaci\u00f3n y transferencia de conocimiento procedente de la investigaci\u00f3n a la empresa.Programas de Innovaci\u00f3nCaf\u00e9s con la Investigaci\u00f3nPromoci\u00f3n Doctorados [&hellip;]","og_url":"https:\/\/fcri.cat\/es\/1285-2\/","og_site_name":"Fundacio Recerca","article_publisher":"https:\/\/www.facebook.com\/fundaciorecerca","article_modified_time":"2021-04-20T08:13:33+00:00","twitter_card":"summary_large_image","twitter_site":"@fundaciorecerca","twitter_misc":{"Tiempo de lectura":"2 minutos"},"schema":{"@context":"https:\/\/schema.org","@graph":[{"@type":"WebPage","@id":"https:\/\/fcri.cat\/es\/1285-2\/","url":"https:\/\/fcri.cat\/es\/1285-2\/","name":"Innovaci\u00f3n - Fundacio Recerca","isPartOf":{"@id":"https:\/\/fcri.cat\/es\/#website"},"datePublished":"2021-02-07T16:00:55+00:00","dateModified":"2021-04-20T08:13:33+00:00","breadcrumb":{"@id":"https:\/\/fcri.cat\/es\/1285-2\/#breadcrumb"},"inLanguage":"es","potentialAction":[{"@type":"ReadAction","target":["https:\/\/fcri.cat\/es\/1285-2\/"]}]},{"@type":"BreadcrumbList","@id":"https:\/\/fcri.cat\/es\/1285-2\/#breadcrumb","itemListElement":[{"@type":"ListItem","position":1,"name":"Inici","item":"https:\/\/fcri.cat\/es\/"},{"@type":"ListItem","position":2,"name":"Innovaci\u00f3n"}]},{"@type":"WebSite","@id":"https:\/\/fcri.cat\/es\/#website","url":"https:\/\/fcri.cat\/es\/","name":"Fundacio Recerca","description":"Fundaci\u00f3 Catalana per a la Recerca i la Innovaci\u00f3","potentialAction":[{"@type":"SearchAction","target":{"@type":"EntryPoint","urlTemplate":"https:\/\/fcri.cat\/es\/?s={search_term_string}"},"query-input":"required name=search_term_string"}],"inLanguage":"es"}]}},"_links":{"self":[{"href":"https:\/\/fcri.cat\/es\/wp-json\/wp\/v2\/pages\/1285"}],"collection":[{"href":"https:\/\/fcri.cat\/es\/wp-json\/wp\/v2\/pages"}],"about":[{"href":"https:\/\/fcri.cat\/es\/wp-json\/wp\/v2\/types\/page"}],"author":[{"embeddable":true,"href":"https:\/\/fcri.cat\/es\/wp-json\/wp\/v2\/users\/6"}],"replies":[{"embeddable":true,"href":"https:\/\/fcri.cat\/es\/wp-json\/wp\/v2\/comments?post=1285"}],"version-history":[{"count":17,"href":"https:\/\/fcri.cat\/es\/wp-json\/wp\/v2\/pages\/1285\/revisions"}],"predecessor-version":[{"id":7949,"href":"https:\/\/fcri.cat\/es\/wp-json\/wp\/v2\/pages\/1285\/revisions\/7949"}],"wp:attachment":[{"href":"https:\/\/fcri.cat\/es\/wp-json\/wp\/v2\/media?parent=1285"}],"curies":[{"name":"wp","href":"https:\/\/api.w.org\/{rel}","templated":true}]}}