{"id":1335,"date":"2021-02-07T17:41:41","date_gmt":"2021-02-07T16:41:41","guid":{"rendered":"https:\/\/waa.fundaciorecerca.cat\/?page_id=1335"},"modified":"2024-07-01T10:43:01","modified_gmt":"2024-07-01T09:43:01","slug":"1335-2","status":"publish","type":"page","link":"https:\/\/fcri.cat\/es\/1334-2\/1335-2\/","title":{"rendered":"Mujeres y Ciencia"},"content":{"rendered":"<p>[et_pb_section fb_built=\u00bb1&#8243; admin_label=\u00bbHero\u00bb _builder_version=\u00bb4.16&#8243; custom_padding=\u00bb2px|||||\u00bb da_disable_devices=\u00bboff|off|off\u00bb locked=\u00bboff\u00bb global_colors_info=\u00bb{}\u00bb theme_builder_area=\u00bbpost_content\u00bb da_is_popup=\u00bboff\u00bb da_exit_intent=\u00bboff\u00bb da_has_close=\u00bbon\u00bb da_alt_close=\u00bboff\u00bb da_dark_close=\u00bboff\u00bb da_not_modal=\u00bbon\u00bb da_is_singular=\u00bboff\u00bb da_with_loader=\u00bboff\u00bb da_has_shadow=\u00bbon\u00bb][et_pb_row _builder_version=\u00bb4.16&#8243; _module_preset=\u00bbdefault\u00bb locked=\u00bboff\u00bb global_colors_info=\u00bb{}\u00bb theme_builder_area=\u00bbpost_content\u00bb][et_pb_column type=\u00bb4_4&#8243; _builder_version=\u00bb4.16&#8243; _module_preset=\u00bbdefault\u00bb custom_padding=\u00bb|50px|||false|false\u00bb custom_padding_tablet=\u00bb|0px|40px||false|false\u00bb custom_padding_phone=\u00bb||40px||false|false\u00bb custom_padding_last_edited=\u00bbon|desktop\u00bb global_colors_info=\u00bb{}\u00bb theme_builder_area=\u00bbpost_content\u00bb][et_pb_text _builder_version=\u00bb4.24.1&#8243; _module_preset=\u00bbdefault\u00bb global_colors_info=\u00bb{}\u00bb theme_builder_area=\u00bbpost_content\u00bb]<\/p>\n<h1>#cient\u00edfiques<\/h1>\n<p>[\/et_pb_text][et_pb_text _builder_version=\u00bb4.25.2&#8243; _module_preset=\u00bbdefault\u00bb global_colors_info=\u00bb{}\u00bb theme_builder_area=\u00bbpost_content\u00bb]<\/p>\n<p><span>Con el programa #cien<\/span><span>t\u00edfiques<\/span><span>, la <\/span><span>FCRI<\/span><span>\u00a0quiere dar una mayor visibilidad al papel estrat\u00e9gico de las mujeres en la ciencia a nuestro pa\u00eds. Contribuimos a crear y divulgar roles y modelos femeninos de referencia en los \u00e1mbitos de las ciencias y las ingenier\u00edas, y promover buenas pr\u00e1cticas que lleven a la igualdad de g\u00e9nero en el sector.<\/span><\/p>\n<p><span>Necesitamos m\u00e1s mujeres que hagan ciencia, que creen empresas de base tecnol\u00f3gica o cient\u00edfica, que formen parte de los departamentos de innovaci\u00f3n y que dirijan centros de investigaci\u00f3n y c\u00e1tedras universitarias.<\/span><\/p>\n<p><span>Queremos romper los estereotipos de g\u00e9nero sobre la capacidad intelectual de las ni\u00f1as, que aparecen bien pronto en la ni\u00f1ez y hacen que se autodescarten en cuanto a las disciplinas\u00a0<\/span><span>STEM<\/span><span>, una limitaci\u00f3n que se acent\u00faa con la edad dada la dificultad de conciliaci\u00f3n y acceso al mercado laboral.<\/span><\/p>\n<p><span>Fomentamos las vocaciones\u00a0<\/span><span>cient\u00edfico-t\u00e9cnicas<\/span><span>\u00a0entre las ni\u00f1as, especialmente, y las animamos a ser el que ellas quieran ser.<\/span><\/p>\n<p><iframe loading=\"lazy\" title=\"Acte central de #100t\u00edfiques 2024 - 6a edici\u00f3\" width=\"1080\" height=\"608\" src=\"https:\/\/www.youtube.com\/embed\/0B_Uo5hrurA?start=3101&#038;feature=oembed\"  allow=\"accelerometer; autoplay; clipboard-write; encrypted-media; gyroscope; picture-in-picture; web-share\" allowfullscreen><\/iframe><\/p>\n<p>[\/et_pb_text][et_pb_text _builder_version=\u00bb4.25.2&#8243; _module_preset=\u00bbdefault\u00bb text_font=\u00bb||||||||\u00bb text_text_color=\u00bb#e09900&#8243; text_font_size=\u00bb18px\u00bb text_line_height=\u00bb1.8em\u00bb module_alignment=\u00bbright\u00bb custom_margin=\u00bb||||false|false\u00bb custom_padding=\u00bb||||false|false\u00bb hover_enabled=\u00bb0&#8243; border_color_left=\u00bb#AFA44C\u00bb global_colors_info=\u00bb{}\u00bb theme_builder_area=\u00bbpost_content\u00bb sticky_enabled=\u00bb0&#8243;]<\/p>\n<p><a target=\"_blank\" title=\"Web 100t\u00edfiques\" href=\"https:\/\/cientifiques.cat\" rel=\"noopener noreferrer\">Web #cient\u00edfiques<\/a><\/p>\n<p>[\/et_pb_text][et_pb_text _builder_version=\u00bb4.24.1&#8243; _module_preset=\u00bbdefault\u00bb custom_margin=\u00bb60px||||false|false\u00bb global_colors_info=\u00bb{}\u00bb theme_builder_area=\u00bbpost_content\u00bb]<\/p>\n<h2>Contacto<\/h2>\n<p>Mireia Colom<br \/><a class=\"underline\" href=\"mailto:egarrell@fcri.cat\" rel=\"alternate\">mcolom@fcri.cat<\/a><\/p>\n<p>[\/et_pb_text][et_pb_text _builder_version=\u00bb4.25.2&#8243; _module_preset=\u00bbdefault\u00bb header_3_font_size=\u00bb23px\u00bb custom_margin=\u00bb60px||||false|false\u00bb global_colors_info=\u00bb{}\u00bb theme_builder_area=\u00bbpost_content\u00bb]<\/p>\n<h3>Colabora<\/h3>\n<p><span>#cien<\/span><span>t\u00edfiques<\/span><span>\u00a0es una iniciativa coorganizada con el Barcelona\u00a0<\/span><span>Institute<\/span><span>\u00a0<\/span><span>of<\/span><span>\u00a0<\/span><span>Science<\/span><span>\u00a0<\/span><span>and<\/span><span>\u00a0<\/span><span>Technology<\/span><span>\u00a0(<\/span><span>BIST)<\/span><span>, con la colaboraci\u00f3n del Departamento de Educaci\u00f3n de la Generalitat de Catalunya y de diferentes empresas y entidades.<\/span><\/p>\n<p>[\/et_pb_text][\/et_pb_column][\/et_pb_row][\/et_pb_section]<\/p>\n","protected":false},"excerpt":{"rendered":"<p>#cient\u00edfiquesCon el programa #cient\u00edfiques, la FCRI\u00a0quiere dar una mayor visibilidad al papel estrat\u00e9gico de las mujeres en la ciencia a nuestro pa\u00eds. Contribuimos a crear y divulgar roles y modelos [&hellip;]<\/p>\n","protected":false},"author":6,"featured_media":0,"parent":1334,"menu_order":0,"comment_status":"closed","ping_status":"closed","template":"","meta":{"_et_pb_use_builder":"on","_et_pb_old_content":"","_et_gb_content_width":"","footnotes":""},"class_list":["post-1335","page","type-page","status-publish","hentry"],"yoast_head":"<!-- This site is optimized with the Yoast SEO plugin v22.9 - https:\/\/yoast.com\/wordpress\/plugins\/seo\/ -->\n<title>Mujeres y Ciencia - Fundacio Recerca<\/title>\n<meta name=\"robots\" content=\"index, follow, max-snippet:-1, max-image-preview:large, max-video-preview:-1\" \/>\n<link rel=\"canonical\" href=\"https:\/\/fcri.cat\/es\/1334-2\/1335-2\/\" \/>\n<meta property=\"og:locale\" content=\"es_ES\" \/>\n<meta property=\"og:type\" content=\"article\" \/>\n<meta property=\"og:title\" content=\"Mujeres y Ciencia - Fundacio Recerca\" \/>\n<meta property=\"og:description\" content=\"#cient\u00edfiquesCon el programa #cient\u00edfiques, la FCRI\u00a0quiere dar una mayor visibilidad al papel estrat\u00e9gico de las mujeres en la ciencia a nuestro pa\u00eds. Contribuimos a crear y divulgar roles y modelos [&hellip;]\" \/>\n<meta property=\"og:url\" content=\"https:\/\/fcri.cat\/es\/1334-2\/1335-2\/\" \/>\n<meta property=\"og:site_name\" content=\"Fundacio Recerca\" \/>\n<meta property=\"article:publisher\" content=\"https:\/\/www.facebook.com\/fundaciorecerca\" \/>\n<meta property=\"article:modified_time\" content=\"2024-07-01T09:43:01+00:00\" \/>\n<meta name=\"twitter:card\" content=\"summary_large_image\" \/>\n<meta name=\"twitter:site\" content=\"@fundaciorecerca\" \/>\n<meta name=\"twitter:label1\" content=\"Tiempo de lectura\" \/>\n\t<meta name=\"twitter:data1\" content=\"2 minutos\" \/>\n<script type=\"application\/ld+json\" class=\"yoast-schema-graph\">{\"@context\":\"https:\/\/schema.org\",\"@graph\":[{\"@type\":\"WebPage\",\"@id\":\"https:\/\/fcri.cat\/es\/1334-2\/1335-2\/\",\"url\":\"https:\/\/fcri.cat\/es\/1334-2\/1335-2\/\",\"name\":\"Mujeres y Ciencia - Fundacio Recerca\",\"isPartOf\":{\"@id\":\"https:\/\/fcri.cat\/es\/#website\"},\"datePublished\":\"2021-02-07T16:41:41+00:00\",\"dateModified\":\"2024-07-01T09:43:01+00:00\",\"breadcrumb\":{\"@id\":\"https:\/\/fcri.cat\/es\/1334-2\/1335-2\/#breadcrumb\"},\"inLanguage\":\"es\",\"potentialAction\":[{\"@type\":\"ReadAction\",\"target\":[\"https:\/\/fcri.cat\/es\/1334-2\/1335-2\/\"]}]},{\"@type\":\"BreadcrumbList\",\"@id\":\"https:\/\/fcri.cat\/es\/1334-2\/1335-2\/#breadcrumb\",\"itemListElement\":[{\"@type\":\"ListItem\",\"position\":1,\"name\":\"Inici\",\"item\":\"https:\/\/fcri.cat\/es\/\"},{\"@type\":\"ListItem\",\"position\":2,\"name\":\"Diseminaci\u00f3n y comunicaci\u00f3n\",\"item\":\"https:\/\/fcri.cat\/es\/disseminacio-i-comunicacio\/\"},{\"@type\":\"ListItem\",\"position\":3,\"name\":\"Mujeres y Ciencia\"}]},{\"@type\":\"WebSite\",\"@id\":\"https:\/\/fcri.cat\/es\/#website\",\"url\":\"https:\/\/fcri.cat\/es\/\",\"name\":\"Fundacio Recerca\",\"description\":\"Fundaci\u00f3 Catalana per a la Recerca i la Innovaci\u00f3\",\"potentialAction\":[{\"@type\":\"SearchAction\",\"target\":{\"@type\":\"EntryPoint\",\"urlTemplate\":\"https:\/\/fcri.cat\/es\/?s={search_term_string}\"},\"query-input\":\"required name=search_term_string\"}],\"inLanguage\":\"es\"}]}<\/script>\n<!-- \/ Yoast SEO plugin. -->","yoast_head_json":{"title":"Mujeres y Ciencia - Fundacio Recerca","robots":{"index":"index","follow":"follow","max-snippet":"max-snippet:-1","max-image-preview":"max-image-preview:large","max-video-preview":"max-video-preview:-1"},"canonical":"https:\/\/fcri.cat\/es\/1334-2\/1335-2\/","og_locale":"es_ES","og_type":"article","og_title":"Mujeres y Ciencia - Fundacio Recerca","og_description":"#cient\u00edfiquesCon el programa #cient\u00edfiques, la FCRI\u00a0quiere dar una mayor visibilidad al papel estrat\u00e9gico de las mujeres en la ciencia a nuestro pa\u00eds. Contribuimos a crear y divulgar roles y modelos [&hellip;]","og_url":"https:\/\/fcri.cat\/es\/1334-2\/1335-2\/","og_site_name":"Fundacio Recerca","article_publisher":"https:\/\/www.facebook.com\/fundaciorecerca","article_modified_time":"2024-07-01T09:43:01+00:00","twitter_card":"summary_large_image","twitter_site":"@fundaciorecerca","twitter_misc":{"Tiempo de lectura":"2 minutos"},"schema":{"@context":"https:\/\/schema.org","@graph":[{"@type":"WebPage","@id":"https:\/\/fcri.cat\/es\/1334-2\/1335-2\/","url":"https:\/\/fcri.cat\/es\/1334-2\/1335-2\/","name":"Mujeres y Ciencia - Fundacio Recerca","isPartOf":{"@id":"https:\/\/fcri.cat\/es\/#website"},"datePublished":"2021-02-07T16:41:41+00:00","dateModified":"2024-07-01T09:43:01+00:00","breadcrumb":{"@id":"https:\/\/fcri.cat\/es\/1334-2\/1335-2\/#breadcrumb"},"inLanguage":"es","potentialAction":[{"@type":"ReadAction","target":["https:\/\/fcri.cat\/es\/1334-2\/1335-2\/"]}]},{"@type":"BreadcrumbList","@id":"https:\/\/fcri.cat\/es\/1334-2\/1335-2\/#breadcrumb","itemListElement":[{"@type":"ListItem","position":1,"name":"Inici","item":"https:\/\/fcri.cat\/es\/"},{"@type":"ListItem","position":2,"name":"Diseminaci\u00f3n y comunicaci\u00f3n","item":"https:\/\/fcri.cat\/es\/disseminacio-i-comunicacio\/"},{"@type":"ListItem","position":3,"name":"Mujeres y Ciencia"}]},{"@type":"WebSite","@id":"https:\/\/fcri.cat\/es\/#website","url":"https:\/\/fcri.cat\/es\/","name":"Fundacio Recerca","description":"Fundaci\u00f3 Catalana per a la Recerca i la Innovaci\u00f3","potentialAction":[{"@type":"SearchAction","target":{"@type":"EntryPoint","urlTemplate":"https:\/\/fcri.cat\/es\/?s={search_term_string}"},"query-input":"required name=search_term_string"}],"inLanguage":"es"}]}},"_links":{"self":[{"href":"https:\/\/fcri.cat\/es\/wp-json\/wp\/v2\/pages\/1335"}],"collection":[{"href":"https:\/\/fcri.cat\/es\/wp-json\/wp\/v2\/pages"}],"about":[{"href":"https:\/\/fcri.cat\/es\/wp-json\/wp\/v2\/types\/page"}],"author":[{"embeddable":true,"href":"https:\/\/fcri.cat\/es\/wp-json\/wp\/v2\/users\/6"}],"replies":[{"embeddable":true,"href":"https:\/\/fcri.cat\/es\/wp-json\/wp\/v2\/comments?post=1335"}],"version-history":[{"count":25,"href":"https:\/\/fcri.cat\/es\/wp-json\/wp\/v2\/pages\/1335\/revisions"}],"predecessor-version":[{"id":19487,"href":"https:\/\/fcri.cat\/es\/wp-json\/wp\/v2\/pages\/1335\/revisions\/19487"}],"up":[{"embeddable":true,"href":"https:\/\/fcri.cat\/es\/wp-json\/wp\/v2\/pages\/1334"}],"wp:attachment":[{"href":"https:\/\/fcri.cat\/es\/wp-json\/wp\/v2\/media?parent=1335"}],"curies":[{"name":"wp","href":"https:\/\/api.w.org\/{rel}","templated":true}]}}