{"id":1337,"date":"2021-02-07T17:41:47","date_gmt":"2021-02-07T16:41:47","guid":{"rendered":"https:\/\/waa.fundaciorecerca.cat\/?page_id=1337"},"modified":"2024-07-24T08:52:50","modified_gmt":"2024-07-24T07:52:50","slug":"1337-2","status":"publish","type":"page","link":"https:\/\/fcri.cat\/es\/1334-2\/1337-2\/","title":{"rendered":"Premios Nacionales de Investigaci\u00f3n"},"content":{"rendered":"<p>[et_pb_section fb_built=\u00bb1&#8243; admin_label=\u00bbHero\u00bb _builder_version=\u00bb4.16&#8243; custom_padding=\u00bb2px|||||\u00bb da_disable_devices=\u00bboff|off|off\u00bb locked=\u00bboff\u00bb global_colors_info=\u00bb{}\u00bb theme_builder_area=\u00bbpost_content\u00bb da_is_popup=\u00bboff\u00bb da_exit_intent=\u00bboff\u00bb da_has_close=\u00bbon\u00bb da_alt_close=\u00bboff\u00bb da_dark_close=\u00bboff\u00bb da_not_modal=\u00bbon\u00bb da_is_singular=\u00bboff\u00bb da_with_loader=\u00bboff\u00bb da_has_shadow=\u00bbon\u00bb][et_pb_row module_class=\u00bbmj-section-logo-projec\u00bb _builder_version=\u00bb4.25.2&#8243; _module_preset=\u00bbdefault\u00bb background_color=\u00bbRGBA(255,255,255,0)\u00bb width=\u00bb100%\u00bb width_tablet=\u00bb\u00bb width_phone=\u00bb\u00bb width_last_edited=\u00bbon|phone\u00bb min_height=\u00bb174px\u00bb custom_margin=\u00bb|auto|-3px|auto||\u00bb custom_padding=\u00bb||0px||false|false\u00bb global_colors_info=\u00bb{}\u00bb theme_builder_area=\u00bbpost_content\u00bb][et_pb_column type=\u00bb4_4&#8243; _builder_version=\u00bb4.24.1&#8243; _module_preset=\u00bbdefault\u00bb background_color=\u00bbRGBA(255,255,255,0)\u00bb global_colors_info=\u00bb{}\u00bb theme_builder_area=\u00bbpost_content\u00bb][et_pb_image src=\u00bbhttps:\/\/fcri.cat\/wp-content\/uploads\/2024\/07\/Recurso-web-fcri-pnr35.png\u00bb title_text=\u00bbRecurso web fcri pnr35&#8243; align=\u00bbright\u00bb _builder_version=\u00bb4.25.2&#8243; _module_preset=\u00bbdefault\u00bb background_color=\u00bb#FFFFFF\u00bb width=\u00bb250px\u00bb width_tablet=\u00bb200px\u00bb width_phone=\u00bb150px\u00bb width_last_edited=\u00bbon|desktop\u00bb module_alignment=\u00bbright\u00bb height=\u00bb250px\u00bb height_tablet=\u00bb200px\u00bb height_phone=\u00bb150px\u00bb height_last_edited=\u00bbon|tablet\u00bb custom_margin=\u00bb||||false|false\u00bb custom_margin_tablet=\u00bb20px||||false|false\u00bb custom_margin_phone=\u00bb60px||||false|false\u00bb custom_margin_last_edited=\u00bbon|desktop\u00bb custom_padding=\u00bb|||3px||\u00bb hover_enabled=\u00bb0&#8243; background_last_edited=\u00bbon|phone\u00bb box_shadow_style=\u00bbpreset1&#8243; global_colors_info=\u00bb{}\u00bb theme_builder_area=\u00bbpost_content\u00bb sticky_enabled=\u00bb0&#8243;][\/et_pb_image][\/et_pb_column][\/et_pb_row][et_pb_row _builder_version=\u00bb4.25.2&#8243; _module_preset=\u00bbdefault\u00bb width=\u00bb100%\u00bb global_colors_info=\u00bb{}\u00bb theme_builder_area=\u00bbpost_content\u00bb][et_pb_column type=\u00bb4_4&#8243; _builder_version=\u00bb4.16&#8243; _module_preset=\u00bbdefault\u00bb custom_padding=\u00bb|50px|||false|false\u00bb custom_padding_tablet=\u00bb|0px|40px||false|false\u00bb custom_padding_phone=\u00bb||40px||false|false\u00bb custom_padding_last_edited=\u00bbon|desktop\u00bb global_colors_info=\u00bb{}\u00bb theme_builder_area=\u00bbpost_content\u00bb][et_pb_text _builder_version=\u00bb4.19.1&#8243; _module_preset=\u00bbdefault\u00bb global_colors_info=\u00bb{}\u00bb theme_builder_area=\u00bbpost_content\u00bb]<\/p>\n<p>El Gobierno de la Generalitat de Catalunya, mediante la FCRI, convoca los Premios Nacionales de Investigaci\u00f3n, que tienen como finalidad fomentar el reconocimiento social de la ciencia y la actividad de los investigadores, mecenas, empresarios, emprendedores y comunicadores vinculados a Catalu\u00f1a.<\/p>\n<p>[\/et_pb_text][et_pb_text _builder_version=\u00bb4.25.2&#8243; _module_preset=\u00bbdefault\u00bb custom_margin=\u00bb60px||||false|false\u00bb hover_enabled=\u00bb0&#8243; global_colors_info=\u00bb{}\u00bb theme_builder_area=\u00bbpost_content\u00bb sticky_enabled=\u00bb0&#8243;]<\/p>\n<h2>1. Premio Nacional de Investigaci\u00f3n<\/h2>\n<p>Premia al investigador\/a del Sistema Catal\u00e1n de Investigaci\u00f3n e Innovaci\u00f3n o que desarrolle su actividad fuera de Catalu\u00f1a, que haya contribuido internacionalmente al avance de una disciplina cient\u00edfica en cualquiera de sus \u00e1mbitos: ciencias humanas y sociales, ciencias de la vida y de la salud, ingenier\u00edas y tecnolog\u00eda y ciencias experimentales.<\/p>\n<p>\u00bfEn que consiste el premio?<\/p>\n<p>&#8211; En una figura acreditativa del ceramista y escultor Jordi Serra.<br \/>&#8211; La cantidad de 40.000 euros.<\/p>\n<p>[\/et_pb_text][et_pb_text _builder_version=\u00bb4.25.2&#8243; _module_preset=\u00bbdefault\u00bb custom_margin=\u00bb60px||||false|false\u00bb hover_enabled=\u00bb0&#8243; global_colors_info=\u00bb{}\u00bb theme_builder_area=\u00bbpost_content\u00bb sticky_enabled=\u00bb0&#8243;]<\/p>\n<h2>2. Premio Nacional de Investigaci\u00f3n al Talento Joven<\/h2>\n<p>Pretende estimular y reconocer el esfuerzo de los\/de las j\u00f3venes investigadores\/as (hasta 40 a\u00f1os) que en su trayectoria profesional hayan destacado por la calidad y excelencia de su trabajo cient\u00edfico y de investigaci\u00f3n.<\/p>\n<p>\u00bfEn que consiste el premio?<\/p>\n<p>&#8211; En una figura acreditativa del ceramista y escultor Jordi Serra.<br \/>&#8211; La cantidad de 15.000 euros.<\/p>\n<p>[\/et_pb_text][et_pb_text _builder_version=\u00bb4.25.2&#8243; _module_preset=\u00bbdefault\u00bb custom_margin=\u00bb60px||||false|false\u00bb hover_enabled=\u00bb0&#8243; global_colors_info=\u00bb{}\u00bb theme_builder_area=\u00bbpost_content\u00bb locked=\u00bboff\u00bb sticky_enabled=\u00bb0&#8243;]<\/p>\n<h2>3. Premio Nacional al Impulso de la Transferencia del Conocimiento<\/h2>\n<p>Reconoce las iniciativas, modelos organizativos, procedimientos, programas o servicios con un impacto relevante en el modelo de transferencia.<\/p>\n<p>\u00bfEn que consiste el premio?<\/p>\n<p>&#8211; En una figura acreditativa del ceramista y escultor Jordi Serra.<br \/>&#8211; La cantidad de 10.000 euros.<\/p>\n<p>[\/et_pb_text][et_pb_text _builder_version=\u00bb4.25.2&#8243; _module_preset=\u00bbdefault\u00bb custom_margin=\u00bb60px||||false|false\u00bb hover_enabled=\u00bb0&#8243; global_colors_info=\u00bb{}\u00bb theme_builder_area=\u00bbpost_content\u00bb sticky_enabled=\u00bb0&#8243;]<\/p>\n<h2>4. Premio Nacional de Comunicaci\u00f3n Cient\u00edfica<\/h2>\n<p>Se premia la mejor iniciativa de comunicaci\u00f3n y divulgaci\u00f3n cient\u00edfica de Catalu\u00f1a en cualquiera de los posibles formatos y medios existentes publicaciones en papel o digitales, programas de radio y televisi\u00f3n, webs, exposiciones, festivales, entre otros) as\u00ed como los profesionales de estos \u00e1mbitos.<\/p>\n<p>\u00bfEn que consiste el premio?<\/p>\n<p>&#8211; En una figura acreditativa del ceramista y escultor Jordi Serra.<br \/>&#8211; Sin dotaci\u00f3n econ\u00f3mica.<\/p>\n<p>[\/et_pb_text][et_pb_text _builder_version=\u00bb4.25.2&#8243; _module_preset=\u00bbdefault\u00bb custom_margin=\u00bb60px||||false|false\u00bb hover_enabled=\u00bb0&#8243; global_colors_info=\u00bb{}\u00bb theme_builder_area=\u00bbpost_content\u00bb sticky_enabled=\u00bb0&#8243;]<\/p>\n<h2>5. Premio Nacional de Mecenazgo Cient\u00edfico.<\/h2>\n<p>Es un reconocimiento institucional a las personas, empresas u otras entidades por su contribuci\u00f3n a la generaci\u00f3n o donaci\u00f3n de recursos filantr\u00f3picos para promover o apoyar proyectos cient\u00edficos en Catalu\u00f1a y a nivel internacional.<\/p>\n<p>\u00bfEn que consiste el premio?<\/p>\n<p>&#8211; En una figura acreditativa del ceramista y escultor Jordi Serra.<br \/>&#8211; Sin dotaci\u00f3n econ\u00f3mica.<\/p>\n<p>[\/et_pb_text][et_pb_text _builder_version=\u00bb4.25.2&#8243; _module_preset=\u00bbdefault\u00bb custom_margin=\u00bb60px||||false|false\u00bb hover_enabled=\u00bb0&#8243; global_colors_info=\u00bb{}\u00bb theme_builder_area=\u00bbpost_content\u00bb sticky_enabled=\u00bb0&#8243;]<\/p>\n<h2>6. Premio Nacional al Partenariado P\u00fablico-Privado en Investigaci\u00f3n e innovaci\u00f3n.<\/h2>\n<p>Tiene como finalidad reconocer las actividades de partenariado p\u00fablico-privado en investigaci\u00f3n y en el \u00e1mbito general de la cooperaci\u00f3n entre el sector p\u00fablico y el privado en actividades de investigaci\u00f3n e innovaci\u00f3n en Catalu\u00f1a.<\/p>\n<p>\u00bfEn que consiste el premio?<\/p>\n<p>&#8211; En una figura acreditativa del ceramista y escultor Jordi Serra.<br \/>&#8211; Sin dotaci\u00f3n econ\u00f3mica.<\/p>\n<p>[\/et_pb_text][et_pb_text _builder_version=\u00bb4.16&#8243; _module_preset=\u00bbdefault\u00bb custom_margin=\u00bb60px||||false|false\u00bb global_colors_info=\u00bb{}\u00bb theme_builder_area=\u00bbpost_content\u00bb]<\/p>\n<h2>7. Premio Nacional de Innovaci\u00f3n a la Creaci\u00f3n de una Empresa de Base Cient\u00edfica<\/h2>\n<p>Tiene como finalidad reconocer la creaci\u00f3n de una empresa de base cient\u00edfica surgida originalmente del sistema I+D+i catal\u00e1n que proceda de un entorno acad\u00e9mico.<\/p>\n<p>\u00bfEn que consiste el premio?<\/p>\n<p>&#8211; En una figura acreditativa del ceramista y escultor Jordi Serra.<br \/>&#8211; Sin dotaci\u00f3n econ\u00f3mica.<\/p>\n<p>[\/et_pb_text][et_pb_text _builder_version=\u00bb4.25.2&#8243; _module_preset=\u00bbdefault\u00bb text_font=\u00bb||||||||\u00bb text_text_color=\u00bb#e09900&#8243; text_font_size=\u00bb18px\u00bb text_line_height=\u00bb1.8em\u00bb module_alignment=\u00bbright\u00bb custom_margin=\u00bb||||false|false\u00bb custom_padding=\u00bb||||false|false\u00bb border_color_left=\u00bb#AFA44C\u00bb global_colors_info=\u00bb{}\u00bb theme_builder_area=\u00bbpost_content\u00bb]<a target=\"_blank\" title=\"Resoluci\u00f3n Premios Nacionales de Investigaci\u00f3n 2020\" href=\"https:\/\/fcri.cat\/sala-de-premsa\/noticies\/bonaventura-clotet-carme-torra-pnr-2020\" rel=\"noopener noreferrer\">Resoluci\u00f3n Premios Nacionales de Investigaci\u00f3n 2020<\/a><br \/>\n<a target=\"_blank\" title=\"Web de los Premios Nacionales de Investigaci\u00f3n\" href=\"https:\/\/premisnacionalsrecerca.fundaciorecerca.cat\/frontend\/\" rel=\"noopener noreferrer\">Web de los Premios Nacionales de Investigaci\u00f3n<\/a>[\/et_pb_text][et_pb_text _builder_version=\u00bb4.19.1&#8243; _module_preset=\u00bbdefault\u00bb custom_margin=\u00bb||||false|false\u00bb custom_padding=\u00bb40px||||false|false\u00bb global_colors_info=\u00bb{}\u00bb theme_builder_area=\u00bbpost_content\u00bb]<\/p>\n<h2>Responsables<\/h2>\n<p>Miquel \u00c0ngel Guadalupe<br \/>\n<a class=\"underline\" href=\"mailto:mguadalupe@fcri.cat\" rel=\"alternate\">mguadalupe@fcri.cat<\/a><br \/>\nEnric Garrell<br \/>\n<a class=\"underline\" href=\"mailto:egarrell@fcri.cat\" rel=\"alternate\">egarrell@fcri.cat<\/a>[\/et_pb_text][et_pb_text _builder_version=\u00bb4.19.1&#8243; _module_preset=\u00bbdefault\u00bb custom_padding=\u00bb40px||||false|false\u00bb global_colors_info=\u00bb{}\u00bb theme_builder_area=\u00bbpost_content\u00bb]<\/p>\n<h2>Organizan<\/h2>\n<p>Los Premios Nacionales de Investigaci\u00f3n son convocados por el Gobierno de la Generalitat de Catalunya, mediante la FCRI.<\/p>\n<p>[\/et_pb_text][et_pb_text _builder_version=\u00bb4.16&#8243; _module_preset=\u00bbdefault\u00bb custom_margin=\u00bb60px||60px||true|false\u00bb custom_padding=\u00bb10px||10px||true|false\u00bb border_width_top=\u00bb1px\u00bb border_width_bottom=\u00bb1px\u00bb global_colors_info=\u00bb{}\u00bb theme_builder_area=\u00bbpost_content\u00bb]<\/p>\n<p>Seg\u00fan\u00a0<a href=\"https:\/\/premisnacionalsrecerca.fundaciorecerca.cat\/frontend\/Basespremi2020en.pdf\" rel=\"alternate\">las bases<\/a>\u00a0de los Premios, las universidades \u00f3rganos de gobierno, facultades, escuelas, departamentos, los centros de investigaci\u00f3n, institutos universitarios de investigaci\u00f3n, las academias, las empresas y fundaciones y, en general, agentes del Sistema Catal\u00e1n de Investigaci\u00f3n e Innovaci\u00f3n, pueden presentar candidaturas en todas sus categor\u00edas.\u00a0La presentaci\u00f3 de candidaturas hay que realizarla a trav\u00e9s del\u00a0<a href=\"https:\/\/premisnacionalsrecerca.fundaciorecerca.cat\/frontend\/index.asp?idioma=en&amp;accio=&amp;id_mensaje=&amp;id=&amp;mail=\">web del premio<\/a>, en la que se puede encontrar toda la informaci\u00f3n necesaria y bases para presentar la candidatura en cualquiera de las modalidades de los Premios Nacionales de Investigaci\u00f3n.<\/p>\n<p>[\/et_pb_text][et_pb_text _builder_version=\u00bb4.16&#8243; _module_preset=\u00bbdefault\u00bb header_3_font_size=\u00bb23px\u00bb global_colors_info=\u00bb{}\u00bb theme_builder_area=\u00bbpost_content\u00bb]<\/p>\n<h3>Colaboran<\/h3>\n<p>[\/et_pb_text][et_pb_image src=\u00bbhttps:\/\/fcri.cat\/wp-content\/uploads\/2021\/01\/avellana-reus.png\u00bb alt=\u00bbavellana-reus\u00bb title_text=\u00bbavellana-reus\u00bb _builder_version=\u00bb4.16&#8243; _module_preset=\u00bbdefault\u00bb filter_saturate=\u00bb0%\u00bb custom_css_main_element=\u00bbdisplay:inline-block;||max-width:25%;\u00bb global_colors_info=\u00bb{}\u00bb theme_builder_area=\u00bbpost_content\u00bb][\/et_pb_image][et_pb_image src=\u00bbhttps:\/\/fcri.cat\/wp-content\/uploads\/2021\/01\/ctalunya-do.png\u00bb alt=\u00bbctalunya-do\u00bb title_text=\u00bbctalunya-do\u00bb _builder_version=\u00bb4.16&#8243; _module_preset=\u00bbdefault\u00bb filter_saturate=\u00bb0%\u00bb custom_css_main_element=\u00bbdisplay:inline-block;||max-width:25%;\u00bb global_colors_info=\u00bb{}\u00bb theme_builder_area=\u00bbpost_content\u00bb][\/et_pb_image][et_pb_image src=\u00bbhttps:\/\/fcri.cat\/wp-content\/uploads\/2021\/01\/indiacio-goeografica.png\u00bb alt=\u00bbindiacio-goeografica\u00bb title_text=\u00bbindiacio-goeografica\u00bb _builder_version=\u00bb4.16&#8243; _module_preset=\u00bbdefault\u00bb filter_saturate=\u00bb0%\u00bb custom_css_main_element=\u00bbdisplay:inline-block;||max-width:25%;\u00bb global_colors_info=\u00bb{}\u00bb theme_builder_area=\u00bbpost_content\u00bb][\/et_pb_image][et_pb_image src=\u00bbhttps:\/\/fcri.cat\/wp-content\/uploads\/2021\/01\/denominacio-origen.png\u00bb alt=\u00bbdenominacio-origen\u00bb title_text=\u00bbdenominacio-origen\u00bb _builder_version=\u00bb4.16&#8243; _module_preset=\u00bbdefault\u00bb filter_saturate=\u00bb0%\u00bb custom_css_main_element=\u00bbdisplay:inline-block;||max-width:25%;\u00bb global_colors_info=\u00bb{}\u00bb theme_builder_area=\u00bbpost_content\u00bb][\/et_pb_image][et_pb_image src=\u00bbhttps:\/\/fcri.cat\/wp-content\/uploads\/2021\/01\/llangonissa-vic-1.png\u00bb alt=\u00bbllangonissa-vic-1&#8243; title_text=\u00bbllangonissa-vic-1&#8243; _builder_version=\u00bb4.16&#8243; _module_preset=\u00bbdefault\u00bb filter_saturate=\u00bb0%\u00bb custom_css_main_element=\u00bbdisplay:inline-block;||max-width:25%;\u00bb global_colors_info=\u00bb{}\u00bb theme_builder_area=\u00bbpost_content\u00bb][\/et_pb_image][et_pb_image src=\u00bbhttps:\/\/fcri.cat\/wp-content\/uploads\/2021\/01\/pnr_dop_formatge.png\u00bb alt=\u00bbpnr_dop_formatge\u00bb title_text=\u00bbpnr_dop_formatge\u00bb _builder_version=\u00bb4.16&#8243; _module_preset=\u00bbdefault\u00bb filter_saturate=\u00bb0%\u00bb custom_css_main_element=\u00bbdisplay:inline-block;||max-width:25%;\u00bb global_colors_info=\u00bb{}\u00bb theme_builder_area=\u00bbpost_content\u00bb][\/et_pb_image][et_pb_image src=\u00bbhttps:\/\/fcri.cat\/wp-content\/uploads\/2021\/01\/pnr_oli_terra_alta.png\u00bb alt=\u00bbpnr_oli_terra_alta\u00bb title_text=\u00bbpnr_oli_terra_alta\u00bb _builder_version=\u00bb4.16&#8243; _module_preset=\u00bbdefault\u00bb filter_saturate=\u00bb0%\u00bb custom_css_main_element=\u00bbdisplay:inline-block;||max-width:25%;\u00bb global_colors_info=\u00bb{}\u00bb theme_builder_area=\u00bbpost_content\u00bb][\/et_pb_image][et_pb_image src=\u00bbhttps:\/\/fcri.cat\/wp-content\/uploads\/2021\/01\/pnr_pa_pages.png\u00bb alt=\u00bbpnr_pa_pages\u00bb title_text=\u00bbpnr_pa_pages\u00bb _builder_version=\u00bb4.16&#8243; _module_preset=\u00bbdefault\u00bb filter_saturate=\u00bb0%\u00bb custom_css_main_element=\u00bbdisplay:inline-block;||max-width:25%;\u00bb global_colors_info=\u00bb{}\u00bb theme_builder_area=\u00bbpost_content\u00bb][\/et_pb_image][et_pb_image src=\u00bbhttps:\/\/fcri.cat\/wp-content\/uploads\/2021\/01\/pnr_siurana.png\u00bb alt=\u00bbpnr_siurana\u00bb title_text=\u00bbpnr_siurana\u00bb _builder_version=\u00bb4.16&#8243; _module_preset=\u00bbdefault\u00bb filter_saturate=\u00bb0%\u00bb custom_css_main_element=\u00bbdisplay:inline-block;||max-width:25%;\u00bb global_colors_info=\u00bb{}\u00bb theme_builder_area=\u00bbpost_content\u00bb][\/et_pb_image][et_pb_image src=\u00bbhttps:\/\/fcri.cat\/wp-content\/uploads\/2021\/01\/pnr_oli_baix_ebre.png\u00bb alt=\u00bbpnr_oli_baix_ebre\u00bb title_text=\u00bbpnr_oli_baix_ebre\u00bb _builder_version=\u00bb4.16&#8243; _module_preset=\u00bbdefault\u00bb filter_saturate=\u00bb0%\u00bb custom_css_main_element=\u00bbdisplay:inline-block;||max-width:25%;\u00bb global_colors_info=\u00bb{}\u00bb theme_builder_area=\u00bbpost_content\u00bb][\/et_pb_image][et_pb_image src=\u00bbhttps:\/\/fcri.cat\/wp-content\/uploads\/2021\/01\/pnr_pdr2020.png\u00bb alt=\u00bbpnr_pdr2020&#8243; title_text=\u00bbpnr_pdr2020&#8243; _builder_version=\u00bb4.16&#8243; _module_preset=\u00bbdefault\u00bb filter_saturate=\u00bb0%\u00bb custom_css_main_element=\u00bbdisplay:inline-block;||max-width:25%;\u00bb global_colors_info=\u00bb{}\u00bb theme_builder_area=\u00bbpost_content\u00bb][\/et_pb_image][\/et_pb_column][\/et_pb_row][\/et_pb_section]<\/p>\n","protected":false},"excerpt":{"rendered":"<p>El Gobierno de la Generalitat de Catalunya, mediante la FCRI, convoca los Premios Nacionales de Investigaci\u00f3n, que tienen como finalidad fomentar el reconocimiento social de la ciencia y la actividad [&hellip;]<\/p>\n","protected":false},"author":6,"featured_media":20698,"parent":1334,"menu_order":0,"comment_status":"closed","ping_status":"closed","template":"","meta":{"_et_pb_use_builder":"on","_et_pb_old_content":"","_et_gb_content_width":"","footnotes":""},"class_list":["post-1337","page","type-page","status-publish","has-post-thumbnail","hentry"],"yoast_head":"<!-- This site is optimized with the Yoast SEO plugin v22.9 - https:\/\/yoast.com\/wordpress\/plugins\/seo\/ -->\n<title>Premios Nacionales de Investigaci\u00f3n - Fundacio Recerca<\/title>\n<meta name=\"robots\" content=\"index, follow, max-snippet:-1, max-image-preview:large, max-video-preview:-1\" \/>\n<link rel=\"canonical\" href=\"https:\/\/fcri.cat\/es\/1334-2\/1337-2\/\" \/>\n<meta property=\"og:locale\" content=\"es_ES\" \/>\n<meta property=\"og:type\" content=\"article\" \/>\n<meta property=\"og:title\" content=\"Premios Nacionales de Investigaci\u00f3n - Fundacio Recerca\" \/>\n<meta property=\"og:description\" content=\"El Gobierno de la Generalitat de Catalunya, mediante la FCRI, convoca los Premios Nacionales de Investigaci\u00f3n, que tienen como finalidad fomentar el reconocimiento social de la ciencia y la actividad [&hellip;]\" \/>\n<meta property=\"og:url\" content=\"https:\/\/fcri.cat\/es\/1334-2\/1337-2\/\" \/>\n<meta property=\"og:site_name\" content=\"Fundacio Recerca\" \/>\n<meta property=\"article:publisher\" content=\"https:\/\/www.facebook.com\/fundaciorecerca\" \/>\n<meta property=\"article:modified_time\" content=\"2024-07-24T07:52:50+00:00\" \/>\n<meta property=\"og:image\" content=\"https:\/\/fcri.cat\/wp-content\/uploads\/2024\/07\/thumbnail_Premis-Recerca-009_ret-1024x412.png\" \/>\n\t<meta property=\"og:image:width\" content=\"1024\" \/>\n\t<meta property=\"og:image:height\" content=\"412\" \/>\n\t<meta property=\"og:image:type\" content=\"image\/png\" \/>\n<meta name=\"twitter:card\" content=\"summary_large_image\" \/>\n<meta name=\"twitter:site\" content=\"@fundaciorecerca\" \/>\n<meta name=\"twitter:label1\" content=\"Tiempo de lectura\" \/>\n\t<meta name=\"twitter:data1\" content=\"5 minutos\" \/>\n<script type=\"application\/ld+json\" class=\"yoast-schema-graph\">{\"@context\":\"https:\/\/schema.org\",\"@graph\":[{\"@type\":\"WebPage\",\"@id\":\"https:\/\/fcri.cat\/es\/1334-2\/1337-2\/\",\"url\":\"https:\/\/fcri.cat\/es\/1334-2\/1337-2\/\",\"name\":\"Premios Nacionales de Investigaci\u00f3n - Fundacio Recerca\",\"isPartOf\":{\"@id\":\"https:\/\/fcri.cat\/es\/#website\"},\"primaryImageOfPage\":{\"@id\":\"https:\/\/fcri.cat\/es\/1334-2\/1337-2\/#primaryimage\"},\"image\":{\"@id\":\"https:\/\/fcri.cat\/es\/1334-2\/1337-2\/#primaryimage\"},\"thumbnailUrl\":\"https:\/\/fcri.cat\/wp-content\/uploads\/2024\/07\/thumbnail_Premis-Recerca-009_ret.png?wsr\",\"datePublished\":\"2021-02-07T16:41:47+00:00\",\"dateModified\":\"2024-07-24T07:52:50+00:00\",\"breadcrumb\":{\"@id\":\"https:\/\/fcri.cat\/es\/1334-2\/1337-2\/#breadcrumb\"},\"inLanguage\":\"es\",\"potentialAction\":[{\"@type\":\"ReadAction\",\"target\":[\"https:\/\/fcri.cat\/es\/1334-2\/1337-2\/\"]}]},{\"@type\":\"ImageObject\",\"inLanguage\":\"es\",\"@id\":\"https:\/\/fcri.cat\/es\/1334-2\/1337-2\/#primaryimage\",\"url\":\"https:\/\/fcri.cat\/wp-content\/uploads\/2024\/07\/thumbnail_Premis-Recerca-009_ret.png?wsr\",\"contentUrl\":\"https:\/\/fcri.cat\/wp-content\/uploads\/2024\/07\/thumbnail_Premis-Recerca-009_ret.png?wsr\",\"width\":1920,\"height\":773},{\"@type\":\"BreadcrumbList\",\"@id\":\"https:\/\/fcri.cat\/es\/1334-2\/1337-2\/#breadcrumb\",\"itemListElement\":[{\"@type\":\"ListItem\",\"position\":1,\"name\":\"Inici\",\"item\":\"https:\/\/fcri.cat\/es\/\"},{\"@type\":\"ListItem\",\"position\":2,\"name\":\"Diseminaci\u00f3n y comunicaci\u00f3n\",\"item\":\"https:\/\/fcri.cat\/es\/disseminacio-i-comunicacio\/\"},{\"@type\":\"ListItem\",\"position\":3,\"name\":\"Premios Nacionales de Investigaci\u00f3n\"}]},{\"@type\":\"WebSite\",\"@id\":\"https:\/\/fcri.cat\/es\/#website\",\"url\":\"https:\/\/fcri.cat\/es\/\",\"name\":\"Fundacio Recerca\",\"description\":\"Fundaci\u00f3 Catalana per a la Recerca i la Innovaci\u00f3\",\"potentialAction\":[{\"@type\":\"SearchAction\",\"target\":{\"@type\":\"EntryPoint\",\"urlTemplate\":\"https:\/\/fcri.cat\/es\/?s={search_term_string}\"},\"query-input\":\"required name=search_term_string\"}],\"inLanguage\":\"es\"}]}<\/script>\n<!-- \/ Yoast SEO plugin. -->","yoast_head_json":{"title":"Premios Nacionales de Investigaci\u00f3n - Fundacio Recerca","robots":{"index":"index","follow":"follow","max-snippet":"max-snippet:-1","max-image-preview":"max-image-preview:large","max-video-preview":"max-video-preview:-1"},"canonical":"https:\/\/fcri.cat\/es\/1334-2\/1337-2\/","og_locale":"es_ES","og_type":"article","og_title":"Premios Nacionales de Investigaci\u00f3n - Fundacio Recerca","og_description":"El Gobierno de la Generalitat de Catalunya, mediante la FCRI, convoca los Premios Nacionales de Investigaci\u00f3n, que tienen como finalidad fomentar el reconocimiento social de la ciencia y la actividad [&hellip;]","og_url":"https:\/\/fcri.cat\/es\/1334-2\/1337-2\/","og_site_name":"Fundacio Recerca","article_publisher":"https:\/\/www.facebook.com\/fundaciorecerca","article_modified_time":"2024-07-24T07:52:50+00:00","og_image":[{"width":1024,"height":412,"url":"https:\/\/fcri.cat\/wp-content\/uploads\/2024\/07\/thumbnail_Premis-Recerca-009_ret-1024x412.png","type":"image\/png"}],"twitter_card":"summary_large_image","twitter_site":"@fundaciorecerca","twitter_misc":{"Tiempo de lectura":"5 minutos"},"schema":{"@context":"https:\/\/schema.org","@graph":[{"@type":"WebPage","@id":"https:\/\/fcri.cat\/es\/1334-2\/1337-2\/","url":"https:\/\/fcri.cat\/es\/1334-2\/1337-2\/","name":"Premios Nacionales de Investigaci\u00f3n - Fundacio Recerca","isPartOf":{"@id":"https:\/\/fcri.cat\/es\/#website"},"primaryImageOfPage":{"@id":"https:\/\/fcri.cat\/es\/1334-2\/1337-2\/#primaryimage"},"image":{"@id":"https:\/\/fcri.cat\/es\/1334-2\/1337-2\/#primaryimage"},"thumbnailUrl":"https:\/\/fcri.cat\/wp-content\/uploads\/2024\/07\/thumbnail_Premis-Recerca-009_ret.png?wsr","datePublished":"2021-02-07T16:41:47+00:00","dateModified":"2024-07-24T07:52:50+00:00","breadcrumb":{"@id":"https:\/\/fcri.cat\/es\/1334-2\/1337-2\/#breadcrumb"},"inLanguage":"es","potentialAction":[{"@type":"ReadAction","target":["https:\/\/fcri.cat\/es\/1334-2\/1337-2\/"]}]},{"@type":"ImageObject","inLanguage":"es","@id":"https:\/\/fcri.cat\/es\/1334-2\/1337-2\/#primaryimage","url":"https:\/\/fcri.cat\/wp-content\/uploads\/2024\/07\/thumbnail_Premis-Recerca-009_ret.png?wsr","contentUrl":"https:\/\/fcri.cat\/wp-content\/uploads\/2024\/07\/thumbnail_Premis-Recerca-009_ret.png?wsr","width":1920,"height":773},{"@type":"BreadcrumbList","@id":"https:\/\/fcri.cat\/es\/1334-2\/1337-2\/#breadcrumb","itemListElement":[{"@type":"ListItem","position":1,"name":"Inici","item":"https:\/\/fcri.cat\/es\/"},{"@type":"ListItem","position":2,"name":"Diseminaci\u00f3n y comunicaci\u00f3n","item":"https:\/\/fcri.cat\/es\/disseminacio-i-comunicacio\/"},{"@type":"ListItem","position":3,"name":"Premios Nacionales de Investigaci\u00f3n"}]},{"@type":"WebSite","@id":"https:\/\/fcri.cat\/es\/#website","url":"https:\/\/fcri.cat\/es\/","name":"Fundacio Recerca","description":"Fundaci\u00f3 Catalana per a la Recerca i la Innovaci\u00f3","potentialAction":[{"@type":"SearchAction","target":{"@type":"EntryPoint","urlTemplate":"https:\/\/fcri.cat\/es\/?s={search_term_string}"},"query-input":"required name=search_term_string"}],"inLanguage":"es"}]}},"_links":{"self":[{"href":"https:\/\/fcri.cat\/es\/wp-json\/wp\/v2\/pages\/1337"}],"collection":[{"href":"https:\/\/fcri.cat\/es\/wp-json\/wp\/v2\/pages"}],"about":[{"href":"https:\/\/fcri.cat\/es\/wp-json\/wp\/v2\/types\/page"}],"author":[{"embeddable":true,"href":"https:\/\/fcri.cat\/es\/wp-json\/wp\/v2\/users\/6"}],"replies":[{"embeddable":true,"href":"https:\/\/fcri.cat\/es\/wp-json\/wp\/v2\/comments?post=1337"}],"version-history":[{"count":25,"href":"https:\/\/fcri.cat\/es\/wp-json\/wp\/v2\/pages\/1337\/revisions"}],"predecessor-version":[{"id":20862,"href":"https:\/\/fcri.cat\/es\/wp-json\/wp\/v2\/pages\/1337\/revisions\/20862"}],"up":[{"embeddable":true,"href":"https:\/\/fcri.cat\/es\/wp-json\/wp\/v2\/pages\/1334"}],"wp:featuredmedia":[{"embeddable":true,"href":"https:\/\/fcri.cat\/es\/wp-json\/wp\/v2\/media\/20698"}],"wp:attachment":[{"href":"https:\/\/fcri.cat\/es\/wp-json\/wp\/v2\/media?parent=1337"}],"curies":[{"name":"wp","href":"https:\/\/api.w.org\/{rel}","templated":true}]}}