{"id":1338,"date":"2021-02-07T17:41:50","date_gmt":"2021-02-07T16:41:50","guid":{"rendered":"https:\/\/waa.fundaciorecerca.cat\/?page_id=1338"},"modified":"2022-07-07T11:44:10","modified_gmt":"2022-07-07T10:44:10","slug":"1338-2","status":"publish","type":"page","link":"https:\/\/fcri.cat\/es\/1334-2\/1338-2\/","title":{"rendered":"Proyectos europeos"},"content":{"rendered":"<p>[et_pb_section fb_built=\u00bb1&#8243; admin_label=\u00bbHero\u00bb _builder_version=\u00bb4.16&#8243; custom_padding=\u00bb2px|||||\u00bb locked=\u00bboff\u00bb global_colors_info=\u00bb{}\u00bb][et_pb_row column_structure=\u00bb3_5,2_5&#8243; _builder_version=\u00bb4.16&#8243; _module_preset=\u00bbdefault\u00bb custom_padding=\u00bb118px|||||\u00bb locked=\u00bboff\u00bb global_colors_info=\u00bb{}\u00bb][et_pb_column type=\u00bb3_5&#8243; _builder_version=\u00bb4.16&#8243; _module_preset=\u00bbdefault\u00bb custom_padding=\u00bb|50px|||false|false\u00bb custom_padding_tablet=\u00bb|0px|40px||false|false\u00bb custom_padding_phone=\u00bb||40px||false|false\u00bb custom_padding_last_edited=\u00bbon|desktop\u00bb global_colors_info=\u00bb{}\u00bb][et_pb_text _builder_version=\u00bb4.16&#8243; _module_preset=\u00bbdefault\u00bb global_colors_info=\u00bb{}\u00bb]<\/p>\n<h1>Proyectos europeos<\/h1>\n<p>[\/et_pb_text][et_pb_text _builder_version=\u00bb4.16&#8243; _module_preset=\u00bbdefault\u00bb global_colors_info=\u00bb{}\u00bb]<\/p>\n<p>Desde 1994, la FCRI dispone de una unidad especializada en la captaci\u00f3n de ayudas de la Uni\u00f3n Europea para proyectos de divulgaci\u00f3n cient\u00edfica. Este n\u00facleo profesional acumula suficiente experiencia como para gestionar simult\u00e1neamente un gran n\u00famero de proyectos transnacionales en diversas tem\u00e1ticas del \u00e1mbito de la comunicaci\u00f3n y la divulgaci\u00f3n cient\u00edfico-t\u00e9cnica, una actividad que genera conocimiento y beneficios para el progreso social.<\/p>\n<p>[\/et_pb_text][et_pb_text _builder_version=\u00bb4.16.0&#8243; _module_preset=\u00bbdefault\u00bb custom_margin=\u00bb20px||||false|false\u00bb hover_enabled=\u00bb0&#8243; global_colors_info=\u00bb{}\u00bb sticky_enabled=\u00bb0&#8243;]<\/p>\n<p>En la actualidad, la FCRI participa en dos proyectos europeos: Path2Integrity (2019-2022), sobre integridad en la investigaci\u00f3n cient\u00edfica, y RRI-LEADERS (2021-2023), sobre investigaci\u00f3n e innovaci\u00f3n responsables en el territorio.<\/p>\n<p>[\/et_pb_text][et_pb_text _builder_version=\u00bb4.16.0&#8243; _module_preset=\u00bbdefault\u00bb custom_margin=\u00bb20px||||false|false\u00bb global_colors_info=\u00bb{}\u00bb]<\/p>\n<p>Recientemente, la FCRI ha participado en proyectos como PACITA (asesoramiento cient\u00edfico para parlamentos, 2011-2015); CIMULACT (sobre investigaci\u00f3n e innovaci\u00f3n responsables 2015-2018); y sysTEAM (sobre c\u00f3mo incrementar el uso de la filosof\u00eda STEAM en el sistema educativo 2017-2019).<\/p>\n<p>[\/et_pb_text][\/et_pb_column][et_pb_column type=\u00bb2_5&#8243; _builder_version=\u00bb4.16&#8243; _module_preset=\u00bbdefault\u00bb custom_padding=\u00bb|||15px|false|false\u00bb custom_padding_tablet=\u00bb80px|||0px|false|false\u00bb custom_padding_phone=\u00bb60px||||false|false\u00bb custom_padding_last_edited=\u00bbon|tablet\u00bb border_width_left=\u00bb1px\u00bb border_width_top_tablet=\u00bb1px\u00bb border_width_top_phone=\u00bb\u00bb border_width_top_last_edited=\u00bbon|phone\u00bb border_width_left_tablet=\u00bb0px\u00bb border_width_left_phone=\u00bb0px\u00bb border_width_left_last_edited=\u00bbon|tablet\u00bb global_colors_info=\u00bb{}\u00bb][et_pb_text _builder_version=\u00bb4.16.0&#8243; _module_preset=\u00bbdefault\u00bb text_font=\u00bb||||||||\u00bb text_text_color=\u00bb#e09900&#8243; text_font_size=\u00bb18px\u00bb text_line_height=\u00bb1.8em\u00bb module_alignment=\u00bbright\u00bb custom_margin=\u00bb||||false|false\u00bb custom_padding=\u00bb||||false|false\u00bb hover_enabled=\u00bb0&#8243; border_color_left=\u00bb#AFA44C\u00bb global_colors_info=\u00bb{}\u00bb sticky_enabled=\u00bb0&#8243;]<a class=\"custom-link\" target=\"_blank\" title=\"Web Projecte RRI-Leaders\" href=\"https:\/\/www.rri-leaders.eu\/\" rel=\"noopener noreferrer\">Web Proyecto RRI-LEADERS<\/a><br \/>\n<a class=\"custom-link\" target=\"_blank\" title=\"Web Projecte Path2Integrity\" href=\"http:\/\/www.path2integrity.eu\/\" rel=\"noopener noreferrer\">Web Proyecto Path2Integrity<\/a><br \/>\n<a class=\"custom-link\" target=\"_blank\" title=\"Web Projecte sysTEAM\" href=\"http:\/\/steamedu.eu\/\" rel=\"noopener noreferrer\">Web Proyecto sysTEAM<\/a><br \/>\n<a class=\"custom-link\" target=\"_blank\" title=\"Web Projecte CIMULACT\" href=\"http:\/\/www.cimulact.eu\/\" rel=\"noopener noreferrer\">Web Proyecto CIMULACT<\/a><br \/>\n<a class=\"custom-link\" target=\"_blank\" title=\"Web Projecte PACITA\" href=\"http:\/\/www.pacitaproject.eu\/\" rel=\"noopener noreferrer\">Web Proyecto PACITA<\/a>[\/et_pb_text][et_pb_text _builder_version=\u00bb4.16&#8243; _module_preset=\u00bbdefault\u00bb custom_margin=\u00bb60px||||false|false\u00bb global_colors_info=\u00bb{}\u00bb]<\/p>\n<h2>Responsables<\/h2>\n<p>Bel\u00e9n L\u00f3pez<br \/><a class=\"underline\" href=\"mailto:blopez@fcri.cat\" rel=\"alternate\">blopez@fcri.cat<\/a><\/p>\n<p>[\/et_pb_text][et_pb_text _builder_version=\u00bb4.16&#8243; _module_preset=\u00bbdefault\u00bb header_3_font_size=\u00bb23px\u00bb custom_margin=\u00bb60px||||false|false\u00bb global_colors_info=\u00bb{}\u00bb]<\/p>\n<h3>Colabora<\/h3>\n<p>Los proyectos europeos en los que participa la FCRI est\u00e1n financiados por diferentes programas de la Uni\u00f3n Europea.<\/p>\n<p>[\/et_pb_text][et_pb_image src=\u00bbhttps:\/\/fcri.cat\/wp-content\/uploads\/2021\/01\/path2integrity_logo_PEuropeus.png\u00bb alt=\u00bbpath2integrity_logo_PEuropeus\u00bb title_text=\u00bbpath2integrity_logo_PEuropeus\u00bb _builder_version=\u00bb4.16&#8243; _module_preset=\u00bbdefault\u00bb width=\u00bb100%\u00bb custom_margin=\u00bb||||false|false\u00bb filter_brightness=\u00bb0%\u00bb filter_contrast=\u00bb0%\u00bb custom_css_main_element=\u00bbdisplay:inline-block;||max-width:33%;\u00bb global_colors_info=\u00bb{}\u00bb][\/et_pb_image][et_pb_image src=\u00bbhttps:\/\/fcri.cat\/wp-content\/uploads\/2021\/01\/sySTEAM_logo_PEuropeus.png\u00bb alt=\u00bbsySTEAM_logo_PEuropeus\u00bb title_text=\u00bbsySTEAM_logo_PEuropeus\u00bb _builder_version=\u00bb4.16&#8243; _module_preset=\u00bbdefault\u00bb width=\u00bb100%\u00bb custom_margin=\u00bb||||false|false\u00bb filter_brightness=\u00bb0%\u00bb filter_contrast=\u00bb0%\u00bb custom_css_main_element=\u00bbdisplay:inline-block;||max-width:33%;\u00bb global_colors_info=\u00bb{}\u00bb][\/et_pb_image][et_pb_image src=\u00bbhttps:\/\/fcri.cat\/wp-content\/uploads\/2021\/01\/CIMULACT_FCRi.png\u00bb alt=\u00bbCIMULACT_FCRi\u00bb title_text=\u00bbCIMULACT_FCRi\u00bb _builder_version=\u00bb4.16&#8243; _module_preset=\u00bbdefault\u00bb width=\u00bb100%\u00bb custom_margin=\u00bb||||false|false\u00bb filter_brightness=\u00bb0%\u00bb filter_contrast=\u00bb0%\u00bb custom_css_main_element=\u00bbdisplay:inline-block;||max-width:33%;\u00bb global_colors_info=\u00bb{}\u00bb][\/et_pb_image][et_pb_image src=\u00bbhttps:\/\/fcri.cat\/wp-content\/uploads\/2021\/01\/logo_pacita.png\u00bb alt=\u00bblogo_pacita\u00bb title_text=\u00bblogo_pacita\u00bb _builder_version=\u00bb4.16&#8243; _module_preset=\u00bbdefault\u00bb width=\u00bb100%\u00bb custom_margin=\u00bb||||false|false\u00bb filter_brightness=\u00bb0%\u00bb filter_contrast=\u00bb0%\u00bb custom_css_main_element=\u00bbdisplay:inline-block;||max-width:33%;\u00bb global_colors_info=\u00bb{}\u00bb][\/et_pb_image][et_pb_image src=\u00bbhttps:\/\/fcri.cat\/wp-content\/uploads\/2021\/01\/EU_FCRi.png\u00bb alt=\u00bbEU_FCRi\u00bb title_text=\u00bbEU_FCRi\u00bb _builder_version=\u00bb4.16&#8243; _module_preset=\u00bbdefault\u00bb width=\u00bb100%\u00bb custom_margin=\u00bb||||false|false\u00bb filter_brightness=\u00bb0%\u00bb filter_contrast=\u00bb0%\u00bb custom_css_main_element=\u00bbdisplay:inline-block;||max-width:33%;\u00bb global_colors_info=\u00bb{}\u00bb][\/et_pb_image][et_pb_blurb title=\u00bbEs tiempo de hacer grande a la ciencia\u00bb url=\u00bbhttps:\/\/donacions.fcri.cat\/\u00bb url_new_window=\u00bbon\u00bb image=\u00bbhttps:\/\/fcri.cat\/wp-content\/uploads\/2021\/03\/donacions_global-banner-web.png\u00bb alt=\u00bbImagen representativa de donaciones FCRI\u00bb icon_placement_tablet=\u00bbleft\u00bb icon_placement_phone=\u00bbtop\u00bb icon_placement_last_edited=\u00bbon|tablet\u00bb image_icon_width_tablet=\u00bb25vw\u00bb image_icon_width_phone=\u00bb90%\u00bb image_icon_width_last_edited=\u00bbon|tablet\u00bb admin_label=\u00bbdonacions\u00bb _builder_version=\u00bb4.13.0&#8243; _module_preset=\u00bbdefault\u00bb header_text_color=\u00bb#7E6C68&#8243; header_font_size=\u00bb1.25em\u00bb header_line_height=\u00bb1.25em\u00bb background_color=\u00bb#eeebd7&#8243; image_icon_custom_padding_tablet=\u00bb\u00bb image_icon_custom_padding_phone=\u00bb\u00bb image_icon_custom_padding_last_edited=\u00bbon|tablet\u00bb text_orientation=\u00bbcenter\u00bb custom_margin=\u00bb60px||30px||false|true\u00bb custom_padding=\u00bb40px|40px|40px|40px|true|true\u00bb custom_padding_tablet=\u00bb|40px||40px|false|true\u00bb custom_padding_phone=\u00bb\u00bb custom_padding_last_edited=\u00bbon|phone\u00bb animation=\u00bboff\u00bb link_option_url=\u00bbhttps:\/\/donacions.fcri.cat\/\u00bb link_option_url_new_window=\u00bbon\u00bb text_orientation_tablet=\u00bbleft\u00bb text_orientation_phone=\u00bb\u00bb text_orientation_last_edited=\u00bbon|tablet\u00bb border_width_all=\u00bb1px\u00bb border_color_all=\u00bb#eeebd7&#8243; border_width_all_image_tablet=\u00bb\u00bb border_width_all_image_phone=\u00bb\u00bb border_width_all_image_last_edited=\u00bbon|tablet\u00bb image_max_width_tablet=\u00bb25vw\u00bb image_max_width_phone=\u00bb90%\u00bb image_max_width_last_edited=\u00bbon|tablet\u00bb global_module=\u00bb6280&#8243; saved_tabs=\u00bball\u00bb global_colors_info=\u00bb{}\u00bb border_color_all__hover_enabled=\u00bbon|desktop\u00bb border_color_all__hover=\u00bb#000000&#8243;]<\/p>\n<p><a class=\"donar-link\" href=\"https:\/\/donacions.fcri.cat\/\" target=\"_blank\" rel=\"noopener noreferrer\">Haz tu donaci\u00f3n<\/a><\/p>\n<p>[\/et_pb_blurb][\/et_pb_column][\/et_pb_row][\/et_pb_section]<\/p>\n","protected":false},"excerpt":{"rendered":"<p>Proyectos europeosDesde 1994, la FCRI dispone de una unidad especializada en la captaci\u00f3n de ayudas de la Uni\u00f3n Europea para proyectos de divulgaci\u00f3n cient\u00edfica. Este n\u00facleo profesional acumula suficiente experiencia [&hellip;]<\/p>\n","protected":false},"author":6,"featured_media":0,"parent":1334,"menu_order":0,"comment_status":"closed","ping_status":"closed","template":"","meta":{"_et_pb_use_builder":"on","_et_pb_old_content":"","_et_gb_content_width":"","footnotes":""},"class_list":["post-1338","page","type-page","status-publish","hentry"],"yoast_head":"<!-- This site is optimized with the Yoast SEO plugin v22.9 - https:\/\/yoast.com\/wordpress\/plugins\/seo\/ -->\n<title>Proyectos europeos - Fundacio Recerca<\/title>\n<meta name=\"robots\" content=\"index, follow, max-snippet:-1, max-image-preview:large, max-video-preview:-1\" \/>\n<link rel=\"canonical\" href=\"https:\/\/fcri.cat\/es\/1334-2\/1338-2\/\" \/>\n<meta property=\"og:locale\" content=\"es_ES\" \/>\n<meta property=\"og:type\" content=\"article\" \/>\n<meta property=\"og:title\" content=\"Proyectos europeos - Fundacio Recerca\" \/>\n<meta property=\"og:description\" content=\"Proyectos europeosDesde 1994, la FCRI dispone de una unidad especializada en la captaci\u00f3n de ayudas de la Uni\u00f3n Europea para proyectos de divulgaci\u00f3n cient\u00edfica. Este n\u00facleo profesional acumula suficiente experiencia [&hellip;]\" \/>\n<meta property=\"og:url\" content=\"https:\/\/fcri.cat\/es\/1334-2\/1338-2\/\" \/>\n<meta property=\"og:site_name\" content=\"Fundacio Recerca\" \/>\n<meta property=\"article:publisher\" content=\"https:\/\/www.facebook.com\/fundaciorecerca\" \/>\n<meta property=\"article:modified_time\" content=\"2022-07-07T10:44:10+00:00\" \/>\n<meta name=\"twitter:card\" content=\"summary_large_image\" \/>\n<meta name=\"twitter:site\" content=\"@fundaciorecerca\" \/>\n<meta name=\"twitter:label1\" content=\"Tiempo de lectura\" \/>\n\t<meta name=\"twitter:data1\" content=\"2 minutos\" \/>\n<script type=\"application\/ld+json\" class=\"yoast-schema-graph\">{\"@context\":\"https:\/\/schema.org\",\"@graph\":[{\"@type\":\"WebPage\",\"@id\":\"https:\/\/fcri.cat\/es\/1334-2\/1338-2\/\",\"url\":\"https:\/\/fcri.cat\/es\/1334-2\/1338-2\/\",\"name\":\"Proyectos europeos - Fundacio Recerca\",\"isPartOf\":{\"@id\":\"https:\/\/fcri.cat\/es\/#website\"},\"datePublished\":\"2021-02-07T16:41:50+00:00\",\"dateModified\":\"2022-07-07T10:44:10+00:00\",\"breadcrumb\":{\"@id\":\"https:\/\/fcri.cat\/es\/1334-2\/1338-2\/#breadcrumb\"},\"inLanguage\":\"es\",\"potentialAction\":[{\"@type\":\"ReadAction\",\"target\":[\"https:\/\/fcri.cat\/es\/1334-2\/1338-2\/\"]}]},{\"@type\":\"BreadcrumbList\",\"@id\":\"https:\/\/fcri.cat\/es\/1334-2\/1338-2\/#breadcrumb\",\"itemListElement\":[{\"@type\":\"ListItem\",\"position\":1,\"name\":\"Inici\",\"item\":\"https:\/\/fcri.cat\/es\/\"},{\"@type\":\"ListItem\",\"position\":2,\"name\":\"Diseminaci\u00f3n y comunicaci\u00f3n\",\"item\":\"https:\/\/fcri.cat\/es\/disseminacio-i-comunicacio\/\"},{\"@type\":\"ListItem\",\"position\":3,\"name\":\"Proyectos europeos\"}]},{\"@type\":\"WebSite\",\"@id\":\"https:\/\/fcri.cat\/es\/#website\",\"url\":\"https:\/\/fcri.cat\/es\/\",\"name\":\"Fundacio Recerca\",\"description\":\"Fundaci\u00f3 Catalana per a la Recerca i la Innovaci\u00f3\",\"potentialAction\":[{\"@type\":\"SearchAction\",\"target\":{\"@type\":\"EntryPoint\",\"urlTemplate\":\"https:\/\/fcri.cat\/es\/?s={search_term_string}\"},\"query-input\":\"required name=search_term_string\"}],\"inLanguage\":\"es\"}]}<\/script>\n<!-- \/ Yoast SEO plugin. -->","yoast_head_json":{"title":"Proyectos europeos - Fundacio Recerca","robots":{"index":"index","follow":"follow","max-snippet":"max-snippet:-1","max-image-preview":"max-image-preview:large","max-video-preview":"max-video-preview:-1"},"canonical":"https:\/\/fcri.cat\/es\/1334-2\/1338-2\/","og_locale":"es_ES","og_type":"article","og_title":"Proyectos europeos - Fundacio Recerca","og_description":"Proyectos europeosDesde 1994, la FCRI dispone de una unidad especializada en la captaci\u00f3n de ayudas de la Uni\u00f3n Europea para proyectos de divulgaci\u00f3n cient\u00edfica. Este n\u00facleo profesional acumula suficiente experiencia [&hellip;]","og_url":"https:\/\/fcri.cat\/es\/1334-2\/1338-2\/","og_site_name":"Fundacio Recerca","article_publisher":"https:\/\/www.facebook.com\/fundaciorecerca","article_modified_time":"2022-07-07T10:44:10+00:00","twitter_card":"summary_large_image","twitter_site":"@fundaciorecerca","twitter_misc":{"Tiempo de lectura":"2 minutos"},"schema":{"@context":"https:\/\/schema.org","@graph":[{"@type":"WebPage","@id":"https:\/\/fcri.cat\/es\/1334-2\/1338-2\/","url":"https:\/\/fcri.cat\/es\/1334-2\/1338-2\/","name":"Proyectos europeos - Fundacio Recerca","isPartOf":{"@id":"https:\/\/fcri.cat\/es\/#website"},"datePublished":"2021-02-07T16:41:50+00:00","dateModified":"2022-07-07T10:44:10+00:00","breadcrumb":{"@id":"https:\/\/fcri.cat\/es\/1334-2\/1338-2\/#breadcrumb"},"inLanguage":"es","potentialAction":[{"@type":"ReadAction","target":["https:\/\/fcri.cat\/es\/1334-2\/1338-2\/"]}]},{"@type":"BreadcrumbList","@id":"https:\/\/fcri.cat\/es\/1334-2\/1338-2\/#breadcrumb","itemListElement":[{"@type":"ListItem","position":1,"name":"Inici","item":"https:\/\/fcri.cat\/es\/"},{"@type":"ListItem","position":2,"name":"Diseminaci\u00f3n y comunicaci\u00f3n","item":"https:\/\/fcri.cat\/es\/disseminacio-i-comunicacio\/"},{"@type":"ListItem","position":3,"name":"Proyectos europeos"}]},{"@type":"WebSite","@id":"https:\/\/fcri.cat\/es\/#website","url":"https:\/\/fcri.cat\/es\/","name":"Fundacio Recerca","description":"Fundaci\u00f3 Catalana per a la Recerca i la Innovaci\u00f3","potentialAction":[{"@type":"SearchAction","target":{"@type":"EntryPoint","urlTemplate":"https:\/\/fcri.cat\/es\/?s={search_term_string}"},"query-input":"required name=search_term_string"}],"inLanguage":"es"}]}},"_links":{"self":[{"href":"https:\/\/fcri.cat\/es\/wp-json\/wp\/v2\/pages\/1338"}],"collection":[{"href":"https:\/\/fcri.cat\/es\/wp-json\/wp\/v2\/pages"}],"about":[{"href":"https:\/\/fcri.cat\/es\/wp-json\/wp\/v2\/types\/page"}],"author":[{"embeddable":true,"href":"https:\/\/fcri.cat\/es\/wp-json\/wp\/v2\/users\/6"}],"replies":[{"embeddable":true,"href":"https:\/\/fcri.cat\/es\/wp-json\/wp\/v2\/comments?post=1338"}],"version-history":[{"count":15,"href":"https:\/\/fcri.cat\/es\/wp-json\/wp\/v2\/pages\/1338\/revisions"}],"predecessor-version":[{"id":12243,"href":"https:\/\/fcri.cat\/es\/wp-json\/wp\/v2\/pages\/1338\/revisions\/12243"}],"up":[{"embeddable":true,"href":"https:\/\/fcri.cat\/es\/wp-json\/wp\/v2\/pages\/1334"}],"wp:attachment":[{"href":"https:\/\/fcri.cat\/es\/wp-json\/wp\/v2\/media?parent=1338"}],"curies":[{"name":"wp","href":"https:\/\/api.w.org\/{rel}","templated":true}]}}