{"id":1341,"date":"2021-02-07T17:42:01","date_gmt":"2021-02-07T16:42:01","guid":{"rendered":"https:\/\/waa.fundaciorecerca.cat\/?page_id=1341"},"modified":"2024-07-03T12:14:20","modified_gmt":"2024-07-03T11:14:20","slug":"1341-2","status":"publish","type":"page","link":"https:\/\/fcri.cat\/es\/1334-2\/1341-2\/","title":{"rendered":"Tesis en 4 minutos"},"content":{"rendered":"<p>[et_pb_section fb_built=\u00bb1&#8243; _builder_version=\u00bb4.25.2&#8243; _module_preset=\u00bbdefault\u00bb da_disable_devices=\u00bboff|off|off\u00bb global_colors_info=\u00bb{}\u00bb theme_builder_area=\u00bbpost_content\u00bb da_is_popup=\u00bboff\u00bb da_exit_intent=\u00bboff\u00bb da_has_close=\u00bbon\u00bb da_alt_close=\u00bboff\u00bb da_dark_close=\u00bboff\u00bb da_not_modal=\u00bbon\u00bb da_is_singular=\u00bboff\u00bb da_with_loader=\u00bboff\u00bb da_has_shadow=\u00bbon\u00bb][et_pb_row module_class=\u00bbmj-section-logo-projec\u00bb _builder_version=\u00bb4.25.2&#8243; _module_preset=\u00bbdefault\u00bb background_color=\u00bbRGBA(255,255,255,0)\u00bb width=\u00bb100%\u00bb width_tablet=\u00bb\u00bb width_phone=\u00bb\u00bb width_last_edited=\u00bbon|phone\u00bb min_height=\u00bb174px\u00bb custom_margin=\u00bb|auto|-3px|auto||\u00bb custom_padding=\u00bb||0px||false|false\u00bb global_colors_info=\u00bb{}\u00bb theme_builder_area=\u00bbpost_content\u00bb][et_pb_column type=\u00bb4_4&#8243; _builder_version=\u00bb4.24.1&#8243; _module_preset=\u00bbdefault\u00bb background_color=\u00bbRGBA(255,255,255,0)\u00bb global_colors_info=\u00bb{}\u00bb theme_builder_area=\u00bbpost_content\u00bb][et_pb_image src=\u00bbhttps:\/\/fcri.cat\/wp-content\/uploads\/2024\/06\/L-Tesis4@2x.png\u00bb title_text=\u00bbL-Tesis4@2x\u00bb align=\u00bbright\u00bb _builder_version=\u00bb4.25.2&#8243; _module_preset=\u00bbdefault\u00bb background_color=\u00bb#FFFFFF\u00bb width=\u00bb250px\u00bb width_tablet=\u00bb200px\u00bb width_phone=\u00bb150px\u00bb width_last_edited=\u00bbon|desktop\u00bb module_alignment=\u00bbright\u00bb height=\u00bb250px\u00bb height_tablet=\u00bb200px\u00bb height_phone=\u00bb150px\u00bb height_last_edited=\u00bbon|tablet\u00bb custom_margin=\u00bb||||false|false\u00bb custom_margin_tablet=\u00bb20px||||false|false\u00bb custom_margin_phone=\u00bb60px||||false|false\u00bb custom_margin_last_edited=\u00bbon|desktop\u00bb custom_padding=\u00bb|||3px||\u00bb background_last_edited=\u00bbon|phone\u00bb box_shadow_style=\u00bbpreset1&#8243; global_colors_info=\u00bb{}\u00bb theme_builder_area=\u00bbpost_content\u00bb][\/et_pb_image][\/et_pb_column][\/et_pb_row][et_pb_row _builder_version=\u00bb4.25.2&#8243; _module_preset=\u00bbdefault\u00bb width=\u00bb100%\u00bb locked=\u00bboff\u00bb global_colors_info=\u00bb{}\u00bb theme_builder_area=\u00bbpost_content\u00bb][et_pb_column type=\u00bb4_4&#8243; _builder_version=\u00bb4.16&#8243; _module_preset=\u00bbdefault\u00bb custom_padding=\u00bb|50px|||false|false\u00bb custom_padding_tablet=\u00bb|0px|40px||false|false\u00bb custom_padding_phone=\u00bb||40px||false|false\u00bb custom_padding_last_edited=\u00bbon|desktop\u00bb global_colors_info=\u00bb{}\u00bb theme_builder_area=\u00bbpost_content\u00bb][et_pb_text _builder_version=\u00bb4.16&#8243; _module_preset=\u00bbdefault\u00bb global_colors_info=\u00bb{}\u00bb theme_builder_area=\u00bbpost_content\u00bb]<\/p>\n<p>El concurso \u201cPresenta tu tesis en 4 minutos\u201d est\u00e1 organizado por la FCRI con el apoyo de la Generalitat de Catalunya y las 12 universidades catalanas. Plantea a los estudiantes de doctorado de cualquier disciplina cient\u00edfica el reto de explicar su investigaci\u00f3n en 4 minutos en un lenguaje sencillo y comprensible para el p\u00fablico general.<\/p>\n<p>[\/et_pb_text][et_pb_image src=\u00bbhttps:\/\/fcri.cat\/wp-content\/uploads\/2022\/06\/Finalistes_T4M_2022.jpg\u00bb alt=\u00bbFinalistes_T4M_2022&#8243; title_text=\u00bbFinalistes_T4M_2022&#8243; _builder_version=\u00bb4.25.2&#8243; _module_preset=\u00bbdefault\u00bb global_colors_info=\u00bb{}\u00bb theme_builder_area=\u00bbpost_content\u00bb][\/et_pb_image][et_pb_text _builder_version=\u00bb4.16.0&#8243; _module_preset=\u00bbdefault\u00bb custom_margin=\u00bb-28px|||||\u00bb custom_padding=\u00bb5px|||||\u00bb global_colors_info=\u00bb{}\u00bb theme_builder_area=\u00bbpost_content\u00bb]<\/p>\n<h6 style=\"text-align: center;\">Finalistas y jurado T4M de la edici\u00f3n 2022<\/h6>\n<p>[\/et_pb_text][et_pb_image src=\u00bbhttps:\/\/fcri.cat\/wp-content\/uploads\/2022\/06\/Guardonades_T4M_2022.jpg\u00bb alt=\u00bbGuardonades_T4M_2022&#8243; title_text=\u00bbGuardonades_T4M_2022&#8243; _builder_version=\u00bb4.25.2&#8243; _module_preset=\u00bbdefault\u00bb global_colors_info=\u00bb{}\u00bb theme_builder_area=\u00bbpost_content\u00bb][\/et_pb_image][et_pb_text _builder_version=\u00bb4.16.0&#8243; _module_preset=\u00bbdefault\u00bb custom_margin=\u00bb-25px|||||\u00bb global_colors_info=\u00bb{}\u00bb theme_builder_area=\u00bbpost_content\u00bb]<\/p>\n<h6 style=\"text-align: center;\">Galardonadas y jurado T4M de la edici\u00f3n 2022<\/h6>\n<p>[\/et_pb_text][et_pb_text _builder_version=\u00bb4.16.0&#8243; _module_preset=\u00bbdefault\u00bb custom_margin=\u00bb20px||||false|false\u00bb global_colors_info=\u00bb{}\u00bb theme_builder_area=\u00bbpost_content\u00bb]<\/p>\n<p>En 2022 compitieron 125 doctorandos y doctorandas, seleccionados entre 138 personas candidatas de las 12 universidades catalanas.<\/p>\n<p>El concurso consta de dos fases: una eliminatoria previa en cada universidad y una final con la persona ganadora de cada una de dichas eliminatorias.<\/p>\n<p>Pueden participar doctorandos y doctarandas de segundo curso como m\u00ednimo.<\/p>\n<p>[\/et_pb_text][et_pb_text _builder_version=\u00bb4.25.2&#8243; _module_preset=\u00bbdefault\u00bb text_font=\u00bb||||||||\u00bb text_text_color=\u00bb#e09900&#8243; text_font_size=\u00bb18px\u00bb text_line_height=\u00bb1.8em\u00bb module_alignment=\u00bbright\u00bb custom_margin=\u00bb||||false|false\u00bb custom_padding=\u00bb||||false|false\u00bb border_color_left=\u00bb#AFA44C\u00bb global_colors_info=\u00bb{}\u00bb theme_builder_area=\u00bbpost_content\u00bb]<a target=\"_blank\" href=\"https:\/\/tesi4minuts.fcri.cat\/\" rel=\"noopener noreferrer\">Tesis en 4 minutos &#8211; Edici\u00f3n 2024<\/a>[\/et_pb_text][et_pb_text _builder_version=\u00bb4.16.0&#8243; _module_preset=\u00bbdefault\u00bb global_colors_info=\u00bb{}\u00bb theme_builder_area=\u00bbpost_content\u00bb]<\/p>\n<h2>Responsables<\/h2>\n<p>Miriam Varela<br \/>\n<a class=\"underline\" href=\"mailto:mvarela@fcri.cat\" rel=\"alternate\">mvarela@fcri.cat<\/a>[\/et_pb_text][et_pb_text _builder_version=\u00bb4.16&#8243; _module_preset=\u00bbdefault\u00bb header_3_font_size=\u00bb23px\u00bb global_colors_info=\u00bb{}\u00bb theme_builder_area=\u00bbpost_content\u00bb]<\/p>\n<h3>Colabora<\/h3>\n<p>\u201cPresenta tu tesis en 4 minutos\u201d cuenta con el apoyo del Consejo Interuniversitario de Catalu\u00f1a.<\/p>\n<p>[\/et_pb_text][et_pb_image src=\u00bbhttps:\/\/fcri.cat\/wp-content\/uploads\/2021\/01\/logo_cic.png\u00bb alt=\u00bblogo_cic\u00bb title_text=\u00bblogo_cic\u00bb _builder_version=\u00bb4.25.2&#8243; _module_preset=\u00bbdefault\u00bb width=\u00bb100%\u00bb custom_margin=\u00bb||||false|false\u00bb filter_brightness=\u00bb0%\u00bb global_colors_info=\u00bb{}\u00bb theme_builder_area=\u00bbpost_content\u00bb][\/et_pb_image][et_pb_accordion icon_color=\u00bb#7E6C68&#8243; disabled_on=\u00bbon|on|on\u00bb _builder_version=\u00bb4.25.2&#8243; _module_preset=\u00bbdefault\u00bb disabled=\u00bbon\u00bb locked=\u00bboff\u00bb global_colors_info=\u00bb{}\u00bb theme_builder_area=\u00bbpost_content\u00bb][et_pb_accordion_item open=\u00bbon\u00bb _builder_version=\u00bb4.16&#8243; _module_preset=\u00bbdefault\u00bb overflow-x=\u00bbhidden\u00bb overflow-y=\u00bbhidden\u00bb hover_transition_duration=\u00bb0ms\u00bb custom_css_main_element=\u00bbvisibility: hidden;\u00bb global_colors_info=\u00bb{}\u00bb theme_builder_area=\u00bbpost_content\u00bb][\/et_pb_accordion_item][et_pb_accordion_item title=\u00bbImagen gr\u00e1fica del proyecto\u00bb _builder_version=\u00bb4.16.0&#8243; _module_preset=\u00bbdefault\u00bb global_colors_info=\u00bb{}\u00bb theme_builder_area=\u00bbpost_content\u00bb open=\u00bboff\u00bb]<a download=\"\" href=\"\/wp-content\/uploads\/2021\/05\/Tesi_en_4_minuts.eps\" class=\"underline\" title=\"Descargar archivo en formato EPS\">Descargar EPS<\/a><br \/>\n<a download=\"\" href=\"\/wp-content\/uploads\/2021\/05\/Tesi_en_4_minuts.png\" class=\"underline\" title=\"Descargar archivo en formato PNG\">Descargar PNG<\/a><br \/>\n<a download=\"\" href=\"\/wp-content\/uploads\/2021\/05\/Tesi_en_4_minuts.jpg\" class=\"underline\" title=\"Descargar archivo en formato JPG\">Descargar JPG<\/a>[\/et_pb_accordion_item][\/et_pb_accordion][\/et_pb_column][\/et_pb_row][\/et_pb_section]<\/p>\n","protected":false},"excerpt":{"rendered":"<p>El concurso \u201cPresenta tu tesis en 4 minutos\u201d est\u00e1 organizado por la FCRI con el apoyo de la Generalitat de Catalunya y las 12 universidades catalanas. Plantea a los estudiantes [&hellip;]<\/p>\n","protected":false},"author":6,"featured_media":2183,"parent":1334,"menu_order":0,"comment_status":"closed","ping_status":"closed","template":"","meta":{"_et_pb_use_builder":"on","_et_pb_old_content":"","_et_gb_content_width":"","footnotes":""},"class_list":["post-1341","page","type-page","status-publish","has-post-thumbnail","hentry"],"yoast_head":"<!-- This site is optimized with the Yoast SEO plugin v22.9 - https:\/\/yoast.com\/wordpress\/plugins\/seo\/ -->\n<title>Tesis en 4 minutos - Fundacio Recerca<\/title>\n<meta name=\"robots\" content=\"index, follow, max-snippet:-1, max-image-preview:large, max-video-preview:-1\" \/>\n<link rel=\"canonical\" href=\"https:\/\/fcri.cat\/es\/1334-2\/1341-2\/\" \/>\n<meta property=\"og:locale\" content=\"es_ES\" \/>\n<meta property=\"og:type\" content=\"article\" \/>\n<meta property=\"og:title\" content=\"Tesis en 4 minutos - Fundacio Recerca\" \/>\n<meta property=\"og:description\" content=\"El concurso \u201cPresenta tu tesis en 4 minutos\u201d est\u00e1 organizado por la FCRI con el apoyo de la Generalitat de Catalunya y las 12 universidades catalanas. Plantea a los estudiantes [&hellip;]\" \/>\n<meta property=\"og:url\" content=\"https:\/\/fcri.cat\/es\/1334-2\/1341-2\/\" \/>\n<meta property=\"og:site_name\" content=\"Fundacio Recerca\" \/>\n<meta property=\"article:publisher\" content=\"https:\/\/www.facebook.com\/fundaciorecerca\" \/>\n<meta property=\"article:modified_time\" content=\"2024-07-03T11:14:20+00:00\" \/>\n<meta property=\"og:image\" content=\"https:\/\/fcri.cat\/wp-content\/uploads\/2019\/06\/images_sala-de-premsa_2019_20190605_final_tesi_2019_full_fcri.jpg\" \/>\n\t<meta property=\"og:image:width\" content=\"960\" \/>\n\t<meta property=\"og:image:height\" content=\"480\" \/>\n\t<meta property=\"og:image:type\" content=\"image\/jpeg\" \/>\n<meta name=\"twitter:card\" content=\"summary_large_image\" \/>\n<meta name=\"twitter:site\" content=\"@fundaciorecerca\" \/>\n<meta name=\"twitter:label1\" content=\"Tiempo de lectura\" \/>\n\t<meta name=\"twitter:data1\" content=\"2 minutos\" \/>\n<script type=\"application\/ld+json\" class=\"yoast-schema-graph\">{\"@context\":\"https:\/\/schema.org\",\"@graph\":[{\"@type\":\"WebPage\",\"@id\":\"https:\/\/fcri.cat\/es\/1334-2\/1341-2\/\",\"url\":\"https:\/\/fcri.cat\/es\/1334-2\/1341-2\/\",\"name\":\"Tesis en 4 minutos - Fundacio Recerca\",\"isPartOf\":{\"@id\":\"https:\/\/fcri.cat\/es\/#website\"},\"primaryImageOfPage\":{\"@id\":\"https:\/\/fcri.cat\/es\/1334-2\/1341-2\/#primaryimage\"},\"image\":{\"@id\":\"https:\/\/fcri.cat\/es\/1334-2\/1341-2\/#primaryimage\"},\"thumbnailUrl\":\"https:\/\/fcri.cat\/wp-content\/uploads\/2019\/06\/images_sala-de-premsa_2019_20190605_final_tesi_2019_full_fcri.jpg?wsr\",\"datePublished\":\"2021-02-07T16:42:01+00:00\",\"dateModified\":\"2024-07-03T11:14:20+00:00\",\"breadcrumb\":{\"@id\":\"https:\/\/fcri.cat\/es\/1334-2\/1341-2\/#breadcrumb\"},\"inLanguage\":\"es\",\"potentialAction\":[{\"@type\":\"ReadAction\",\"target\":[\"https:\/\/fcri.cat\/es\/1334-2\/1341-2\/\"]}]},{\"@type\":\"ImageObject\",\"inLanguage\":\"es\",\"@id\":\"https:\/\/fcri.cat\/es\/1334-2\/1341-2\/#primaryimage\",\"url\":\"https:\/\/fcri.cat\/wp-content\/uploads\/2019\/06\/images_sala-de-premsa_2019_20190605_final_tesi_2019_full_fcri.jpg?wsr\",\"contentUrl\":\"https:\/\/fcri.cat\/wp-content\/uploads\/2019\/06\/images_sala-de-premsa_2019_20190605_final_tesi_2019_full_fcri.jpg?wsr\",\"width\":960,\"height\":480},{\"@type\":\"BreadcrumbList\",\"@id\":\"https:\/\/fcri.cat\/es\/1334-2\/1341-2\/#breadcrumb\",\"itemListElement\":[{\"@type\":\"ListItem\",\"position\":1,\"name\":\"Inici\",\"item\":\"https:\/\/fcri.cat\/es\/\"},{\"@type\":\"ListItem\",\"position\":2,\"name\":\"Diseminaci\u00f3n y comunicaci\u00f3n\",\"item\":\"https:\/\/fcri.cat\/es\/disseminacio-i-comunicacio\/\"},{\"@type\":\"ListItem\",\"position\":3,\"name\":\"Tesis en 4 minutos\"}]},{\"@type\":\"WebSite\",\"@id\":\"https:\/\/fcri.cat\/es\/#website\",\"url\":\"https:\/\/fcri.cat\/es\/\",\"name\":\"Fundacio Recerca\",\"description\":\"Fundaci\u00f3 Catalana per a la Recerca i la Innovaci\u00f3\",\"potentialAction\":[{\"@type\":\"SearchAction\",\"target\":{\"@type\":\"EntryPoint\",\"urlTemplate\":\"https:\/\/fcri.cat\/es\/?s={search_term_string}\"},\"query-input\":\"required name=search_term_string\"}],\"inLanguage\":\"es\"}]}<\/script>\n<!-- \/ Yoast SEO plugin. -->","yoast_head_json":{"title":"Tesis en 4 minutos - Fundacio Recerca","robots":{"index":"index","follow":"follow","max-snippet":"max-snippet:-1","max-image-preview":"max-image-preview:large","max-video-preview":"max-video-preview:-1"},"canonical":"https:\/\/fcri.cat\/es\/1334-2\/1341-2\/","og_locale":"es_ES","og_type":"article","og_title":"Tesis en 4 minutos - Fundacio Recerca","og_description":"El concurso \u201cPresenta tu tesis en 4 minutos\u201d est\u00e1 organizado por la FCRI con el apoyo de la Generalitat de Catalunya y las 12 universidades catalanas. Plantea a los estudiantes [&hellip;]","og_url":"https:\/\/fcri.cat\/es\/1334-2\/1341-2\/","og_site_name":"Fundacio Recerca","article_publisher":"https:\/\/www.facebook.com\/fundaciorecerca","article_modified_time":"2024-07-03T11:14:20+00:00","og_image":[{"width":960,"height":480,"url":"https:\/\/fcri.cat\/wp-content\/uploads\/2019\/06\/images_sala-de-premsa_2019_20190605_final_tesi_2019_full_fcri.jpg","type":"image\/jpeg"}],"twitter_card":"summary_large_image","twitter_site":"@fundaciorecerca","twitter_misc":{"Tiempo de lectura":"2 minutos"},"schema":{"@context":"https:\/\/schema.org","@graph":[{"@type":"WebPage","@id":"https:\/\/fcri.cat\/es\/1334-2\/1341-2\/","url":"https:\/\/fcri.cat\/es\/1334-2\/1341-2\/","name":"Tesis en 4 minutos - Fundacio Recerca","isPartOf":{"@id":"https:\/\/fcri.cat\/es\/#website"},"primaryImageOfPage":{"@id":"https:\/\/fcri.cat\/es\/1334-2\/1341-2\/#primaryimage"},"image":{"@id":"https:\/\/fcri.cat\/es\/1334-2\/1341-2\/#primaryimage"},"thumbnailUrl":"https:\/\/fcri.cat\/wp-content\/uploads\/2019\/06\/images_sala-de-premsa_2019_20190605_final_tesi_2019_full_fcri.jpg?wsr","datePublished":"2021-02-07T16:42:01+00:00","dateModified":"2024-07-03T11:14:20+00:00","breadcrumb":{"@id":"https:\/\/fcri.cat\/es\/1334-2\/1341-2\/#breadcrumb"},"inLanguage":"es","potentialAction":[{"@type":"ReadAction","target":["https:\/\/fcri.cat\/es\/1334-2\/1341-2\/"]}]},{"@type":"ImageObject","inLanguage":"es","@id":"https:\/\/fcri.cat\/es\/1334-2\/1341-2\/#primaryimage","url":"https:\/\/fcri.cat\/wp-content\/uploads\/2019\/06\/images_sala-de-premsa_2019_20190605_final_tesi_2019_full_fcri.jpg?wsr","contentUrl":"https:\/\/fcri.cat\/wp-content\/uploads\/2019\/06\/images_sala-de-premsa_2019_20190605_final_tesi_2019_full_fcri.jpg?wsr","width":960,"height":480},{"@type":"BreadcrumbList","@id":"https:\/\/fcri.cat\/es\/1334-2\/1341-2\/#breadcrumb","itemListElement":[{"@type":"ListItem","position":1,"name":"Inici","item":"https:\/\/fcri.cat\/es\/"},{"@type":"ListItem","position":2,"name":"Diseminaci\u00f3n y comunicaci\u00f3n","item":"https:\/\/fcri.cat\/es\/disseminacio-i-comunicacio\/"},{"@type":"ListItem","position":3,"name":"Tesis en 4 minutos"}]},{"@type":"WebSite","@id":"https:\/\/fcri.cat\/es\/#website","url":"https:\/\/fcri.cat\/es\/","name":"Fundacio Recerca","description":"Fundaci\u00f3 Catalana per a la Recerca i la Innovaci\u00f3","potentialAction":[{"@type":"SearchAction","target":{"@type":"EntryPoint","urlTemplate":"https:\/\/fcri.cat\/es\/?s={search_term_string}"},"query-input":"required name=search_term_string"}],"inLanguage":"es"}]}},"_links":{"self":[{"href":"https:\/\/fcri.cat\/es\/wp-json\/wp\/v2\/pages\/1341"}],"collection":[{"href":"https:\/\/fcri.cat\/es\/wp-json\/wp\/v2\/pages"}],"about":[{"href":"https:\/\/fcri.cat\/es\/wp-json\/wp\/v2\/types\/page"}],"author":[{"embeddable":true,"href":"https:\/\/fcri.cat\/es\/wp-json\/wp\/v2\/users\/6"}],"replies":[{"embeddable":true,"href":"https:\/\/fcri.cat\/es\/wp-json\/wp\/v2\/comments?post=1341"}],"version-history":[{"count":29,"href":"https:\/\/fcri.cat\/es\/wp-json\/wp\/v2\/pages\/1341\/revisions"}],"predecessor-version":[{"id":19769,"href":"https:\/\/fcri.cat\/es\/wp-json\/wp\/v2\/pages\/1341\/revisions\/19769"}],"up":[{"embeddable":true,"href":"https:\/\/fcri.cat\/es\/wp-json\/wp\/v2\/pages\/1334"}],"wp:featuredmedia":[{"embeddable":true,"href":"https:\/\/fcri.cat\/es\/wp-json\/wp\/v2\/media\/2183"}],"wp:attachment":[{"href":"https:\/\/fcri.cat\/es\/wp-json\/wp\/v2\/media?parent=1341"}],"curies":[{"name":"wp","href":"https:\/\/api.w.org\/{rel}","templated":true}]}}