{"id":14380,"date":"2023-05-25T09:34:54","date_gmt":"2023-05-25T08:34:54","guid":{"rendered":"https:\/\/fundaciorecerca.cat\/?page_id=14380"},"modified":"2024-07-15T12:03:42","modified_gmt":"2024-07-15T11:03:42","slug":"escoles-destiu-2023","status":"publish","type":"page","link":"https:\/\/fcri.cat\/es\/societat-educacio\/escoles-destiu-per-a-docents\/escoles-destiu-2023\/","title":{"rendered":"Escoles d&#8217;estiu 2023"},"content":{"rendered":"<p>[et_pb_section fb_built=\u00bb1&#8243; admin_label=\u00bbHero\u00bb _builder_version=\u00bb4.16&#8243; custom_padding=\u00bb2px|||||\u00bb da_disable_devices=\u00bboff|off|off\u00bb global_colors_info=\u00bb{}\u00bb theme_builder_area=\u00bbpost_content\u00bb da_is_popup=\u00bboff\u00bb da_exit_intent=\u00bboff\u00bb da_has_close=\u00bbon\u00bb da_alt_close=\u00bboff\u00bb da_dark_close=\u00bboff\u00bb da_not_modal=\u00bbon\u00bb da_is_singular=\u00bboff\u00bb da_with_loader=\u00bboff\u00bb da_has_shadow=\u00bbon\u00bb][et_pb_row _builder_version=\u00bb4.16&#8243; _module_preset=\u00bbdefault\u00bb custom_padding=\u00bb60px|||||\u00bb global_colors_info=\u00bb{}\u00bb theme_builder_area=\u00bbpost_content\u00bb][et_pb_column type=\u00bb4_4&#8243; _builder_version=\u00bb4.16&#8243; _module_preset=\u00bbdefault\u00bb global_colors_info=\u00bb{}\u00bb theme_builder_area=\u00bbpost_content\u00bb][et_pb_blurb alt=\u00bbCiA_Amgen_Edicio2017_FCRi_FundacioRecerca\u00bb content_max_width=\u00bb100%\u00bb _builder_version=\u00bb4.25.2&#8243; header_font=\u00bbLato|700|||||||\u00bb header_text_align=\u00bbcenter\u00bb header_font_size=\u00bb25px\u00bb header_line_height=\u00bb1.8em\u00bb body_text_align=\u00bbcenter\u00bb body_font_size=\u00bb18px\u00bb width=\u00bb100%\u00bb min_height=\u00bb984px\u00bb custom_padding=\u00bb8px|0px|8px|0px|true|true\u00bb animation_style=\u00bbflip\u00bb animation_intensity_flip=\u00bb20%\u00bb animation=\u00bboff\u00bb border_color_all=\u00bbrgba(0,0,0,0.12)\u00bb global_colors_info=\u00bb{}\u00bb theme_builder_area=\u00bbpost_content\u00bb]<\/p>\n<p style=\"text-align: left;\">En el marc de refer\u00e8ncia de la Compet\u00e8ncia Digital Docent (CDD), la Fundaci\u00f3 Catalana per a la Recerca la Innovaci\u00f3 (FCRI) engega una nova proposta formativa.<\/p>\n<p style=\"text-align: left;\">La formaci\u00f3 consisteix en un curs d\u2019estiu a realitzar d\u2019entre una oferta de 5 cursos:<\/p>\n<ul>\n<li style=\"text-align: left;\">L\u2019experimentaci\u00f3 a les classes de ci\u00e8ncies utilitzant les noves tecnologies &#8211; Universitat de Girona. (25 hores)<\/li>\n<li style=\"text-align: left;\">L\u2019experimentaci\u00f3 a les classes de ci\u00e8ncies utilitzant les noves tecnologies &#8211; Universitat de Lleida. (25 hores)<\/li>\n<li style=\"text-align: left;\">L\u2019experimentaci\u00f3 a les classes de ci\u00e8ncies utilitzant les noves tecnologies &#8211; Universitat Rovira i Virgili. (25 hores)<\/li>\n<li style=\"text-align: left;\">Aprenentatge basat en videojocs: nivell inicial. (25 hores)<\/li>\n<li style=\"text-align: left;\"><span data-contrast=\"none\" xml:lang=\"CA-ES\" lang=\"CA-ES\" class=\"TextRun SCXW204636389 BCX0\"><span class=\"NormalTextRun SCXW204636389 BCX0\">Interpretaci\u00f3 i confecci\u00f3 de mapes 1 talls geol\u00f2gics. (20 hores)<\/span><\/span><span class=\"EOP SCXW204636389 BCX0\" data-ccp-props=\"{&quot;201341983&quot;:2,&quot;335559739&quot;:0,&quot;335559740&quot;:390}\">\u00a0<\/span><\/li>\n<\/ul>\n<p style=\"text-align: left;\">La formaci\u00f3 se basa en una metodologia adaptada a les compet\u00e8ncies, habilitats i interessos dels participants, perqu\u00e8 l\u2019aprenentatge sigui significatiu, transferible a l\u2019aula i permanent. A trav\u00e9s d\u2019aquests cursos es pret\u00e9n desenvolupar la creativitat i el pensament cr\u00edtic en la creaci\u00f3 de contingut de l\u2019\u00e0mbit digital.<\/p>\n<p style=\"text-align: left;\">Els cursos s\u00f3n gratu\u00efts i estan certificats pel Departament d\u2019Educaci\u00f3 (cal assistir a un m\u00ednim del 80% de les sessions). Formaci\u00f3 disponible nom\u00e9s per docents en actiu a Catalunya.<\/p>\n<h3 style=\"text-align: left;\"><strong>Programes i inscripcions<\/strong><\/h3>\n<p style=\"text-align: left;\"><strong>\u2013 L\u2019experimentaci\u00f3 a les classes de ci\u00e8ncies utilitzant les noves tecnologies<\/strong><\/p>\n<p style=\"text-align: left;\">Universitat de Girona. Del 10 al 14 de juliol de 2023. <strong><a href=\"https:\/\/fcri.cat\/wp-content\/uploads\/2023\/05\/Programa-UdG_2023.pdf\" title=\"vegeu programa \">Vegeu programa.<\/a> <\/strong><strong><a href=\"https:\/\/projectes.fcri.cat\/cursos_estiu\/index.asp?accio=formulari&amp;firstime=si&amp;curs=2023_noves_tecnologies_girona\">Inscripci\u00f3<\/a><\/strong><\/p>\n<p style=\"text-align: left;\">Universitat de Lleida.\u00a0 Del 10 al 14 de juliol de 2023. <a href=\"https:\/\/fcri.cat\/wp-content\/uploads\/2023\/05\/Programa-UdL-2023.pdf\" title=\"vegeu programa \"><strong>Vegeu programa. <\/strong><\/a><strong><a href=\"https:\/\/projectes.fcri.cat\/cursos_estiu\/index.asp?accio=formulari&amp;firstime=si&amp;curs=2023_noves_tecnologies_lleida\">Inscripci\u00f3<\/a><\/strong><\/p>\n<p style=\"text-align: left;\">Universitat Rovira i Virgili. Del 10 al 14 de juliol de 2023. <strong><a href=\"https:\/\/fcri.cat\/wp-content\/uploads\/2023\/05\/Experimentacio_URV.pdf\" title=\"vegeu programa \">Vegeu programa. <\/a><\/strong><strong><a href=\"https:\/\/projectes.fcri.cat\/cursos_estiu\/index.asp?accio=formulari&amp;firstime=si&amp;curs=2023_noves_tecnologies_tarragona\">Inscripci\u00f3<\/a><\/strong><\/p>\n<p style=\"text-align: left;\"><strong>\u2013 Aprenentatge basat en videojocs: nivell inicial. <\/strong>En l\u00ednia. Del 3 al 10 de juliol de 2023.<strong> <a href=\"https:\/\/fcri.cat\/wp-content\/uploads\/2023\/05\/Programa_videojocs_inicial_2023.pdf\" title=\"vegeu programa \">Vegeu programa. <\/a><\/strong><strong><a href=\"https:\/\/projectes.fcri.cat\/cursos_estiu\/index.asp?accio=formulari&amp;firstime=si&amp;curs=2023_videojocs_inicial\">Inscripci\u00f3<\/a><\/strong><\/p>\n<p style=\"text-align: left;\"><strong>\u2013 Usos educatius dels videojocs: nivell avan\u00e7at. <\/strong>En l\u00ednia. De l&#8217;11 al 18 de juliol de 2023<strong>. <a href=\"https:\/\/fcri.cat\/wp-content\/uploads\/2023\/05\/Programa_videojocs_avancat_2023.pdf\">Vegeu programa<\/a>. <a href=\"https:\/\/projectes.fcri.cat\/cursos_estiu\/index.asp?accio=formulari&amp;firstime=si&amp;curs=2023_videojocs_avancat\">Inscripci\u00f3<\/a><\/strong><\/p>\n<p style=\"text-align: left;\"><strong>\u2013 Interpretaci\u00f3 i confecci\u00f3 de mapes i talls geol\u00f2gics. Itineraris geol\u00f2gics amb eines TIC gratu\u00eftes. <\/strong>Del 10 al 14 de juliol de 2023<strong>. <a href=\"https:\/\/fcri.cat\/wp-content\/uploads\/2023\/05\/Mapes_Geologics_2023.pdf\">Vegeu programa<\/a>. <a href=\"https:\/\/projectes.fcri.cat\/cursos_estiu\/index.asp?accio=formulari&amp;firstime=si&amp;curs=2023_mapes\">Inscripci\u00f3<\/a><\/strong><\/p>\n<p>[\/et_pb_blurb][\/et_pb_column][\/et_pb_row][\/et_pb_section]<\/p>\n","protected":false},"excerpt":{"rendered":"<p>En el marc de refer\u00e8ncia de la Compet\u00e8ncia Digital Docent (CDD), la Fundaci\u00f3 Catalana per a la Recerca la Innovaci\u00f3 (FCRI) engega una nova proposta formativa. La formaci\u00f3 consisteix en [&hellip;]<\/p>\n","protected":false},"author":3,"featured_media":14489,"parent":420,"menu_order":0,"comment_status":"closed","ping_status":"closed","template":"","meta":{"_et_pb_use_builder":"on","_et_pb_old_content":"","_et_gb_content_width":"","footnotes":""},"class_list":["post-14380","page","type-page","status-publish","has-post-thumbnail","hentry"],"yoast_head":"<!-- This site is optimized with the Yoast SEO plugin v22.9 - https:\/\/yoast.com\/wordpress\/plugins\/seo\/ -->\n<title>Escoles d&#039;estiu 2023 - Fundacio Recerca<\/title>\n<meta name=\"robots\" content=\"index, follow, max-snippet:-1, max-image-preview:large, max-video-preview:-1\" \/>\n<link rel=\"canonical\" href=\"https:\/\/fcri.cat\/es\/societat-educacio\/escoles-destiu-per-a-docents\/escoles-destiu-2023\/\" \/>\n<meta property=\"og:locale\" content=\"es_ES\" \/>\n<meta property=\"og:type\" content=\"article\" \/>\n<meta property=\"og:title\" content=\"Escoles d&#039;estiu 2023 - Fundacio Recerca\" \/>\n<meta property=\"og:description\" content=\"En el marc de refer\u00e8ncia de la Compet\u00e8ncia Digital Docent (CDD), la Fundaci\u00f3 Catalana per a la Recerca la Innovaci\u00f3 (FCRI) engega una nova proposta formativa. La formaci\u00f3 consisteix en [&hellip;]\" \/>\n<meta property=\"og:url\" content=\"https:\/\/fcri.cat\/es\/societat-educacio\/escoles-destiu-per-a-docents\/escoles-destiu-2023\/\" \/>\n<meta property=\"og:site_name\" content=\"Fundacio Recerca\" \/>\n<meta property=\"article:publisher\" content=\"https:\/\/www.facebook.com\/fundaciorecerca\" \/>\n<meta property=\"article:modified_time\" content=\"2024-07-15T11:03:42+00:00\" \/>\n<meta property=\"og:image\" content=\"https:\/\/fcri.cat\/wp-content\/uploads\/2023\/05\/cursoestiu2023.jpg\" \/>\n\t<meta property=\"og:image:width\" content=\"1200\" \/>\n\t<meta property=\"og:image:height\" content=\"600\" \/>\n\t<meta property=\"og:image:type\" content=\"image\/jpeg\" \/>\n<meta name=\"twitter:card\" content=\"summary_large_image\" \/>\n<meta name=\"twitter:site\" content=\"@fundaciorecerca\" \/>\n<meta name=\"twitter:label1\" content=\"Tiempo de lectura\" \/>\n\t<meta name=\"twitter:data1\" content=\"2 minutos\" \/>\n<script type=\"application\/ld+json\" class=\"yoast-schema-graph\">{\"@context\":\"https:\/\/schema.org\",\"@graph\":[{\"@type\":\"WebPage\",\"@id\":\"https:\/\/fcri.cat\/es\/societat-educacio\/escoles-destiu-per-a-docents\/escoles-destiu-2023\/\",\"url\":\"https:\/\/fcri.cat\/es\/societat-educacio\/escoles-destiu-per-a-docents\/escoles-destiu-2023\/\",\"name\":\"Escoles d'estiu 2023 - Fundacio Recerca\",\"isPartOf\":{\"@id\":\"https:\/\/fcri.cat\/es\/#website\"},\"primaryImageOfPage\":{\"@id\":\"https:\/\/fcri.cat\/es\/societat-educacio\/escoles-destiu-per-a-docents\/escoles-destiu-2023\/#primaryimage\"},\"image\":{\"@id\":\"https:\/\/fcri.cat\/es\/societat-educacio\/escoles-destiu-per-a-docents\/escoles-destiu-2023\/#primaryimage\"},\"thumbnailUrl\":\"https:\/\/fcri.cat\/wp-content\/uploads\/2023\/05\/cursoestiu2023.jpg?wsr\",\"datePublished\":\"2023-05-25T08:34:54+00:00\",\"dateModified\":\"2024-07-15T11:03:42+00:00\",\"breadcrumb\":{\"@id\":\"https:\/\/fcri.cat\/es\/societat-educacio\/escoles-destiu-per-a-docents\/escoles-destiu-2023\/#breadcrumb\"},\"inLanguage\":\"es\",\"potentialAction\":[{\"@type\":\"ReadAction\",\"target\":[\"https:\/\/fcri.cat\/es\/societat-educacio\/escoles-destiu-per-a-docents\/escoles-destiu-2023\/\"]}]},{\"@type\":\"ImageObject\",\"inLanguage\":\"es\",\"@id\":\"https:\/\/fcri.cat\/es\/societat-educacio\/escoles-destiu-per-a-docents\/escoles-destiu-2023\/#primaryimage\",\"url\":\"https:\/\/fcri.cat\/wp-content\/uploads\/2023\/05\/cursoestiu2023.jpg?wsr\",\"contentUrl\":\"https:\/\/fcri.cat\/wp-content\/uploads\/2023\/05\/cursoestiu2023.jpg?wsr\",\"width\":1200,\"height\":600},{\"@type\":\"BreadcrumbList\",\"@id\":\"https:\/\/fcri.cat\/es\/societat-educacio\/escoles-destiu-per-a-docents\/escoles-destiu-2023\/#breadcrumb\",\"itemListElement\":[{\"@type\":\"ListItem\",\"position\":1,\"name\":\"Inici\",\"item\":\"https:\/\/fcri.cat\/es\/\"},{\"@type\":\"ListItem\",\"position\":2,\"name\":\"Societat i educaci\u00f3\",\"item\":\"https:\/\/fcri.cat\/es\/societat-educacio\/\"},{\"@type\":\"ListItem\",\"position\":3,\"name\":\"Escoles d&#8217;estiu per a docents\",\"item\":\"https:\/\/fcri.cat\/es\/societat-educacio\/escoles-destiu-per-a-docents\/\"},{\"@type\":\"ListItem\",\"position\":4,\"name\":\"Escoles d&#8217;estiu 2023\"}]},{\"@type\":\"WebSite\",\"@id\":\"https:\/\/fcri.cat\/es\/#website\",\"url\":\"https:\/\/fcri.cat\/es\/\",\"name\":\"Fundacio Recerca\",\"description\":\"Fundaci\u00f3 Catalana per a la Recerca i la Innovaci\u00f3\",\"potentialAction\":[{\"@type\":\"SearchAction\",\"target\":{\"@type\":\"EntryPoint\",\"urlTemplate\":\"https:\/\/fcri.cat\/es\/?s={search_term_string}\"},\"query-input\":\"required name=search_term_string\"}],\"inLanguage\":\"es\"}]}<\/script>\n<!-- \/ Yoast SEO plugin. -->","yoast_head_json":{"title":"Escoles d'estiu 2023 - Fundacio Recerca","robots":{"index":"index","follow":"follow","max-snippet":"max-snippet:-1","max-image-preview":"max-image-preview:large","max-video-preview":"max-video-preview:-1"},"canonical":"https:\/\/fcri.cat\/es\/societat-educacio\/escoles-destiu-per-a-docents\/escoles-destiu-2023\/","og_locale":"es_ES","og_type":"article","og_title":"Escoles d'estiu 2023 - Fundacio Recerca","og_description":"En el marc de refer\u00e8ncia de la Compet\u00e8ncia Digital Docent (CDD), la Fundaci\u00f3 Catalana per a la Recerca la Innovaci\u00f3 (FCRI) engega una nova proposta formativa. La formaci\u00f3 consisteix en [&hellip;]","og_url":"https:\/\/fcri.cat\/es\/societat-educacio\/escoles-destiu-per-a-docents\/escoles-destiu-2023\/","og_site_name":"Fundacio Recerca","article_publisher":"https:\/\/www.facebook.com\/fundaciorecerca","article_modified_time":"2024-07-15T11:03:42+00:00","og_image":[{"width":1200,"height":600,"url":"https:\/\/fcri.cat\/wp-content\/uploads\/2023\/05\/cursoestiu2023.jpg","type":"image\/jpeg"}],"twitter_card":"summary_large_image","twitter_site":"@fundaciorecerca","twitter_misc":{"Tiempo de lectura":"2 minutos"},"schema":{"@context":"https:\/\/schema.org","@graph":[{"@type":"WebPage","@id":"https:\/\/fcri.cat\/es\/societat-educacio\/escoles-destiu-per-a-docents\/escoles-destiu-2023\/","url":"https:\/\/fcri.cat\/es\/societat-educacio\/escoles-destiu-per-a-docents\/escoles-destiu-2023\/","name":"Escoles d'estiu 2023 - Fundacio Recerca","isPartOf":{"@id":"https:\/\/fcri.cat\/es\/#website"},"primaryImageOfPage":{"@id":"https:\/\/fcri.cat\/es\/societat-educacio\/escoles-destiu-per-a-docents\/escoles-destiu-2023\/#primaryimage"},"image":{"@id":"https:\/\/fcri.cat\/es\/societat-educacio\/escoles-destiu-per-a-docents\/escoles-destiu-2023\/#primaryimage"},"thumbnailUrl":"https:\/\/fcri.cat\/wp-content\/uploads\/2023\/05\/cursoestiu2023.jpg?wsr","datePublished":"2023-05-25T08:34:54+00:00","dateModified":"2024-07-15T11:03:42+00:00","breadcrumb":{"@id":"https:\/\/fcri.cat\/es\/societat-educacio\/escoles-destiu-per-a-docents\/escoles-destiu-2023\/#breadcrumb"},"inLanguage":"es","potentialAction":[{"@type":"ReadAction","target":["https:\/\/fcri.cat\/es\/societat-educacio\/escoles-destiu-per-a-docents\/escoles-destiu-2023\/"]}]},{"@type":"ImageObject","inLanguage":"es","@id":"https:\/\/fcri.cat\/es\/societat-educacio\/escoles-destiu-per-a-docents\/escoles-destiu-2023\/#primaryimage","url":"https:\/\/fcri.cat\/wp-content\/uploads\/2023\/05\/cursoestiu2023.jpg?wsr","contentUrl":"https:\/\/fcri.cat\/wp-content\/uploads\/2023\/05\/cursoestiu2023.jpg?wsr","width":1200,"height":600},{"@type":"BreadcrumbList","@id":"https:\/\/fcri.cat\/es\/societat-educacio\/escoles-destiu-per-a-docents\/escoles-destiu-2023\/#breadcrumb","itemListElement":[{"@type":"ListItem","position":1,"name":"Inici","item":"https:\/\/fcri.cat\/es\/"},{"@type":"ListItem","position":2,"name":"Societat i educaci\u00f3","item":"https:\/\/fcri.cat\/es\/societat-educacio\/"},{"@type":"ListItem","position":3,"name":"Escoles d&#8217;estiu per a docents","item":"https:\/\/fcri.cat\/es\/societat-educacio\/escoles-destiu-per-a-docents\/"},{"@type":"ListItem","position":4,"name":"Escoles d&#8217;estiu 2023"}]},{"@type":"WebSite","@id":"https:\/\/fcri.cat\/es\/#website","url":"https:\/\/fcri.cat\/es\/","name":"Fundacio Recerca","description":"Fundaci\u00f3 Catalana per a la Recerca i la Innovaci\u00f3","potentialAction":[{"@type":"SearchAction","target":{"@type":"EntryPoint","urlTemplate":"https:\/\/fcri.cat\/es\/?s={search_term_string}"},"query-input":"required name=search_term_string"}],"inLanguage":"es"}]}},"_links":{"self":[{"href":"https:\/\/fcri.cat\/es\/wp-json\/wp\/v2\/pages\/14380"}],"collection":[{"href":"https:\/\/fcri.cat\/es\/wp-json\/wp\/v2\/pages"}],"about":[{"href":"https:\/\/fcri.cat\/es\/wp-json\/wp\/v2\/types\/page"}],"author":[{"embeddable":true,"href":"https:\/\/fcri.cat\/es\/wp-json\/wp\/v2\/users\/3"}],"replies":[{"embeddable":true,"href":"https:\/\/fcri.cat\/es\/wp-json\/wp\/v2\/comments?post=14380"}],"version-history":[{"count":102,"href":"https:\/\/fcri.cat\/es\/wp-json\/wp\/v2\/pages\/14380\/revisions"}],"predecessor-version":[{"id":20122,"href":"https:\/\/fcri.cat\/es\/wp-json\/wp\/v2\/pages\/14380\/revisions\/20122"}],"up":[{"embeddable":true,"href":"https:\/\/fcri.cat\/es\/wp-json\/wp\/v2\/pages\/420"}],"wp:featuredmedia":[{"embeddable":true,"href":"https:\/\/fcri.cat\/es\/wp-json\/wp\/v2\/media\/14489"}],"wp:attachment":[{"href":"https:\/\/fcri.cat\/es\/wp-json\/wp\/v2\/media?parent=14380"}],"curies":[{"name":"wp","href":"https:\/\/api.w.org\/{rel}","templated":true}]}}