{"id":16729,"date":"2024-05-02T16:55:52","date_gmt":"2024-05-02T15:55:52","guid":{"rendered":"https:\/\/fundaciorecerca.cat\/?page_id=16729"},"modified":"2024-07-24T20:48:00","modified_gmt":"2024-07-24T19:48:00","slug":"escoles-destiu-2024","status":"publish","type":"page","link":"https:\/\/fcri.cat\/es\/societat-educacio\/escoles-destiu-per-a-docents\/escoles-destiu-2024\/","title":{"rendered":"Escoles d&#8217;estiu 2024"},"content":{"rendered":"<p>[et_pb_section fb_built=\u00bb1&#8243; admin_label=\u00bbHero\u00bb _builder_version=\u00bb4.25.2&#8243; custom_padding=\u00bb2px|||||\u00bb da_disable_devices=\u00bboff|off|off\u00bb global_colors_info=\u00bb{}\u00bb theme_builder_area=\u00bbpost_content\u00bb da_is_popup=\u00bboff\u00bb da_exit_intent=\u00bboff\u00bb da_has_close=\u00bbon\u00bb da_alt_close=\u00bboff\u00bb da_dark_close=\u00bboff\u00bb da_not_modal=\u00bbon\u00bb da_is_singular=\u00bboff\u00bb da_with_loader=\u00bboff\u00bb da_has_shadow=\u00bbon\u00bb][et_pb_row _builder_version=\u00bb4.25.2&#8243; _module_preset=\u00bbdefault\u00bb custom_padding=\u00bb60px|||||\u00bb hover_enabled=\u00bb0&#8243; global_colors_info=\u00bb{}\u00bb theme_builder_area=\u00bbpost_content\u00bb width=\u00bb100%\u00bb sticky_enabled=\u00bb0&#8243;][et_pb_column type=\u00bb4_4&#8243; _builder_version=\u00bb4.16&#8243; _module_preset=\u00bbdefault\u00bb global_colors_info=\u00bb{}\u00bb theme_builder_area=\u00bbpost_content\u00bb][et_pb_blurb alt=\u00bbCiA_Amgen_Edicio2017_FCRi_FundacioRecerca\u00bb content_max_width=\u00bb100%\u00bb _builder_version=\u00bb4.25.2&#8243; header_font=\u00bbLato|700|||||||\u00bb header_text_align=\u00bbcenter\u00bb header_font_size=\u00bb25px\u00bb header_line_height=\u00bb1.8em\u00bb body_text_align=\u00bbcenter\u00bb body_font_size=\u00bb18px\u00bb width=\u00bb100%\u00bb min_height=\u00bb984px\u00bb custom_padding=\u00bb8px|0px|8px|0px|true|true\u00bb animation_style=\u00bbflip\u00bb animation_intensity_flip=\u00bb20%\u00bb animation=\u00bboff\u00bb border_color_all=\u00bbrgba(0,0,0,0.12)\u00bb global_colors_info=\u00bb{}\u00bb theme_builder_area=\u00bbpost_content\u00bb]<\/p>\n<p style=\"text-align: left;\">La Fundaci\u00f3 Catalana per a la Recerca i la Innovaci\u00f3 (FCRI) us presenta, un any m\u00e9s, la seva oferta formativa de\u202fcursos d\u2019estiu,\u202fadre\u00e7ats a docents de secund\u00e0ria i batxillerat en actiu de qualsevol centre docent de Catalunya, gratu\u00efts i certificats pel Departament d\u2019Educaci\u00f3 de la Generalitat de Catalunya (cal assistir a un m\u00ednim del 80% de les sessions).<\/p>\n<h3 style=\"text-align: left;\"><strong>Programes i inscripcions<\/strong><\/h3>\n<p style=\"text-align: left;\">El nombre de places varia segons el curs.<\/p>\n<p style=\"text-align: left;\">Les places es validaran per rigor\u00f3s ordre d\u2019inscripci\u00f3. El termini finalitza\u202fel dia 19 de juny de 2024\u202fo quan s\u2019exhaureixin les places disponibles.<\/p>\n<p style=\"text-align: left;\"><strong>\u2013 L\u2019experimentaci\u00f3 a les classes de ci\u00e8ncies<\/strong><\/p>\n<p style=\"text-align: left;\">Universitat de Barcelona. 20 hores. 1, 2, 3 i 4 de juliol de 2024. <strong><a href=\"https:\/\/fcri.cat\/wp-content\/uploads\/2024\/05\/Programa-UB_2024_corr.pdf\" title=\"vegeu programa \">Vegeu programa.<\/a> <\/strong><strong><a href=\"https:\/\/projectes.fcri.cat\/cursos_estiu\/index.asp?accio=formulari&amp;firstime=si&amp;curs=2024_classes_ciencies_UB\">Inscripci\u00f3 (25 places)<\/a><\/strong><\/p>\n<p style=\"text-align: left;\">Universitat Polit\u00e8cnica de Catalunya. 20 hores. 4, 5, 8 i 9 de juliol de 2024. <a href=\"https:\/\/fcri.cat\/wp-content\/uploads\/2024\/05\/Programa-UPC-Besos_2024_corr.pdf\" title=\"vegeu programa \"><strong>Vegeu programa. <\/strong><\/a><strong><a href=\"https:\/\/projectes.fcri.cat\/cursos_estiu\/index.asp?accio=formulari&amp;firstime=si&amp;curs=2024_classes_ciencies_UPC\">Inscripci\u00f3 (25 places)<\/a><\/strong><\/p>\n<p style=\"text-align: left;\">Universitat de Girona. 20 hores. 1, 2, 3 i 4 de juliol de 2024. <strong><a href=\"https:\/\/fcri.cat\/wp-content\/uploads\/2024\/05\/Programa-UdG_2024_corr.pdf\" title=\"vegeu programa \">Vegeu programa. <\/a><\/strong><strong><a href=\"https:\/\/projectes.fcri.cat\/cursos_estiu\/index.asp?accio=formulari&amp;firstime=si&amp;curs=2024_classes_ciencies_UG\">Inscripci\u00f3 (25 places)<\/a><\/strong><\/p>\n<p style=\"text-align: left;\">Universitat de Lleida. 20 hores. 1, 2, 3, 4 i 5 de juliol de 2024. <strong><a href=\"https:\/\/fcri.cat\/wp-content\/uploads\/2024\/05\/Programa-UdL_2024_corr.pdf\" title=\"vegeu programa \">Vegeu programa. <\/a><\/strong><strong><a href=\"https:\/\/projectes.fcri.cat\/cursos_estiu\/index.asp?accio=formulari&amp;firstime=si&amp;curs=2024_classes_ciencies_ULL\">Inscripci\u00f3 (25 places)<\/a><\/strong><\/p>\n<p style=\"text-align: left;\">Universitat Rovira i Virgili. 20 hores. 1, 2, 3 i 4 de juliol de 2024.<strong><a href=\"https:\/\/fcri.cat\/wp-content\/uploads\/2024\/05\/Programa-URV-2024_corr.pdf\" title=\"vegeu programa \"> Vegeu programa. <\/a><\/strong><strong><a href=\"https:\/\/projectes.fcri.cat\/cursos_estiu\/index.asp?accio=formulari&amp;firstime=si&amp;curs=2024_classes_ciencies_URV\">Inscripci\u00f3 (25 places) <\/a><\/strong><\/p>\n<p style=\"text-align: left;\"><strong>\u2013 Interpretaci\u00f3 i confecci\u00f3 de mapes i talls geol\u00f2gics.<\/strong> 20 hores. 1, 2, 3, 4 i 5 de juliol de 2024. <a href=\"https:\/\/fcri.cat\/wp-content\/uploads\/2024\/05\/Programa_Mapes_Geologics_2024_corr.pdf\"><strong>Vegeu programa<\/strong><\/a>. <strong><a href=\"https:\/\/projectes.fcri.cat\/cursos_estiu\/index.asp?accio=formulari&amp;firstime=si&amp;curs=2024_mapes\">Inscripci\u00f3 (20 places)<\/a><\/strong><\/p>\n<p style=\"text-align: left;\">L\u2019objectiu global dels cursos \u00e9s ajudar els docents a fer m\u00e9s atractius, participatius i experimentals els continguts CTM (Ci\u00e8ncies, Tecnologia i Matem\u00e0tiques). Per aconseguir-ho, els cursos plantegen una aproximaci\u00f3 eminentment aplicada: els assistents coneixeran de primera m\u00e0 com dur a terme un conjunt d\u2019experimentacions i de propostes pr\u00e0ctiques realitzables, priorit\u00e0riament, amb materials i t\u00e8cniques a l\u2019abast, i relacionades amb els continguts curriculars. Tamb\u00e9 es reflexionar\u00e0 sobre diversos aspectes metodol\u00f2gics. La idea \u00e9s que els participants aprenguin propostes pr\u00e0ctiques per a fer treballs experimentals atractius que puguin engrescar als alumnes.<\/p>\n<p style=\"text-align: left;\">Els cursos estan coorganitzats per la Fundaci\u00f3 Catalana per a la Recerca i la Innovaci\u00f3 i el Departament d\u2019Educaci\u00f3 de la Generalitat de Catalunya.<\/p>\n<p>[\/et_pb_blurb][\/et_pb_column][\/et_pb_row][\/et_pb_section]<\/p>\n","protected":false},"excerpt":{"rendered":"<p>La Fundaci\u00f3 Catalana per a la Recerca i la Innovaci\u00f3 (FCRI) us presenta, un any m\u00e9s, la seva oferta formativa de\u202fcursos d\u2019estiu,\u202fadre\u00e7ats a docents de secund\u00e0ria i batxillerat en actiu [&hellip;]<\/p>\n","protected":false},"author":3,"featured_media":2415,"parent":420,"menu_order":0,"comment_status":"closed","ping_status":"closed","template":"","meta":{"_et_pb_use_builder":"on","_et_pb_old_content":"","_et_gb_content_width":"","footnotes":""},"class_list":["post-16729","page","type-page","status-publish","has-post-thumbnail","hentry"],"yoast_head":"<!-- This site is optimized with the Yoast SEO plugin v22.9 - https:\/\/yoast.com\/wordpress\/plugins\/seo\/ -->\n<title>Escoles d&#039;estiu 2024 - Fundacio Recerca<\/title>\n<meta name=\"robots\" content=\"index, follow, max-snippet:-1, max-image-preview:large, max-video-preview:-1\" \/>\n<link rel=\"canonical\" href=\"https:\/\/fcri.cat\/es\/societat-educacio\/escoles-destiu-per-a-docents\/escoles-destiu-2024\/\" \/>\n<meta property=\"og:locale\" content=\"es_ES\" \/>\n<meta property=\"og:type\" content=\"article\" \/>\n<meta property=\"og:title\" content=\"Escoles d&#039;estiu 2024 - Fundacio Recerca\" \/>\n<meta property=\"og:description\" content=\"La Fundaci\u00f3 Catalana per a la Recerca i la Innovaci\u00f3 (FCRI) us presenta, un any m\u00e9s, la seva oferta formativa de\u202fcursos d\u2019estiu,\u202fadre\u00e7ats a docents de secund\u00e0ria i batxillerat en actiu [&hellip;]\" \/>\n<meta property=\"og:url\" content=\"https:\/\/fcri.cat\/es\/societat-educacio\/escoles-destiu-per-a-docents\/escoles-destiu-2024\/\" \/>\n<meta property=\"og:site_name\" content=\"Fundacio Recerca\" \/>\n<meta property=\"article:publisher\" content=\"https:\/\/www.facebook.com\/fundaciorecerca\" \/>\n<meta property=\"article:modified_time\" content=\"2024-07-24T19:48:00+00:00\" \/>\n<meta property=\"og:image\" content=\"https:\/\/fcri.cat\/wp-content\/uploads\/2020\/06\/images_sala-de-premsa_2020_20200602_escolesestiu_full_fcri.jpg\" \/>\n\t<meta property=\"og:image:width\" content=\"960\" \/>\n\t<meta property=\"og:image:height\" content=\"480\" \/>\n\t<meta property=\"og:image:type\" content=\"image\/jpeg\" \/>\n<meta name=\"twitter:card\" content=\"summary_large_image\" \/>\n<meta name=\"twitter:site\" content=\"@fundaciorecerca\" \/>\n<meta name=\"twitter:label1\" content=\"Tiempo de lectura\" \/>\n\t<meta name=\"twitter:data1\" content=\"3 minutos\" \/>\n<script type=\"application\/ld+json\" class=\"yoast-schema-graph\">{\"@context\":\"https:\/\/schema.org\",\"@graph\":[{\"@type\":\"WebPage\",\"@id\":\"https:\/\/fcri.cat\/es\/societat-educacio\/escoles-destiu-per-a-docents\/escoles-destiu-2024\/\",\"url\":\"https:\/\/fcri.cat\/es\/societat-educacio\/escoles-destiu-per-a-docents\/escoles-destiu-2024\/\",\"name\":\"Escoles d'estiu 2024 - Fundacio Recerca\",\"isPartOf\":{\"@id\":\"https:\/\/fcri.cat\/es\/#website\"},\"primaryImageOfPage\":{\"@id\":\"https:\/\/fcri.cat\/es\/societat-educacio\/escoles-destiu-per-a-docents\/escoles-destiu-2024\/#primaryimage\"},\"image\":{\"@id\":\"https:\/\/fcri.cat\/es\/societat-educacio\/escoles-destiu-per-a-docents\/escoles-destiu-2024\/#primaryimage\"},\"thumbnailUrl\":\"https:\/\/fcri.cat\/wp-content\/uploads\/2020\/06\/images_sala-de-premsa_2020_20200602_escolesestiu_full_fcri.jpg?wsr\",\"datePublished\":\"2024-05-02T15:55:52+00:00\",\"dateModified\":\"2024-07-24T19:48:00+00:00\",\"breadcrumb\":{\"@id\":\"https:\/\/fcri.cat\/es\/societat-educacio\/escoles-destiu-per-a-docents\/escoles-destiu-2024\/#breadcrumb\"},\"inLanguage\":\"es\",\"potentialAction\":[{\"@type\":\"ReadAction\",\"target\":[\"https:\/\/fcri.cat\/es\/societat-educacio\/escoles-destiu-per-a-docents\/escoles-destiu-2024\/\"]}]},{\"@type\":\"ImageObject\",\"inLanguage\":\"es\",\"@id\":\"https:\/\/fcri.cat\/es\/societat-educacio\/escoles-destiu-per-a-docents\/escoles-destiu-2024\/#primaryimage\",\"url\":\"https:\/\/fcri.cat\/wp-content\/uploads\/2020\/06\/images_sala-de-premsa_2020_20200602_escolesestiu_full_fcri.jpg?wsr\",\"contentUrl\":\"https:\/\/fcri.cat\/wp-content\/uploads\/2020\/06\/images_sala-de-premsa_2020_20200602_escolesestiu_full_fcri.jpg?wsr\",\"width\":960,\"height\":480},{\"@type\":\"BreadcrumbList\",\"@id\":\"https:\/\/fcri.cat\/es\/societat-educacio\/escoles-destiu-per-a-docents\/escoles-destiu-2024\/#breadcrumb\",\"itemListElement\":[{\"@type\":\"ListItem\",\"position\":1,\"name\":\"Inici\",\"item\":\"https:\/\/fcri.cat\/es\/\"},{\"@type\":\"ListItem\",\"position\":2,\"name\":\"Societat i educaci\u00f3\",\"item\":\"https:\/\/fcri.cat\/es\/societat-educacio\/\"},{\"@type\":\"ListItem\",\"position\":3,\"name\":\"Escoles d&#8217;estiu per a docents\",\"item\":\"https:\/\/fcri.cat\/es\/societat-educacio\/escoles-destiu-per-a-docents\/\"},{\"@type\":\"ListItem\",\"position\":4,\"name\":\"Escoles d&#8217;estiu 2024\"}]},{\"@type\":\"WebSite\",\"@id\":\"https:\/\/fcri.cat\/es\/#website\",\"url\":\"https:\/\/fcri.cat\/es\/\",\"name\":\"Fundacio Recerca\",\"description\":\"Fundaci\u00f3 Catalana per a la Recerca i la Innovaci\u00f3\",\"potentialAction\":[{\"@type\":\"SearchAction\",\"target\":{\"@type\":\"EntryPoint\",\"urlTemplate\":\"https:\/\/fcri.cat\/es\/?s={search_term_string}\"},\"query-input\":\"required name=search_term_string\"}],\"inLanguage\":\"es\"}]}<\/script>\n<!-- \/ Yoast SEO plugin. -->","yoast_head_json":{"title":"Escoles d'estiu 2024 - Fundacio Recerca","robots":{"index":"index","follow":"follow","max-snippet":"max-snippet:-1","max-image-preview":"max-image-preview:large","max-video-preview":"max-video-preview:-1"},"canonical":"https:\/\/fcri.cat\/es\/societat-educacio\/escoles-destiu-per-a-docents\/escoles-destiu-2024\/","og_locale":"es_ES","og_type":"article","og_title":"Escoles d'estiu 2024 - Fundacio Recerca","og_description":"La Fundaci\u00f3 Catalana per a la Recerca i la Innovaci\u00f3 (FCRI) us presenta, un any m\u00e9s, la seva oferta formativa de\u202fcursos d\u2019estiu,\u202fadre\u00e7ats a docents de secund\u00e0ria i batxillerat en actiu [&hellip;]","og_url":"https:\/\/fcri.cat\/es\/societat-educacio\/escoles-destiu-per-a-docents\/escoles-destiu-2024\/","og_site_name":"Fundacio Recerca","article_publisher":"https:\/\/www.facebook.com\/fundaciorecerca","article_modified_time":"2024-07-24T19:48:00+00:00","og_image":[{"width":960,"height":480,"url":"https:\/\/fcri.cat\/wp-content\/uploads\/2020\/06\/images_sala-de-premsa_2020_20200602_escolesestiu_full_fcri.jpg","type":"image\/jpeg"}],"twitter_card":"summary_large_image","twitter_site":"@fundaciorecerca","twitter_misc":{"Tiempo de lectura":"3 minutos"},"schema":{"@context":"https:\/\/schema.org","@graph":[{"@type":"WebPage","@id":"https:\/\/fcri.cat\/es\/societat-educacio\/escoles-destiu-per-a-docents\/escoles-destiu-2024\/","url":"https:\/\/fcri.cat\/es\/societat-educacio\/escoles-destiu-per-a-docents\/escoles-destiu-2024\/","name":"Escoles d'estiu 2024 - Fundacio Recerca","isPartOf":{"@id":"https:\/\/fcri.cat\/es\/#website"},"primaryImageOfPage":{"@id":"https:\/\/fcri.cat\/es\/societat-educacio\/escoles-destiu-per-a-docents\/escoles-destiu-2024\/#primaryimage"},"image":{"@id":"https:\/\/fcri.cat\/es\/societat-educacio\/escoles-destiu-per-a-docents\/escoles-destiu-2024\/#primaryimage"},"thumbnailUrl":"https:\/\/fcri.cat\/wp-content\/uploads\/2020\/06\/images_sala-de-premsa_2020_20200602_escolesestiu_full_fcri.jpg?wsr","datePublished":"2024-05-02T15:55:52+00:00","dateModified":"2024-07-24T19:48:00+00:00","breadcrumb":{"@id":"https:\/\/fcri.cat\/es\/societat-educacio\/escoles-destiu-per-a-docents\/escoles-destiu-2024\/#breadcrumb"},"inLanguage":"es","potentialAction":[{"@type":"ReadAction","target":["https:\/\/fcri.cat\/es\/societat-educacio\/escoles-destiu-per-a-docents\/escoles-destiu-2024\/"]}]},{"@type":"ImageObject","inLanguage":"es","@id":"https:\/\/fcri.cat\/es\/societat-educacio\/escoles-destiu-per-a-docents\/escoles-destiu-2024\/#primaryimage","url":"https:\/\/fcri.cat\/wp-content\/uploads\/2020\/06\/images_sala-de-premsa_2020_20200602_escolesestiu_full_fcri.jpg?wsr","contentUrl":"https:\/\/fcri.cat\/wp-content\/uploads\/2020\/06\/images_sala-de-premsa_2020_20200602_escolesestiu_full_fcri.jpg?wsr","width":960,"height":480},{"@type":"BreadcrumbList","@id":"https:\/\/fcri.cat\/es\/societat-educacio\/escoles-destiu-per-a-docents\/escoles-destiu-2024\/#breadcrumb","itemListElement":[{"@type":"ListItem","position":1,"name":"Inici","item":"https:\/\/fcri.cat\/es\/"},{"@type":"ListItem","position":2,"name":"Societat i educaci\u00f3","item":"https:\/\/fcri.cat\/es\/societat-educacio\/"},{"@type":"ListItem","position":3,"name":"Escoles d&#8217;estiu per a docents","item":"https:\/\/fcri.cat\/es\/societat-educacio\/escoles-destiu-per-a-docents\/"},{"@type":"ListItem","position":4,"name":"Escoles d&#8217;estiu 2024"}]},{"@type":"WebSite","@id":"https:\/\/fcri.cat\/es\/#website","url":"https:\/\/fcri.cat\/es\/","name":"Fundacio Recerca","description":"Fundaci\u00f3 Catalana per a la Recerca i la Innovaci\u00f3","potentialAction":[{"@type":"SearchAction","target":{"@type":"EntryPoint","urlTemplate":"https:\/\/fcri.cat\/es\/?s={search_term_string}"},"query-input":"required name=search_term_string"}],"inLanguage":"es"}]}},"_links":{"self":[{"href":"https:\/\/fcri.cat\/es\/wp-json\/wp\/v2\/pages\/16729"}],"collection":[{"href":"https:\/\/fcri.cat\/es\/wp-json\/wp\/v2\/pages"}],"about":[{"href":"https:\/\/fcri.cat\/es\/wp-json\/wp\/v2\/types\/page"}],"author":[{"embeddable":true,"href":"https:\/\/fcri.cat\/es\/wp-json\/wp\/v2\/users\/3"}],"replies":[{"embeddable":true,"href":"https:\/\/fcri.cat\/es\/wp-json\/wp\/v2\/comments?post=16729"}],"version-history":[{"count":43,"href":"https:\/\/fcri.cat\/es\/wp-json\/wp\/v2\/pages\/16729\/revisions"}],"predecessor-version":[{"id":20963,"href":"https:\/\/fcri.cat\/es\/wp-json\/wp\/v2\/pages\/16729\/revisions\/20963"}],"up":[{"embeddable":true,"href":"https:\/\/fcri.cat\/es\/wp-json\/wp\/v2\/pages\/420"}],"wp:featuredmedia":[{"embeddable":true,"href":"https:\/\/fcri.cat\/es\/wp-json\/wp\/v2\/media\/2415"}],"wp:attachment":[{"href":"https:\/\/fcri.cat\/es\/wp-json\/wp\/v2\/media?parent=16729"}],"curies":[{"name":"wp","href":"https:\/\/api.w.org\/{rel}","templated":true}]}}