{"id":20367,"date":"2024-07-23T09:47:42","date_gmt":"2024-07-23T08:47:42","guid":{"rendered":"https:\/\/fundaciorecerca.cat\/?page_id=20367"},"modified":"2024-07-23T13:36:01","modified_gmt":"2024-07-23T12:36:01","slug":"jovenes-talentos-cientificos","status":"publish","type":"page","link":"https:\/\/fcri.cat\/es\/1193-2\/jovenes-talentos-cientificos\/","title":{"rendered":"J\u00f3venes Talentos Cient\u00edficos"},"content":{"rendered":"<p>[et_pb_section fb_built=\u00bb1&#8243; _builder_version=\u00bb4.25.2&#8243; _module_preset=\u00bbdefault\u00bb da_disable_devices=\u00bboff|off|off\u00bb global_colors_info=\u00bb{}\u00bb theme_builder_area=\u00bbpost_content\u00bb da_is_popup=\u00bboff\u00bb da_exit_intent=\u00bboff\u00bb da_has_close=\u00bbon\u00bb da_alt_close=\u00bboff\u00bb da_dark_close=\u00bboff\u00bb da_not_modal=\u00bbon\u00bb da_is_singular=\u00bboff\u00bb da_with_loader=\u00bboff\u00bb da_has_shadow=\u00bbon\u00bb][et_pb_row module_class=\u00bbmj-section-logo-projec\u00bb _builder_version=\u00bb4.25.2&#8243; _module_preset=\u00bbdefault\u00bb background_color=\u00bbRGBA(255,255,255,0)\u00bb width=\u00bb100%\u00bb width_tablet=\u00bb\u00bb width_phone=\u00bb\u00bb width_last_edited=\u00bbon|phone\u00bb min_height=\u00bb174px\u00bb custom_margin=\u00bb|auto|-3px|auto||\u00bb custom_padding=\u00bb||0px||false|false\u00bb global_colors_info=\u00bb{}\u00bb theme_builder_area=\u00bbpost_content\u00bb][et_pb_column type=\u00bb4_4&#8243; _builder_version=\u00bb4.24.1&#8243; _module_preset=\u00bbdefault\u00bb background_color=\u00bbRGBA(255,255,255,0)\u00bb global_colors_info=\u00bb{}\u00bb theme_builder_area=\u00bbpost_content\u00bb][et_pb_image src=\u00bbhttps:\/\/fcri.cat\/wp-content\/uploads\/2024\/07\/L-jtc.png\u00bb title_text=\u00bbL-jtc\u00bb align=\u00bbright\u00bb _builder_version=\u00bb4.25.2&#8243; _module_preset=\u00bbdefault\u00bb background_color=\u00bb#FFFFFF\u00bb width=\u00bb250px\u00bb width_tablet=\u00bb200px\u00bb width_phone=\u00bb150px\u00bb width_last_edited=\u00bbon|desktop\u00bb module_alignment=\u00bbright\u00bb height=\u00bb250px\u00bb height_tablet=\u00bb200px\u00bb height_phone=\u00bb150px\u00bb height_last_edited=\u00bbon|tablet\u00bb custom_margin=\u00bb||||false|false\u00bb custom_margin_tablet=\u00bb20px||||false|false\u00bb custom_margin_phone=\u00bb60px||||false|false\u00bb custom_margin_last_edited=\u00bbon|desktop\u00bb custom_padding=\u00bb|||3px||\u00bb background_last_edited=\u00bbon|phone\u00bb box_shadow_style=\u00bbpreset1&#8243; global_colors_info=\u00bb{}\u00bb theme_builder_area=\u00bbpost_content\u00bb][\/et_pb_image][\/et_pb_column][\/et_pb_row][et_pb_row _builder_version=\u00bb4.25.2&#8243; _module_preset=\u00bbdefault\u00bb global_colors_info=\u00bb{}\u00bb theme_builder_area=\u00bbpost_content\u00bb][et_pb_column type=\u00bb4_4&#8243; _builder_version=\u00bb4.25.2&#8243; _module_preset=\u00bbdefault\u00bb global_colors_info=\u00bb{}\u00bb theme_builder_area=\u00bbpost_content\u00bb][et_pb_text _builder_version=\u00bb4.25.2&#8243; _module_preset=\u00bbdefault\u00bb global_colors_info=\u00bb{}\u00bb theme_builder_area=\u00bbpost_content\u00bb]<\/p>\n<p>El programa J\u00f3venes Talentos Cient\u00edficos pretende mejorar el aprendizaje de STEM, que tiene lugar en los centros de secundaria y bachillerato, al tiempo que proporciona una formaci\u00f3n cient\u00edfica m\u00e1s amplia y completa a los j\u00f3venes.<\/p>\n<p>[\/et_pb_text][et_pb_text _builder_version=\u00bb4.25.2&#8243; _module_preset=\u00bbdefault\u00bb global_colors_info=\u00bb{}\u00bb theme_builder_area=\u00bbpost_content\u00bb]<\/p>\n<p>Apostamos por las capacidades y el talento divulgador de profesionales del sector agroalimentario as\u00ed como de investigadores e investigadoras predoctorales y postdoctorales de universidades y\/o centros de investigaci\u00f3n catalanes, con la formaci\u00f3n de un equipo vinculado activamente con los centros educativos participantes.<\/p>\n<p>[\/et_pb_text][et_pb_text _builder_version=\u00bb4.25.2&#8243; _module_preset=\u00bbdefault\u00bb global_colors_info=\u00bb{}\u00bb theme_builder_area=\u00bbpost_content\u00bb]<\/p>\n<p>Los objetivos del programa son:<br \/>&#8211; Despertar y consolidar vocaciones cient\u00edficas y tecnol\u00f3gicas, fomentar el inter\u00e9s de los j\u00f3venes por los estudios vinculados a las ciencias agroalimentarias (especialmente en las escuelas agrarias) para asegurar el relevo generacional en el sector.<br \/>&#8211; Mejorar los conocimientos de los estudiantes en \u00e1reas STEM espec\u00edficas vinculadas a las ciencias agroalimentarias.<br \/>&#8211; Mostrar qu\u00e9 es el m\u00e9todo cient\u00edfico y c\u00f3mo se aplica en las actividades de investigaci\u00f3n.<br \/>&#8211; Informar a los profesores y alumnos participantes sobre las innovaciones tecnol\u00f3gicas en el \u00e1mbito de las ciencias agroalimentarias.<br \/>&#8211; Formar a investigadores y profesionales del sector agroalimentario en estrategias para despertar el inter\u00e9s de los estudiantes, dise\u00f1ar y planificar actividades pr\u00e1cticas y trabajar en proyectos STEM.<\/p>\n<p>[\/et_pb_text][et_pb_text _builder_version=\u00bb4.25.2&#8243; _module_preset=\u00bbdefault\u00bb global_colors_info=\u00bb{}\u00bb theme_builder_area=\u00bbpost_content\u00bb]<\/p>\n<p>Este curso 2023-2024 hemos puesto en marcha la primera edici\u00f3n en cinco escuelas de las comarcas leridanas de La Noguera, Pallars-Juss\u00e0 y Pallars-Sobir\u00e0.<\/p>\n<p>[\/et_pb_text][\/et_pb_column][\/et_pb_row][et_pb_row _builder_version=\u00bb4.25.2&#8243; _module_preset=\u00bbdefault\u00bb global_colors_info=\u00bb{}\u00bb theme_builder_area=\u00bbpost_content\u00bb][et_pb_column type=\u00bb4_4&#8243; _builder_version=\u00bb4.25.2&#8243; _module_preset=\u00bbdefault\u00bb global_colors_info=\u00bb{}\u00bb theme_builder_area=\u00bbpost_content\u00bb][et_pb_image src=\u00bbhttps:\/\/fcri.cat\/wp-content\/uploads\/2024\/07\/WhatsApp-Image-2024-02-21-at-11.56.44.jpg\u00bb title_text=\u00bbWhatsApp Image 2024-02-21 at 11.56.44&#8243; _builder_version=\u00bb4.25.2&#8243; _module_preset=\u00bbdefault\u00bb global_colors_info=\u00bb{}\u00bb theme_builder_area=\u00bbpost_content\u00bb][\/et_pb_image][et_pb_text _builder_version=\u00bb4.24.1&#8243; _module_preset=\u00bbdefault\u00bb custom_margin=\u00bb60px||||false|false\u00bb global_colors_info=\u00bb{}\u00bb theme_builder_area=\u00bbpost_content\u00bb locked=\u00bboff\u00bb]<\/p>\n<h2>Contacto<\/h2>\n<p>Bel\u00e9n L\u00f3pez<br \/><a class=\"underline\" href=\"mailto:blopez@fcri.cat\" rel=\"alternate\">blopez@fcri.cat<\/a><\/p>\n<p>[\/et_pb_text][et_pb_text _builder_version=\u00bb4.25.2&#8243; _module_preset=\u00bbdefault\u00bb header_3_font_size=\u00bb23px\u00bb custom_margin=\u00bb60px||||false|false\u00bb hover_enabled=\u00bb0&#8243; global_colors_info=\u00bb{}\u00bb theme_builder_area=\u00bbpost_content\u00bb locked=\u00bboff\u00bb sticky_enabled=\u00bb0&#8243;]<\/p>\n<h3>Colabora<\/h3>\n<p>Programa que compta amb el suport del Departament d\u2019Acci\u00f3 Clim\u00e0tica, Alimentaci\u00f3 i Agenda Rural.<\/p>\n<p>[\/et_pb_text][\/et_pb_column][\/et_pb_row][\/et_pb_section]<\/p>\n","protected":false},"excerpt":{"rendered":"<p>El programa J\u00f3venes Talentos Cient\u00edficos pretende mejorar el aprendizaje de STEM, que tiene lugar en los centros de secundaria y bachillerato, al tiempo que proporciona una formaci\u00f3n cient\u00edfica m\u00e1s amplia [&hellip;]<\/p>\n","protected":false},"author":7,"featured_media":20665,"parent":1193,"menu_order":0,"comment_status":"closed","ping_status":"closed","template":"","meta":{"_et_pb_use_builder":"on","_et_pb_old_content":"","_et_gb_content_width":"","footnotes":""},"class_list":["post-20367","page","type-page","status-publish","has-post-thumbnail","hentry"],"yoast_head":"<!-- This site is optimized with the Yoast SEO plugin v22.9 - https:\/\/yoast.com\/wordpress\/plugins\/seo\/ -->\n<title>J\u00f3venes Talentos Cient\u00edficos - Fundacio Recerca<\/title>\n<meta name=\"robots\" content=\"index, follow, max-snippet:-1, max-image-preview:large, max-video-preview:-1\" \/>\n<link rel=\"canonical\" href=\"https:\/\/fcri.cat\/es\/1193-2\/jovenes-talentos-cientificos\/\" \/>\n<meta property=\"og:locale\" content=\"es_ES\" \/>\n<meta property=\"og:type\" content=\"article\" \/>\n<meta property=\"og:title\" content=\"J\u00f3venes Talentos Cient\u00edficos - Fundacio Recerca\" \/>\n<meta property=\"og:description\" content=\"El programa J\u00f3venes Talentos Cient\u00edficos pretende mejorar el aprendizaje de STEM, que tiene lugar en los centros de secundaria y bachillerato, al tiempo que proporciona una formaci\u00f3n cient\u00edfica m\u00e1s amplia [&hellip;]\" \/>\n<meta property=\"og:url\" content=\"https:\/\/fcri.cat\/es\/1193-2\/jovenes-talentos-cientificos\/\" \/>\n<meta property=\"og:site_name\" content=\"Fundacio Recerca\" \/>\n<meta property=\"article:publisher\" content=\"https:\/\/www.facebook.com\/fundaciorecerca\" \/>\n<meta property=\"article:modified_time\" content=\"2024-07-23T12:36:01+00:00\" \/>\n<meta property=\"og:image\" content=\"https:\/\/fcri.cat\/wp-content\/uploads\/2024\/07\/iStock-1140405651-scaled.jpg\" \/>\n\t<meta property=\"og:image:width\" content=\"2560\" \/>\n\t<meta property=\"og:image:height\" content=\"1707\" \/>\n\t<meta property=\"og:image:type\" content=\"image\/jpeg\" \/>\n<meta name=\"twitter:card\" content=\"summary_large_image\" \/>\n<meta name=\"twitter:site\" content=\"@fundaciorecerca\" \/>\n<meta name=\"twitter:label1\" content=\"Tiempo de lectura\" \/>\n\t<meta name=\"twitter:data1\" content=\"1 minuto\" \/>\n<script type=\"application\/ld+json\" class=\"yoast-schema-graph\">{\"@context\":\"https:\/\/schema.org\",\"@graph\":[{\"@type\":\"WebPage\",\"@id\":\"https:\/\/fcri.cat\/es\/1193-2\/jovenes-talentos-cientificos\/\",\"url\":\"https:\/\/fcri.cat\/es\/1193-2\/jovenes-talentos-cientificos\/\",\"name\":\"J\u00f3venes Talentos Cient\u00edficos - Fundacio Recerca\",\"isPartOf\":{\"@id\":\"https:\/\/fcri.cat\/es\/#website\"},\"primaryImageOfPage\":{\"@id\":\"https:\/\/fcri.cat\/es\/1193-2\/jovenes-talentos-cientificos\/#primaryimage\"},\"image\":{\"@id\":\"https:\/\/fcri.cat\/es\/1193-2\/jovenes-talentos-cientificos\/#primaryimage\"},\"thumbnailUrl\":\"https:\/\/fcri.cat\/wp-content\/uploads\/2024\/07\/iStock-1140405651-scaled-e1722336758786.jpg?wsr\",\"datePublished\":\"2024-07-23T08:47:42+00:00\",\"dateModified\":\"2024-07-23T12:36:01+00:00\",\"breadcrumb\":{\"@id\":\"https:\/\/fcri.cat\/es\/1193-2\/jovenes-talentos-cientificos\/#breadcrumb\"},\"inLanguage\":\"es\",\"potentialAction\":[{\"@type\":\"ReadAction\",\"target\":[\"https:\/\/fcri.cat\/es\/1193-2\/jovenes-talentos-cientificos\/\"]}]},{\"@type\":\"ImageObject\",\"inLanguage\":\"es\",\"@id\":\"https:\/\/fcri.cat\/es\/1193-2\/jovenes-talentos-cientificos\/#primaryimage\",\"url\":\"https:\/\/fcri.cat\/wp-content\/uploads\/2024\/07\/iStock-1140405651-scaled-e1722336758786.jpg?wsr\",\"contentUrl\":\"https:\/\/fcri.cat\/wp-content\/uploads\/2024\/07\/iStock-1140405651-scaled-e1722336758786.jpg?wsr\",\"width\":2560,\"height\":1707,\"caption\":\"Woman farmer controls drone with a tablet. Smart farming and agriculture\"},{\"@type\":\"BreadcrumbList\",\"@id\":\"https:\/\/fcri.cat\/es\/1193-2\/jovenes-talentos-cientificos\/#breadcrumb\",\"itemListElement\":[{\"@type\":\"ListItem\",\"position\":1,\"name\":\"Inici\",\"item\":\"https:\/\/fcri.cat\/es\/\"},{\"@type\":\"ListItem\",\"position\":2,\"name\":\"Vocaciones cient\u00edficas\",\"item\":\"https:\/\/fcri.cat\/es\/vocacions-cientifiques\/\"},{\"@type\":\"ListItem\",\"position\":3,\"name\":\"J\u00f3venes Talentos Cient\u00edficos\"}]},{\"@type\":\"WebSite\",\"@id\":\"https:\/\/fcri.cat\/es\/#website\",\"url\":\"https:\/\/fcri.cat\/es\/\",\"name\":\"Fundacio Recerca\",\"description\":\"Fundaci\u00f3 Catalana per a la Recerca i la Innovaci\u00f3\",\"potentialAction\":[{\"@type\":\"SearchAction\",\"target\":{\"@type\":\"EntryPoint\",\"urlTemplate\":\"https:\/\/fcri.cat\/es\/?s={search_term_string}\"},\"query-input\":\"required name=search_term_string\"}],\"inLanguage\":\"es\"}]}<\/script>\n<!-- \/ Yoast SEO plugin. -->","yoast_head_json":{"title":"J\u00f3venes Talentos Cient\u00edficos - Fundacio Recerca","robots":{"index":"index","follow":"follow","max-snippet":"max-snippet:-1","max-image-preview":"max-image-preview:large","max-video-preview":"max-video-preview:-1"},"canonical":"https:\/\/fcri.cat\/es\/1193-2\/jovenes-talentos-cientificos\/","og_locale":"es_ES","og_type":"article","og_title":"J\u00f3venes Talentos Cient\u00edficos - Fundacio Recerca","og_description":"El programa J\u00f3venes Talentos Cient\u00edficos pretende mejorar el aprendizaje de STEM, que tiene lugar en los centros de secundaria y bachillerato, al tiempo que proporciona una formaci\u00f3n cient\u00edfica m\u00e1s amplia [&hellip;]","og_url":"https:\/\/fcri.cat\/es\/1193-2\/jovenes-talentos-cientificos\/","og_site_name":"Fundacio Recerca","article_publisher":"https:\/\/www.facebook.com\/fundaciorecerca","article_modified_time":"2024-07-23T12:36:01+00:00","og_image":[{"width":2560,"height":1707,"url":"https:\/\/fcri.cat\/wp-content\/uploads\/2024\/07\/iStock-1140405651-scaled.jpg","type":"image\/jpeg"}],"twitter_card":"summary_large_image","twitter_site":"@fundaciorecerca","twitter_misc":{"Tiempo de lectura":"1 minuto"},"schema":{"@context":"https:\/\/schema.org","@graph":[{"@type":"WebPage","@id":"https:\/\/fcri.cat\/es\/1193-2\/jovenes-talentos-cientificos\/","url":"https:\/\/fcri.cat\/es\/1193-2\/jovenes-talentos-cientificos\/","name":"J\u00f3venes Talentos Cient\u00edficos - Fundacio Recerca","isPartOf":{"@id":"https:\/\/fcri.cat\/es\/#website"},"primaryImageOfPage":{"@id":"https:\/\/fcri.cat\/es\/1193-2\/jovenes-talentos-cientificos\/#primaryimage"},"image":{"@id":"https:\/\/fcri.cat\/es\/1193-2\/jovenes-talentos-cientificos\/#primaryimage"},"thumbnailUrl":"https:\/\/fcri.cat\/wp-content\/uploads\/2024\/07\/iStock-1140405651-scaled-e1722336758786.jpg?wsr","datePublished":"2024-07-23T08:47:42+00:00","dateModified":"2024-07-23T12:36:01+00:00","breadcrumb":{"@id":"https:\/\/fcri.cat\/es\/1193-2\/jovenes-talentos-cientificos\/#breadcrumb"},"inLanguage":"es","potentialAction":[{"@type":"ReadAction","target":["https:\/\/fcri.cat\/es\/1193-2\/jovenes-talentos-cientificos\/"]}]},{"@type":"ImageObject","inLanguage":"es","@id":"https:\/\/fcri.cat\/es\/1193-2\/jovenes-talentos-cientificos\/#primaryimage","url":"https:\/\/fcri.cat\/wp-content\/uploads\/2024\/07\/iStock-1140405651-scaled-e1722336758786.jpg?wsr","contentUrl":"https:\/\/fcri.cat\/wp-content\/uploads\/2024\/07\/iStock-1140405651-scaled-e1722336758786.jpg?wsr","width":2560,"height":1707,"caption":"Woman farmer controls drone with a tablet. Smart farming and agriculture"},{"@type":"BreadcrumbList","@id":"https:\/\/fcri.cat\/es\/1193-2\/jovenes-talentos-cientificos\/#breadcrumb","itemListElement":[{"@type":"ListItem","position":1,"name":"Inici","item":"https:\/\/fcri.cat\/es\/"},{"@type":"ListItem","position":2,"name":"Vocaciones cient\u00edficas","item":"https:\/\/fcri.cat\/es\/vocacions-cientifiques\/"},{"@type":"ListItem","position":3,"name":"J\u00f3venes Talentos Cient\u00edficos"}]},{"@type":"WebSite","@id":"https:\/\/fcri.cat\/es\/#website","url":"https:\/\/fcri.cat\/es\/","name":"Fundacio Recerca","description":"Fundaci\u00f3 Catalana per a la Recerca i la Innovaci\u00f3","potentialAction":[{"@type":"SearchAction","target":{"@type":"EntryPoint","urlTemplate":"https:\/\/fcri.cat\/es\/?s={search_term_string}"},"query-input":"required name=search_term_string"}],"inLanguage":"es"}]}},"_links":{"self":[{"href":"https:\/\/fcri.cat\/es\/wp-json\/wp\/v2\/pages\/20367"}],"collection":[{"href":"https:\/\/fcri.cat\/es\/wp-json\/wp\/v2\/pages"}],"about":[{"href":"https:\/\/fcri.cat\/es\/wp-json\/wp\/v2\/types\/page"}],"author":[{"embeddable":true,"href":"https:\/\/fcri.cat\/es\/wp-json\/wp\/v2\/users\/7"}],"replies":[{"embeddable":true,"href":"https:\/\/fcri.cat\/es\/wp-json\/wp\/v2\/comments?post=20367"}],"version-history":[{"count":13,"href":"https:\/\/fcri.cat\/es\/wp-json\/wp\/v2\/pages\/20367\/revisions"}],"predecessor-version":[{"id":20829,"href":"https:\/\/fcri.cat\/es\/wp-json\/wp\/v2\/pages\/20367\/revisions\/20829"}],"up":[{"embeddable":true,"href":"https:\/\/fcri.cat\/es\/wp-json\/wp\/v2\/pages\/1193"}],"wp:featuredmedia":[{"embeddable":true,"href":"https:\/\/fcri.cat\/es\/wp-json\/wp\/v2\/media\/20665"}],"wp:attachment":[{"href":"https:\/\/fcri.cat\/es\/wp-json\/wp\/v2\/media?parent=20367"}],"curies":[{"name":"wp","href":"https:\/\/api.w.org\/{rel}","templated":true}]}}